{"id":812,"date":"2025-03-23T20:55:05","date_gmt":"2025-03-23T23:55:05","guid":{"rendered":"https:\/\/barilocheexcursiones.com.ar\/?post_type=product&#038;p=812"},"modified":"2026-03-31T12:14:02","modified_gmt":"2026-03-31T15:14:02","slug":"cerro-tronador-y-ventisquero-negro","status":"publish","type":"product","link":"https:\/\/barilocheexcursiones.com.ar\/pt\/product\/cerro-tronador-e-ventisquero-negro\/","title":{"rendered":"Cerro Tronador e Ventisquero Negro: um passeio pela grandeza natural dos Andes"},"content":{"rendered":"<h3 data-start=\"437\" data-end=\"587\"><strong data-start=\"441\" data-end=\"587\">Descubra uma das paisagens mais deslumbrantes do Parque Nacional Nahuel Huapi, entre geleiras ativas, lagos cristalinos e vales de tirar o f\u00f4lego.<\/strong><\/h3>\n<p data-start=\"589\" data-end=\"978\">Esta excurs\u00e3o de dia inteiro o leva a uma das regi\u00f5es mais espetaculares da Patag\u00f4nia Argentina. Partindo de San Carlos de Bariloche, a rota terrestre percorre o setor sul do Parque Nacional Nahuel Huapi, atravessando florestas nativas e margens de lagos at\u00e9 chegar \u00e0 imponente <strong data-start=\"892\" data-end=\"910\">Serra do Tronador<\/strong>, O cume \u00e9 de origem vulc\u00e2nica e sua presen\u00e7a domina o horizonte.<\/p>\n<p data-start=\"980\" data-end=\"1342\">A rota come\u00e7a em pontos de encontro localizados entre o centro da cidade e o km 8 da Avenida Bustillo ou Avenida Pioneros. A partir da\u00ed, voc\u00ea viajar\u00e1 por estradas panor\u00e2micas que margeiam o Lago Guti\u00e9rrez e o Lago Mascardi. As paradas s\u00e3o feitas em locais de grande interesse c\u00eanico, como <strong data-start=\"1261\" data-end=\"1276\">Praia Negra<\/strong>, o <strong data-start=\"1281\" data-end=\"1304\">Camping Los R\u00e1pidos<\/strong>, e o <strong data-start=\"1311\" data-end=\"1341\">Mirante da Ilha do Cora\u00e7\u00e3o<\/strong>.<\/p>\n<p data-start=\"1344\" data-end=\"1573\">O destaque \u00e9 o <strong data-start=\"1370\" data-end=\"1391\">Neve Negra<\/strong>, Uma geleira que desce das alturas do Tronador, contrastando sua tonalidade escura com a neve eterna da montanha. L\u00e1 voc\u00ea pode fazer uma caminhada curta e contemplativa.<\/p>\n<p data-start=\"1575\" data-end=\"1740\">Em <strong data-start=\"1578\" data-end=\"1593\">Pampa Linda<\/strong>, \u00c9 feito o intervalo para o almo\u00e7o. \u00c9 uma excelente oportunidade para experimentar a culin\u00e1ria regional e relaxar em um ambiente natural privilegiado.<\/p>\n<p data-start=\"1742\" data-end=\"1910\">O passeio inclui transporte e guia que fala espanhol (guia bil\u00edngue opcional por um custo adicional). N\u00e3o inclui almo\u00e7o nem entrada no Parque Nacional, que \u00e9 paga separadamente.<\/p>\n<h3 data-start=\"1917\" data-end=\"1945\"><strong data-start=\"1921\" data-end=\"1945\">Perguntas frequentes<\/strong><\/h3>\n<p data-start=\"1947\" data-end=\"2102\"><strong data-start=\"1947\" data-end=\"1988\">Qual \u00e9 o grau de dificuldade da rota?<\/strong><br data-start=\"1988\" data-end=\"1991\" \/>Este \u00e9 um passeio feito principalmente de ve\u00edculo, com pequenas caminhadas acess\u00edveis. Adequado para todos os tipos de p\u00fablico.<\/p>\n<p data-start=\"2104\" data-end=\"2214\"><strong data-start=\"2104\" data-end=\"2127\">Onde voc\u00ea almo\u00e7a?<\/strong><br data-start=\"2127\" data-end=\"2130\" \/>Em paradors localizados em Pampa Linda. Cada passageiro pode escolher seu card\u00e1pio \u00e0 la carte.<\/p>\n<p data-start=\"2216\" data-end=\"2393\"><strong data-start=\"2216\" data-end=\"2237\">O que devo levar?<\/strong><br data-start=\"2237\" data-end=\"2240\" \/>Roupas quentes e cal\u00e7ados confort\u00e1veis para caminhada. Tamb\u00e9m \u00e9 recomend\u00e1vel levar protetor solar, \u00e1gua, lanches e dinheiro para a entrada no parque e para o almo\u00e7o.<\/p>\n<p data-start=\"2395\" data-end=\"2513\"><strong data-start=\"2395\" data-end=\"2444\">A taxa de entrada no Parque Nacional est\u00e1 inclu\u00edda?<\/strong><br data-start=\"2444\" data-end=\"2447\" \/>N\u00e3o. O acesso \u00e9 pago diretamente na entrada da \u00e1rea protegida.<\/p>","protected":false},"excerpt":{"rendered":"<p>Embarque em uma viagem emocionante pelo Parque Nacional Nahuel Huapi. Descubra a beleza do Cerro Tronador e do Glaciar Ventisquero Negro em um ambiente de natureza, aventura e conforto.<\/p>","protected":false},"featured_media":16843,"comment_status":"open","ping_status":"closed","template":"","meta":[],"product_brand":[],"product_cat":[91,100,88,167,168,169,172],"product_tag":[],"class_list":{"0":"post-812","1":"product","2":"type-product","3":"status-publish","4":"has-post-thumbnail","6":"product_cat-adultos","7":"product_cat-con-traslado","8":"product_cat-familia","9":"product_cat-ninos","10":"product_cat-sin-comida","11":"product_cat-terrestre","12":"product_cat-todo-el-ano-temporada","14":"first","15":"instock","16":"virtual","17":"sold-individually","18":"purchasable","19":"product-type-booking"},"booking_location":"","booking_location_type":"","booking_duration":1,"booking_duration_unit":"hour","booking_buffer":0,"booking_cost":0,"booking_resources":[],"exclude_global_add_ons":false,"addons":[{"name":"STD: Passageiros","type":"input_multiplier","position":0,"required":false,"title_format":"label","default":"","description_enable":false,"description":"","placeholder_enable":false,"placeholder":"","display":"select","restrictions_type":"any_text","adjust_price":true,"price":"59400","price_type":"quantity_based","restrictions":false,"min":"0","max":"0","options":[],"id":1773237140}],"yoast_head":"<!-- This site is optimized with the Yoast SEO Premium plugin v24.5 (Yoast SEO v24.8) - https:\/\/yoast.com\/wordpress\/plugins\/seo\/ -->\n<title>Cerro Tronador y Ventisquero Negro - Bariloche Excursiones<\/title>\n<meta name=\"description\" content=\"Cerro Tronador y Ventisquero Negro. Excursi\u00f3n desde Bariloche con gu\u00eda para conocer glaciares, lagos y paisajes del Parque Nacional Nahuel Huapi.\" \/>\n<meta name=\"robots\" content=\"index, follow, max-snippet:-1, max-image-preview:large, max-video-preview:-1\" \/>\n<link rel=\"canonical\" href=\"https:\/\/barilocheexcursiones.com.ar\/pt\/product\/cerro-tronador-e-ventisquero-negro\/\" \/>\n<meta property=\"og:locale\" content=\"pt_BR\" \/>\n<meta property=\"og:type\" content=\"article\" \/>\n<meta property=\"og:title\" content=\"Cerro Tronador y Ventisquero Negro: un recorrido por la grandeza natural de los Andes\" \/>\n<meta property=\"og:description\" content=\"Cerro Tronador y Ventisquero Negro. Excursi\u00f3n desde Bariloche con gu\u00eda para conocer glaciares, lagos y paisajes del Parque Nacional Nahuel Huapi.\" \/>\n<meta property=\"og:url\" content=\"https:\/\/barilocheexcursiones.com.ar\/pt\/product\/cerro-tronador-e-ventisquero-negro\/\" \/>\n<meta property=\"og:site_name\" content=\"Bariloche Excursiones\" \/>\n<meta property=\"article:modified_time\" content=\"2026-03-31T15:14:02+00:00\" \/>\n<meta property=\"og:image\" content=\"https:\/\/barilocheexcursiones.com.ar\/wp-content\/uploads\/2025\/03\/2-B-IMG_4784-scaled.jpg\" \/>\n\t<meta property=\"og:image:width\" content=\"1920\" \/>\n\t<meta property=\"og:image:height\" content=\"2560\" \/>\n\t<meta property=\"og:image:type\" content=\"image\/jpeg\" \/>\n<meta name=\"twitter:card\" content=\"summary_large_image\" \/>\n<meta name=\"twitter:label1\" content=\"Pre\u00e7o\" \/>\n\t<meta name=\"twitter:data1\" content=\"&#036;&nbsp;59.400,00\" \/>\n\t<meta name=\"twitter:label2\" content=\"Disponibilidade\" \/>\n\t<meta name=\"twitter:data2\" content=\"Em Estoque\" \/>\n<script type=\"application\/ld+json\" class=\"yoast-schema-graph\">{\"@context\":\"https:\/\/schema.org\",\"@graph\":[{\"@type\":[\"WebPage\",\"ItemPage\"],\"@id\":\"https:\/\/barilocheexcursiones.com.ar\/product\/cerro-tronador-y-ventisquero-negro\/\",\"url\":\"https:\/\/barilocheexcursiones.com.ar\/product\/cerro-tronador-y-ventisquero-negro\/\",\"name\":\"Cerro Tronador y Ventisquero Negro - Bariloche Excursiones\",\"isPartOf\":{\"@id\":\"https:\/\/barilocheexcursiones.com.ar\/#website\"},\"primaryImageOfPage\":{\"@id\":\"https:\/\/barilocheexcursiones.com.ar\/product\/cerro-tronador-y-ventisquero-negro\/#primaryimage\"},\"image\":{\"@id\":\"https:\/\/barilocheexcursiones.com.ar\/product\/cerro-tronador-y-ventisquero-negro\/#primaryimage\"},\"thumbnailUrl\":\"https:\/\/barilocheexcursiones.com.ar\/wp-content\/uploads\/2025\/03\/2-B-IMG_4784-scaled.jpg\",\"datePublished\":\"2025-03-23T23:55:05+00:00\",\"dateModified\":\"2026-03-31T15:14:02+00:00\",\"description\":\"Cerro Tronador y Ventisquero Negro. Excursi\u00f3n desde Bariloche con gu\u00eda para conocer glaciares, lagos y paisajes del Parque Nacional Nahuel Huapi.\",\"breadcrumb\":{\"@id\":\"https:\/\/barilocheexcursiones.com.ar\/product\/cerro-tronador-y-ventisquero-negro\/#breadcrumb\"},\"inLanguage\":\"pt-BR\",\"potentialAction\":[{\"@type\":\"ReadAction\",\"target\":[\"https:\/\/barilocheexcursiones.com.ar\/product\/cerro-tronador-y-ventisquero-negro\/\"]}]},{\"@type\":\"ImageObject\",\"inLanguage\":\"pt-BR\",\"@id\":\"https:\/\/barilocheexcursiones.com.ar\/product\/cerro-tronador-y-ventisquero-negro\/#primaryimage\",\"url\":\"https:\/\/barilocheexcursiones.com.ar\/wp-content\/uploads\/2025\/03\/2-B-IMG_4784-scaled.jpg\",\"contentUrl\":\"https:\/\/barilocheexcursiones.com.ar\/wp-content\/uploads\/2025\/03\/2-B-IMG_4784-scaled.jpg\",\"width\":1920,\"height\":2560},{\"@type\":\"BreadcrumbList\",\"@id\":\"https:\/\/barilocheexcursiones.com.ar\/product\/cerro-tronador-y-ventisquero-negro\/#breadcrumb\",\"itemListElement\":[{\"@type\":\"ListItem\",\"position\":1,\"name\":\"Home\",\"item\":\"https:\/\/barilocheexcursiones.com.ar\/\"},{\"@type\":\"ListItem\",\"position\":2,\"name\":\"Excursiones, traslados y m\u00e1s!\",\"item\":\"https:\/\/barilocheexcursiones.com.ar\/shop\/\"},{\"@type\":\"ListItem\",\"position\":3,\"name\":\"Cerro Tronador y Ventisquero Negro: un recorrido por la grandeza natural de los Andes\"}]},{\"@type\":\"WebSite\",\"@id\":\"https:\/\/barilocheexcursiones.com.ar\/#website\",\"url\":\"https:\/\/barilocheexcursiones.com.ar\/\",\"name\":\"Bariloche Excursiones\",\"description\":\"Vivir la experiencia en Bariloche\",\"publisher\":{\"@id\":\"https:\/\/barilocheexcursiones.com.ar\/#organization\"},\"potentialAction\":[{\"@type\":\"SearchAction\",\"target\":{\"@type\":\"EntryPoint\",\"urlTemplate\":\"https:\/\/barilocheexcursiones.com.ar\/?s={search_term_string}\"},\"query-input\":{\"@type\":\"PropertyValueSpecification\",\"valueRequired\":true,\"valueName\":\"search_term_string\"}}],\"inLanguage\":\"pt-BR\"},{\"@type\":\"Organization\",\"@id\":\"https:\/\/barilocheexcursiones.com.ar\/#organization\",\"name\":\"Bariloche Excursiones\",\"url\":\"https:\/\/barilocheexcursiones.com.ar\/\",\"logo\":{\"@type\":\"ImageObject\",\"inLanguage\":\"pt-BR\",\"@id\":\"https:\/\/barilocheexcursiones.com.ar\/#\/schema\/logo\/image\/\",\"url\":\"https:\/\/barilocheexcursiones.com.ar\/wp-content\/uploads\/2025\/04\/bariloche-excursiones-logo.png\",\"contentUrl\":\"https:\/\/barilocheexcursiones.com.ar\/wp-content\/uploads\/2025\/04\/bariloche-excursiones-logo.png\",\"width\":512,\"height\":512,\"caption\":\"Bariloche Excursiones\"},\"image\":{\"@id\":\"https:\/\/barilocheexcursiones.com.ar\/#\/schema\/logo\/image\/\"}}]}<\/script>\n<meta property=\"product:price:amount\" content=\"59400.00\" \/>\n<meta property=\"product:price:currency\" content=\"ARS\" \/>\n<meta property=\"og:availability\" content=\"instock\" \/>\n<meta property=\"product:availability\" content=\"instock\" \/>\n<meta property=\"product:retailer_item_id\" content=\"ADV2025CETRYVHMNO\" \/>\n<meta property=\"product:condition\" content=\"new\" \/>\n<!-- \/ Yoast SEO Premium plugin. -->","yoast_head_json":{"title":"Cerro Tronador e Ventisquero Negro - Excurs\u00f5es em Bariloche","description":"Cerro Tronador e Ventisquero Negro. Excurs\u00e3o de Bariloche com guia para ver geleiras, lagos e paisagens do Parque Nacional Nahuel Huapi.","robots":{"index":"index","follow":"follow","max-snippet":"max-snippet:-1","max-image-preview":"max-image-preview:large","max-video-preview":"max-video-preview:-1"},"canonical":"https:\/\/barilocheexcursiones.com.ar\/pt\/product\/cerro-tronador-e-ventisquero-negro\/","og_locale":"pt_BR","og_type":"article","og_title":"Cerro Tronador y Ventisquero Negro: un recorrido por la grandeza natural de los Andes","og_description":"Cerro Tronador y Ventisquero Negro. Excursi\u00f3n desde Bariloche con gu\u00eda para conocer glaciares, lagos y paisajes del Parque Nacional Nahuel Huapi.","og_url":"https:\/\/barilocheexcursiones.com.ar\/pt\/product\/cerro-tronador-e-ventisquero-negro\/","og_site_name":"Bariloche Excursiones","article_modified_time":"2026-03-31T15:14:02+00:00","og_image":[{"width":1920,"height":2560,"url":"https:\/\/barilocheexcursiones.com.ar\/wp-content\/uploads\/2025\/03\/2-B-IMG_4784-scaled.jpg","type":"image\/jpeg"}],"twitter_card":"summary_large_image","twitter_misc":{"Pre\u00e7o":"&#36;&nbsp;59.400,00","Disponibilidade":"Em Estoque"},"schema":{"@context":"https:\/\/schema.org","@graph":[{"@type":["WebPage","ItemPage"],"@id":"https:\/\/barilocheexcursiones.com.ar\/product\/cerro-tronador-y-ventisquero-negro\/","url":"https:\/\/barilocheexcursiones.com.ar\/product\/cerro-tronador-y-ventisquero-negro\/","name":"Cerro Tronador e Ventisquero Negro - Excurs\u00f5es em Bariloche","isPartOf":{"@id":"https:\/\/barilocheexcursiones.com.ar\/#website"},"primaryImageOfPage":{"@id":"https:\/\/barilocheexcursiones.com.ar\/product\/cerro-tronador-y-ventisquero-negro\/#primaryimage"},"image":{"@id":"https:\/\/barilocheexcursiones.com.ar\/product\/cerro-tronador-y-ventisquero-negro\/#primaryimage"},"thumbnailUrl":"https:\/\/barilocheexcursiones.com.ar\/wp-content\/uploads\/2025\/03\/2-B-IMG_4784-scaled.jpg","datePublished":"2025-03-23T23:55:05+00:00","dateModified":"2026-03-31T15:14:02+00:00","description":"Cerro Tronador e Ventisquero Negro. Excurs\u00e3o de Bariloche com guia para ver geleiras, lagos e paisagens do Parque Nacional Nahuel Huapi.","breadcrumb":{"@id":"https:\/\/barilocheexcursiones.com.ar\/product\/cerro-tronador-y-ventisquero-negro\/#breadcrumb"},"inLanguage":"pt-BR","potentialAction":[{"@type":"ReadAction","target":["https:\/\/barilocheexcursiones.com.ar\/product\/cerro-tronador-y-ventisquero-negro\/"]}]},{"@type":"ImageObject","inLanguage":"pt-BR","@id":"https:\/\/barilocheexcursiones.com.ar\/product\/cerro-tronador-y-ventisquero-negro\/#primaryimage","url":"https:\/\/barilocheexcursiones.com.ar\/wp-content\/uploads\/2025\/03\/2-B-IMG_4784-scaled.jpg","contentUrl":"https:\/\/barilocheexcursiones.com.ar\/wp-content\/uploads\/2025\/03\/2-B-IMG_4784-scaled.jpg","width":1920,"height":2560},{"@type":"BreadcrumbList","@id":"https:\/\/barilocheexcursiones.com.ar\/product\/cerro-tronador-y-ventisquero-negro\/#breadcrumb","itemListElement":[{"@type":"ListItem","position":1,"name":"Home","item":"https:\/\/barilocheexcursiones.com.ar\/"},{"@type":"ListItem","position":2,"name":"Excursiones, traslados y m\u00e1s!","item":"https:\/\/barilocheexcursiones.com.ar\/shop\/"},{"@type":"ListItem","position":3,"name":"Cerro Tronador y Ventisquero Negro: un recorrido por la grandeza natural de los Andes"}]},{"@type":"WebSite","@id":"https:\/\/barilocheexcursiones.com.ar\/#website","url":"https:\/\/barilocheexcursiones.com.ar\/","name":"Excurs\u00f5es em Bariloche","description":"Experi\u00eancia em Bariloche","publisher":{"@id":"https:\/\/barilocheexcursiones.com.ar\/#organization"},"potentialAction":[{"@type":"SearchAction","target":{"@type":"EntryPoint","urlTemplate":"https:\/\/barilocheexcursiones.com.ar\/?s={search_term_string}"},"query-input":{"@type":"PropertyValueSpecification","valueRequired":true,"valueName":"search_term_string"}}],"inLanguage":"pt-BR"},{"@type":"Organization","@id":"https:\/\/barilocheexcursiones.com.ar\/#organization","name":"Excurs\u00f5es em Bariloche","url":"https:\/\/barilocheexcursiones.com.ar\/","logo":{"@type":"ImageObject","inLanguage":"pt-BR","@id":"https:\/\/barilocheexcursiones.com.ar\/#\/schema\/logo\/image\/","url":"https:\/\/barilocheexcursiones.com.ar\/wp-content\/uploads\/2025\/04\/bariloche-excursiones-logo.png","contentUrl":"https:\/\/barilocheexcursiones.com.ar\/wp-content\/uploads\/2025\/04\/bariloche-excursiones-logo.png","width":512,"height":512,"caption":"Bariloche Excursiones"},"image":{"@id":"https:\/\/barilocheexcursiones.com.ar\/#\/schema\/logo\/image\/"}}]},"product_price_amount":"59400.00","product_price_currency":"ARS","og_availability":"instock","product_availability":"instock","product_retailer_item_id":"ADV2025CETRYVHMNO","product_condition":"new"},"_links":{"self":[{"href":"https:\/\/barilocheexcursiones.com.ar\/pt\/wp-json\/wp\/v2\/product\/812","targetHints":{"allow":["GET"]}}],"collection":[{"href":"https:\/\/barilocheexcursiones.com.ar\/pt\/wp-json\/wp\/v2\/product"}],"about":[{"href":"https:\/\/barilocheexcursiones.com.ar\/pt\/wp-json\/wp\/v2\/types\/product"}],"replies":[{"embeddable":true,"href":"https:\/\/barilocheexcursiones.com.ar\/pt\/wp-json\/wp\/v2\/comments?post=812"}],"version-history":[{"count":4,"href":"https:\/\/barilocheexcursiones.com.ar\/pt\/wp-json\/wp\/v2\/product\/812\/revisions"}],"predecessor-version":[{"id":17733,"href":"https:\/\/barilocheexcursiones.com.ar\/pt\/wp-json\/wp\/v2\/product\/812\/revisions\/17733"}],"wp:featuredmedia":[{"embeddable":true,"href":"https:\/\/barilocheexcursiones.com.ar\/pt\/wp-json\/wp\/v2\/media\/16843"}],"wp:attachment":[{"href":"https:\/\/barilocheexcursiones.com.ar\/pt\/wp-json\/wp\/v2\/media?parent=812"}],"wp:term":[{"taxonomy":"product_brand","embeddable":true,"href":"https:\/\/barilocheexcursiones.com.ar\/pt\/wp-json\/wp\/v2\/product_brand?post=812"},{"taxonomy":"product_cat","embeddable":true,"href":"https:\/\/barilocheexcursiones.com.ar\/pt\/wp-json\/wp\/v2\/product_cat?post=812"},{"taxonomy":"product_tag","embeddable":true,"href":"https:\/\/barilocheexcursiones.com.ar\/pt\/wp-json\/wp\/v2\/product_tag?post=812"}],"curies":[{"name":"wp","href":"https:\/\/api.w.org\/{rel}","templated":true}]}}