{"id":810,"date":"2025-03-23T20:54:46","date_gmt":"2025-03-23T23:54:46","guid":{"rendered":"https:\/\/barilocheexcursiones.com.ar\/?post_type=product&#038;p=810"},"modified":"2026-04-07T12:10:36","modified_gmt":"2026-04-07T15:10:36","slug":"circuito-chico-y-cerro-campanario","status":"publish","type":"product","link":"https:\/\/barilocheexcursiones.com.ar\/pt\/product\/circuito-chico-e-cerro-campanario\/","title":{"rendered":"Circuito Chico e Cerro Campanario: a rota essencial com a vis\u00e3o de um especialista"},"content":{"rendered":"<h3 data-start=\"421\" data-end=\"500\"><strong data-start=\"425\" data-end=\"500\">Um cl\u00e1ssico que revela a identidade cultural e c\u00eanica de Bariloche<\/strong><\/h3>\n<p data-start=\"502\" data-end=\"787\">Essa excurs\u00e3o \u00e9 muito mais do que um passeio panor\u00e2mico: \u00e9 uma introdu\u00e7\u00e3o ao cora\u00e7\u00e3o c\u00eanico e simb\u00f3lico de Bariloche. Ideal para quem visita Bariloche pela primeira vez, mas tamb\u00e9m uma obriga\u00e7\u00e3o para aqueles que querem entender por que esse ambiente \u00e9 considerado uma joia natural da Patag\u00f4nia.<\/p>\n<p data-start=\"789\" data-end=\"1075\">A partir dos pontos de encontro distribu\u00eddos entre o centro de Bariloche e o km 8 das avenidas Bustillo ou Pioneros, a rota se desenvolve ao longo da ic\u00f4nica <strong data-start=\"949\" data-end=\"975\">Rota do Circuito Chico<\/strong>, na fronteira com o <strong data-start=\"990\" data-end=\"1011\">Lago Nahuel Huapi<\/strong> com paradas cuidadosamente escolhidas para apreciar sua geografia.<\/p>\n<p data-start=\"1077\" data-end=\"1361\">A vista do edif\u00edcio hist\u00f3rico <strong data-start=\"1110\" data-end=\"1129\">Hotel Llao Llao<\/strong>, o <strong data-start=\"1134\" data-end=\"1157\">Capela de S\u00e3o Eduardo<\/strong> e o <strong data-start=\"1163\" data-end=\"1181\">Puerto Pa\u00f1uelo<\/strong>, O lago \u00e9 o ponto de partida para as excurs\u00f5es no lago. A caminhada continua at\u00e9 a \u00e1rea de <strong data-start=\"1265\" data-end=\"1280\">Vila Tacul<\/strong>, o oculto <strong data-start=\"1292\" data-end=\"1310\">Lago escondido<\/strong> e o <strong data-start=\"1316\" data-end=\"1331\">Cerro L\u00f3pez<\/strong>, com sua presen\u00e7a monumental.<\/p>\n<p data-start=\"1363\" data-end=\"1641\">A experi\u00eancia \u00e9 finalizada com a op\u00e7\u00e3o de subir o <strong data-start=\"1419\" data-end=\"1439\">Cerro Campanario<\/strong>, cujo telef\u00e9rico leva a um dos dez pontos de vista mais impressionantes do mundo, de acordo com a National Geographic. De l\u00e1, os lagos, as colinas e os vales da regi\u00e3o s\u00e3o apresentados em uma inesquec\u00edvel vista de 360\u00b0.<\/p>\n<p data-start=\"1643\" data-end=\"1836\">Hor\u00e1rios dispon\u00edveis: das 8h30min \u00e0s 12h30min ou das 14h30min \u00e0s 19h00min. Inclui traslado e guia em espanhol (com a possibilidade de um guia bil\u00edngue por um custo adicional). Almo\u00e7o e ingresso para o telef\u00e9rico n\u00e3o est\u00e3o inclu\u00eddos.<\/p>\n<h3 data-start=\"1843\" data-end=\"1871\"><strong data-start=\"1847\" data-end=\"1871\">Perguntas frequentes<\/strong><\/h3>\n<p data-start=\"1873\" data-end=\"2004\"><strong data-start=\"1873\" data-end=\"1921\">Qual \u00e9 o n\u00edvel de dificuldade da excurs\u00e3o?<\/strong><br data-start=\"1921\" data-end=\"1924\" \/>\u00c9 uma excurs\u00e3o terrestre, adequada para todos. N\u00e3o exige esfor\u00e7o f\u00edsico.<\/p>\n<p data-start=\"2006\" data-end=\"2124\"><strong data-start=\"2006\" data-end=\"2050\">A subida ao Belfry est\u00e1 inclu\u00edda?<\/strong><br data-start=\"2050\" data-end=\"2053\" \/>N\u00e3o. \u00c9 opcional e o ingresso \u00e9 pago diretamente na base do morro.<\/p>\n<p data-start=\"2126\" data-end=\"2263\"><strong data-start=\"2126\" data-end=\"2173\">O interior do Hotel Llao Llao \u00e9 acess\u00edvel?<\/strong><br data-start=\"2173\" data-end=\"2176\" \/>Nenhuma entrada \u00e9 planejada. \u00c9 realizada uma observa\u00e7\u00e3o externa do hotel e de seus arredores.<\/p>\n<p data-start=\"2265\" data-end=\"2404\"><strong data-start=\"2265\" data-end=\"2306\">Ele pode ser combinado com outra excurs\u00e3o?<\/strong><br data-start=\"2306\" data-end=\"2309\" \/>Sim, muitas ag\u00eancias integram isso com uma visita ao <strong data-start=\"2359\" data-end=\"2377\">Cerro Catedral<\/strong> ou navega\u00e7\u00e3o em lagos.<\/p>","protected":false},"excerpt":{"rendered":"<p>Descubra a ess\u00eancia de Bariloche com o Circuito Chico e o Cerro Campanario. Passeie pela paisagem c\u00eanica <strong>Avenida Bustillo<\/strong>, admirar o m\u00edtico <strong>Hotel Llao Llao<\/strong> e subir at\u00e9 o <strong>Cerro Campanario<\/strong> para desfrutar de vistas panor\u00e2micas de 360 graus de tirar o f\u00f4lego. Uma combina\u00e7\u00e3o perfeita de natureza, conforto e aventura.<\/p>","protected":false},"featured_media":17635,"comment_status":"open","ping_status":"closed","template":"","meta":[],"product_brand":[],"product_cat":[91,100,88,167,168,169,172],"product_tag":[],"class_list":{"0":"post-810","1":"product","2":"type-product","3":"status-publish","4":"has-post-thumbnail","6":"product_cat-adultos","7":"product_cat-con-traslado","8":"product_cat-familia","9":"product_cat-ninos-apto","10":"product_cat-sin-comida-incluido","11":"product_cat-terrestre-tipo","12":"product_cat-todo-el-ano-temporada","14":"first","15":"instock","16":"virtual","17":"sold-individually","18":"purchasable","19":"product-type-booking"},"booking_location":"","booking_location_type":"","booking_duration":1,"booking_duration_unit":"hour","booking_buffer":0,"booking_cost":0,"booking_resources":[],"exclude_global_add_ons":false,"addons":[{"name":"STD: Passageiros","type":"input_multiplier","position":0,"required":false,"title_format":"label","default":"","description_enable":false,"description":"","placeholder_enable":false,"placeholder":"","display":"select","restrictions_type":"any_text","adjust_price":true,"price":"23400","price_type":"flat_fee","restrictions":false,"min":"0","max":"0","options":[],"id":1773236982}],"yoast_head":"<!-- This site is optimized with the Yoast SEO Premium plugin v24.5 (Yoast SEO v24.8) - https:\/\/yoast.com\/wordpress\/plugins\/seo\/ -->\n<title>Circuito Chico y Cerro Campanario en Bariloche | Excursi\u00f3n - Bariloche Excursiones<\/title>\n<meta name=\"description\" content=\"Circuito Chico y Cerro Campanario con gu\u00eda especializado. Conoc\u00e9 Bariloche desde sus paisajes m\u00e1s ic\u00f3nicos. Miradores, cultura y vistas de clase mundial.\" \/>\n<meta name=\"robots\" content=\"index, follow, max-snippet:-1, max-image-preview:large, max-video-preview:-1\" \/>\n<link rel=\"canonical\" href=\"https:\/\/barilocheexcursiones.com.ar\/pt\/product\/circuito-chico-e-cerro-campanario\/\" \/>\n<meta property=\"og:locale\" content=\"pt_BR\" \/>\n<meta property=\"og:type\" content=\"article\" \/>\n<meta property=\"og:title\" content=\"Circuito Chico y Cerro Campanario: el recorrido esencial con mirada experta\" \/>\n<meta property=\"og:description\" content=\"Circuito Chico y Cerro Campanario con gu\u00eda especializado. Conoc\u00e9 Bariloche desde sus paisajes m\u00e1s ic\u00f3nicos. Miradores, cultura y vistas de clase mundial.\" \/>\n<meta property=\"og:url\" content=\"https:\/\/barilocheexcursiones.com.ar\/pt\/product\/circuito-chico-e-cerro-campanario\/\" \/>\n<meta property=\"og:site_name\" content=\"Bariloche Excursiones\" \/>\n<meta property=\"article:modified_time\" content=\"2026-04-07T15:10:36+00:00\" \/>\n<meta property=\"og:image\" content=\"https:\/\/barilocheexcursiones.com.ar\/wp-content\/uploads\/2025\/03\/Sin-titulo-1513-scaled.jpg\" \/>\n\t<meta property=\"og:image:width\" content=\"2560\" \/>\n\t<meta property=\"og:image:height\" content=\"1707\" \/>\n\t<meta property=\"og:image:type\" content=\"image\/jpeg\" \/>\n<meta name=\"twitter:card\" content=\"summary_large_image\" \/>\n<meta name=\"twitter:label1\" content=\"Pre\u00e7o\" \/>\n\t<meta name=\"twitter:data1\" content=\"&#036;&nbsp;23.400,00\" \/>\n\t<meta name=\"twitter:label2\" content=\"Disponibilidade\" \/>\n\t<meta name=\"twitter:data2\" content=\"Em Estoque\" \/>\n<script type=\"application\/ld+json\" class=\"yoast-schema-graph\">{\"@context\":\"https:\/\/schema.org\",\"@graph\":[{\"@type\":[\"WebPage\",\"ItemPage\"],\"@id\":\"https:\/\/barilocheexcursiones.com.ar\/product\/circuito-chico-y-cerro-campanario\/\",\"url\":\"https:\/\/barilocheexcursiones.com.ar\/product\/circuito-chico-y-cerro-campanario\/\",\"name\":\"Circuito Chico y Cerro Campanario en Bariloche | Excursi\u00f3n - Bariloche Excursiones\",\"isPartOf\":{\"@id\":\"https:\/\/barilocheexcursiones.com.ar\/#website\"},\"primaryImageOfPage\":{\"@id\":\"https:\/\/barilocheexcursiones.com.ar\/product\/circuito-chico-y-cerro-campanario\/#primaryimage\"},\"image\":{\"@id\":\"https:\/\/barilocheexcursiones.com.ar\/product\/circuito-chico-y-cerro-campanario\/#primaryimage\"},\"thumbnailUrl\":\"https:\/\/barilocheexcursiones.com.ar\/wp-content\/uploads\/2025\/03\/Sin-titulo-1513-scaled.jpg\",\"datePublished\":\"2025-03-23T23:54:46+00:00\",\"dateModified\":\"2026-04-07T15:10:36+00:00\",\"description\":\"Circuito Chico y Cerro Campanario con gu\u00eda especializado. Conoc\u00e9 Bariloche desde sus paisajes m\u00e1s ic\u00f3nicos. Miradores, cultura y vistas de clase mundial.\",\"breadcrumb\":{\"@id\":\"https:\/\/barilocheexcursiones.com.ar\/product\/circuito-chico-y-cerro-campanario\/#breadcrumb\"},\"inLanguage\":\"pt-BR\",\"potentialAction\":[{\"@type\":\"ReadAction\",\"target\":[\"https:\/\/barilocheexcursiones.com.ar\/product\/circuito-chico-y-cerro-campanario\/\"]}]},{\"@type\":\"ImageObject\",\"inLanguage\":\"pt-BR\",\"@id\":\"https:\/\/barilocheexcursiones.com.ar\/product\/circuito-chico-y-cerro-campanario\/#primaryimage\",\"url\":\"https:\/\/barilocheexcursiones.com.ar\/wp-content\/uploads\/2025\/03\/Sin-titulo-1513-scaled.jpg\",\"contentUrl\":\"https:\/\/barilocheexcursiones.com.ar\/wp-content\/uploads\/2025\/03\/Sin-titulo-1513-scaled.jpg\",\"width\":2560,\"height\":1707},{\"@type\":\"BreadcrumbList\",\"@id\":\"https:\/\/barilocheexcursiones.com.ar\/product\/circuito-chico-y-cerro-campanario\/#breadcrumb\",\"itemListElement\":[{\"@type\":\"ListItem\",\"position\":1,\"name\":\"Home\",\"item\":\"https:\/\/barilocheexcursiones.com.ar\/\"},{\"@type\":\"ListItem\",\"position\":2,\"name\":\"Excursiones, traslados y m\u00e1s!\",\"item\":\"https:\/\/barilocheexcursiones.com.ar\/shop\/\"},{\"@type\":\"ListItem\",\"position\":3,\"name\":\"Circuito Chico y Cerro Campanario: el recorrido esencial con mirada experta\"}]},{\"@type\":\"WebSite\",\"@id\":\"https:\/\/barilocheexcursiones.com.ar\/#website\",\"url\":\"https:\/\/barilocheexcursiones.com.ar\/\",\"name\":\"Bariloche Excursiones\",\"description\":\"Vivir la experiencia en Bariloche\",\"publisher\":{\"@id\":\"https:\/\/barilocheexcursiones.com.ar\/#organization\"},\"potentialAction\":[{\"@type\":\"SearchAction\",\"target\":{\"@type\":\"EntryPoint\",\"urlTemplate\":\"https:\/\/barilocheexcursiones.com.ar\/?s={search_term_string}\"},\"query-input\":{\"@type\":\"PropertyValueSpecification\",\"valueRequired\":true,\"valueName\":\"search_term_string\"}}],\"inLanguage\":\"pt-BR\"},{\"@type\":\"Organization\",\"@id\":\"https:\/\/barilocheexcursiones.com.ar\/#organization\",\"name\":\"Bariloche Excursiones\",\"url\":\"https:\/\/barilocheexcursiones.com.ar\/\",\"logo\":{\"@type\":\"ImageObject\",\"inLanguage\":\"pt-BR\",\"@id\":\"https:\/\/barilocheexcursiones.com.ar\/#\/schema\/logo\/image\/\",\"url\":\"https:\/\/barilocheexcursiones.com.ar\/wp-content\/uploads\/2025\/04\/bariloche-excursiones-logo.png\",\"contentUrl\":\"https:\/\/barilocheexcursiones.com.ar\/wp-content\/uploads\/2025\/04\/bariloche-excursiones-logo.png\",\"width\":512,\"height\":512,\"caption\":\"Bariloche Excursiones\"},\"image\":{\"@id\":\"https:\/\/barilocheexcursiones.com.ar\/#\/schema\/logo\/image\/\"}}]}<\/script>\n<meta property=\"product:price:amount\" content=\"23400.00\" \/>\n<meta property=\"product:price:currency\" content=\"ARS\" \/>\n<meta property=\"og:availability\" content=\"instock\" \/>\n<meta property=\"product:availability\" content=\"instock\" \/>\n<meta property=\"product:retailer_item_id\" content=\"ADV2025CICHYC1KOR\" \/>\n<meta property=\"product:condition\" content=\"new\" \/>\n<!-- \/ Yoast SEO Premium plugin. -->","yoast_head_json":{"title":"Circuito Chico e Cerro Campanario em Bariloche | Excurs\u00e3o - Bariloche Excurs\u00f5es","description":"Circuito Chico e Cerro Campanario com um guia especializado. Conhe\u00e7a Bariloche a partir de suas paisagens mais emblem\u00e1ticas. Pontos de vista, cultura e vistas de classe mundial.","robots":{"index":"index","follow":"follow","max-snippet":"max-snippet:-1","max-image-preview":"max-image-preview:large","max-video-preview":"max-video-preview:-1"},"canonical":"https:\/\/barilocheexcursiones.com.ar\/pt\/product\/circuito-chico-e-cerro-campanario\/","og_locale":"pt_BR","og_type":"article","og_title":"Circuito Chico y Cerro Campanario: el recorrido esencial con mirada experta","og_description":"Circuito Chico y Cerro Campanario con gu\u00eda especializado. Conoc\u00e9 Bariloche desde sus paisajes m\u00e1s ic\u00f3nicos. Miradores, cultura y vistas de clase mundial.","og_url":"https:\/\/barilocheexcursiones.com.ar\/pt\/product\/circuito-chico-e-cerro-campanario\/","og_site_name":"Bariloche Excursiones","article_modified_time":"2026-04-07T15:10:36+00:00","og_image":[{"width":2560,"height":1707,"url":"https:\/\/barilocheexcursiones.com.ar\/wp-content\/uploads\/2025\/03\/Sin-titulo-1513-scaled.jpg","type":"image\/jpeg"}],"twitter_card":"summary_large_image","twitter_misc":{"Pre\u00e7o":"&#36;&nbsp;23.400,00","Disponibilidade":"Em Estoque"},"schema":{"@context":"https:\/\/schema.org","@graph":[{"@type":["WebPage","ItemPage"],"@id":"https:\/\/barilocheexcursiones.com.ar\/product\/circuito-chico-y-cerro-campanario\/","url":"https:\/\/barilocheexcursiones.com.ar\/product\/circuito-chico-y-cerro-campanario\/","name":"Circuito Chico e Cerro Campanario em Bariloche | Excurs\u00e3o - Bariloche Excurs\u00f5es","isPartOf":{"@id":"https:\/\/barilocheexcursiones.com.ar\/#website"},"primaryImageOfPage":{"@id":"https:\/\/barilocheexcursiones.com.ar\/product\/circuito-chico-y-cerro-campanario\/#primaryimage"},"image":{"@id":"https:\/\/barilocheexcursiones.com.ar\/product\/circuito-chico-y-cerro-campanario\/#primaryimage"},"thumbnailUrl":"https:\/\/barilocheexcursiones.com.ar\/wp-content\/uploads\/2025\/03\/Sin-titulo-1513-scaled.jpg","datePublished":"2025-03-23T23:54:46+00:00","dateModified":"2026-04-07T15:10:36+00:00","description":"Circuito Chico e Cerro Campanario com um guia especializado. Conhe\u00e7a Bariloche a partir de suas paisagens mais emblem\u00e1ticas. Pontos de vista, cultura e vistas de classe mundial.","breadcrumb":{"@id":"https:\/\/barilocheexcursiones.com.ar\/product\/circuito-chico-y-cerro-campanario\/#breadcrumb"},"inLanguage":"pt-BR","potentialAction":[{"@type":"ReadAction","target":["https:\/\/barilocheexcursiones.com.ar\/product\/circuito-chico-y-cerro-campanario\/"]}]},{"@type":"ImageObject","inLanguage":"pt-BR","@id":"https:\/\/barilocheexcursiones.com.ar\/product\/circuito-chico-y-cerro-campanario\/#primaryimage","url":"https:\/\/barilocheexcursiones.com.ar\/wp-content\/uploads\/2025\/03\/Sin-titulo-1513-scaled.jpg","contentUrl":"https:\/\/barilocheexcursiones.com.ar\/wp-content\/uploads\/2025\/03\/Sin-titulo-1513-scaled.jpg","width":2560,"height":1707},{"@type":"BreadcrumbList","@id":"https:\/\/barilocheexcursiones.com.ar\/product\/circuito-chico-y-cerro-campanario\/#breadcrumb","itemListElement":[{"@type":"ListItem","position":1,"name":"Home","item":"https:\/\/barilocheexcursiones.com.ar\/"},{"@type":"ListItem","position":2,"name":"Excursiones, traslados y m\u00e1s!","item":"https:\/\/barilocheexcursiones.com.ar\/shop\/"},{"@type":"ListItem","position":3,"name":"Circuito Chico y Cerro Campanario: el recorrido esencial con mirada experta"}]},{"@type":"WebSite","@id":"https:\/\/barilocheexcursiones.com.ar\/#website","url":"https:\/\/barilocheexcursiones.com.ar\/","name":"Excurs\u00f5es em Bariloche","description":"Experi\u00eancia em Bariloche","publisher":{"@id":"https:\/\/barilocheexcursiones.com.ar\/#organization"},"potentialAction":[{"@type":"SearchAction","target":{"@type":"EntryPoint","urlTemplate":"https:\/\/barilocheexcursiones.com.ar\/?s={search_term_string}"},"query-input":{"@type":"PropertyValueSpecification","valueRequired":true,"valueName":"search_term_string"}}],"inLanguage":"pt-BR"},{"@type":"Organization","@id":"https:\/\/barilocheexcursiones.com.ar\/#organization","name":"Excurs\u00f5es em Bariloche","url":"https:\/\/barilocheexcursiones.com.ar\/","logo":{"@type":"ImageObject","inLanguage":"pt-BR","@id":"https:\/\/barilocheexcursiones.com.ar\/#\/schema\/logo\/image\/","url":"https:\/\/barilocheexcursiones.com.ar\/wp-content\/uploads\/2025\/04\/bariloche-excursiones-logo.png","contentUrl":"https:\/\/barilocheexcursiones.com.ar\/wp-content\/uploads\/2025\/04\/bariloche-excursiones-logo.png","width":512,"height":512,"caption":"Bariloche Excursiones"},"image":{"@id":"https:\/\/barilocheexcursiones.com.ar\/#\/schema\/logo\/image\/"}}]},"product_price_amount":"23400.00","product_price_currency":"ARS","og_availability":"instock","product_availability":"instock","product_retailer_item_id":"ADV2025CICHYC1KOR","product_condition":"new"},"_links":{"self":[{"href":"https:\/\/barilocheexcursiones.com.ar\/pt\/wp-json\/wp\/v2\/product\/810","targetHints":{"allow":["GET"]}}],"collection":[{"href":"https:\/\/barilocheexcursiones.com.ar\/pt\/wp-json\/wp\/v2\/product"}],"about":[{"href":"https:\/\/barilocheexcursiones.com.ar\/pt\/wp-json\/wp\/v2\/types\/product"}],"replies":[{"embeddable":true,"href":"https:\/\/barilocheexcursiones.com.ar\/pt\/wp-json\/wp\/v2\/comments?post=810"}],"version-history":[{"count":6,"href":"https:\/\/barilocheexcursiones.com.ar\/pt\/wp-json\/wp\/v2\/product\/810\/revisions"}],"predecessor-version":[{"id":17735,"href":"https:\/\/barilocheexcursiones.com.ar\/pt\/wp-json\/wp\/v2\/product\/810\/revisions\/17735"}],"wp:featuredmedia":[{"embeddable":true,"href":"https:\/\/barilocheexcursiones.com.ar\/pt\/wp-json\/wp\/v2\/media\/17635"}],"wp:attachment":[{"href":"https:\/\/barilocheexcursiones.com.ar\/pt\/wp-json\/wp\/v2\/media?parent=810"}],"wp:term":[{"taxonomy":"product_brand","embeddable":true,"href":"https:\/\/barilocheexcursiones.com.ar\/pt\/wp-json\/wp\/v2\/product_brand?post=810"},{"taxonomy":"product_cat","embeddable":true,"href":"https:\/\/barilocheexcursiones.com.ar\/pt\/wp-json\/wp\/v2\/product_cat?post=810"},{"taxonomy":"product_tag","embeddable":true,"href":"https:\/\/barilocheexcursiones.com.ar\/pt\/wp-json\/wp\/v2\/product_tag?post=810"}],"curies":[{"name":"wp","href":"https:\/\/api.w.org\/{rel}","templated":true}]}}