{"id":808,"date":"2025-03-23T20:54:29","date_gmt":"2025-03-23T23:54:29","guid":{"rendered":"https:\/\/barilocheexcursiones.com.ar\/?post_type=product&#038;p=808"},"modified":"2026-04-13T13:01:15","modified_gmt":"2026-04-13T16:01:15","slug":"rafting-familiar-en-el-rio-manso","status":"publish","type":"product","link":"https:\/\/barilocheexcursiones.com.ar\/pt\/product\/rafting-em-familia-no-rio-manso\/","title":{"rendered":"Rafting em fam\u00edlia no rio Manso"},"content":{"rendered":"<h2>\u00a0Aventura segura na Patag\u00f4nia<\/h2>\n<p data-start=\"345\" data-end=\"388\"><strong data-start=\"345\" data-end=\"386\">O que torna essa atividade especial<\/strong><\/p>\n<ul data-start=\"389\" data-end=\"571\">\n<li data-start=\"389\" data-end=\"446\">\n<p data-start=\"391\" data-end=\"446\">Se\u00e7\u00e3o acess\u00edvel, ideal para fam\u00edlias e iniciantes.<\/p>\n<\/li>\n<li data-start=\"447\" data-end=\"511\">\n<p data-start=\"449\" data-end=\"511\">Navega\u00e7\u00e3o em \u00e1guas de grau I e II com guias profissionais.<\/p>\n<\/li>\n<li data-start=\"512\" data-end=\"571\">\n<p data-start=\"514\" data-end=\"571\">Paisagens patag\u00f4nicas \u00fanicas para desfrutar durante todo o ano.<\/p>\n<\/li>\n<\/ul>\n<p data-start=\"573\" data-end=\"879\"><strong data-start=\"573\" data-end=\"603\">\u00c9 assim que voc\u00ea viver\u00e1 a experi\u00eancia<\/strong><br data-start=\"603\" data-end=\"606\" \/>Mergulhe na magia do Rio Manso com um dia de rafting leve, projetado para ser desfrutado sem limites de idade ou experi\u00eancia pr\u00e9via. Essa viagem de 6 quil\u00f4metros em \u00e1guas cristalinas de grau I e II \u00e9 perfeita para iniciantes ou para aqueles que procuram um passeio descontra\u00eddo.<\/p>\n<p data-start=\"881\" data-end=\"1171\">A aventura come\u00e7a no ponto de encontro, onde nossos guias profissionais o receber\u00e3o com o equipamento necess\u00e1rio: roupa de mergulho, capacete e colete salva-vidas. Antes de zarpar, voc\u00ea receber\u00e1 uma instru\u00e7\u00e3o de seguran\u00e7a para garantir uma atividade segura e divertida.<\/p>\n<p data-start=\"1173\" data-end=\"1392\">Durante cerca de uma hora e meia, voc\u00ea apreciar\u00e1 a paisagem de tirar o f\u00f4lego, o som do rio e a tranquilidade dos arredores. No final, o parador o aguarda para descansar e compartilhar hist\u00f3rias antes da viagem de volta.<\/p>\n<p data-start=\"1394\" data-end=\"1420\"><strong data-start=\"1394\" data-end=\"1418\">Informa\u00e7\u00f5es pr\u00e1ticas<\/strong><\/p>\n<ul data-start=\"1421\" data-end=\"1731\">\n<li data-start=\"1421\" data-end=\"1450\">\n<p data-start=\"1423\" data-end=\"1450\">Hor\u00e1rios: manh\u00e3 e tarde.<\/p>\n<\/li>\n<li data-start=\"1451\" data-end=\"1507\">\n<p data-start=\"1453\" data-end=\"1507\">Dura\u00e7\u00e3o: Meio dia (1h 30min de navega\u00e7\u00e3o aprox.).<\/p>\n<\/li>\n<li data-start=\"1508\" data-end=\"1592\">\n<p data-start=\"1510\" data-end=\"1592\">Ponto de encontro: Centro da cidade de Bariloche ou local a ser combinado (traslado opcional).<\/p>\n<\/li>\n<li data-start=\"1593\" data-end=\"1687\">\n<p data-start=\"1595\" data-end=\"1687\">Inclui: Guias certificados, equipamento completo, seguro de atividades, traslado opcional.<\/p>\n<\/li>\n<li data-start=\"1688\" data-end=\"1731\">\n<p data-start=\"1690\" data-end=\"1731\">N\u00e3o inclui: refei\u00e7\u00f5es, despesas pessoais.<\/p>\n<\/li>\n<\/ul>\n<p data-start=\"1733\" data-end=\"1759\"><strong data-start=\"1733\" data-end=\"1757\">Perguntas frequentes<\/strong><\/p>\n<ul data-start=\"1760\" data-end=\"2035\">\n<li data-start=\"1760\" data-end=\"1813\">\n<p data-start=\"1762\" data-end=\"1813\">\u00c9 seguro para crian\u00e7as? Sim, adequado a partir dos 5 anos de idade.<\/p>\n<\/li>\n<li data-start=\"1814\" data-end=\"1880\">\n<p data-start=\"1816\" data-end=\"1880\">Preciso de experi\u00eancia anterior? N\u00e3o, \u00e9 ideal para iniciantes.<\/p>\n<\/li>\n<li data-start=\"1881\" data-end=\"1949\">\n<p data-start=\"1883\" data-end=\"1949\">O que devo levar? Toalha, roupas secas e cal\u00e7ados que possam ser molhados.<\/p>\n<\/li>\n<li data-start=\"1950\" data-end=\"2035\">\n<p data-start=\"1952\" data-end=\"2035\">A partida \u00e9 suspensa devido ao mau tempo? Somente em casos excepcionais; a partida \u00e9 remarcada.<\/p>\n<\/li>\n<li data-start=\"1950\" data-end=\"2035\">Onde fica? Em nosso albergue, onde a excurs\u00e3o de rafting \u00e9 realizada na Base Villegas, Rota 83 Km 1. <a class=\"theme markdown__link\" href=\"https:\/\/maps.app.goo.gl\/NqbsUN6VB5Fnt7hVA\" target=\"_blank\" rel=\"noopener noreferrer\">https:\/\/maps.app.goo.gl\/NqbsUN6VB5Fnt7hVA<\/a> este \u00e9 o link para a localiza\u00e7\u00e3o do parador.<\/li>\n<\/ul>\n<p><strong>Aviso importante<\/strong>Esse passeio est\u00e1 dispon\u00edvel no momento e tem sa\u00eddas at\u00e9 30 de abril, de acordo com o calend\u00e1rio operacional.<\/p>","protected":false},"excerpt":{"rendered":"<p>Mergulhe na emo\u00e7\u00e3o do rafting leve no Rio Manso. Perfeito para fam\u00edlias e iniciantes, esse passeio de 6 km oferece seguran\u00e7a e paisagens de tirar o f\u00f4lego em um ambiente natural incompar\u00e1vel.<\/p>","protected":false},"featured_media":16962,"comment_status":"open","ping_status":"closed","template":"","meta":[],"product_brand":[],"product_cat":[91,85,100,88,167,175,176,168,177],"product_tag":[],"class_list":{"0":"post-808","1":"product","2":"type-product","3":"status-publish","4":"has-post-thumbnail","6":"product_cat-adultos","7":"product_cat-aventura","8":"product_cat-con-traslado","9":"product_cat-familia","10":"product_cat-ninos","11":"product_cat-otono","12":"product_cat-primavera-temporada","13":"product_cat-sin-comida","14":"product_cat-verano","16":"first","17":"instock","18":"virtual","19":"sold-individually","20":"purchasable","21":"product-type-booking"},"booking_location":"","booking_location_type":"","booking_duration":1,"booking_duration_unit":"hour","booking_buffer":0,"booking_cost":0,"booking_resources":[],"exclude_global_add_ons":false,"addons":[{"name":"ADU: Adulto","type":"input_multiplier","position":0,"required":false,"title_format":"label","default":"","description_enable":false,"description":"","placeholder_enable":false,"placeholder":"","display":"select","restrictions_type":"any_text","adjust_price":true,"price":"90000","price_type":"quantity_based","restrictions":false,"min":"0","max":"0","options":[],"id":1773236862},{"name":"EXTRA: acompanhante","type":"input_multiplier","position":1,"required":false,"title_format":"label","default":"","description_enable":false,"description":"","placeholder_enable":false,"placeholder":"","display":"select","restrictions_type":"any_text","adjust_price":true,"price":"45000","price_type":"quantity_based","restrictions":false,"min":"0","max":"0","options":[],"id":1773236863},{"name":"MEN512 | 5 a 12","type":"input_multiplier","position":2,"required":false,"title_format":"label","default":"","description_enable":false,"description":"","placeholder_enable":false,"placeholder":"","display":"select","restrictions_type":"any_text","adjust_price":true,"price":"90000","price_type":"quantity_based","restrictions":false,"min":"0","max":"0","options":[],"id":1773236864}],"yoast_head":"<!-- This site is optimized with the Yoast SEO Premium plugin v24.5 (Yoast SEO v24.8) - https:\/\/yoast.com\/wordpress\/plugins\/seo\/ -->\n<title>Rafting Familiar en el R\u00edo Manso - Bariloche Excursiones<\/title>\n<meta name=\"description\" content=\"Rafting familiar en el R\u00edo Manso, Bariloche. Seguro, divertido y apto para todas las edades. Viv\u00ed la Patagonia desde el agua con gu\u00edas expertos.\" \/>\n<meta name=\"robots\" content=\"index, follow, max-snippet:-1, max-image-preview:large, max-video-preview:-1\" \/>\n<link rel=\"canonical\" href=\"https:\/\/barilocheexcursiones.com.ar\/pt\/product\/rafting-em-familia-no-rio-manso\/\" \/>\n<meta property=\"og:locale\" content=\"pt_BR\" \/>\n<meta property=\"og:type\" content=\"article\" \/>\n<meta property=\"og:title\" content=\"Rafting Familiar en el R\u00edo Manso\" \/>\n<meta property=\"og:description\" content=\"Rafting familiar en el R\u00edo Manso, Bariloche. Seguro, divertido y apto para todas las edades. Viv\u00ed la Patagonia desde el agua con gu\u00edas expertos.\" \/>\n<meta property=\"og:url\" content=\"https:\/\/barilocheexcursiones.com.ar\/pt\/product\/rafting-em-familia-no-rio-manso\/\" \/>\n<meta property=\"og:site_name\" content=\"Bariloche Excursiones\" \/>\n<meta property=\"article:modified_time\" content=\"2026-04-13T16:01:15+00:00\" \/>\n<meta property=\"og:image\" content=\"https:\/\/barilocheexcursiones.com.ar\/wp-content\/uploads\/2025\/03\/3-A-rafting-light-3-scaled.jpg\" \/>\n\t<meta property=\"og:image:width\" content=\"1920\" \/>\n\t<meta property=\"og:image:height\" content=\"2560\" \/>\n\t<meta property=\"og:image:type\" content=\"image\/jpeg\" \/>\n<meta name=\"twitter:card\" content=\"summary_large_image\" \/>\n<meta name=\"twitter:label1\" content=\"Pre\u00e7o\" \/>\n\t<meta name=\"twitter:data1\" content=\"&#036;&nbsp;90.000,00\" \/>\n\t<meta name=\"twitter:label2\" content=\"Disponibilidade\" \/>\n\t<meta name=\"twitter:data2\" content=\"Em Estoque\" \/>\n<script type=\"application\/ld+json\" class=\"yoast-schema-graph\">{\"@context\":\"https:\/\/schema.org\",\"@graph\":[{\"@type\":[\"WebPage\",\"ItemPage\"],\"@id\":\"https:\/\/barilocheexcursiones.com.ar\/product\/rafting-familiar-en-el-rio-manso\/\",\"url\":\"https:\/\/barilocheexcursiones.com.ar\/product\/rafting-familiar-en-el-rio-manso\/\",\"name\":\"Rafting Familiar en el R\u00edo Manso - Bariloche Excursiones\",\"isPartOf\":{\"@id\":\"https:\/\/barilocheexcursiones.com.ar\/#website\"},\"primaryImageOfPage\":{\"@id\":\"https:\/\/barilocheexcursiones.com.ar\/product\/rafting-familiar-en-el-rio-manso\/#primaryimage\"},\"image\":{\"@id\":\"https:\/\/barilocheexcursiones.com.ar\/product\/rafting-familiar-en-el-rio-manso\/#primaryimage\"},\"thumbnailUrl\":\"https:\/\/barilocheexcursiones.com.ar\/wp-content\/uploads\/2025\/03\/3-A-rafting-light-3-scaled.jpg\",\"datePublished\":\"2025-03-23T23:54:29+00:00\",\"dateModified\":\"2026-04-13T16:01:15+00:00\",\"description\":\"Rafting familiar en el R\u00edo Manso, Bariloche. Seguro, divertido y apto para todas las edades. Viv\u00ed la Patagonia desde el agua con gu\u00edas expertos.\",\"breadcrumb\":{\"@id\":\"https:\/\/barilocheexcursiones.com.ar\/product\/rafting-familiar-en-el-rio-manso\/#breadcrumb\"},\"inLanguage\":\"pt-BR\",\"potentialAction\":[{\"@type\":\"ReadAction\",\"target\":[\"https:\/\/barilocheexcursiones.com.ar\/product\/rafting-familiar-en-el-rio-manso\/\"]}]},{\"@type\":\"ImageObject\",\"inLanguage\":\"pt-BR\",\"@id\":\"https:\/\/barilocheexcursiones.com.ar\/product\/rafting-familiar-en-el-rio-manso\/#primaryimage\",\"url\":\"https:\/\/barilocheexcursiones.com.ar\/wp-content\/uploads\/2025\/03\/3-A-rafting-light-3-scaled.jpg\",\"contentUrl\":\"https:\/\/barilocheexcursiones.com.ar\/wp-content\/uploads\/2025\/03\/3-A-rafting-light-3-scaled.jpg\",\"width\":1920,\"height\":2560},{\"@type\":\"BreadcrumbList\",\"@id\":\"https:\/\/barilocheexcursiones.com.ar\/product\/rafting-familiar-en-el-rio-manso\/#breadcrumb\",\"itemListElement\":[{\"@type\":\"ListItem\",\"position\":1,\"name\":\"Home\",\"item\":\"https:\/\/barilocheexcursiones.com.ar\/\"},{\"@type\":\"ListItem\",\"position\":2,\"name\":\"Excursiones, traslados y m\u00e1s!\",\"item\":\"https:\/\/barilocheexcursiones.com.ar\/shop\/\"},{\"@type\":\"ListItem\",\"position\":3,\"name\":\"Rafting Familiar en el R\u00edo Manso\"}]},{\"@type\":\"WebSite\",\"@id\":\"https:\/\/barilocheexcursiones.com.ar\/#website\",\"url\":\"https:\/\/barilocheexcursiones.com.ar\/\",\"name\":\"Bariloche Excursiones\",\"description\":\"Vivir la experiencia en Bariloche\",\"publisher\":{\"@id\":\"https:\/\/barilocheexcursiones.com.ar\/#organization\"},\"potentialAction\":[{\"@type\":\"SearchAction\",\"target\":{\"@type\":\"EntryPoint\",\"urlTemplate\":\"https:\/\/barilocheexcursiones.com.ar\/?s={search_term_string}\"},\"query-input\":{\"@type\":\"PropertyValueSpecification\",\"valueRequired\":true,\"valueName\":\"search_term_string\"}}],\"inLanguage\":\"pt-BR\"},{\"@type\":\"Organization\",\"@id\":\"https:\/\/barilocheexcursiones.com.ar\/#organization\",\"name\":\"Bariloche Excursiones\",\"url\":\"https:\/\/barilocheexcursiones.com.ar\/\",\"logo\":{\"@type\":\"ImageObject\",\"inLanguage\":\"pt-BR\",\"@id\":\"https:\/\/barilocheexcursiones.com.ar\/#\/schema\/logo\/image\/\",\"url\":\"https:\/\/barilocheexcursiones.com.ar\/wp-content\/uploads\/2025\/04\/bariloche-excursiones-logo.png\",\"contentUrl\":\"https:\/\/barilocheexcursiones.com.ar\/wp-content\/uploads\/2025\/04\/bariloche-excursiones-logo.png\",\"width\":512,\"height\":512,\"caption\":\"Bariloche Excursiones\"},\"image\":{\"@id\":\"https:\/\/barilocheexcursiones.com.ar\/#\/schema\/logo\/image\/\"}}]}<\/script>\n<meta property=\"product:price:amount\" content=\"90000.00\" \/>\n<meta property=\"product:price:currency\" content=\"ARS\" \/>\n<meta property=\"og:availability\" content=\"instock\" \/>\n<meta property=\"product:availability\" content=\"instock\" \/>\n<meta property=\"product:retailer_item_id\" content=\"ADV2025RALIENP3DA\" \/>\n<meta property=\"product:condition\" content=\"new\" \/>\n<!-- \/ Yoast SEO Premium plugin. -->","yoast_head_json":{"title":"Rafting familiar no rio Manso - Excurs\u00f5es em Bariloche","description":"Rafting em fam\u00edlia no Rio Manso, Bariloche. Seguro, divertido e adequado para todas as idades. Conhe\u00e7a a Patag\u00f4nia a partir da \u00e1gua com guias especializados.","robots":{"index":"index","follow":"follow","max-snippet":"max-snippet:-1","max-image-preview":"max-image-preview:large","max-video-preview":"max-video-preview:-1"},"canonical":"https:\/\/barilocheexcursiones.com.ar\/pt\/product\/rafting-em-familia-no-rio-manso\/","og_locale":"pt_BR","og_type":"article","og_title":"Rafting Familiar en el R\u00edo Manso","og_description":"Rafting familiar en el R\u00edo Manso, Bariloche. Seguro, divertido y apto para todas las edades. Viv\u00ed la Patagonia desde el agua con gu\u00edas expertos.","og_url":"https:\/\/barilocheexcursiones.com.ar\/pt\/product\/rafting-em-familia-no-rio-manso\/","og_site_name":"Bariloche Excursiones","article_modified_time":"2026-04-13T16:01:15+00:00","og_image":[{"width":1920,"height":2560,"url":"https:\/\/barilocheexcursiones.com.ar\/wp-content\/uploads\/2025\/03\/3-A-rafting-light-3-scaled.jpg","type":"image\/jpeg"}],"twitter_card":"summary_large_image","twitter_misc":{"Pre\u00e7o":"&#36;&nbsp;90.000,00","Disponibilidade":"Em Estoque"},"schema":{"@context":"https:\/\/schema.org","@graph":[{"@type":["WebPage","ItemPage"],"@id":"https:\/\/barilocheexcursiones.com.ar\/product\/rafting-familiar-en-el-rio-manso\/","url":"https:\/\/barilocheexcursiones.com.ar\/product\/rafting-familiar-en-el-rio-manso\/","name":"Rafting familiar no rio Manso - Excurs\u00f5es em Bariloche","isPartOf":{"@id":"https:\/\/barilocheexcursiones.com.ar\/#website"},"primaryImageOfPage":{"@id":"https:\/\/barilocheexcursiones.com.ar\/product\/rafting-familiar-en-el-rio-manso\/#primaryimage"},"image":{"@id":"https:\/\/barilocheexcursiones.com.ar\/product\/rafting-familiar-en-el-rio-manso\/#primaryimage"},"thumbnailUrl":"https:\/\/barilocheexcursiones.com.ar\/wp-content\/uploads\/2025\/03\/3-A-rafting-light-3-scaled.jpg","datePublished":"2025-03-23T23:54:29+00:00","dateModified":"2026-04-13T16:01:15+00:00","description":"Rafting em fam\u00edlia no Rio Manso, Bariloche. Seguro, divertido e adequado para todas as idades. Conhe\u00e7a a Patag\u00f4nia a partir da \u00e1gua com guias especializados.","breadcrumb":{"@id":"https:\/\/barilocheexcursiones.com.ar\/product\/rafting-familiar-en-el-rio-manso\/#breadcrumb"},"inLanguage":"pt-BR","potentialAction":[{"@type":"ReadAction","target":["https:\/\/barilocheexcursiones.com.ar\/product\/rafting-familiar-en-el-rio-manso\/"]}]},{"@type":"ImageObject","inLanguage":"pt-BR","@id":"https:\/\/barilocheexcursiones.com.ar\/product\/rafting-familiar-en-el-rio-manso\/#primaryimage","url":"https:\/\/barilocheexcursiones.com.ar\/wp-content\/uploads\/2025\/03\/3-A-rafting-light-3-scaled.jpg","contentUrl":"https:\/\/barilocheexcursiones.com.ar\/wp-content\/uploads\/2025\/03\/3-A-rafting-light-3-scaled.jpg","width":1920,"height":2560},{"@type":"BreadcrumbList","@id":"https:\/\/barilocheexcursiones.com.ar\/product\/rafting-familiar-en-el-rio-manso\/#breadcrumb","itemListElement":[{"@type":"ListItem","position":1,"name":"Home","item":"https:\/\/barilocheexcursiones.com.ar\/"},{"@type":"ListItem","position":2,"name":"Excursiones, traslados y m\u00e1s!","item":"https:\/\/barilocheexcursiones.com.ar\/shop\/"},{"@type":"ListItem","position":3,"name":"Rafting Familiar en el R\u00edo Manso"}]},{"@type":"WebSite","@id":"https:\/\/barilocheexcursiones.com.ar\/#website","url":"https:\/\/barilocheexcursiones.com.ar\/","name":"Excurs\u00f5es em Bariloche","description":"Experi\u00eancia em Bariloche","publisher":{"@id":"https:\/\/barilocheexcursiones.com.ar\/#organization"},"potentialAction":[{"@type":"SearchAction","target":{"@type":"EntryPoint","urlTemplate":"https:\/\/barilocheexcursiones.com.ar\/?s={search_term_string}"},"query-input":{"@type":"PropertyValueSpecification","valueRequired":true,"valueName":"search_term_string"}}],"inLanguage":"pt-BR"},{"@type":"Organization","@id":"https:\/\/barilocheexcursiones.com.ar\/#organization","name":"Excurs\u00f5es em Bariloche","url":"https:\/\/barilocheexcursiones.com.ar\/","logo":{"@type":"ImageObject","inLanguage":"pt-BR","@id":"https:\/\/barilocheexcursiones.com.ar\/#\/schema\/logo\/image\/","url":"https:\/\/barilocheexcursiones.com.ar\/wp-content\/uploads\/2025\/04\/bariloche-excursiones-logo.png","contentUrl":"https:\/\/barilocheexcursiones.com.ar\/wp-content\/uploads\/2025\/04\/bariloche-excursiones-logo.png","width":512,"height":512,"caption":"Bariloche Excursiones"},"image":{"@id":"https:\/\/barilocheexcursiones.com.ar\/#\/schema\/logo\/image\/"}}]},"product_price_amount":"90000.00","product_price_currency":"ARS","og_availability":"instock","product_availability":"instock","product_retailer_item_id":"ADV2025RALIENP3DA","product_condition":"new"},"_links":{"self":[{"href":"https:\/\/barilocheexcursiones.com.ar\/pt\/wp-json\/wp\/v2\/product\/808","targetHints":{"allow":["GET"]}}],"collection":[{"href":"https:\/\/barilocheexcursiones.com.ar\/pt\/wp-json\/wp\/v2\/product"}],"about":[{"href":"https:\/\/barilocheexcursiones.com.ar\/pt\/wp-json\/wp\/v2\/types\/product"}],"replies":[{"embeddable":true,"href":"https:\/\/barilocheexcursiones.com.ar\/pt\/wp-json\/wp\/v2\/comments?post=808"}],"version-history":[{"count":8,"href":"https:\/\/barilocheexcursiones.com.ar\/pt\/wp-json\/wp\/v2\/product\/808\/revisions"}],"predecessor-version":[{"id":17811,"href":"https:\/\/barilocheexcursiones.com.ar\/pt\/wp-json\/wp\/v2\/product\/808\/revisions\/17811"}],"wp:featuredmedia":[{"embeddable":true,"href":"https:\/\/barilocheexcursiones.com.ar\/pt\/wp-json\/wp\/v2\/media\/16962"}],"wp:attachment":[{"href":"https:\/\/barilocheexcursiones.com.ar\/pt\/wp-json\/wp\/v2\/media?parent=808"}],"wp:term":[{"taxonomy":"product_brand","embeddable":true,"href":"https:\/\/barilocheexcursiones.com.ar\/pt\/wp-json\/wp\/v2\/product_brand?post=808"},{"taxonomy":"product_cat","embeddable":true,"href":"https:\/\/barilocheexcursiones.com.ar\/pt\/wp-json\/wp\/v2\/product_cat?post=808"},{"taxonomy":"product_tag","embeddable":true,"href":"https:\/\/barilocheexcursiones.com.ar\/pt\/wp-json\/wp\/v2\/product_tag?post=808"}],"curies":[{"name":"wp","href":"https:\/\/api.w.org\/{rel}","templated":true}]}}