{"id":800,"date":"2025-03-23T20:53:06","date_gmt":"2025-03-23T23:53:06","guid":{"rendered":"https:\/\/barilocheexcursiones.com.ar\/?post_type=product&#038;p=800"},"modified":"2026-04-07T12:10:36","modified_gmt":"2026-04-07T15:10:36","slug":"paquete-promocional-3-dias-excursion","status":"publish","type":"product","link":"https:\/\/barilocheexcursiones.com.ar\/pt\/product\/pacote-promocional-excursao-de-3-dias\/","title":{"rendered":"Promo\u00e7\u00e3o especial de 3 dias - Explore os pontos tur\u00edsticos imperd\u00edveis da Patag\u00f4nia"},"content":{"rendered":"<h3 data-start=\"320\" data-end=\"379\">O melhor do sul da Argentina, em uma experi\u00eancia com tudo inclu\u00eddo<\/h3>\n<p data-start=\"381\" data-end=\"741\">Com este pacote exclusivo de tr\u00eas dias, criamos uma proposta para os viajantes que desejam explorar a Patag\u00f4nia em profundidade, com a garantia de excel\u00eancia e organiza\u00e7\u00e3o que distingue a Bariloche Excursiones. Um passeio com curadoria de especialistas, onde cada dia combina paisagens de tirar o f\u00f4lego, natureza intocada e hist\u00f3rias que enriquecem a experi\u00eancia.<\/p>\n<h3 data-start=\"748\" data-end=\"799\">Tr\u00eas passeios imperd\u00edveis em um \u00fanico pacote<\/h3>\n<p data-start=\"801\" data-end=\"897\">Este itiner\u00e1rio inclui tr\u00eas passeios de um dia inteiro que condensam a ess\u00eancia do sul da Argentina:<\/p>\n<ul data-start=\"899\" data-end=\"1448\">\n<li data-start=\"899\" data-end=\"1100\">\n<p data-start=\"901\" data-end=\"1100\"><strong data-start=\"901\" data-end=\"952\">San Mart\u00edn de los Andes pela Rota dos 7 Lagos<\/strong> (sa\u00edda \u00e0s 08:00 hs): cruzando uma das estradas mais pitorescas do pa\u00eds, com paradas para fotos em mirantes e lagos cristalinos.<\/p>\n<\/li>\n<li data-start=\"1102\" data-end=\"1302\">\n<p data-start=\"1104\" data-end=\"1302\"><strong data-start=\"1104\" data-end=\"1150\">Cerro Tronador e Glaciar Ventisquero Negro<\/strong> (sa\u00edda \u00e0s 09:00 hs): um dia de grande impacto visual, onde se destacam as paredes da geleira e os arredores do Parque Nacional Nahuel Huapi.<\/p>\n<\/li>\n<li data-start=\"1304\" data-end=\"1448\">\n<p data-start=\"1306\" data-end=\"1448\"><strong data-start=\"1306\" data-end=\"1345\">Circuito Chico com o Morro do Campan\u00e1rio<\/strong> (sa\u00edda \u00e0s 08:30 hs): o cl\u00e1ssico dos cl\u00e1ssicos para admirar Bariloche de seu \u00e2ngulo mais panor\u00e2mico.<\/p>\n<\/li>\n<\/ul>\n<p data-start=\"1450\" data-end=\"1564\">As sa\u00eddas s\u00e3o em dias consecutivos e podem ser adaptadas de acordo com a disponibilidade e as prefer\u00eancias do visitante.<\/p>\n<h3 data-start=\"1571\" data-end=\"1595\">Informa\u00e7\u00f5es pr\u00e1ticas<\/h3>\n<p data-start=\"1597\" data-end=\"2018\"><strong data-start=\"1597\" data-end=\"1610\">Dura\u00e7\u00e3o:<\/strong> 3 dias (excurs\u00f5es de dia inteiro)<br data-start=\"1651\" data-end=\"1654\" \/><strong data-start=\"1654\" data-end=\"1677\">Ponto de encontro:<\/strong> Sa\u00eddas de pontos coordenados entre o centro de Bariloche e o km 8 da Av. Bustillo \/ Pioneros.<br data-start=\"1776\" data-end=\"1779\" \/><strong data-start=\"1779\" data-end=\"1791\">Ele inclui:<\/strong> Transporte em ve\u00edculos licenciados, guias profissionais em espanhol (bil\u00edngue opcional por um custo adicional), tour completo de cada excurs\u00e3o.<br data-start=\"1937\" data-end=\"1940\" \/><strong data-start=\"1940\" data-end=\"1955\">N\u00e3o inclu\u00eddo:<\/strong> Refei\u00e7\u00f5es, taxas de entrada em parques nacionais e ingressos para telef\u00e9ricos<\/p>\n<h3 data-start=\"2025\" data-end=\"2049\">Perguntas frequentes<\/h3>\n<p data-start=\"2051\" data-end=\"2191\"><strong data-start=\"2051\" data-end=\"2092\">Quando o pacote pode ser reservado?<\/strong><br data-start=\"2092\" data-end=\"2095\" \/>Ele est\u00e1 dispon\u00edvel durante a esta\u00e7\u00e3o quente, do meio da primavera ao final do outono.<\/p>\n<p data-start=\"2193\" data-end=\"2326\"><strong data-start=\"2193\" data-end=\"2240\">Posso alterar a ordem das excurs\u00f5es?<\/strong><br data-start=\"2240\" data-end=\"2243\" \/>Sim, voc\u00ea pode organizar os passeios na ordem que preferir, dependendo de sua programa\u00e7\u00e3o e do clima.<\/p>\n<p data-start=\"2328\" data-end=\"2533\"><strong data-start=\"2328\" data-end=\"2363\">Inclui refei\u00e7\u00f5es ou lanches?<\/strong><br data-start=\"2363\" data-end=\"2366\" \/>N\u00e3o. As refei\u00e7\u00f5es s\u00e3o por conta do passageiro, mas durante cada excurs\u00e3o, sugerimos paradas com uma variedade de op\u00e7\u00f5es, incluindo alternativas vegetarianas ou sem gl\u00faten.<\/p>\n<p data-start=\"2535\" data-end=\"2709\"><strong data-start=\"2535\" data-end=\"2577\">Que tipo de roupa \u00e9 recomendado?<\/strong><br data-start=\"2577\" data-end=\"2580\" \/>Roupas confort\u00e1veis e cal\u00e7ados fechados, ideais para caminhadas e mudan\u00e7as de temperatura. Sugere-se levar protetor solar e um casaco leve.<\/p>","protected":false},"excerpt":{"rendered":"<p>Experimente uma aventura inesquec\u00edvel na Patag\u00f4nia com nosso <strong>Pacote promocional de 3 dias<\/strong>. Descobri que <strong>San Mart\u00edn de los Andes<\/strong>, o <strong>Rota dos Sete Lagos<\/strong>, o <strong>Serra do Tronador<\/strong> e o <strong>Circuito pequeno<\/strong>, enquanto desfruta de conforto e exclusividade ao m\u00e1ximo.<\/p>","protected":false},"featured_media":16867,"comment_status":"open","ping_status":"closed","template":"","meta":[],"product_brand":[],"product_cat":[91,100,88,174,168,169,172],"product_tag":[],"class_list":{"0":"post-800","1":"product","2":"type-product","3":"status-publish","4":"has-post-thumbnail","6":"product_cat-adultos","7":"product_cat-con-traslado","8":"product_cat-familia","9":"product_cat-promos-tipo","10":"product_cat-sin-comida-incluido","11":"product_cat-terrestre-tipo","12":"product_cat-todo-el-ano-temporada","14":"first","15":"instock","16":"virtual","17":"sold-individually","18":"purchasable","19":"product-type-booking"},"booking_location":"","booking_location_type":"","booking_duration":1,"booking_duration_unit":"hour","booking_buffer":0,"booking_cost":0,"booking_resources":[],"exclude_global_add_ons":false,"addons":[{"name":"STD: Passageiros","type":"input_multiplier","position":0,"required":false,"title_format":"label","default":"","description_enable":false,"description":"","placeholder_enable":false,"placeholder":"","display":"select","restrictions_type":"any_text","adjust_price":true,"price":"156000","price_type":"quantity_based","restrictions":false,"min":"0","max":"0","options":[],"id":1773234688}],"yoast_head":"<!-- This site is optimized with the Yoast SEO Premium plugin v24.5 (Yoast SEO v24.8) - https:\/\/yoast.com\/wordpress\/plugins\/seo\/ -->\n<title>Promo Especial 3 D\u00edas \u2013 Explor\u00e1 los Imperdibles de la Patagonia - Bariloche Excursiones<\/title>\n<meta name=\"description\" content=\"Promoci\u00f3n especial de excursiones por Bariloche. Tres d\u00edas con salidas a San Mart\u00edn de los Andes, Cerro Tronador y Circuito Chico. Incluye traslados y gu\u00eda.\" \/>\n<meta name=\"robots\" content=\"index, follow, max-snippet:-1, max-image-preview:large, max-video-preview:-1\" \/>\n<link rel=\"canonical\" href=\"https:\/\/barilocheexcursiones.com.ar\/pt\/product\/pacote-promocional-excursao-de-3-dias\/\" \/>\n<meta property=\"og:locale\" content=\"pt_BR\" \/>\n<meta property=\"og:type\" content=\"article\" \/>\n<meta property=\"og:title\" content=\"Promo Especial 3 D\u00edas \u2013 Explor\u00e1 los Imperdibles de la Patagonia\" \/>\n<meta property=\"og:description\" content=\"Promoci\u00f3n especial de excursiones por Bariloche. Tres d\u00edas con salidas a San Mart\u00edn de los Andes, Cerro Tronador y Circuito Chico. Incluye traslados y gu\u00eda.\" \/>\n<meta property=\"og:url\" content=\"https:\/\/barilocheexcursiones.com.ar\/pt\/product\/pacote-promocional-excursao-de-3-dias\/\" \/>\n<meta property=\"og:site_name\" content=\"Bariloche Excursiones\" \/>\n<meta property=\"article:modified_time\" content=\"2026-04-07T15:10:36+00:00\" \/>\n<meta property=\"og:image\" content=\"https:\/\/barilocheexcursiones.com.ar\/wp-content\/uploads\/2025\/03\/3-D-IMG_2705-scaled.jpg\" \/>\n\t<meta property=\"og:image:width\" content=\"1920\" \/>\n\t<meta property=\"og:image:height\" content=\"2560\" \/>\n\t<meta property=\"og:image:type\" content=\"image\/jpeg\" \/>\n<meta name=\"twitter:card\" content=\"summary_large_image\" \/>\n<meta name=\"twitter:label1\" content=\"Pre\u00e7o\" \/>\n\t<meta name=\"twitter:data1\" content=\"&#036;&nbsp;156.000,00\" \/>\n\t<meta name=\"twitter:label2\" content=\"Disponibilidade\" \/>\n\t<meta name=\"twitter:data2\" content=\"Em Estoque\" \/>\n<script type=\"application\/ld+json\" class=\"yoast-schema-graph\">{\"@context\":\"https:\/\/schema.org\",\"@graph\":[{\"@type\":[\"WebPage\",\"ItemPage\"],\"@id\":\"https:\/\/barilocheexcursiones.com.ar\/product\/paquete-promocional-3-dias-excursion\/\",\"url\":\"https:\/\/barilocheexcursiones.com.ar\/product\/paquete-promocional-3-dias-excursion\/\",\"name\":\"Promo Especial 3 D\u00edas \u2013 Explor\u00e1 los Imperdibles de la Patagonia - Bariloche Excursiones\",\"isPartOf\":{\"@id\":\"https:\/\/barilocheexcursiones.com.ar\/#website\"},\"primaryImageOfPage\":{\"@id\":\"https:\/\/barilocheexcursiones.com.ar\/product\/paquete-promocional-3-dias-excursion\/#primaryimage\"},\"image\":{\"@id\":\"https:\/\/barilocheexcursiones.com.ar\/product\/paquete-promocional-3-dias-excursion\/#primaryimage\"},\"thumbnailUrl\":\"https:\/\/barilocheexcursiones.com.ar\/wp-content\/uploads\/2025\/03\/3-D-IMG_2705-scaled.jpg\",\"datePublished\":\"2025-03-23T23:53:06+00:00\",\"dateModified\":\"2026-04-07T15:10:36+00:00\",\"description\":\"Promoci\u00f3n especial de excursiones por Bariloche. Tres d\u00edas con salidas a San Mart\u00edn de los Andes, Cerro Tronador y Circuito Chico. Incluye traslados y gu\u00eda.\",\"breadcrumb\":{\"@id\":\"https:\/\/barilocheexcursiones.com.ar\/product\/paquete-promocional-3-dias-excursion\/#breadcrumb\"},\"inLanguage\":\"pt-BR\",\"potentialAction\":[{\"@type\":\"ReadAction\",\"target\":[\"https:\/\/barilocheexcursiones.com.ar\/product\/paquete-promocional-3-dias-excursion\/\"]}]},{\"@type\":\"ImageObject\",\"inLanguage\":\"pt-BR\",\"@id\":\"https:\/\/barilocheexcursiones.com.ar\/product\/paquete-promocional-3-dias-excursion\/#primaryimage\",\"url\":\"https:\/\/barilocheexcursiones.com.ar\/wp-content\/uploads\/2025\/03\/3-D-IMG_2705-scaled.jpg\",\"contentUrl\":\"https:\/\/barilocheexcursiones.com.ar\/wp-content\/uploads\/2025\/03\/3-D-IMG_2705-scaled.jpg\",\"width\":1920,\"height\":2560},{\"@type\":\"BreadcrumbList\",\"@id\":\"https:\/\/barilocheexcursiones.com.ar\/product\/paquete-promocional-3-dias-excursion\/#breadcrumb\",\"itemListElement\":[{\"@type\":\"ListItem\",\"position\":1,\"name\":\"Home\",\"item\":\"https:\/\/barilocheexcursiones.com.ar\/\"},{\"@type\":\"ListItem\",\"position\":2,\"name\":\"Excursiones, traslados y m\u00e1s!\",\"item\":\"https:\/\/barilocheexcursiones.com.ar\/shop\/\"},{\"@type\":\"ListItem\",\"position\":3,\"name\":\"Promo Especial 3 D\u00edas \u2013 Explor\u00e1 los Imperdibles de la Patagonia\"}]},{\"@type\":\"WebSite\",\"@id\":\"https:\/\/barilocheexcursiones.com.ar\/#website\",\"url\":\"https:\/\/barilocheexcursiones.com.ar\/\",\"name\":\"Bariloche Excursiones\",\"description\":\"Vivir la experiencia en Bariloche\",\"publisher\":{\"@id\":\"https:\/\/barilocheexcursiones.com.ar\/#organization\"},\"potentialAction\":[{\"@type\":\"SearchAction\",\"target\":{\"@type\":\"EntryPoint\",\"urlTemplate\":\"https:\/\/barilocheexcursiones.com.ar\/?s={search_term_string}\"},\"query-input\":{\"@type\":\"PropertyValueSpecification\",\"valueRequired\":true,\"valueName\":\"search_term_string\"}}],\"inLanguage\":\"pt-BR\"},{\"@type\":\"Organization\",\"@id\":\"https:\/\/barilocheexcursiones.com.ar\/#organization\",\"name\":\"Bariloche Excursiones\",\"url\":\"https:\/\/barilocheexcursiones.com.ar\/\",\"logo\":{\"@type\":\"ImageObject\",\"inLanguage\":\"pt-BR\",\"@id\":\"https:\/\/barilocheexcursiones.com.ar\/#\/schema\/logo\/image\/\",\"url\":\"https:\/\/barilocheexcursiones.com.ar\/wp-content\/uploads\/2025\/04\/bariloche-excursiones-logo.png\",\"contentUrl\":\"https:\/\/barilocheexcursiones.com.ar\/wp-content\/uploads\/2025\/04\/bariloche-excursiones-logo.png\",\"width\":512,\"height\":512,\"caption\":\"Bariloche Excursiones\"},\"image\":{\"@id\":\"https:\/\/barilocheexcursiones.com.ar\/#\/schema\/logo\/image\/\"}}]}<\/script>\n<meta property=\"product:price:amount\" content=\"156000.00\" \/>\n<meta property=\"product:price:currency\" content=\"ARS\" \/>\n<meta property=\"og:availability\" content=\"instock\" \/>\n<meta property=\"product:availability\" content=\"instock\" \/>\n<meta property=\"product:retailer_item_id\" content=\"ADV2025PAPRDE20W5\" \/>\n<meta property=\"product:condition\" content=\"new\" \/>\n<!-- \/ Yoast SEO Premium plugin. -->","yoast_head_json":{"title":"Promo\u00e7\u00e3o especial de 3 dias - Explore as atra\u00e7\u00f5es imperd\u00edveis da Patag\u00f4nia - Excurs\u00f5es a Bariloche","description":"Promo\u00e7\u00e3o especial de excurs\u00f5es em Bariloche. Tr\u00eas dias com sa\u00eddas para San Mart\u00edn de los Andes, Cerro Tronador e Circuito Chico. Traslados e guia inclu\u00eddos.","robots":{"index":"index","follow":"follow","max-snippet":"max-snippet:-1","max-image-preview":"max-image-preview:large","max-video-preview":"max-video-preview:-1"},"canonical":"https:\/\/barilocheexcursiones.com.ar\/pt\/product\/pacote-promocional-excursao-de-3-dias\/","og_locale":"pt_BR","og_type":"article","og_title":"Promo Especial 3 D\u00edas \u2013 Explor\u00e1 los Imperdibles de la Patagonia","og_description":"Promoci\u00f3n especial de excursiones por Bariloche. Tres d\u00edas con salidas a San Mart\u00edn de los Andes, Cerro Tronador y Circuito Chico. Incluye traslados y gu\u00eda.","og_url":"https:\/\/barilocheexcursiones.com.ar\/pt\/product\/pacote-promocional-excursao-de-3-dias\/","og_site_name":"Bariloche Excursiones","article_modified_time":"2026-04-07T15:10:36+00:00","og_image":[{"width":1920,"height":2560,"url":"https:\/\/barilocheexcursiones.com.ar\/wp-content\/uploads\/2025\/03\/3-D-IMG_2705-scaled.jpg","type":"image\/jpeg"}],"twitter_card":"summary_large_image","twitter_misc":{"Pre\u00e7o":"&#36;&nbsp;156.000,00","Disponibilidade":"Em Estoque"},"schema":{"@context":"https:\/\/schema.org","@graph":[{"@type":["WebPage","ItemPage"],"@id":"https:\/\/barilocheexcursiones.com.ar\/product\/paquete-promocional-3-dias-excursion\/","url":"https:\/\/barilocheexcursiones.com.ar\/product\/paquete-promocional-3-dias-excursion\/","name":"Promo\u00e7\u00e3o especial de 3 dias - Explore as atra\u00e7\u00f5es imperd\u00edveis da Patag\u00f4nia - Excurs\u00f5es a Bariloche","isPartOf":{"@id":"https:\/\/barilocheexcursiones.com.ar\/#website"},"primaryImageOfPage":{"@id":"https:\/\/barilocheexcursiones.com.ar\/product\/paquete-promocional-3-dias-excursion\/#primaryimage"},"image":{"@id":"https:\/\/barilocheexcursiones.com.ar\/product\/paquete-promocional-3-dias-excursion\/#primaryimage"},"thumbnailUrl":"https:\/\/barilocheexcursiones.com.ar\/wp-content\/uploads\/2025\/03\/3-D-IMG_2705-scaled.jpg","datePublished":"2025-03-23T23:53:06+00:00","dateModified":"2026-04-07T15:10:36+00:00","description":"Promo\u00e7\u00e3o especial de excurs\u00f5es em Bariloche. Tr\u00eas dias com sa\u00eddas para San Mart\u00edn de los Andes, Cerro Tronador e Circuito Chico. Traslados e guia inclu\u00eddos.","breadcrumb":{"@id":"https:\/\/barilocheexcursiones.com.ar\/product\/paquete-promocional-3-dias-excursion\/#breadcrumb"},"inLanguage":"pt-BR","potentialAction":[{"@type":"ReadAction","target":["https:\/\/barilocheexcursiones.com.ar\/product\/paquete-promocional-3-dias-excursion\/"]}]},{"@type":"ImageObject","inLanguage":"pt-BR","@id":"https:\/\/barilocheexcursiones.com.ar\/product\/paquete-promocional-3-dias-excursion\/#primaryimage","url":"https:\/\/barilocheexcursiones.com.ar\/wp-content\/uploads\/2025\/03\/3-D-IMG_2705-scaled.jpg","contentUrl":"https:\/\/barilocheexcursiones.com.ar\/wp-content\/uploads\/2025\/03\/3-D-IMG_2705-scaled.jpg","width":1920,"height":2560},{"@type":"BreadcrumbList","@id":"https:\/\/barilocheexcursiones.com.ar\/product\/paquete-promocional-3-dias-excursion\/#breadcrumb","itemListElement":[{"@type":"ListItem","position":1,"name":"Home","item":"https:\/\/barilocheexcursiones.com.ar\/"},{"@type":"ListItem","position":2,"name":"Excursiones, traslados y m\u00e1s!","item":"https:\/\/barilocheexcursiones.com.ar\/shop\/"},{"@type":"ListItem","position":3,"name":"Promo Especial 3 D\u00edas \u2013 Explor\u00e1 los Imperdibles de la Patagonia"}]},{"@type":"WebSite","@id":"https:\/\/barilocheexcursiones.com.ar\/#website","url":"https:\/\/barilocheexcursiones.com.ar\/","name":"Excurs\u00f5es em Bariloche","description":"Experi\u00eancia em Bariloche","publisher":{"@id":"https:\/\/barilocheexcursiones.com.ar\/#organization"},"potentialAction":[{"@type":"SearchAction","target":{"@type":"EntryPoint","urlTemplate":"https:\/\/barilocheexcursiones.com.ar\/?s={search_term_string}"},"query-input":{"@type":"PropertyValueSpecification","valueRequired":true,"valueName":"search_term_string"}}],"inLanguage":"pt-BR"},{"@type":"Organization","@id":"https:\/\/barilocheexcursiones.com.ar\/#organization","name":"Excurs\u00f5es em Bariloche","url":"https:\/\/barilocheexcursiones.com.ar\/","logo":{"@type":"ImageObject","inLanguage":"pt-BR","@id":"https:\/\/barilocheexcursiones.com.ar\/#\/schema\/logo\/image\/","url":"https:\/\/barilocheexcursiones.com.ar\/wp-content\/uploads\/2025\/04\/bariloche-excursiones-logo.png","contentUrl":"https:\/\/barilocheexcursiones.com.ar\/wp-content\/uploads\/2025\/04\/bariloche-excursiones-logo.png","width":512,"height":512,"caption":"Bariloche Excursiones"},"image":{"@id":"https:\/\/barilocheexcursiones.com.ar\/#\/schema\/logo\/image\/"}}]},"product_price_amount":"156000.00","product_price_currency":"ARS","og_availability":"instock","product_availability":"instock","product_retailer_item_id":"ADV2025PAPRDE20W5","product_condition":"new"},"_links":{"self":[{"href":"https:\/\/barilocheexcursiones.com.ar\/pt\/wp-json\/wp\/v2\/product\/800","targetHints":{"allow":["GET"]}}],"collection":[{"href":"https:\/\/barilocheexcursiones.com.ar\/pt\/wp-json\/wp\/v2\/product"}],"about":[{"href":"https:\/\/barilocheexcursiones.com.ar\/pt\/wp-json\/wp\/v2\/types\/product"}],"replies":[{"embeddable":true,"href":"https:\/\/barilocheexcursiones.com.ar\/pt\/wp-json\/wp\/v2\/comments?post=800"}],"version-history":[{"count":6,"href":"https:\/\/barilocheexcursiones.com.ar\/pt\/wp-json\/wp\/v2\/product\/800\/revisions"}],"predecessor-version":[{"id":17743,"href":"https:\/\/barilocheexcursiones.com.ar\/pt\/wp-json\/wp\/v2\/product\/800\/revisions\/17743"}],"wp:featuredmedia":[{"embeddable":true,"href":"https:\/\/barilocheexcursiones.com.ar\/pt\/wp-json\/wp\/v2\/media\/16867"}],"wp:attachment":[{"href":"https:\/\/barilocheexcursiones.com.ar\/pt\/wp-json\/wp\/v2\/media?parent=800"}],"wp:term":[{"taxonomy":"product_brand","embeddable":true,"href":"https:\/\/barilocheexcursiones.com.ar\/pt\/wp-json\/wp\/v2\/product_brand?post=800"},{"taxonomy":"product_cat","embeddable":true,"href":"https:\/\/barilocheexcursiones.com.ar\/pt\/wp-json\/wp\/v2\/product_cat?post=800"},{"taxonomy":"product_tag","embeddable":true,"href":"https:\/\/barilocheexcursiones.com.ar\/pt\/wp-json\/wp\/v2\/product_tag?post=800"}],"curies":[{"name":"wp","href":"https:\/\/api.w.org\/{rel}","templated":true}]}}