{"id":799,"date":"2025-03-23T20:52:56","date_gmt":"2025-03-23T23:52:56","guid":{"rendered":"https:\/\/barilocheexcursiones.com.ar\/?post_type=product&#038;p=799"},"modified":"2026-04-07T12:10:36","modified_gmt":"2026-04-07T15:10:36","slug":"isla-victoria-bosque-de-arrayanes-traslado","status":"publish","type":"product","link":"https:\/\/barilocheexcursiones.com.ar\/pt\/product\/victoria-island-myrtle-forest-transfer\/","title":{"rendered":"Isla Victoria e Bosque de Arrayanes: uma viagem m\u00e1gica pela Patag\u00f4nia - com traslado"},"content":{"rendered":"<h3 data-start=\"437\" data-end=\"515\"><strong data-start=\"441\" data-end=\"515\">Um passeio imperd\u00edvel pelo lago para descobrir dois locais ic\u00f4nicos da Patag\u00f4nia<\/strong><\/h3>\n<p data-start=\"517\" data-end=\"814\">Partindo do cl\u00e1ssico Puerto Pa\u00f1uelo, esta excurs\u00e3o o convida a navegar pelas \u00e1guas profundas do Lago Nahuel Huapi em dire\u00e7\u00e3o a duas maravilhas naturais \u00fanicas: a m\u00edstica Ilha Victoria e a Floresta Arrayanes, a \u00fanica no mundo com exemplares centen\u00e1rios dessa \u00e1rvore de casca cor de canela.<\/p>\n<h3 data-start=\"821\" data-end=\"853\">Itiner\u00e1rio da experi\u00eancia<\/h3>\n<p data-start=\"855\" data-end=\"1150\">A primeira se\u00e7\u00e3o da rota nos leva \u00e0 Pen\u00ednsula de Quetrihu\u00e9, onde \u00e9 poss\u00edvel caminhar entre murtas que inspiraram contos e lendas. Sua apar\u00eancia m\u00e1gica, seus caminhos perfeitamente sinalizados e a atmosfera do lugar fazem dessa caminhada uma experi\u00eancia multissensorial.<\/p>\n<p data-start=\"1152\" data-end=\"1417\">Em seguida, navegaremos at\u00e9 Puerto Anchorena, na Ilha Victoria. L\u00e1, trilhas com vistas panor\u00e2micas, flora nativa e a famosa Playa del Toro, que preserva vest\u00edgios arqueol\u00f3gicos, como pinturas rupestres e areias vulc\u00e2nicas que contrastam com o azul do lago, esperam por voc\u00ea.<\/p>\n<h3 data-start=\"1424\" data-end=\"1450\">Informa\u00e7\u00f5es importantes<\/h3>\n<ul data-start=\"1452\" data-end=\"2040\">\n<li data-start=\"1452\" data-end=\"1546\">\n<p data-start=\"1454\" data-end=\"1546\"><strong data-start=\"1454\" data-end=\"1466\">Dura\u00e7\u00e3o<\/strong>Meio dia - sa\u00edda habitual \u00e0s 12:30 hs, retorno aproximadamente \u00e0s 19:00 hs.<\/p>\n<\/li>\n<li data-start=\"1547\" data-end=\"1640\">\n<p data-start=\"1549\" data-end=\"1640\"><strong data-start=\"1549\" data-end=\"1570\">Tipo de atividade<\/strong>Passeio pelo lago com caminhadas guiadas por \u00e1reas naturais protegidas.<\/p>\n<\/li>\n<li data-start=\"1641\" data-end=\"1764\">\n<p data-start=\"1643\" data-end=\"1764\"><strong data-start=\"1643\" data-end=\"1654\">Inclui<\/strong>Traslado de pontos pr\u00f3ximos ao centro de Bariloche at\u00e9 Puerto Pa\u00f1uelo, guia especializado e navega\u00e7\u00e3o.<\/p>\n<\/li>\n<li data-start=\"1765\" data-end=\"1923\">\n<p data-start=\"1767\" data-end=\"1923\"><strong data-start=\"1767\" data-end=\"1781\">N\u00e3o inclui<\/strong>Bilhete de embarque e taxa de entrada no Parque Nacional (a pagar no porto). As refei\u00e7\u00f5es tamb\u00e9m n\u00e3o est\u00e3o inclu\u00eddas, mas h\u00e1 pousadas dispon\u00edveis.<\/p>\n<\/li>\n<li data-start=\"1924\" data-end=\"2040\">\n<p data-start=\"1926\" data-end=\"2040\"><strong data-start=\"1926\" data-end=\"1940\">Importante<\/strong>Os traslados partem de \u00e1reas pr\u00f3ximas entre o centro de Bariloche e o km 20 da Avenida Bustillo.<\/p>\n<\/li>\n<\/ul>\n<h3 data-start=\"2047\" data-end=\"2071\">Perguntas frequentes<\/h3>\n<p data-start=\"2073\" data-end=\"2242\"><strong data-start=\"2073\" data-end=\"2118\">Onde posso pagar as taxas e o embarque?<\/strong><br data-start=\"2118\" data-end=\"2121\" \/>Pagamento no mesmo dia em dinheiro em Puerto Pa\u00f1uelo. Alguns descontos se aplicam a residentes argentinos com credenciamento.<\/p>\n<p data-start=\"2244\" data-end=\"2422\"><strong data-start=\"2244\" data-end=\"2290\">\u00c9 poss\u00edvel comprar comida durante a caminhada?<\/strong><br data-start=\"2290\" data-end=\"2293\" \/>Sim, h\u00e1 op\u00e7\u00f5es dispon\u00edveis tanto a bordo quanto na Isla Victoria e no Bosque de Arrayanes. Voc\u00ea tamb\u00e9m pode levar seu pr\u00f3prio almo\u00e7o.<\/p>\n<p data-start=\"2424\" data-end=\"2573\"><strong data-start=\"2424\" data-end=\"2475\">O navio \u00e9 sempre o Modesta Victoria?<\/strong><br data-start=\"2475\" data-end=\"2478\" \/>Na maioria dos casos, sim, embora isso possa variar dependendo da disponibilidade e das condi\u00e7\u00f5es do lago.<\/p>\n<p data-start=\"2575\" data-end=\"2743\"><strong data-start=\"2575\" data-end=\"2630\">\u00c9 recomend\u00e1vel combinar essa excurs\u00e3o com outras excurs\u00f5es?<\/strong><br data-start=\"2630\" data-end=\"2633\" \/>Sim, se voc\u00ea sair \u00e0 tarde, poder\u00e1 fazer o Circuito Chico pela manh\u00e3 e completar o dia com essa navega\u00e7\u00e3o.<\/p>","protected":false},"excerpt":{"rendered":"<p>Explorar <strong>Ilha Victoria<\/strong> e o <strong>Floresta Myrtle<\/strong> em uma excurs\u00e3o fascinante que destaca a imensid\u00e3o da natureza selvagem da Patag\u00f4nia. Com traslados e guia do lago inclu\u00eddos, descubra trilhas exclusivas e vistas de tirar o f\u00f4lego, garanta seu lugar e viva um dia inesquec\u00edvel em Bariloche!<\/p>","protected":false},"featured_media":17137,"comment_status":"open","ping_status":"closed","template":"","meta":[],"product_brand":[],"product_cat":[91,100,88,173,170,167,168,172],"product_tag":[],"class_list":{"0":"post-799","1":"product","2":"type-product","3":"status-publish","4":"has-post-thumbnail","6":"product_cat-adultos","7":"product_cat-con-traslado","8":"product_cat-familia","9":"product_cat-jubilados-apto","10":"product_cat-lacustre-tipo","11":"product_cat-ninos-apto","12":"product_cat-sin-comida-incluido","13":"product_cat-todo-el-ano-temporada","15":"first","16":"instock","17":"virtual","18":"sold-individually","19":"purchasable","20":"product-type-booking"},"booking_location":"","booking_location_type":"","booking_duration":60,"booking_duration_unit":"minute","booking_buffer":0,"booking_cost":0,"booking_resources":[],"exclude_global_add_ons":false,"addons":[{"name":"ADU: Adulto","type":"input_multiplier","position":0,"required":false,"title_format":"label","default":"","description_enable":false,"description":"","placeholder_enable":false,"placeholder":"","display":"select","restrictions_type":"any_text","adjust_price":true,"price":"158000","price_type":"quantity_based","restrictions":false,"min":"0","max":"0","options":[],"id":1773234582},{"name":"MEN512 | 5 a 12","type":"input_multiplier","position":1,"required":false,"title_format":"label","default":"","description_enable":false,"description":"","placeholder_enable":false,"placeholder":"","display":"select","restrictions_type":"any_text","adjust_price":true,"price":"92000","price_type":"quantity_based","restrictions":false,"min":"0","max":"0","options":[],"id":1773234583},{"name":"ADUJ : Aposentado","type":"input_multiplier","position":2,"required":false,"title_format":"label","default":"","description_enable":false,"description":"","placeholder_enable":false,"placeholder":"","display":"select","restrictions_type":"any_text","adjust_price":true,"price":"92000","price_type":"quantity_based","restrictions":false,"min":"0","max":"0","options":[],"id":1773234584}],"yoast_head":"<!-- This site is optimized with the Yoast SEO Premium plugin v24.5 (Yoast SEO v24.8) - https:\/\/yoast.com\/wordpress\/plugins\/seo\/ -->\n<title>Isla Victoria y Bosque de Arrayanes - Bariloche Excursiones<\/title>\n<meta name=\"description\" content=\"Excursi\u00f3n lacustre a Isla Victoria y Bosque de Arrayanes desde Bariloche. Navegaci\u00f3n, senderos naturales, historia y vistas inolvidables en un solo paseo.\" \/>\n<meta name=\"robots\" content=\"index, follow, max-snippet:-1, max-image-preview:large, max-video-preview:-1\" \/>\n<link rel=\"canonical\" href=\"https:\/\/barilocheexcursiones.com.ar\/pt\/product\/victoria-island-myrtle-forest-transfer\/\" \/>\n<meta property=\"og:locale\" content=\"pt_BR\" \/>\n<meta property=\"og:type\" content=\"article\" \/>\n<meta property=\"og:title\" content=\"Isla Victoria y Bosque de Arrayanes: una traves\u00eda m\u00e1gica por la Patagonia-Con traslado\" \/>\n<meta property=\"og:description\" content=\"Excursi\u00f3n lacustre a Isla Victoria y Bosque de Arrayanes desde Bariloche. Navegaci\u00f3n, senderos naturales, historia y vistas inolvidables en un solo paseo.\" \/>\n<meta property=\"og:url\" content=\"https:\/\/barilocheexcursiones.com.ar\/pt\/product\/victoria-island-myrtle-forest-transfer\/\" \/>\n<meta property=\"og:site_name\" content=\"Bariloche Excursiones\" \/>\n<meta property=\"article:modified_time\" content=\"2026-04-07T15:10:36+00:00\" \/>\n<meta property=\"og:image\" content=\"https:\/\/barilocheexcursiones.com.ar\/wp-content\/uploads\/2025\/03\/7-c-1.jpg\" \/>\n\t<meta property=\"og:image:width\" content=\"992\" \/>\n\t<meta property=\"og:image:height\" content=\"1323\" \/>\n\t<meta property=\"og:image:type\" content=\"image\/jpeg\" \/>\n<meta name=\"twitter:card\" content=\"summary_large_image\" \/>\n<meta name=\"twitter:label1\" content=\"Pre\u00e7o\" \/>\n\t<meta name=\"twitter:data1\" content=\"&#036;&nbsp;158.000,00\" \/>\n\t<meta name=\"twitter:label2\" content=\"Disponibilidade\" \/>\n\t<meta name=\"twitter:data2\" content=\"Em Estoque\" \/>\n<script type=\"application\/ld+json\" class=\"yoast-schema-graph\">{\"@context\":\"https:\/\/schema.org\",\"@graph\":[{\"@type\":[\"WebPage\",\"ItemPage\"],\"@id\":\"https:\/\/barilocheexcursiones.com.ar\/product\/isla-victoria-bosque-de-arrayanes-traslado\/\",\"url\":\"https:\/\/barilocheexcursiones.com.ar\/product\/isla-victoria-bosque-de-arrayanes-traslado\/\",\"name\":\"Isla Victoria y Bosque de Arrayanes - Bariloche Excursiones\",\"isPartOf\":{\"@id\":\"https:\/\/barilocheexcursiones.com.ar\/#website\"},\"primaryImageOfPage\":{\"@id\":\"https:\/\/barilocheexcursiones.com.ar\/product\/isla-victoria-bosque-de-arrayanes-traslado\/#primaryimage\"},\"image\":{\"@id\":\"https:\/\/barilocheexcursiones.com.ar\/product\/isla-victoria-bosque-de-arrayanes-traslado\/#primaryimage\"},\"thumbnailUrl\":\"https:\/\/barilocheexcursiones.com.ar\/wp-content\/uploads\/2025\/03\/7-c-1.jpg\",\"datePublished\":\"2025-03-23T23:52:56+00:00\",\"dateModified\":\"2026-04-07T15:10:36+00:00\",\"description\":\"Excursi\u00f3n lacustre a Isla Victoria y Bosque de Arrayanes desde Bariloche. Navegaci\u00f3n, senderos naturales, historia y vistas inolvidables en un solo paseo.\",\"breadcrumb\":{\"@id\":\"https:\/\/barilocheexcursiones.com.ar\/product\/isla-victoria-bosque-de-arrayanes-traslado\/#breadcrumb\"},\"inLanguage\":\"pt-BR\",\"potentialAction\":[{\"@type\":\"ReadAction\",\"target\":[\"https:\/\/barilocheexcursiones.com.ar\/product\/isla-victoria-bosque-de-arrayanes-traslado\/\"]}]},{\"@type\":\"ImageObject\",\"inLanguage\":\"pt-BR\",\"@id\":\"https:\/\/barilocheexcursiones.com.ar\/product\/isla-victoria-bosque-de-arrayanes-traslado\/#primaryimage\",\"url\":\"https:\/\/barilocheexcursiones.com.ar\/wp-content\/uploads\/2025\/03\/7-c-1.jpg\",\"contentUrl\":\"https:\/\/barilocheexcursiones.com.ar\/wp-content\/uploads\/2025\/03\/7-c-1.jpg\",\"width\":992,\"height\":1323},{\"@type\":\"BreadcrumbList\",\"@id\":\"https:\/\/barilocheexcursiones.com.ar\/product\/isla-victoria-bosque-de-arrayanes-traslado\/#breadcrumb\",\"itemListElement\":[{\"@type\":\"ListItem\",\"position\":1,\"name\":\"Home\",\"item\":\"https:\/\/barilocheexcursiones.com.ar\/\"},{\"@type\":\"ListItem\",\"position\":2,\"name\":\"Excursiones, traslados y m\u00e1s!\",\"item\":\"https:\/\/barilocheexcursiones.com.ar\/shop\/\"},{\"@type\":\"ListItem\",\"position\":3,\"name\":\"Isla Victoria y Bosque de Arrayanes: una traves\u00eda m\u00e1gica por la Patagonia-Con traslado\"}]},{\"@type\":\"WebSite\",\"@id\":\"https:\/\/barilocheexcursiones.com.ar\/#website\",\"url\":\"https:\/\/barilocheexcursiones.com.ar\/\",\"name\":\"Bariloche Excursiones\",\"description\":\"Vivir la experiencia en Bariloche\",\"publisher\":{\"@id\":\"https:\/\/barilocheexcursiones.com.ar\/#organization\"},\"potentialAction\":[{\"@type\":\"SearchAction\",\"target\":{\"@type\":\"EntryPoint\",\"urlTemplate\":\"https:\/\/barilocheexcursiones.com.ar\/?s={search_term_string}\"},\"query-input\":{\"@type\":\"PropertyValueSpecification\",\"valueRequired\":true,\"valueName\":\"search_term_string\"}}],\"inLanguage\":\"pt-BR\"},{\"@type\":\"Organization\",\"@id\":\"https:\/\/barilocheexcursiones.com.ar\/#organization\",\"name\":\"Bariloche Excursiones\",\"url\":\"https:\/\/barilocheexcursiones.com.ar\/\",\"logo\":{\"@type\":\"ImageObject\",\"inLanguage\":\"pt-BR\",\"@id\":\"https:\/\/barilocheexcursiones.com.ar\/#\/schema\/logo\/image\/\",\"url\":\"https:\/\/barilocheexcursiones.com.ar\/wp-content\/uploads\/2025\/04\/bariloche-excursiones-logo.png\",\"contentUrl\":\"https:\/\/barilocheexcursiones.com.ar\/wp-content\/uploads\/2025\/04\/bariloche-excursiones-logo.png\",\"width\":512,\"height\":512,\"caption\":\"Bariloche Excursiones\"},\"image\":{\"@id\":\"https:\/\/barilocheexcursiones.com.ar\/#\/schema\/logo\/image\/\"}}]}<\/script>\n<meta property=\"product:price:amount\" content=\"158000.00\" \/>\n<meta property=\"product:price:currency\" content=\"ARS\" \/>\n<meta property=\"og:availability\" content=\"instock\" \/>\n<meta property=\"product:availability\" content=\"instock\" \/>\n<meta property=\"product:retailer_item_id\" content=\"ADV2025ISVIYBMX11\" \/>\n<meta property=\"product:condition\" content=\"new\" \/>\n<!-- \/ Yoast SEO Premium plugin. -->","yoast_head_json":{"title":"Ilha Victoria e Bosque de Arrayanes - Excurs\u00f5es em Bariloche","description":"Excurs\u00e3o lacustre \u00e0 Ilha Victoria e ao Bosque de Arrayanes saindo de Bariloche. Navega\u00e7\u00e3o, trilhas naturais, hist\u00f3ria e vistas inesquec\u00edveis em uma \u00fanica viagem.","robots":{"index":"index","follow":"follow","max-snippet":"max-snippet:-1","max-image-preview":"max-image-preview:large","max-video-preview":"max-video-preview:-1"},"canonical":"https:\/\/barilocheexcursiones.com.ar\/pt\/product\/victoria-island-myrtle-forest-transfer\/","og_locale":"pt_BR","og_type":"article","og_title":"Isla Victoria y Bosque de Arrayanes: una traves\u00eda m\u00e1gica por la Patagonia-Con traslado","og_description":"Excursi\u00f3n lacustre a Isla Victoria y Bosque de Arrayanes desde Bariloche. Navegaci\u00f3n, senderos naturales, historia y vistas inolvidables en un solo paseo.","og_url":"https:\/\/barilocheexcursiones.com.ar\/pt\/product\/victoria-island-myrtle-forest-transfer\/","og_site_name":"Bariloche Excursiones","article_modified_time":"2026-04-07T15:10:36+00:00","og_image":[{"width":992,"height":1323,"url":"https:\/\/barilocheexcursiones.com.ar\/wp-content\/uploads\/2025\/03\/7-c-1.jpg","type":"image\/jpeg"}],"twitter_card":"summary_large_image","twitter_misc":{"Pre\u00e7o":"&#36;&nbsp;158.000,00","Disponibilidade":"Em Estoque"},"schema":{"@context":"https:\/\/schema.org","@graph":[{"@type":["WebPage","ItemPage"],"@id":"https:\/\/barilocheexcursiones.com.ar\/product\/isla-victoria-bosque-de-arrayanes-traslado\/","url":"https:\/\/barilocheexcursiones.com.ar\/product\/isla-victoria-bosque-de-arrayanes-traslado\/","name":"Ilha Victoria e Bosque de Arrayanes - Excurs\u00f5es em Bariloche","isPartOf":{"@id":"https:\/\/barilocheexcursiones.com.ar\/#website"},"primaryImageOfPage":{"@id":"https:\/\/barilocheexcursiones.com.ar\/product\/isla-victoria-bosque-de-arrayanes-traslado\/#primaryimage"},"image":{"@id":"https:\/\/barilocheexcursiones.com.ar\/product\/isla-victoria-bosque-de-arrayanes-traslado\/#primaryimage"},"thumbnailUrl":"https:\/\/barilocheexcursiones.com.ar\/wp-content\/uploads\/2025\/03\/7-c-1.jpg","datePublished":"2025-03-23T23:52:56+00:00","dateModified":"2026-04-07T15:10:36+00:00","description":"Excurs\u00e3o lacustre \u00e0 Ilha Victoria e ao Bosque de Arrayanes saindo de Bariloche. Navega\u00e7\u00e3o, trilhas naturais, hist\u00f3ria e vistas inesquec\u00edveis em uma \u00fanica viagem.","breadcrumb":{"@id":"https:\/\/barilocheexcursiones.com.ar\/product\/isla-victoria-bosque-de-arrayanes-traslado\/#breadcrumb"},"inLanguage":"pt-BR","potentialAction":[{"@type":"ReadAction","target":["https:\/\/barilocheexcursiones.com.ar\/product\/isla-victoria-bosque-de-arrayanes-traslado\/"]}]},{"@type":"ImageObject","inLanguage":"pt-BR","@id":"https:\/\/barilocheexcursiones.com.ar\/product\/isla-victoria-bosque-de-arrayanes-traslado\/#primaryimage","url":"https:\/\/barilocheexcursiones.com.ar\/wp-content\/uploads\/2025\/03\/7-c-1.jpg","contentUrl":"https:\/\/barilocheexcursiones.com.ar\/wp-content\/uploads\/2025\/03\/7-c-1.jpg","width":992,"height":1323},{"@type":"BreadcrumbList","@id":"https:\/\/barilocheexcursiones.com.ar\/product\/isla-victoria-bosque-de-arrayanes-traslado\/#breadcrumb","itemListElement":[{"@type":"ListItem","position":1,"name":"Home","item":"https:\/\/barilocheexcursiones.com.ar\/"},{"@type":"ListItem","position":2,"name":"Excursiones, traslados y m\u00e1s!","item":"https:\/\/barilocheexcursiones.com.ar\/shop\/"},{"@type":"ListItem","position":3,"name":"Isla Victoria y Bosque de Arrayanes: una traves\u00eda m\u00e1gica por la Patagonia-Con traslado"}]},{"@type":"WebSite","@id":"https:\/\/barilocheexcursiones.com.ar\/#website","url":"https:\/\/barilocheexcursiones.com.ar\/","name":"Excurs\u00f5es em Bariloche","description":"Experi\u00eancia em Bariloche","publisher":{"@id":"https:\/\/barilocheexcursiones.com.ar\/#organization"},"potentialAction":[{"@type":"SearchAction","target":{"@type":"EntryPoint","urlTemplate":"https:\/\/barilocheexcursiones.com.ar\/?s={search_term_string}"},"query-input":{"@type":"PropertyValueSpecification","valueRequired":true,"valueName":"search_term_string"}}],"inLanguage":"pt-BR"},{"@type":"Organization","@id":"https:\/\/barilocheexcursiones.com.ar\/#organization","name":"Excurs\u00f5es em Bariloche","url":"https:\/\/barilocheexcursiones.com.ar\/","logo":{"@type":"ImageObject","inLanguage":"pt-BR","@id":"https:\/\/barilocheexcursiones.com.ar\/#\/schema\/logo\/image\/","url":"https:\/\/barilocheexcursiones.com.ar\/wp-content\/uploads\/2025\/04\/bariloche-excursiones-logo.png","contentUrl":"https:\/\/barilocheexcursiones.com.ar\/wp-content\/uploads\/2025\/04\/bariloche-excursiones-logo.png","width":512,"height":512,"caption":"Bariloche Excursiones"},"image":{"@id":"https:\/\/barilocheexcursiones.com.ar\/#\/schema\/logo\/image\/"}}]},"product_price_amount":"158000.00","product_price_currency":"ARS","og_availability":"instock","product_availability":"instock","product_retailer_item_id":"ADV2025ISVIYBMX11","product_condition":"new"},"_links":{"self":[{"href":"https:\/\/barilocheexcursiones.com.ar\/pt\/wp-json\/wp\/v2\/product\/799","targetHints":{"allow":["GET"]}}],"collection":[{"href":"https:\/\/barilocheexcursiones.com.ar\/pt\/wp-json\/wp\/v2\/product"}],"about":[{"href":"https:\/\/barilocheexcursiones.com.ar\/pt\/wp-json\/wp\/v2\/types\/product"}],"replies":[{"embeddable":true,"href":"https:\/\/barilocheexcursiones.com.ar\/pt\/wp-json\/wp\/v2\/comments?post=799"}],"version-history":[{"count":8,"href":"https:\/\/barilocheexcursiones.com.ar\/pt\/wp-json\/wp\/v2\/product\/799\/revisions"}],"predecessor-version":[{"id":16206,"href":"https:\/\/barilocheexcursiones.com.ar\/pt\/wp-json\/wp\/v2\/product\/799\/revisions\/16206"}],"wp:featuredmedia":[{"embeddable":true,"href":"https:\/\/barilocheexcursiones.com.ar\/pt\/wp-json\/wp\/v2\/media\/17137"}],"wp:attachment":[{"href":"https:\/\/barilocheexcursiones.com.ar\/pt\/wp-json\/wp\/v2\/media?parent=799"}],"wp:term":[{"taxonomy":"product_brand","embeddable":true,"href":"https:\/\/barilocheexcursiones.com.ar\/pt\/wp-json\/wp\/v2\/product_brand?post=799"},{"taxonomy":"product_cat","embeddable":true,"href":"https:\/\/barilocheexcursiones.com.ar\/pt\/wp-json\/wp\/v2\/product_cat?post=799"},{"taxonomy":"product_tag","embeddable":true,"href":"https:\/\/barilocheexcursiones.com.ar\/pt\/wp-json\/wp\/v2\/product_tag?post=799"}],"curies":[{"name":"wp","href":"https:\/\/api.w.org\/{rel}","templated":true}]}}