{"id":798,"date":"2025-03-23T20:52:39","date_gmt":"2025-03-23T23:52:39","guid":{"rendered":"https:\/\/barilocheexcursiones.com.ar\/?post_type=product&#038;p=798"},"modified":"2026-04-07T12:10:36","modified_gmt":"2026-04-07T15:10:36","slug":"puerto-blest-cascada-cantaros-traslado","status":"publish","type":"product","link":"https:\/\/barilocheexcursiones.com.ar\/pt\/product\/traslado-para-a-cachoeira-de-puerto-blest-cantaros\/","title":{"rendered":"Puerto Blest e Cachoeira Los C\u00e1ntaros: passeio de barco guiado com traslado de Bariloche"},"content":{"rendered":"<h2>Explore a magia de Puerto Blest e a cachoeira \u00abLos C\u00e1ntaros\u00bb.\u00bb<\/h2>\n<p>Mergulhe em um dia \u00fanico no cora\u00e7\u00e3o da Patag\u00f4nia Argentina. Com seu traslado reservado, voc\u00ea partir\u00e1 confortavelmente do centro de Bariloche para Puerto Pa\u00f1uelo, a apenas 25 quil\u00f4metros do centro da cidade. Aprecie a majestosa paisagem andina e a beleza tranquila dos lagos patag\u00f4nicos no caminho.<\/p>\n<h3>Uma navega\u00e7\u00e3o memor\u00e1vel<\/h3>\n<p>Uma vez a bordo do catamar\u00e3, voc\u00ea iniciar\u00e1 um passeio de aproximadamente uma hora, admirando a ilhota Centinela, um local hist\u00f3rico que abriga os restos do ilustre Perito Moreno. Essa viagem emocionante culmina em um sistema de passarelas que o guiar\u00e1 at\u00e9 o imponente <strong>Cachoeira Los C\u00e1ntaros<\/strong>, cercado por colossais paredes de granito moldadas por antigas geleiras.<\/p>\n<h3>Descubra Puerto Blest<\/h3>\n<ul>\n<li><strong>Dazzling Bay:<\/strong> Maravilhe-se com as vistas da ba\u00eda e com as mudan\u00e7as de tons de verde do Lago Frias, cujas \u00e1guas s\u00e3o provenientes das geleiras do Cerro Tronador.<\/li>\n<li><strong>Caminhada na floresta tropical de Vald\u00edvia:<\/strong> Aventure-se por trilhas exclusivas que o conectam com a flora e a fauna de um ecossistema inigual\u00e1vel.<\/li>\n<\/ul>\n<h3>Uma aventura inesquec\u00edvel<\/h3>\n<p>Termine sua experi\u00eancia navegando de volta ao longo do Bra\u00e7o Blest, com a imponente Montanha Tronador se despedindo de voc\u00ea, transformada pela luz do p\u00f4r do sol.<\/p>\n<h3>Informa\u00e7\u00f5es importantes<\/h3>\n<ul>\n<li><strong>Hor\u00e1rio:<\/strong> Das 8:30 \u00e0s 18:00 horas.<\/li>\n<li><strong>Ele inclui:<\/strong> Traslado de ida e volta, passeio guiado de catamar\u00e3 e caminhadas guiadas na floresta.<\/li>\n<li><strong>N\u00e3o inclu\u00eddo:<\/strong> Refei\u00e7\u00f5es (h\u00e1 op\u00e7\u00f5es gastron\u00f4micas na rota), taxas de entrada no Parque Nacional e taxas de embarque.<\/li>\n<\/ul>\n<h2>Perguntas frequentes<\/h2>\n<h3>O que devo levar para a excurs\u00e3o?<\/h3>\n<p>Recomendamos que voc\u00ea traga roupas adequadas para o clima vari\u00e1vel, prote\u00e7\u00e3o solar e lanches, se desejar, para desfrutar durante a viagem.<\/p>\n<h3>\u00c9 adequado para todas as idades?<\/h3>\n<p>Sim, o passeio foi projetado para ser apreciado por pessoas de todas as idades, oferecendo uma experi\u00eancia segura e enriquecedora.<\/p>\n<h3>Preciso de experi\u00eancia pr\u00e9via para as caminhadas?<\/h3>\n<p>N\u00e3o, as caminhadas s\u00e3o suaves e adequadas para todos, guiadas por especialistas que enriquecem a experi\u00eancia com informa\u00e7\u00f5es sobre a flora e a fauna locais.<\/p>","protected":false},"excerpt":{"rendered":"<p>Embarque em uma aventura at\u00e9 Puerto Blest e a imponente cachoeira \u00abLos C\u00e1ntaros\u00bb. Fa\u00e7a um passeio de catamar\u00e3 no Lago Nahuel Huapi e explore a exuberante floresta tropical valdiviana. Esse passeio oferece vistas panor\u00e2micas e momentos \u00fanicos de conex\u00e3o com a natureza. Reserve seu lugar e conhe\u00e7a a Patag\u00f4nia de uma maneira \u00fanica.<\/p>","protected":false},"featured_media":16876,"comment_status":"open","ping_status":"closed","template":"","meta":[],"product_brand":[],"product_cat":[91,100,88,173,170,168,172],"product_tag":[],"class_list":{"0":"post-798","1":"product","2":"type-product","3":"status-publish","4":"has-post-thumbnail","6":"product_cat-adultos","7":"product_cat-con-traslado","8":"product_cat-familia","9":"product_cat-jubilados-apto","10":"product_cat-lacustre-tipo","11":"product_cat-sin-comida-incluido","12":"product_cat-todo-el-ano-temporada","14":"first","15":"instock","16":"virtual","17":"sold-individually","18":"purchasable","19":"product-type-booking"},"booking_location":"","booking_location_type":"","booking_duration":60,"booking_duration_unit":"minute","booking_buffer":0,"booking_cost":0,"booking_resources":[],"exclude_global_add_ons":false,"addons":[{"name":"ADU: Adulto","type":"input_multiplier","position":0,"required":false,"title_format":"label","default":"","description_enable":false,"description":"","placeholder_enable":false,"placeholder":"","display":"select","restrictions_type":"any_text","adjust_price":true,"price":"158000","price_type":"quantity_based","restrictions":false,"min":"0","max":"0","options":[],"id":1773234438},{"name":"MEN512 | 5 a 12","type":"input_multiplier","position":1,"required":false,"title_format":"label","default":"","description_enable":false,"description":"","placeholder_enable":false,"placeholder":"","display":"select","restrictions_type":"any_text","adjust_price":true,"price":"92000","price_type":"quantity_based","restrictions":false,"min":"0","max":"0","options":[],"id":1773234439},{"name":"ADUJ : Aposentado","type":"input_multiplier","position":2,"required":false,"title_format":"label","default":"","description_enable":false,"description":"","placeholder_enable":false,"placeholder":"","display":"select","restrictions_type":"any_text","adjust_price":true,"price":"92000","price_type":"quantity_based","restrictions":false,"min":"0","max":"0","options":[],"id":1773234440}],"yoast_head":"<!-- This site is optimized with the Yoast SEO Premium plugin v24.5 (Yoast SEO v24.8) - https:\/\/yoast.com\/wordpress\/plugins\/seo\/ -->\n<title>Puerto Blest y Cascada Los C\u00e1ntaros - Bariloche Excursiones<\/title>\n<meta name=\"description\" content=\"Excursi\u00f3n a Puerto Blest con traslado desde Bariloche. Incluye navegaci\u00f3n, caminatas y opci\u00f3n de sumar Lago Fr\u00edas. Ideal para descubrir la selva patag\u00f3nica.\" \/>\n<meta name=\"robots\" content=\"index, follow, max-snippet:-1, max-image-preview:large, max-video-preview:-1\" \/>\n<link rel=\"canonical\" href=\"https:\/\/barilocheexcursiones.com.ar\/pt\/product\/traslado-para-a-cachoeira-de-puerto-blest-cantaros\/\" \/>\n<meta property=\"og:locale\" content=\"pt_BR\" \/>\n<meta property=\"og:type\" content=\"article\" \/>\n<meta property=\"og:title\" content=\"Puerto Blest y Cascada Los C\u00e1ntaros: navegaci\u00f3n guiada con traslado desde Bariloche\" \/>\n<meta property=\"og:description\" content=\"Excursi\u00f3n a Puerto Blest con traslado desde Bariloche. Incluye navegaci\u00f3n, caminatas y opci\u00f3n de sumar Lago Fr\u00edas. Ideal para descubrir la selva patag\u00f3nica.\" \/>\n<meta property=\"og:url\" content=\"https:\/\/barilocheexcursiones.com.ar\/pt\/product\/traslado-para-a-cachoeira-de-puerto-blest-cantaros\/\" \/>\n<meta property=\"og:site_name\" content=\"Bariloche Excursiones\" \/>\n<meta property=\"article:modified_time\" content=\"2026-04-07T15:10:36+00:00\" \/>\n<meta property=\"og:image\" content=\"https:\/\/barilocheexcursiones.com.ar\/wp-content\/uploads\/2025\/03\/3-A-WhatsApp-Image-2023-02-21-at-10.55.41-1-scaled.jpg\" \/>\n\t<meta property=\"og:image:width\" content=\"1920\" \/>\n\t<meta property=\"og:image:height\" content=\"2560\" \/>\n\t<meta property=\"og:image:type\" content=\"image\/jpeg\" \/>\n<meta name=\"twitter:card\" content=\"summary_large_image\" \/>\n<meta name=\"twitter:label1\" content=\"Pre\u00e7o\" \/>\n\t<meta name=\"twitter:data1\" content=\"&#036;&nbsp;158.000,00\" \/>\n\t<meta name=\"twitter:label2\" content=\"Disponibilidade\" \/>\n\t<meta name=\"twitter:data2\" content=\"Em Estoque\" \/>\n<script type=\"application\/ld+json\" class=\"yoast-schema-graph\">{\"@context\":\"https:\/\/schema.org\",\"@graph\":[{\"@type\":[\"WebPage\",\"ItemPage\"],\"@id\":\"https:\/\/barilocheexcursiones.com.ar\/product\/puerto-blest-cascada-cantaros-traslado\/\",\"url\":\"https:\/\/barilocheexcursiones.com.ar\/product\/puerto-blest-cascada-cantaros-traslado\/\",\"name\":\"Puerto Blest y Cascada Los C\u00e1ntaros - Bariloche Excursiones\",\"isPartOf\":{\"@id\":\"https:\/\/barilocheexcursiones.com.ar\/#website\"},\"primaryImageOfPage\":{\"@id\":\"https:\/\/barilocheexcursiones.com.ar\/product\/puerto-blest-cascada-cantaros-traslado\/#primaryimage\"},\"image\":{\"@id\":\"https:\/\/barilocheexcursiones.com.ar\/product\/puerto-blest-cascada-cantaros-traslado\/#primaryimage\"},\"thumbnailUrl\":\"https:\/\/barilocheexcursiones.com.ar\/wp-content\/uploads\/2025\/03\/3-A-WhatsApp-Image-2023-02-21-at-10.55.41-1-scaled.jpg\",\"datePublished\":\"2025-03-23T23:52:39+00:00\",\"dateModified\":\"2026-04-07T15:10:36+00:00\",\"description\":\"Excursi\u00f3n a Puerto Blest con traslado desde Bariloche. Incluye navegaci\u00f3n, caminatas y opci\u00f3n de sumar Lago Fr\u00edas. Ideal para descubrir la selva patag\u00f3nica.\",\"breadcrumb\":{\"@id\":\"https:\/\/barilocheexcursiones.com.ar\/product\/puerto-blest-cascada-cantaros-traslado\/#breadcrumb\"},\"inLanguage\":\"pt-BR\",\"potentialAction\":[{\"@type\":\"ReadAction\",\"target\":[\"https:\/\/barilocheexcursiones.com.ar\/product\/puerto-blest-cascada-cantaros-traslado\/\"]}]},{\"@type\":\"ImageObject\",\"inLanguage\":\"pt-BR\",\"@id\":\"https:\/\/barilocheexcursiones.com.ar\/product\/puerto-blest-cascada-cantaros-traslado\/#primaryimage\",\"url\":\"https:\/\/barilocheexcursiones.com.ar\/wp-content\/uploads\/2025\/03\/3-A-WhatsApp-Image-2023-02-21-at-10.55.41-1-scaled.jpg\",\"contentUrl\":\"https:\/\/barilocheexcursiones.com.ar\/wp-content\/uploads\/2025\/03\/3-A-WhatsApp-Image-2023-02-21-at-10.55.41-1-scaled.jpg\",\"width\":1920,\"height\":2560},{\"@type\":\"BreadcrumbList\",\"@id\":\"https:\/\/barilocheexcursiones.com.ar\/product\/puerto-blest-cascada-cantaros-traslado\/#breadcrumb\",\"itemListElement\":[{\"@type\":\"ListItem\",\"position\":1,\"name\":\"Home\",\"item\":\"https:\/\/barilocheexcursiones.com.ar\/\"},{\"@type\":\"ListItem\",\"position\":2,\"name\":\"Excursiones, traslados y m\u00e1s!\",\"item\":\"https:\/\/barilocheexcursiones.com.ar\/shop\/\"},{\"@type\":\"ListItem\",\"position\":3,\"name\":\"Puerto Blest y Cascada Los C\u00e1ntaros: navegaci\u00f3n guiada con traslado desde Bariloche\"}]},{\"@type\":\"WebSite\",\"@id\":\"https:\/\/barilocheexcursiones.com.ar\/#website\",\"url\":\"https:\/\/barilocheexcursiones.com.ar\/\",\"name\":\"Bariloche Excursiones\",\"description\":\"Vivir la experiencia en Bariloche\",\"publisher\":{\"@id\":\"https:\/\/barilocheexcursiones.com.ar\/#organization\"},\"potentialAction\":[{\"@type\":\"SearchAction\",\"target\":{\"@type\":\"EntryPoint\",\"urlTemplate\":\"https:\/\/barilocheexcursiones.com.ar\/?s={search_term_string}\"},\"query-input\":{\"@type\":\"PropertyValueSpecification\",\"valueRequired\":true,\"valueName\":\"search_term_string\"}}],\"inLanguage\":\"pt-BR\"},{\"@type\":\"Organization\",\"@id\":\"https:\/\/barilocheexcursiones.com.ar\/#organization\",\"name\":\"Bariloche Excursiones\",\"url\":\"https:\/\/barilocheexcursiones.com.ar\/\",\"logo\":{\"@type\":\"ImageObject\",\"inLanguage\":\"pt-BR\",\"@id\":\"https:\/\/barilocheexcursiones.com.ar\/#\/schema\/logo\/image\/\",\"url\":\"https:\/\/barilocheexcursiones.com.ar\/wp-content\/uploads\/2025\/04\/bariloche-excursiones-logo.png\",\"contentUrl\":\"https:\/\/barilocheexcursiones.com.ar\/wp-content\/uploads\/2025\/04\/bariloche-excursiones-logo.png\",\"width\":512,\"height\":512,\"caption\":\"Bariloche Excursiones\"},\"image\":{\"@id\":\"https:\/\/barilocheexcursiones.com.ar\/#\/schema\/logo\/image\/\"}}]}<\/script>\n<meta property=\"product:price:amount\" content=\"158000.00\" \/>\n<meta property=\"product:price:currency\" content=\"ARS\" \/>\n<meta property=\"og:availability\" content=\"instock\" \/>\n<meta property=\"product:availability\" content=\"instock\" \/>\n<meta property=\"product:retailer_item_id\" content=\"ADV2025PUBLYCO2Q8\" \/>\n<meta property=\"product:condition\" content=\"new\" \/>\n<!-- \/ Yoast SEO Premium plugin. -->","yoast_head_json":{"title":"Puerto Blest e Cascata Los C\u00e1ntaros - Excurs\u00f5es a Bariloche","description":"Excurs\u00e3o a Puerto Blest com traslado de Bariloche. Inclui navega\u00e7\u00e3o, caminhadas e a op\u00e7\u00e3o de adicionar o Lago Frias. Ideal para conhecer a selva patag\u00f4nica.","robots":{"index":"index","follow":"follow","max-snippet":"max-snippet:-1","max-image-preview":"max-image-preview:large","max-video-preview":"max-video-preview:-1"},"canonical":"https:\/\/barilocheexcursiones.com.ar\/pt\/product\/traslado-para-a-cachoeira-de-puerto-blest-cantaros\/","og_locale":"pt_BR","og_type":"article","og_title":"Puerto Blest y Cascada Los C\u00e1ntaros: navegaci\u00f3n guiada con traslado desde Bariloche","og_description":"Excursi\u00f3n a Puerto Blest con traslado desde Bariloche. Incluye navegaci\u00f3n, caminatas y opci\u00f3n de sumar Lago Fr\u00edas. Ideal para descubrir la selva patag\u00f3nica.","og_url":"https:\/\/barilocheexcursiones.com.ar\/pt\/product\/traslado-para-a-cachoeira-de-puerto-blest-cantaros\/","og_site_name":"Bariloche Excursiones","article_modified_time":"2026-04-07T15:10:36+00:00","og_image":[{"width":1920,"height":2560,"url":"https:\/\/barilocheexcursiones.com.ar\/wp-content\/uploads\/2025\/03\/3-A-WhatsApp-Image-2023-02-21-at-10.55.41-1-scaled.jpg","type":"image\/jpeg"}],"twitter_card":"summary_large_image","twitter_misc":{"Pre\u00e7o":"&#36;&nbsp;158.000,00","Disponibilidade":"Em Estoque"},"schema":{"@context":"https:\/\/schema.org","@graph":[{"@type":["WebPage","ItemPage"],"@id":"https:\/\/barilocheexcursiones.com.ar\/product\/puerto-blest-cascada-cantaros-traslado\/","url":"https:\/\/barilocheexcursiones.com.ar\/product\/puerto-blest-cascada-cantaros-traslado\/","name":"Puerto Blest e Cascata Los C\u00e1ntaros - Excurs\u00f5es a Bariloche","isPartOf":{"@id":"https:\/\/barilocheexcursiones.com.ar\/#website"},"primaryImageOfPage":{"@id":"https:\/\/barilocheexcursiones.com.ar\/product\/puerto-blest-cascada-cantaros-traslado\/#primaryimage"},"image":{"@id":"https:\/\/barilocheexcursiones.com.ar\/product\/puerto-blest-cascada-cantaros-traslado\/#primaryimage"},"thumbnailUrl":"https:\/\/barilocheexcursiones.com.ar\/wp-content\/uploads\/2025\/03\/3-A-WhatsApp-Image-2023-02-21-at-10.55.41-1-scaled.jpg","datePublished":"2025-03-23T23:52:39+00:00","dateModified":"2026-04-07T15:10:36+00:00","description":"Excurs\u00e3o a Puerto Blest com traslado de Bariloche. Inclui navega\u00e7\u00e3o, caminhadas e a op\u00e7\u00e3o de adicionar o Lago Frias. Ideal para conhecer a selva patag\u00f4nica.","breadcrumb":{"@id":"https:\/\/barilocheexcursiones.com.ar\/product\/puerto-blest-cascada-cantaros-traslado\/#breadcrumb"},"inLanguage":"pt-BR","potentialAction":[{"@type":"ReadAction","target":["https:\/\/barilocheexcursiones.com.ar\/product\/puerto-blest-cascada-cantaros-traslado\/"]}]},{"@type":"ImageObject","inLanguage":"pt-BR","@id":"https:\/\/barilocheexcursiones.com.ar\/product\/puerto-blest-cascada-cantaros-traslado\/#primaryimage","url":"https:\/\/barilocheexcursiones.com.ar\/wp-content\/uploads\/2025\/03\/3-A-WhatsApp-Image-2023-02-21-at-10.55.41-1-scaled.jpg","contentUrl":"https:\/\/barilocheexcursiones.com.ar\/wp-content\/uploads\/2025\/03\/3-A-WhatsApp-Image-2023-02-21-at-10.55.41-1-scaled.jpg","width":1920,"height":2560},{"@type":"BreadcrumbList","@id":"https:\/\/barilocheexcursiones.com.ar\/product\/puerto-blest-cascada-cantaros-traslado\/#breadcrumb","itemListElement":[{"@type":"ListItem","position":1,"name":"Home","item":"https:\/\/barilocheexcursiones.com.ar\/"},{"@type":"ListItem","position":2,"name":"Excursiones, traslados y m\u00e1s!","item":"https:\/\/barilocheexcursiones.com.ar\/shop\/"},{"@type":"ListItem","position":3,"name":"Puerto Blest y Cascada Los C\u00e1ntaros: navegaci\u00f3n guiada con traslado desde Bariloche"}]},{"@type":"WebSite","@id":"https:\/\/barilocheexcursiones.com.ar\/#website","url":"https:\/\/barilocheexcursiones.com.ar\/","name":"Excurs\u00f5es em Bariloche","description":"Experi\u00eancia em Bariloche","publisher":{"@id":"https:\/\/barilocheexcursiones.com.ar\/#organization"},"potentialAction":[{"@type":"SearchAction","target":{"@type":"EntryPoint","urlTemplate":"https:\/\/barilocheexcursiones.com.ar\/?s={search_term_string}"},"query-input":{"@type":"PropertyValueSpecification","valueRequired":true,"valueName":"search_term_string"}}],"inLanguage":"pt-BR"},{"@type":"Organization","@id":"https:\/\/barilocheexcursiones.com.ar\/#organization","name":"Excurs\u00f5es em Bariloche","url":"https:\/\/barilocheexcursiones.com.ar\/","logo":{"@type":"ImageObject","inLanguage":"pt-BR","@id":"https:\/\/barilocheexcursiones.com.ar\/#\/schema\/logo\/image\/","url":"https:\/\/barilocheexcursiones.com.ar\/wp-content\/uploads\/2025\/04\/bariloche-excursiones-logo.png","contentUrl":"https:\/\/barilocheexcursiones.com.ar\/wp-content\/uploads\/2025\/04\/bariloche-excursiones-logo.png","width":512,"height":512,"caption":"Bariloche Excursiones"},"image":{"@id":"https:\/\/barilocheexcursiones.com.ar\/#\/schema\/logo\/image\/"}}]},"product_price_amount":"158000.00","product_price_currency":"ARS","og_availability":"instock","product_availability":"instock","product_retailer_item_id":"ADV2025PUBLYCO2Q8","product_condition":"new"},"_links":{"self":[{"href":"https:\/\/barilocheexcursiones.com.ar\/pt\/wp-json\/wp\/v2\/product\/798","targetHints":{"allow":["GET"]}}],"collection":[{"href":"https:\/\/barilocheexcursiones.com.ar\/pt\/wp-json\/wp\/v2\/product"}],"about":[{"href":"https:\/\/barilocheexcursiones.com.ar\/pt\/wp-json\/wp\/v2\/types\/product"}],"replies":[{"embeddable":true,"href":"https:\/\/barilocheexcursiones.com.ar\/pt\/wp-json\/wp\/v2\/comments?post=798"}],"version-history":[{"count":7,"href":"https:\/\/barilocheexcursiones.com.ar\/pt\/wp-json\/wp\/v2\/product\/798\/revisions"}],"predecessor-version":[{"id":17745,"href":"https:\/\/barilocheexcursiones.com.ar\/pt\/wp-json\/wp\/v2\/product\/798\/revisions\/17745"}],"wp:featuredmedia":[{"embeddable":true,"href":"https:\/\/barilocheexcursiones.com.ar\/pt\/wp-json\/wp\/v2\/media\/16876"}],"wp:attachment":[{"href":"https:\/\/barilocheexcursiones.com.ar\/pt\/wp-json\/wp\/v2\/media?parent=798"}],"wp:term":[{"taxonomy":"product_brand","embeddable":true,"href":"https:\/\/barilocheexcursiones.com.ar\/pt\/wp-json\/wp\/v2\/product_brand?post=798"},{"taxonomy":"product_cat","embeddable":true,"href":"https:\/\/barilocheexcursiones.com.ar\/pt\/wp-json\/wp\/v2\/product_cat?post=798"},{"taxonomy":"product_tag","embeddable":true,"href":"https:\/\/barilocheexcursiones.com.ar\/pt\/wp-json\/wp\/v2\/product_tag?post=798"}],"curies":[{"name":"wp","href":"https:\/\/api.w.org\/{rel}","templated":true}]}}