{"id":797,"date":"2025-03-23T20:52:28","date_gmt":"2025-03-23T23:52:28","guid":{"rendered":"https:\/\/barilocheexcursiones.com.ar\/?post_type=product&#038;p=797"},"modified":"2026-04-07T12:10:36","modified_gmt":"2026-04-07T15:10:36","slug":"puerto-blest-cascada-los-cantaros-lago-frias-traslado","status":"publish","type":"product","link":"https:\/\/barilocheexcursiones.com.ar\/pt\/product\/puerto-blest-cachoeira-los-cantaros-lago-frias-traslado\/","title":{"rendered":"Puerto Blest e Lago Frias com traslado de Bariloche"},"content":{"rendered":"<h3 data-start=\"491\" data-end=\"545\">Descubra duas paisagens \u00fanicas em um dia<\/h3>\n<p data-start=\"546\" data-end=\"841\">Essa experi\u00eancia come\u00e7a em sua acomoda\u00e7\u00e3o ou ponto de encontro em Bariloche. O traslado o levar\u00e1 a <strong data-start=\"652\" data-end=\"670\">Puerto Pa\u00f1uelo<\/strong>, onde voc\u00ea embarca em um catamar\u00e3 que navega pela <strong data-start=\"717\" data-end=\"732\">Bra\u00e7o aben\u00e7oado<\/strong> do Lago Nahuel Huapi. A rota \u00e9 serena, cercada por vegeta\u00e7\u00e3o densa, montanhas e cart\u00f5es postais de sonho.<\/p>\n<p data-start=\"843\" data-end=\"1215\">Depois de aterrissar em <strong data-start=\"867\" data-end=\"883\">Puerto Blest<\/strong>, Uma nova navega\u00e7\u00e3o leva voc\u00ea atrav\u00e9s do <strong data-start=\"922\" data-end=\"936\">Lago Frias<\/strong>, \u00c9 um espelho de \u00e1gua verde profundo, alimentado pelas geleiras da Montanha Tronador. A particularidade desse lago e seus arredores fazem dele um dos segredos mais bem guardados da Patag\u00f4nia. Toda a viagem \u00e9 acompanhada por um guia em espanhol (opcional bil\u00edngue).<\/p>\n<p data-start=\"1217\" data-end=\"1441\">Al\u00e9m disso, voc\u00ea pode caminhar pelas trilhas que levam ao <strong data-start=\"1271\" data-end=\"1295\">Cachoeira Los C\u00e1ntaros<\/strong> ou simplesmente relaxar na ba\u00eda. Essa \u00e9 uma excurs\u00e3o ideal para quem quer ter a experi\u00eancia completa, sem se preocupar com a log\u00edstica.<\/p>\n<h3 data-start=\"1448\" data-end=\"1474\">Perguntas frequentes<\/h3>\n<p data-start=\"1475\" data-end=\"1627\"><strong data-start=\"1475\" data-end=\"1526\">A navega\u00e7\u00e3o no Lago Frias est\u00e1 inclu\u00edda?<\/strong><br data-start=\"1526\" data-end=\"1529\" \/>Sim, essa vers\u00e3o inclui a travessia para Puerto Blest e a navega\u00e7\u00e3o adicional para o Lago Frias.<\/p>\n<p data-start=\"1629\" data-end=\"1786\"><strong data-start=\"1629\" data-end=\"1686\">A caminhada at\u00e9 a Cachoeira Los C\u00e1ntaros est\u00e1 inclu\u00edda?<\/strong><br data-start=\"1686\" data-end=\"1689\" \/>Sim, o acesso est\u00e1 dispon\u00edvel. Ele \u00e9 opcional e pode ser feito durante a parada em Puerto Blest.<\/p>\n<p data-start=\"1788\" data-end=\"1933\"><strong data-start=\"1788\" data-end=\"1826\">O traslado me buscar\u00e1 no hotel?<\/strong><br data-start=\"1826\" data-end=\"1829\" \/>Sim, em acomoda\u00e7\u00f5es localizadas no centro ou em pontos coordenados entre o centro e o km 8 da Av. Bustillo ou Pioneros.<\/p>\n<p data-start=\"1935\" data-end=\"2038\"><strong data-start=\"1935\" data-end=\"1965\">Isso pode ser feito com crian\u00e7as?<\/strong><br data-start=\"1965\" data-end=\"1968\" \/>Sem d\u00favida. \u00c9 uma excurs\u00e3o tranquila e segura para todas as idades.<\/p>","protected":false},"excerpt":{"rendered":"<p data-start=\"2276\" data-end=\"2460\">Excurs\u00e3o de Bariloche com traslado inclu\u00eddo. Navega\u00e7\u00e3o at\u00e9 Puerto Blest e Lago Frias, caminhada at\u00e9 a cachoeira Los Cantaros e guia a bordo. Ideal para quem procura um passeio completo.<\/p>","protected":false},"featured_media":16880,"comment_status":"open","ping_status":"closed","template":"","meta":[],"product_brand":[],"product_cat":[91,100,88,173,170,167,168,172],"product_tag":[],"class_list":{"0":"post-797","1":"product","2":"type-product","3":"status-publish","4":"has-post-thumbnail","6":"product_cat-adultos","7":"product_cat-con-traslado","8":"product_cat-familia","9":"product_cat-jubilados-apto","10":"product_cat-lacustre-tipo","11":"product_cat-ninos-apto","12":"product_cat-sin-comida-incluido","13":"product_cat-todo-el-ano-temporada","15":"first","16":"instock","17":"virtual","18":"sold-individually","19":"purchasable","20":"product-type-booking"},"booking_location":"","booking_location_type":"","booking_duration":60,"booking_duration_unit":"minute","booking_buffer":0,"booking_cost":0,"booking_resources":[],"exclude_global_add_ons":false,"addons":[{"name":"ADU: Adulto","type":"input_multiplier","position":0,"required":true,"title_format":"label","default":"","description_enable":false,"description":"","placeholder_enable":false,"placeholder":"","display":"select","restrictions_type":"any_text","adjust_price":true,"price":"212000","price_type":"quantity_based","restrictions":false,"min":"0","max":"0","options":[],"id":1773233993},{"name":"MEN512 | 5 a 12","type":"input_multiplier","position":1,"required":false,"title_format":"label","default":"","description_enable":false,"description":"","placeholder_enable":false,"placeholder":"","display":"select","restrictions_type":"any_text","adjust_price":true,"price":"119000","price_type":"quantity_based","restrictions":false,"min":"0","max":"0","options":[],"id":1773233994},{"name":"ADUJ : Aposentado","type":"input_multiplier","position":2,"required":false,"title_format":"label","default":"","description_enable":false,"description":"","placeholder_enable":false,"placeholder":"","display":"select","restrictions_type":"any_text","adjust_price":true,"price":"119000","price_type":"quantity_based","restrictions":false,"min":"0","max":"0","options":[],"id":1773233995}],"yoast_head":"<!-- This site is optimized with the Yoast SEO Premium plugin v24.5 (Yoast SEO v24.8) - https:\/\/yoast.com\/wordpress\/plugins\/seo\/ -->\n<title>Puerto Blest y Lago Fr\u00edas con traslado desde Bariloche - Bariloche Excursiones<\/title>\n<meta name=\"description\" content=\"Excursi\u00f3n a Puerto Blest y Lago Fr\u00edas con traslado desde Bariloche. Incluye dos navegaciones, caminata a la cascada y gu\u00eda. Experiencia completa y organizada.\" \/>\n<meta name=\"robots\" content=\"index, follow, max-snippet:-1, max-image-preview:large, max-video-preview:-1\" \/>\n<link rel=\"canonical\" href=\"https:\/\/barilocheexcursiones.com.ar\/pt\/product\/puerto-blest-cachoeira-los-cantaros-lago-frias-traslado\/\" \/>\n<meta property=\"og:locale\" content=\"pt_BR\" \/>\n<meta property=\"og:type\" content=\"article\" \/>\n<meta property=\"og:title\" content=\"Puerto Blest y Lago Fr\u00edas con traslado desde Bariloche\" \/>\n<meta property=\"og:description\" content=\"Excursi\u00f3n a Puerto Blest y Lago Fr\u00edas con traslado desde Bariloche. Incluye dos navegaciones, caminata a la cascada y gu\u00eda. Experiencia completa y organizada.\" \/>\n<meta property=\"og:url\" content=\"https:\/\/barilocheexcursiones.com.ar\/pt\/product\/puerto-blest-cachoeira-los-cantaros-lago-frias-traslado\/\" \/>\n<meta property=\"og:site_name\" content=\"Bariloche Excursiones\" \/>\n<meta property=\"article:modified_time\" content=\"2026-04-07T15:10:36+00:00\" \/>\n<meta property=\"og:image\" content=\"https:\/\/barilocheexcursiones.com.ar\/wp-content\/uploads\/2025\/03\/3-B-IMG_3124-scaled.jpg\" \/>\n\t<meta property=\"og:image:width\" content=\"1920\" \/>\n\t<meta property=\"og:image:height\" content=\"2560\" \/>\n\t<meta property=\"og:image:type\" content=\"image\/jpeg\" \/>\n<meta name=\"twitter:card\" content=\"summary_large_image\" \/>\n<meta name=\"twitter:label1\" content=\"Pre\u00e7o\" \/>\n\t<meta name=\"twitter:data1\" content=\"&#036;&nbsp;212.000,00\" \/>\n\t<meta name=\"twitter:label2\" content=\"Disponibilidade\" \/>\n\t<meta name=\"twitter:data2\" content=\"Em Estoque\" \/>\n<script type=\"application\/ld+json\" class=\"yoast-schema-graph\">{\"@context\":\"https:\/\/schema.org\",\"@graph\":[{\"@type\":[\"WebPage\",\"ItemPage\"],\"@id\":\"https:\/\/barilocheexcursiones.com.ar\/product\/puerto-blest-cascada-los-cantaros-lago-frias-traslado\/\",\"url\":\"https:\/\/barilocheexcursiones.com.ar\/product\/puerto-blest-cascada-los-cantaros-lago-frias-traslado\/\",\"name\":\"Puerto Blest y Lago Fr\u00edas con traslado desde Bariloche - Bariloche Excursiones\",\"isPartOf\":{\"@id\":\"https:\/\/barilocheexcursiones.com.ar\/#website\"},\"primaryImageOfPage\":{\"@id\":\"https:\/\/barilocheexcursiones.com.ar\/product\/puerto-blest-cascada-los-cantaros-lago-frias-traslado\/#primaryimage\"},\"image\":{\"@id\":\"https:\/\/barilocheexcursiones.com.ar\/product\/puerto-blest-cascada-los-cantaros-lago-frias-traslado\/#primaryimage\"},\"thumbnailUrl\":\"https:\/\/barilocheexcursiones.com.ar\/wp-content\/uploads\/2025\/03\/3-B-IMG_3124-scaled.jpg\",\"datePublished\":\"2025-03-23T23:52:28+00:00\",\"dateModified\":\"2026-04-07T15:10:36+00:00\",\"description\":\"Excursi\u00f3n a Puerto Blest y Lago Fr\u00edas con traslado desde Bariloche. Incluye dos navegaciones, caminata a la cascada y gu\u00eda. Experiencia completa y organizada.\",\"breadcrumb\":{\"@id\":\"https:\/\/barilocheexcursiones.com.ar\/product\/puerto-blest-cascada-los-cantaros-lago-frias-traslado\/#breadcrumb\"},\"inLanguage\":\"pt-BR\",\"potentialAction\":[{\"@type\":\"ReadAction\",\"target\":[\"https:\/\/barilocheexcursiones.com.ar\/product\/puerto-blest-cascada-los-cantaros-lago-frias-traslado\/\"]}]},{\"@type\":\"ImageObject\",\"inLanguage\":\"pt-BR\",\"@id\":\"https:\/\/barilocheexcursiones.com.ar\/product\/puerto-blest-cascada-los-cantaros-lago-frias-traslado\/#primaryimage\",\"url\":\"https:\/\/barilocheexcursiones.com.ar\/wp-content\/uploads\/2025\/03\/3-B-IMG_3124-scaled.jpg\",\"contentUrl\":\"https:\/\/barilocheexcursiones.com.ar\/wp-content\/uploads\/2025\/03\/3-B-IMG_3124-scaled.jpg\",\"width\":1920,\"height\":2560},{\"@type\":\"BreadcrumbList\",\"@id\":\"https:\/\/barilocheexcursiones.com.ar\/product\/puerto-blest-cascada-los-cantaros-lago-frias-traslado\/#breadcrumb\",\"itemListElement\":[{\"@type\":\"ListItem\",\"position\":1,\"name\":\"Home\",\"item\":\"https:\/\/barilocheexcursiones.com.ar\/\"},{\"@type\":\"ListItem\",\"position\":2,\"name\":\"Excursiones, traslados y m\u00e1s!\",\"item\":\"https:\/\/barilocheexcursiones.com.ar\/shop\/\"},{\"@type\":\"ListItem\",\"position\":3,\"name\":\"Puerto Blest y Lago Fr\u00edas con traslado desde Bariloche\"}]},{\"@type\":\"WebSite\",\"@id\":\"https:\/\/barilocheexcursiones.com.ar\/#website\",\"url\":\"https:\/\/barilocheexcursiones.com.ar\/\",\"name\":\"Bariloche Excursiones\",\"description\":\"Vivir la experiencia en Bariloche\",\"publisher\":{\"@id\":\"https:\/\/barilocheexcursiones.com.ar\/#organization\"},\"potentialAction\":[{\"@type\":\"SearchAction\",\"target\":{\"@type\":\"EntryPoint\",\"urlTemplate\":\"https:\/\/barilocheexcursiones.com.ar\/?s={search_term_string}\"},\"query-input\":{\"@type\":\"PropertyValueSpecification\",\"valueRequired\":true,\"valueName\":\"search_term_string\"}}],\"inLanguage\":\"pt-BR\"},{\"@type\":\"Organization\",\"@id\":\"https:\/\/barilocheexcursiones.com.ar\/#organization\",\"name\":\"Bariloche Excursiones\",\"url\":\"https:\/\/barilocheexcursiones.com.ar\/\",\"logo\":{\"@type\":\"ImageObject\",\"inLanguage\":\"pt-BR\",\"@id\":\"https:\/\/barilocheexcursiones.com.ar\/#\/schema\/logo\/image\/\",\"url\":\"https:\/\/barilocheexcursiones.com.ar\/wp-content\/uploads\/2025\/04\/bariloche-excursiones-logo.png\",\"contentUrl\":\"https:\/\/barilocheexcursiones.com.ar\/wp-content\/uploads\/2025\/04\/bariloche-excursiones-logo.png\",\"width\":512,\"height\":512,\"caption\":\"Bariloche Excursiones\"},\"image\":{\"@id\":\"https:\/\/barilocheexcursiones.com.ar\/#\/schema\/logo\/image\/\"}}]}<\/script>\n<meta property=\"product:price:amount\" content=\"212000.00\" \/>\n<meta property=\"product:price:currency\" content=\"ARS\" \/>\n<meta property=\"og:availability\" content=\"instock\" \/>\n<meta property=\"product:availability\" content=\"instock\" \/>\n<meta property=\"product:retailer_item_id\" content=\"ADV2025PUBLYC9CR1\" \/>\n<meta property=\"product:condition\" content=\"new\" \/>\n<!-- \/ Yoast SEO Premium plugin. -->","yoast_head_json":{"title":"Puerto Blest e Lago Frias com traslado de Bariloche - Bariloche Excursions","description":"Excurs\u00e3o a Puerto Blest e Lago Frias com traslado de Bariloche. Inclui duas navega\u00e7\u00f5es, caminhada at\u00e9 a cachoeira e guia. Experi\u00eancia completa e organizada.","robots":{"index":"index","follow":"follow","max-snippet":"max-snippet:-1","max-image-preview":"max-image-preview:large","max-video-preview":"max-video-preview:-1"},"canonical":"https:\/\/barilocheexcursiones.com.ar\/pt\/product\/puerto-blest-cachoeira-los-cantaros-lago-frias-traslado\/","og_locale":"pt_BR","og_type":"article","og_title":"Puerto Blest y Lago Fr\u00edas con traslado desde Bariloche","og_description":"Excursi\u00f3n a Puerto Blest y Lago Fr\u00edas con traslado desde Bariloche. Incluye dos navegaciones, caminata a la cascada y gu\u00eda. Experiencia completa y organizada.","og_url":"https:\/\/barilocheexcursiones.com.ar\/pt\/product\/puerto-blest-cachoeira-los-cantaros-lago-frias-traslado\/","og_site_name":"Bariloche Excursiones","article_modified_time":"2026-04-07T15:10:36+00:00","og_image":[{"width":1920,"height":2560,"url":"https:\/\/barilocheexcursiones.com.ar\/wp-content\/uploads\/2025\/03\/3-B-IMG_3124-scaled.jpg","type":"image\/jpeg"}],"twitter_card":"summary_large_image","twitter_misc":{"Pre\u00e7o":"&#36;&nbsp;212.000,00","Disponibilidade":"Em Estoque"},"schema":{"@context":"https:\/\/schema.org","@graph":[{"@type":["WebPage","ItemPage"],"@id":"https:\/\/barilocheexcursiones.com.ar\/product\/puerto-blest-cascada-los-cantaros-lago-frias-traslado\/","url":"https:\/\/barilocheexcursiones.com.ar\/product\/puerto-blest-cascada-los-cantaros-lago-frias-traslado\/","name":"Puerto Blest e Lago Frias com traslado de Bariloche - Bariloche Excursions","isPartOf":{"@id":"https:\/\/barilocheexcursiones.com.ar\/#website"},"primaryImageOfPage":{"@id":"https:\/\/barilocheexcursiones.com.ar\/product\/puerto-blest-cascada-los-cantaros-lago-frias-traslado\/#primaryimage"},"image":{"@id":"https:\/\/barilocheexcursiones.com.ar\/product\/puerto-blest-cascada-los-cantaros-lago-frias-traslado\/#primaryimage"},"thumbnailUrl":"https:\/\/barilocheexcursiones.com.ar\/wp-content\/uploads\/2025\/03\/3-B-IMG_3124-scaled.jpg","datePublished":"2025-03-23T23:52:28+00:00","dateModified":"2026-04-07T15:10:36+00:00","description":"Excurs\u00e3o a Puerto Blest e Lago Frias com traslado de Bariloche. Inclui duas navega\u00e7\u00f5es, caminhada at\u00e9 a cachoeira e guia. Experi\u00eancia completa e organizada.","breadcrumb":{"@id":"https:\/\/barilocheexcursiones.com.ar\/product\/puerto-blest-cascada-los-cantaros-lago-frias-traslado\/#breadcrumb"},"inLanguage":"pt-BR","potentialAction":[{"@type":"ReadAction","target":["https:\/\/barilocheexcursiones.com.ar\/product\/puerto-blest-cascada-los-cantaros-lago-frias-traslado\/"]}]},{"@type":"ImageObject","inLanguage":"pt-BR","@id":"https:\/\/barilocheexcursiones.com.ar\/product\/puerto-blest-cascada-los-cantaros-lago-frias-traslado\/#primaryimage","url":"https:\/\/barilocheexcursiones.com.ar\/wp-content\/uploads\/2025\/03\/3-B-IMG_3124-scaled.jpg","contentUrl":"https:\/\/barilocheexcursiones.com.ar\/wp-content\/uploads\/2025\/03\/3-B-IMG_3124-scaled.jpg","width":1920,"height":2560},{"@type":"BreadcrumbList","@id":"https:\/\/barilocheexcursiones.com.ar\/product\/puerto-blest-cascada-los-cantaros-lago-frias-traslado\/#breadcrumb","itemListElement":[{"@type":"ListItem","position":1,"name":"Home","item":"https:\/\/barilocheexcursiones.com.ar\/"},{"@type":"ListItem","position":2,"name":"Excursiones, traslados y m\u00e1s!","item":"https:\/\/barilocheexcursiones.com.ar\/shop\/"},{"@type":"ListItem","position":3,"name":"Puerto Blest y Lago Fr\u00edas con traslado desde Bariloche"}]},{"@type":"WebSite","@id":"https:\/\/barilocheexcursiones.com.ar\/#website","url":"https:\/\/barilocheexcursiones.com.ar\/","name":"Excurs\u00f5es em Bariloche","description":"Experi\u00eancia em Bariloche","publisher":{"@id":"https:\/\/barilocheexcursiones.com.ar\/#organization"},"potentialAction":[{"@type":"SearchAction","target":{"@type":"EntryPoint","urlTemplate":"https:\/\/barilocheexcursiones.com.ar\/?s={search_term_string}"},"query-input":{"@type":"PropertyValueSpecification","valueRequired":true,"valueName":"search_term_string"}}],"inLanguage":"pt-BR"},{"@type":"Organization","@id":"https:\/\/barilocheexcursiones.com.ar\/#organization","name":"Excurs\u00f5es em Bariloche","url":"https:\/\/barilocheexcursiones.com.ar\/","logo":{"@type":"ImageObject","inLanguage":"pt-BR","@id":"https:\/\/barilocheexcursiones.com.ar\/#\/schema\/logo\/image\/","url":"https:\/\/barilocheexcursiones.com.ar\/wp-content\/uploads\/2025\/04\/bariloche-excursiones-logo.png","contentUrl":"https:\/\/barilocheexcursiones.com.ar\/wp-content\/uploads\/2025\/04\/bariloche-excursiones-logo.png","width":512,"height":512,"caption":"Bariloche Excursiones"},"image":{"@id":"https:\/\/barilocheexcursiones.com.ar\/#\/schema\/logo\/image\/"}}]},"product_price_amount":"212000.00","product_price_currency":"ARS","og_availability":"instock","product_availability":"instock","product_retailer_item_id":"ADV2025PUBLYC9CR1","product_condition":"new"},"_links":{"self":[{"href":"https:\/\/barilocheexcursiones.com.ar\/pt\/wp-json\/wp\/v2\/product\/797","targetHints":{"allow":["GET"]}}],"collection":[{"href":"https:\/\/barilocheexcursiones.com.ar\/pt\/wp-json\/wp\/v2\/product"}],"about":[{"href":"https:\/\/barilocheexcursiones.com.ar\/pt\/wp-json\/wp\/v2\/types\/product"}],"replies":[{"embeddable":true,"href":"https:\/\/barilocheexcursiones.com.ar\/pt\/wp-json\/wp\/v2\/comments?post=797"}],"version-history":[{"count":6,"href":"https:\/\/barilocheexcursiones.com.ar\/pt\/wp-json\/wp\/v2\/product\/797\/revisions"}],"predecessor-version":[{"id":17746,"href":"https:\/\/barilocheexcursiones.com.ar\/pt\/wp-json\/wp\/v2\/product\/797\/revisions\/17746"}],"wp:featuredmedia":[{"embeddable":true,"href":"https:\/\/barilocheexcursiones.com.ar\/pt\/wp-json\/wp\/v2\/media\/16880"}],"wp:attachment":[{"href":"https:\/\/barilocheexcursiones.com.ar\/pt\/wp-json\/wp\/v2\/media?parent=797"}],"wp:term":[{"taxonomy":"product_brand","embeddable":true,"href":"https:\/\/barilocheexcursiones.com.ar\/pt\/wp-json\/wp\/v2\/product_brand?post=797"},{"taxonomy":"product_cat","embeddable":true,"href":"https:\/\/barilocheexcursiones.com.ar\/pt\/wp-json\/wp\/v2\/product_cat?post=797"},{"taxonomy":"product_tag","embeddable":true,"href":"https:\/\/barilocheexcursiones.com.ar\/pt\/wp-json\/wp\/v2\/product_tag?post=797"}],"curies":[{"name":"wp","href":"https:\/\/api.w.org\/{rel}","templated":true}]}}