{"id":796,"date":"2025-03-23T20:52:17","date_gmt":"2025-03-23T23:52:17","guid":{"rendered":"https:\/\/barilocheexcursiones.com.ar\/?post_type=product&#038;p=796"},"modified":"2026-04-07T12:10:36","modified_gmt":"2026-04-07T15:10:36","slug":"isla-victoria-y-bosque-de-arrayanes-sin-traslado","status":"publish","type":"product","link":"https:\/\/barilocheexcursiones.com.ar\/pt\/product\/victoria-island-e-arrayanes-forest-sem-realocacao\/","title":{"rendered":"Navega\u00e7\u00e3o Nahuel Huapi: Ilha Victoria e Floresta Arrayanes sem traslado"},"content":{"rendered":"<h3 data-start=\"213\" data-end=\"296\"><strong data-start=\"217\" data-end=\"296\">Conex\u00e3o natural de Puerto Pa\u00f1uelo<\/strong><\/h3>\n<p data-start=\"298\" data-end=\"550\">Descubra duas das paisagens mais emblem\u00e1ticas de Bariloche com esta inesquec\u00edvel navega\u00e7\u00e3o pelo Lago Nahuel Huapi. A Isla Victoria e o Bosque de Arrayanes o aguardam com trilhas, hist\u00f3rias e vistas panor\u00e2micas que o conectam com a ess\u00eancia da Patag\u00f4nia.<\/p>\n<h3 data-start=\"557\" data-end=\"585\">Destaques da excurs\u00e3o<\/h3>\n<p data-start=\"587\" data-end=\"928\">Do hist\u00f3rico <strong data-start=\"606\" data-end=\"624\">Puerto Pa\u00f1uelo<\/strong>, O barco, localizado a 25 km do centro de Bariloche, inicia um dia ideal para fam\u00edlias e grupos que desejam explorar em profundidade os tesouros naturais da regi\u00e3o. Ap\u00f3s uma hora de navega\u00e7\u00e3o, desembarcamos no <strong data-start=\"845\" data-end=\"871\">Pen\u00ednsula de Quetrihu\u00e9<\/strong>, lar da \u00fanica floresta de murta natural do mundo.<\/p>\n<p data-start=\"930\" data-end=\"1185\">A turn\u00ea continua at\u00e9 <strong data-start=\"958\" data-end=\"975\">Ilha Victoria<\/strong>, As trilhas interpretativas permitem que voc\u00ea aprenda sobre sua hist\u00f3ria, flora e fauna nativas. A caminhada culmina na famosa <strong data-start=\"1097\" data-end=\"1115\">Praia de El Toro<\/strong>, \u00c9 famosa por suas pinturas rupestres e sua areia vulc\u00e2nica exclusiva.<\/p>\n<h3 data-start=\"1192\" data-end=\"1212\">Informa\u00e7\u00f5es \u00fateis<\/h3>\n<ul data-start=\"1214\" data-end=\"1476\">\n<li data-start=\"1214\" data-end=\"1259\">\n<p data-start=\"1216\" data-end=\"1259\"><strong data-start=\"1216\" data-end=\"1234\">Dura\u00e7\u00e3o total<\/strong>: 13:00 \u00e0s 18:30 hs aproximadamente.<\/p>\n<\/li>\n<li data-start=\"1260\" data-end=\"1342\">\n<p data-start=\"1262\" data-end=\"1342\"><strong data-start=\"1262\" data-end=\"1273\">Inclui<\/strong>Passeio de catamar\u00e3 no lago, com guias a bordo e caminhadas sinalizadas.<\/p>\n<\/li>\n<li data-start=\"1343\" data-end=\"1476\">\n<p data-start=\"1345\" data-end=\"1476\"><strong data-start=\"1345\" data-end=\"1359\">N\u00e3o inclui<\/strong>Traslado para Puerto Pa\u00f1uelo, refei\u00e7\u00f5es (h\u00e1 op\u00e7\u00f5es na ilha e no barco) e taxas de entrada no parque nacional.<\/p>\n<\/li>\n<\/ul>\n<p data-start=\"1478\" data-end=\"1677\"><strong data-start=\"1481\" data-end=\"1498\"><br \/>\nComo chegar l\u00e1?<\/strong><br data-start=\"1498\" data-end=\"1501\" \/>Voc\u00ea deve se candidatar diretamente a <strong data-start=\"1535\" data-end=\"1553\">Puerto Pa\u00f1uelo<\/strong> (Km 25 da Avenida Bustillo), de onde come\u00e7a a excurs\u00e3o. O ponto tem acesso para ve\u00edculos, estacionamento e servi\u00e7os.<\/p>\n<h3 data-start=\"1684\" data-end=\"1708\">Perguntas frequentes<\/h3>\n<p data-start=\"1710\" data-end=\"1944\"><strong data-start=\"1710\" data-end=\"1750\">Posso pagar as taxas no mesmo dia?<\/strong><br data-start=\"1750\" data-end=\"1753\" \/>Sim, eles devem ser pagos em dinheiro no porto antes do embarque. H\u00e1 exce\u00e7\u00f5es para residentes locais, aposentados nacionais, crian\u00e7as menores de 5 anos e pessoas com defici\u00eancia (com credenciamento).<\/p>\n<p data-start=\"1946\" data-end=\"2102\"><strong data-start=\"1946\" data-end=\"1989\">Ele \u00e9 adequado para crian\u00e7as e idosos?<\/strong><br data-start=\"1989\" data-end=\"1992\" \/>Sim, a rota \u00e9 acess\u00edvel e com trilhas bem marcadas, ideal para grupos familiares ou idosos.<\/p>\n<p data-start=\"2104\" data-end=\"2251\"><strong data-start=\"2104\" data-end=\"2132\">\u00c9 poss\u00edvel levar comida?<\/strong><br data-start=\"2132\" data-end=\"2135\" \/>Sim, voc\u00ea pode levar um lanche. Alimentos e bebidas tamb\u00e9m est\u00e3o dispon\u00edveis para venda no barco e em algumas das paradas.<\/p>\n<p data-start=\"2253\" data-end=\"2430\"><strong data-start=\"2253\" data-end=\"2291\">Em qual navio a viagem \u00e9 realizada?<\/strong><br data-start=\"2291\" data-end=\"2294\" \/>Em geral, o tradicional <strong data-start=\"2333\" data-end=\"2353\">Modesta Victoria<\/strong>, Isso pode ser alterado para outro catamar\u00e3, dependendo da disponibilidade.<\/p>","protected":false},"excerpt":{"rendered":"<p>Embarque em uma viagem dos sonhos pela Patag\u00f4nia com nossa excurs\u00e3o ao <strong>Ilha Victoria<\/strong> e o deslumbrante <strong>Floresta Myrtle<\/strong>. Navegue pelo <strong>Lago Nahuel Huapi<\/strong>, explore paisagens nativas e descubra arte rupestre \u00fanica, desfrutando do contato direto com a natureza.<\/p>","protected":false},"featured_media":16872,"comment_status":"open","ping_status":"closed","template":"","meta":[],"product_brand":[],"product_cat":[91,88,173,170,167,168,171,172],"product_tag":[],"class_list":{"0":"post-796","1":"product","2":"type-product","3":"status-publish","4":"has-post-thumbnail","6":"product_cat-adultos","7":"product_cat-familia","8":"product_cat-jubilados-apto","9":"product_cat-lacustre-tipo","10":"product_cat-ninos-apto","11":"product_cat-sin-comida-incluido","12":"product_cat-sin-traslado-movilidad","13":"product_cat-todo-el-ano-temporada","15":"first","16":"instock","17":"virtual","18":"sold-individually","19":"purchasable","20":"product-type-booking"},"booking_location":"","booking_location_type":"","booking_duration":60,"booking_duration_unit":"minute","booking_buffer":0,"booking_cost":0,"booking_resources":[],"exclude_global_add_ons":false,"addons":[{"name":"ADU: Adulto","type":"input_multiplier","position":0,"required":false,"title_format":"label","default":"","description_enable":false,"description":"","placeholder_enable":false,"placeholder":"","display":"select","restrictions_type":"any_text","adjust_price":true,"price":"136000","price_type":"quantity_based","restrictions":false,"min":"0","max":"0","options":[],"id":1773233738},{"name":"MEN512 | 5 a 12","type":"input_multiplier","position":1,"required":false,"title_format":"label","default":"","description_enable":false,"description":"","placeholder_enable":false,"placeholder":"","display":"select","restrictions_type":"any_text","adjust_price":true,"price":"70000","price_type":"quantity_based","restrictions":false,"min":"0","max":"0","options":[],"id":1773233739},{"name":"ADUJ : Aposentado","type":"input_multiplier","position":2,"required":false,"title_format":"label","default":"","description_enable":false,"description":"","placeholder_enable":false,"placeholder":"","display":"select","restrictions_type":"any_text","adjust_price":true,"price":"70000","price_type":"quantity_based","restrictions":false,"min":"0","max":"0","options":[],"id":1773233740}],"yoast_head":"<!-- This site is optimized with the Yoast SEO Premium plugin v24.5 (Yoast SEO v24.8) - https:\/\/yoast.com\/wordpress\/plugins\/seo\/ -->\n<title>Navegacion por Nahuel Huapi: Isla Victoria y Bosque de Arrayanes - Bariloche Excursiones<\/title>\n<meta name=\"description\" content=\"Naveg\u00e1 desde Puerto Pa\u00f1uelo a los paisajes m\u00e1s emblem\u00e1ticos de la Patagonia: \u00e1rboles centenarios, senderos y playas. Opci\u00f3n sin traslado desde el centro.\" \/>\n<meta name=\"robots\" content=\"index, follow, max-snippet:-1, max-image-preview:large, max-video-preview:-1\" \/>\n<link rel=\"canonical\" href=\"https:\/\/barilocheexcursiones.com.ar\/pt\/product\/victoria-island-e-arrayanes-forest-sem-realocacao\/\" \/>\n<meta property=\"og:locale\" content=\"pt_BR\" \/>\n<meta property=\"og:type\" content=\"article\" \/>\n<meta property=\"og:title\" content=\"Navegaci\u00f3n por Nahuel Huapi: Isla Victoria y Bosque de Arrayanes sin traslado\" \/>\n<meta property=\"og:description\" content=\"Naveg\u00e1 desde Puerto Pa\u00f1uelo a los paisajes m\u00e1s emblem\u00e1ticos de la Patagonia: \u00e1rboles centenarios, senderos y playas. Opci\u00f3n sin traslado desde el centro.\" \/>\n<meta property=\"og:url\" content=\"https:\/\/barilocheexcursiones.com.ar\/pt\/product\/victoria-island-e-arrayanes-forest-sem-realocacao\/\" \/>\n<meta property=\"og:site_name\" content=\"Bariloche Excursiones\" \/>\n<meta property=\"article:modified_time\" content=\"2026-04-07T15:10:36+00:00\" \/>\n<meta property=\"og:image\" content=\"https:\/\/barilocheexcursiones.com.ar\/wp-content\/uploads\/2025\/03\/3-A-IMG_6223-scaled.jpg\" \/>\n\t<meta property=\"og:image:width\" content=\"1920\" \/>\n\t<meta property=\"og:image:height\" content=\"2560\" \/>\n\t<meta property=\"og:image:type\" content=\"image\/jpeg\" \/>\n<meta name=\"twitter:card\" content=\"summary_large_image\" \/>\n<meta name=\"twitter:label1\" content=\"Pre\u00e7o\" \/>\n\t<meta name=\"twitter:data1\" content=\"&#036;&nbsp;163.200,00\" \/>\n\t<meta name=\"twitter:label2\" content=\"Disponibilidade\" \/>\n\t<meta name=\"twitter:data2\" content=\"Em Estoque\" \/>\n<script type=\"application\/ld+json\" class=\"yoast-schema-graph\">{\"@context\":\"https:\/\/schema.org\",\"@graph\":[{\"@type\":[\"WebPage\",\"ItemPage\"],\"@id\":\"https:\/\/barilocheexcursiones.com.ar\/product\/isla-victoria-y-bosque-de-arrayanes-sin-traslado\/\",\"url\":\"https:\/\/barilocheexcursiones.com.ar\/product\/isla-victoria-y-bosque-de-arrayanes-sin-traslado\/\",\"name\":\"Navegacion por Nahuel Huapi: Isla Victoria y Bosque de Arrayanes - Bariloche Excursiones\",\"isPartOf\":{\"@id\":\"https:\/\/barilocheexcursiones.com.ar\/#website\"},\"primaryImageOfPage\":{\"@id\":\"https:\/\/barilocheexcursiones.com.ar\/product\/isla-victoria-y-bosque-de-arrayanes-sin-traslado\/#primaryimage\"},\"image\":{\"@id\":\"https:\/\/barilocheexcursiones.com.ar\/product\/isla-victoria-y-bosque-de-arrayanes-sin-traslado\/#primaryimage\"},\"thumbnailUrl\":\"https:\/\/barilocheexcursiones.com.ar\/wp-content\/uploads\/2025\/03\/3-A-IMG_6223-scaled.jpg\",\"datePublished\":\"2025-03-23T23:52:17+00:00\",\"dateModified\":\"2026-04-07T15:10:36+00:00\",\"description\":\"Naveg\u00e1 desde Puerto Pa\u00f1uelo a los paisajes m\u00e1s emblem\u00e1ticos de la Patagonia: \u00e1rboles centenarios, senderos y playas. Opci\u00f3n sin traslado desde el centro.\",\"breadcrumb\":{\"@id\":\"https:\/\/barilocheexcursiones.com.ar\/product\/isla-victoria-y-bosque-de-arrayanes-sin-traslado\/#breadcrumb\"},\"inLanguage\":\"pt-BR\",\"potentialAction\":[{\"@type\":\"ReadAction\",\"target\":[\"https:\/\/barilocheexcursiones.com.ar\/product\/isla-victoria-y-bosque-de-arrayanes-sin-traslado\/\"]}]},{\"@type\":\"ImageObject\",\"inLanguage\":\"pt-BR\",\"@id\":\"https:\/\/barilocheexcursiones.com.ar\/product\/isla-victoria-y-bosque-de-arrayanes-sin-traslado\/#primaryimage\",\"url\":\"https:\/\/barilocheexcursiones.com.ar\/wp-content\/uploads\/2025\/03\/3-A-IMG_6223-scaled.jpg\",\"contentUrl\":\"https:\/\/barilocheexcursiones.com.ar\/wp-content\/uploads\/2025\/03\/3-A-IMG_6223-scaled.jpg\",\"width\":1920,\"height\":2560},{\"@type\":\"BreadcrumbList\",\"@id\":\"https:\/\/barilocheexcursiones.com.ar\/product\/isla-victoria-y-bosque-de-arrayanes-sin-traslado\/#breadcrumb\",\"itemListElement\":[{\"@type\":\"ListItem\",\"position\":1,\"name\":\"Home\",\"item\":\"https:\/\/barilocheexcursiones.com.ar\/\"},{\"@type\":\"ListItem\",\"position\":2,\"name\":\"Excursiones, traslados y m\u00e1s!\",\"item\":\"https:\/\/barilocheexcursiones.com.ar\/shop\/\"},{\"@type\":\"ListItem\",\"position\":3,\"name\":\"Navegaci\u00f3n por Nahuel Huapi: Isla Victoria y Bosque de Arrayanes sin traslado\"}]},{\"@type\":\"WebSite\",\"@id\":\"https:\/\/barilocheexcursiones.com.ar\/#website\",\"url\":\"https:\/\/barilocheexcursiones.com.ar\/\",\"name\":\"Bariloche Excursiones\",\"description\":\"Vivir la experiencia en Bariloche\",\"publisher\":{\"@id\":\"https:\/\/barilocheexcursiones.com.ar\/#organization\"},\"potentialAction\":[{\"@type\":\"SearchAction\",\"target\":{\"@type\":\"EntryPoint\",\"urlTemplate\":\"https:\/\/barilocheexcursiones.com.ar\/?s={search_term_string}\"},\"query-input\":{\"@type\":\"PropertyValueSpecification\",\"valueRequired\":true,\"valueName\":\"search_term_string\"}}],\"inLanguage\":\"pt-BR\"},{\"@type\":\"Organization\",\"@id\":\"https:\/\/barilocheexcursiones.com.ar\/#organization\",\"name\":\"Bariloche Excursiones\",\"url\":\"https:\/\/barilocheexcursiones.com.ar\/\",\"logo\":{\"@type\":\"ImageObject\",\"inLanguage\":\"pt-BR\",\"@id\":\"https:\/\/barilocheexcursiones.com.ar\/#\/schema\/logo\/image\/\",\"url\":\"https:\/\/barilocheexcursiones.com.ar\/wp-content\/uploads\/2025\/04\/bariloche-excursiones-logo.png\",\"contentUrl\":\"https:\/\/barilocheexcursiones.com.ar\/wp-content\/uploads\/2025\/04\/bariloche-excursiones-logo.png\",\"width\":512,\"height\":512,\"caption\":\"Bariloche Excursiones\"},\"image\":{\"@id\":\"https:\/\/barilocheexcursiones.com.ar\/#\/schema\/logo\/image\/\"}}]}<\/script>\n<meta property=\"product:price:amount\" content=\"163200.00\" \/>\n<meta property=\"product:price:currency\" content=\"ARS\" \/>\n<meta property=\"og:availability\" content=\"instock\" \/>\n<meta property=\"product:availability\" content=\"instock\" \/>\n<meta property=\"product:retailer_item_id\" content=\"ADV2025ISVIYB4A10\" \/>\n<meta property=\"product:condition\" content=\"new\" \/>\n<!-- \/ Yoast SEO Premium plugin. -->","yoast_head_json":{"title":"Navega\u00e7\u00e3o em Nahuel Huapi: Ilha Victoria e Bosque de Arrayanes - Bariloche Excursions","description":"Navegue de Puerto Pa\u00f1uelo at\u00e9 as paisagens mais emblem\u00e1ticas da Patag\u00f4nia: \u00e1rvores centen\u00e1rias, trilhas e praias. Op\u00e7\u00e3o sem traslado do centro.","robots":{"index":"index","follow":"follow","max-snippet":"max-snippet:-1","max-image-preview":"max-image-preview:large","max-video-preview":"max-video-preview:-1"},"canonical":"https:\/\/barilocheexcursiones.com.ar\/pt\/product\/victoria-island-e-arrayanes-forest-sem-realocacao\/","og_locale":"pt_BR","og_type":"article","og_title":"Navegaci\u00f3n por Nahuel Huapi: Isla Victoria y Bosque de Arrayanes sin traslado","og_description":"Naveg\u00e1 desde Puerto Pa\u00f1uelo a los paisajes m\u00e1s emblem\u00e1ticos de la Patagonia: \u00e1rboles centenarios, senderos y playas. Opci\u00f3n sin traslado desde el centro.","og_url":"https:\/\/barilocheexcursiones.com.ar\/pt\/product\/victoria-island-e-arrayanes-forest-sem-realocacao\/","og_site_name":"Bariloche Excursiones","article_modified_time":"2026-04-07T15:10:36+00:00","og_image":[{"width":1920,"height":2560,"url":"https:\/\/barilocheexcursiones.com.ar\/wp-content\/uploads\/2025\/03\/3-A-IMG_6223-scaled.jpg","type":"image\/jpeg"}],"twitter_card":"summary_large_image","twitter_misc":{"Pre\u00e7o":"&#36;&nbsp;163.200,00","Disponibilidade":"Em Estoque"},"schema":{"@context":"https:\/\/schema.org","@graph":[{"@type":["WebPage","ItemPage"],"@id":"https:\/\/barilocheexcursiones.com.ar\/product\/isla-victoria-y-bosque-de-arrayanes-sin-traslado\/","url":"https:\/\/barilocheexcursiones.com.ar\/product\/isla-victoria-y-bosque-de-arrayanes-sin-traslado\/","name":"Navega\u00e7\u00e3o em Nahuel Huapi: Ilha Victoria e Bosque de Arrayanes - Bariloche Excursions","isPartOf":{"@id":"https:\/\/barilocheexcursiones.com.ar\/#website"},"primaryImageOfPage":{"@id":"https:\/\/barilocheexcursiones.com.ar\/product\/isla-victoria-y-bosque-de-arrayanes-sin-traslado\/#primaryimage"},"image":{"@id":"https:\/\/barilocheexcursiones.com.ar\/product\/isla-victoria-y-bosque-de-arrayanes-sin-traslado\/#primaryimage"},"thumbnailUrl":"https:\/\/barilocheexcursiones.com.ar\/wp-content\/uploads\/2025\/03\/3-A-IMG_6223-scaled.jpg","datePublished":"2025-03-23T23:52:17+00:00","dateModified":"2026-04-07T15:10:36+00:00","description":"Navegue de Puerto Pa\u00f1uelo at\u00e9 as paisagens mais emblem\u00e1ticas da Patag\u00f4nia: \u00e1rvores centen\u00e1rias, trilhas e praias. Op\u00e7\u00e3o sem traslado do centro.","breadcrumb":{"@id":"https:\/\/barilocheexcursiones.com.ar\/product\/isla-victoria-y-bosque-de-arrayanes-sin-traslado\/#breadcrumb"},"inLanguage":"pt-BR","potentialAction":[{"@type":"ReadAction","target":["https:\/\/barilocheexcursiones.com.ar\/product\/isla-victoria-y-bosque-de-arrayanes-sin-traslado\/"]}]},{"@type":"ImageObject","inLanguage":"pt-BR","@id":"https:\/\/barilocheexcursiones.com.ar\/product\/isla-victoria-y-bosque-de-arrayanes-sin-traslado\/#primaryimage","url":"https:\/\/barilocheexcursiones.com.ar\/wp-content\/uploads\/2025\/03\/3-A-IMG_6223-scaled.jpg","contentUrl":"https:\/\/barilocheexcursiones.com.ar\/wp-content\/uploads\/2025\/03\/3-A-IMG_6223-scaled.jpg","width":1920,"height":2560},{"@type":"BreadcrumbList","@id":"https:\/\/barilocheexcursiones.com.ar\/product\/isla-victoria-y-bosque-de-arrayanes-sin-traslado\/#breadcrumb","itemListElement":[{"@type":"ListItem","position":1,"name":"Home","item":"https:\/\/barilocheexcursiones.com.ar\/"},{"@type":"ListItem","position":2,"name":"Excursiones, traslados y m\u00e1s!","item":"https:\/\/barilocheexcursiones.com.ar\/shop\/"},{"@type":"ListItem","position":3,"name":"Navegaci\u00f3n por Nahuel Huapi: Isla Victoria y Bosque de Arrayanes sin traslado"}]},{"@type":"WebSite","@id":"https:\/\/barilocheexcursiones.com.ar\/#website","url":"https:\/\/barilocheexcursiones.com.ar\/","name":"Excurs\u00f5es em Bariloche","description":"Experi\u00eancia em Bariloche","publisher":{"@id":"https:\/\/barilocheexcursiones.com.ar\/#organization"},"potentialAction":[{"@type":"SearchAction","target":{"@type":"EntryPoint","urlTemplate":"https:\/\/barilocheexcursiones.com.ar\/?s={search_term_string}"},"query-input":{"@type":"PropertyValueSpecification","valueRequired":true,"valueName":"search_term_string"}}],"inLanguage":"pt-BR"},{"@type":"Organization","@id":"https:\/\/barilocheexcursiones.com.ar\/#organization","name":"Excurs\u00f5es em Bariloche","url":"https:\/\/barilocheexcursiones.com.ar\/","logo":{"@type":"ImageObject","inLanguage":"pt-BR","@id":"https:\/\/barilocheexcursiones.com.ar\/#\/schema\/logo\/image\/","url":"https:\/\/barilocheexcursiones.com.ar\/wp-content\/uploads\/2025\/04\/bariloche-excursiones-logo.png","contentUrl":"https:\/\/barilocheexcursiones.com.ar\/wp-content\/uploads\/2025\/04\/bariloche-excursiones-logo.png","width":512,"height":512,"caption":"Bariloche Excursiones"},"image":{"@id":"https:\/\/barilocheexcursiones.com.ar\/#\/schema\/logo\/image\/"}}]},"product_price_amount":"163200.00","product_price_currency":"ARS","og_availability":"instock","product_availability":"instock","product_retailer_item_id":"ADV2025ISVIYB4A10","product_condition":"new"},"_links":{"self":[{"href":"https:\/\/barilocheexcursiones.com.ar\/pt\/wp-json\/wp\/v2\/product\/796","targetHints":{"allow":["GET"]}}],"collection":[{"href":"https:\/\/barilocheexcursiones.com.ar\/pt\/wp-json\/wp\/v2\/product"}],"about":[{"href":"https:\/\/barilocheexcursiones.com.ar\/pt\/wp-json\/wp\/v2\/types\/product"}],"replies":[{"embeddable":true,"href":"https:\/\/barilocheexcursiones.com.ar\/pt\/wp-json\/wp\/v2\/comments?post=796"}],"version-history":[{"count":10,"href":"https:\/\/barilocheexcursiones.com.ar\/pt\/wp-json\/wp\/v2\/product\/796\/revisions"}],"predecessor-version":[{"id":17747,"href":"https:\/\/barilocheexcursiones.com.ar\/pt\/wp-json\/wp\/v2\/product\/796\/revisions\/17747"}],"wp:featuredmedia":[{"embeddable":true,"href":"https:\/\/barilocheexcursiones.com.ar\/pt\/wp-json\/wp\/v2\/media\/16872"}],"wp:attachment":[{"href":"https:\/\/barilocheexcursiones.com.ar\/pt\/wp-json\/wp\/v2\/media?parent=796"}],"wp:term":[{"taxonomy":"product_brand","embeddable":true,"href":"https:\/\/barilocheexcursiones.com.ar\/pt\/wp-json\/wp\/v2\/product_brand?post=796"},{"taxonomy":"product_cat","embeddable":true,"href":"https:\/\/barilocheexcursiones.com.ar\/pt\/wp-json\/wp\/v2\/product_cat?post=796"},{"taxonomy":"product_tag","embeddable":true,"href":"https:\/\/barilocheexcursiones.com.ar\/pt\/wp-json\/wp\/v2\/product_tag?post=796"}],"curies":[{"name":"wp","href":"https:\/\/api.w.org\/{rel}","templated":true}]}}