{"id":795,"date":"2025-03-23T20:52:05","date_gmt":"2025-03-23T23:52:05","guid":{"rendered":"https:\/\/barilocheexcursiones.com.ar\/?post_type=product&#038;p=795"},"modified":"2026-04-04T10:27:29","modified_gmt":"2026-04-04T13:27:29","slug":"puerto-blest-y-cascada-los-cantaros-sin-traslado","status":"publish","type":"product","link":"https:\/\/barilocheexcursiones.com.ar\/pt\/product\/puerto-blest-e-cachoeira-los-cantaros-sem-realocacao\/","title":{"rendered":"Puerto Blest e Cachoeira Los C\u00e1ntaros a partir de Puerto Pa\u00f1uelo (sem traslado)"},"content":{"rendered":"<h3 data-start=\"449\" data-end=\"503\">Uma experi\u00eancia natural, diretamente do porto<\/h3>\n<p data-start=\"504\" data-end=\"963\">Se voc\u00ea tiver mobilidade pr\u00f3pria ou se preferir organizar o dia do seu jeito, esta vers\u00e3o da excurs\u00e3o para <strong data-start=\"607\" data-end=\"649\">Puerto Blest e Cachoeira Los C\u00e1ntaros<\/strong> \u00e9 ideal para voc\u00ea. A caminhada come\u00e7a diretamente de <strong data-start=\"703\" data-end=\"721\">Puerto Pa\u00f1uelo<\/strong>, localizado na Avenida Bustillo, a 25 quil\u00f4metros do centro de Bariloche. L\u00e1, voc\u00ea embarcar\u00e1 em um moderno catamar\u00e3 para navegar pela <strong data-start=\"856\" data-end=\"871\">Bra\u00e7o aben\u00e7oado<\/strong>, O lago Nahuel Huapi \u00e9 cercado por uma vegeta\u00e7\u00e3o intensa, montanhas e \u00e1guas cristalinas.<\/p>\n<p data-start=\"965\" data-end=\"1452\">Durante a navega\u00e7\u00e3o, voc\u00ea passar\u00e1 pelo <strong data-start=\"1003\" data-end=\"1023\">Ilhota Sentinela<\/strong>, o local hist\u00f3rico que guarda os restos do Perito Moreno, e voc\u00ea chegar\u00e1 a <strong data-start=\"1095\" data-end=\"1111\">Puerto Blest<\/strong>, Esse \u00e9 o ponto de partida para explorar trilhas imersas na floresta tropical de Vald\u00edvia. Uma caminhada guiada o levar\u00e1 \u00e0 impressionante <strong data-start=\"1235\" data-end=\"1259\">Cachoeira Los C\u00e1ntaros<\/strong>, As passarelas e as escadas de madeira conectam diferentes pontos de vista. Voc\u00ea tamb\u00e9m pode optar por adicionar a navega\u00e7\u00e3o ao <strong data-start=\"1388\" data-end=\"1402\">Lago Frias<\/strong>, com suas \u00e1guas verde-esmeralda de origem glacial.<\/p>\n<p data-start=\"1454\" data-end=\"1788\">A excurs\u00e3o dura aproximadamente das 9:00 \u00e0s 17:30 hs. N\u00e3o inclui o traslado at\u00e9 o porto, taxas ou alimenta\u00e7\u00e3o, mas inclui toda a organiza\u00e7\u00e3o no destino: <strong data-start=\"1624\" data-end=\"1662\">Orienta\u00e7\u00e3o, navega\u00e7\u00e3o e caminhada guiada<\/strong>. \u00c9 uma op\u00e7\u00e3o ideal para quem j\u00e1 est\u00e1 na \u00e1rea de Llao Llao ou quer uma alternativa mais flex\u00edvel e econ\u00f4mica.<\/p>\n<h3 data-start=\"1795\" data-end=\"1821\">Perguntas frequentes<\/h3>\n<p data-start=\"1822\" data-end=\"1941\"><strong data-start=\"1822\" data-end=\"1867\">Onde fica Puerto Pa\u00f1uelo e como fa\u00e7o para chegar l\u00e1?<\/strong><br data-start=\"1867\" data-end=\"1870\" \/>No km 25 da Avenida Bustillo. \u00c9 poss\u00edvel ir de carro, t\u00e1xi, remis ou \u00f4nibus.<\/p>\n<p data-start=\"1943\" data-end=\"2047\"><strong data-start=\"1943\" data-end=\"1968\">O que eu preciso levar?<\/strong><br data-start=\"1968\" data-end=\"1971\" \/>Roupas confort\u00e1veis, agasalhos, cal\u00e7ados fechados e algo para comer ou comprar no destino.<\/p>\n<p data-start=\"2049\" data-end=\"2157\"><strong data-start=\"2049\" data-end=\"2081\">A caminhada \u00e9 obrigat\u00f3ria?<\/strong><br data-start=\"2081\" data-end=\"2084\" \/>N\u00e3o, \u00e9 opcional, mas altamente recomendado. O ambiente \u00e9 seguro e acess\u00edvel.<\/p>\n<p data-start=\"2159\" data-end=\"2272\"><strong data-start=\"2159\" data-end=\"2200\">Posso adicionar o Lago Frias no local?<\/strong><br data-start=\"2200\" data-end=\"2203\" \/>Sim, pode ser contratado no destino, sujeito \u00e0 disponibilidade operacional.<\/p>","protected":false},"excerpt":{"rendered":"<p data-start=\"2523\" data-end=\"2720\">Excurs\u00e3o de Puerto Pa\u00f1uelo sem traslado. Navega\u00e7\u00e3o no Lago Nahuel Huapi, caminhada guiada at\u00e9 a Cachoeira Los C\u00e1ntaros e op\u00e7\u00e3o do Lago Fr\u00edas. Ideal para quem est\u00e1 de carro ou hospedado nas proximidades.<\/p>","protected":false},"featured_media":16877,"comment_status":"open","ping_status":"closed","template":"","meta":[],"product_brand":[],"product_cat":[91,88,173,170,167,168,171,172],"product_tag":[],"class_list":{"0":"post-795","1":"product","2":"type-product","3":"status-publish","4":"has-post-thumbnail","6":"product_cat-adultos","7":"product_cat-familia","8":"product_cat-jubilados-apto","9":"product_cat-lacustre-tipo","10":"product_cat-ninos-apto","11":"product_cat-sin-comida-incluido","12":"product_cat-sin-traslado-movilidad","13":"product_cat-todo-el-ano-temporada","15":"first","16":"instock","17":"virtual","18":"sold-individually","19":"purchasable","20":"product-type-booking"},"booking_location":"","booking_location_type":"","booking_duration":60,"booking_duration_unit":"minute","booking_buffer":0,"booking_cost":0,"booking_resources":[],"exclude_global_add_ons":false,"addons":[{"name":"ADU: Adulto","type":"input_multiplier","position":0,"required":false,"title_format":"label","default":"","description_enable":false,"description":"","placeholder_enable":false,"placeholder":"","display":"select","restrictions_type":"any_text","adjust_price":true,"price":"136000","price_type":"quantity_based","restrictions":false,"min":"0","max":"0","options":[],"id":1773233626},{"name":"MEN512 | 5 a 12","type":"input_multiplier","position":1,"required":false,"title_format":"label","default":"","description_enable":false,"description":"","placeholder_enable":false,"placeholder":"","display":"select","restrictions_type":"any_text","adjust_price":true,"price":"70000","price_type":"quantity_based","restrictions":false,"min":"0","max":"0","options":[],"id":1773233627},{"name":"ADUJ : Aposentado","type":"input_multiplier","position":2,"required":false,"title_format":"label","default":"","description_enable":false,"description":"","placeholder_enable":false,"placeholder":"","display":"select","restrictions_type":"any_text","adjust_price":true,"price":"70000","price_type":"quantity_based","restrictions":false,"min":"0","max":"0","options":[],"id":1773233628}],"yoast_head":"<!-- This site is optimized with the Yoast SEO Premium plugin v24.5 (Yoast SEO v24.8) - https:\/\/yoast.com\/wordpress\/plugins\/seo\/ -->\n<title>Puerto Blest y Cascada Los C\u00e1ntaros (Sin traslado) - Bariloche Excursiones<\/title>\n<meta name=\"description\" content=\"Excursi\u00f3n sin traslado desde Puerto Pa\u00f1uelo a Puerto Blest y Cascada Los C\u00e1ntaros. Incluye navegaci\u00f3n guiada y caminata.\" \/>\n<meta name=\"robots\" content=\"index, follow, max-snippet:-1, max-image-preview:large, max-video-preview:-1\" \/>\n<link rel=\"canonical\" href=\"https:\/\/barilocheexcursiones.com.ar\/pt\/product\/puerto-blest-e-cachoeira-los-cantaros-sem-realocacao\/\" \/>\n<meta property=\"og:locale\" content=\"pt_BR\" \/>\n<meta property=\"og:type\" content=\"article\" \/>\n<meta property=\"og:title\" content=\"Puerto Blest y Cascada Los C\u00e1ntaros desde Puerto Pa\u00f1uelo (sin traslado)\" \/>\n<meta property=\"og:description\" content=\"Excursi\u00f3n sin traslado desde Puerto Pa\u00f1uelo a Puerto Blest y Cascada Los C\u00e1ntaros. Incluye navegaci\u00f3n guiada y caminata.\" \/>\n<meta property=\"og:url\" content=\"https:\/\/barilocheexcursiones.com.ar\/pt\/product\/puerto-blest-e-cachoeira-los-cantaros-sem-realocacao\/\" \/>\n<meta property=\"og:site_name\" content=\"Bariloche Excursiones\" \/>\n<meta property=\"article:modified_time\" content=\"2026-04-04T13:27:29+00:00\" \/>\n<meta property=\"og:image\" content=\"https:\/\/barilocheexcursiones.com.ar\/wp-content\/uploads\/2025\/03\/3-B-WhatsApp-Image-2022-12-20-at-13.27.06-scaled.jpg\" \/>\n\t<meta property=\"og:image:width\" content=\"1920\" \/>\n\t<meta property=\"og:image:height\" content=\"2560\" \/>\n\t<meta property=\"og:image:type\" content=\"image\/jpeg\" \/>\n<meta name=\"twitter:card\" content=\"summary_large_image\" \/>\n<meta name=\"twitter:label1\" content=\"Pre\u00e7o\" \/>\n\t<meta name=\"twitter:data1\" content=\"&#036;&nbsp;136.000,00\" \/>\n\t<meta name=\"twitter:label2\" content=\"Disponibilidade\" \/>\n\t<meta name=\"twitter:data2\" content=\"Em Estoque\" \/>\n<script type=\"application\/ld+json\" class=\"yoast-schema-graph\">{\"@context\":\"https:\/\/schema.org\",\"@graph\":[{\"@type\":[\"WebPage\",\"ItemPage\"],\"@id\":\"https:\/\/barilocheexcursiones.com.ar\/product\/puerto-blest-y-cascada-los-cantaros-sin-traslado\/\",\"url\":\"https:\/\/barilocheexcursiones.com.ar\/product\/puerto-blest-y-cascada-los-cantaros-sin-traslado\/\",\"name\":\"Puerto Blest y Cascada Los C\u00e1ntaros (Sin traslado) - Bariloche Excursiones\",\"isPartOf\":{\"@id\":\"https:\/\/barilocheexcursiones.com.ar\/#website\"},\"primaryImageOfPage\":{\"@id\":\"https:\/\/barilocheexcursiones.com.ar\/product\/puerto-blest-y-cascada-los-cantaros-sin-traslado\/#primaryimage\"},\"image\":{\"@id\":\"https:\/\/barilocheexcursiones.com.ar\/product\/puerto-blest-y-cascada-los-cantaros-sin-traslado\/#primaryimage\"},\"thumbnailUrl\":\"https:\/\/barilocheexcursiones.com.ar\/wp-content\/uploads\/2025\/03\/3-B-WhatsApp-Image-2022-12-20-at-13.27.06-scaled.jpg\",\"datePublished\":\"2025-03-23T23:52:05+00:00\",\"dateModified\":\"2026-04-04T13:27:29+00:00\",\"description\":\"Excursi\u00f3n sin traslado desde Puerto Pa\u00f1uelo a Puerto Blest y Cascada Los C\u00e1ntaros. Incluye navegaci\u00f3n guiada y caminata.\",\"breadcrumb\":{\"@id\":\"https:\/\/barilocheexcursiones.com.ar\/product\/puerto-blest-y-cascada-los-cantaros-sin-traslado\/#breadcrumb\"},\"inLanguage\":\"pt-BR\",\"potentialAction\":[{\"@type\":\"ReadAction\",\"target\":[\"https:\/\/barilocheexcursiones.com.ar\/product\/puerto-blest-y-cascada-los-cantaros-sin-traslado\/\"]}]},{\"@type\":\"ImageObject\",\"inLanguage\":\"pt-BR\",\"@id\":\"https:\/\/barilocheexcursiones.com.ar\/product\/puerto-blest-y-cascada-los-cantaros-sin-traslado\/#primaryimage\",\"url\":\"https:\/\/barilocheexcursiones.com.ar\/wp-content\/uploads\/2025\/03\/3-B-WhatsApp-Image-2022-12-20-at-13.27.06-scaled.jpg\",\"contentUrl\":\"https:\/\/barilocheexcursiones.com.ar\/wp-content\/uploads\/2025\/03\/3-B-WhatsApp-Image-2022-12-20-at-13.27.06-scaled.jpg\",\"width\":1920,\"height\":2560},{\"@type\":\"BreadcrumbList\",\"@id\":\"https:\/\/barilocheexcursiones.com.ar\/product\/puerto-blest-y-cascada-los-cantaros-sin-traslado\/#breadcrumb\",\"itemListElement\":[{\"@type\":\"ListItem\",\"position\":1,\"name\":\"Home\",\"item\":\"https:\/\/barilocheexcursiones.com.ar\/\"},{\"@type\":\"ListItem\",\"position\":2,\"name\":\"Excursiones, traslados y m\u00e1s!\",\"item\":\"https:\/\/barilocheexcursiones.com.ar\/shop\/\"},{\"@type\":\"ListItem\",\"position\":3,\"name\":\"Puerto Blest y Cascada Los C\u00e1ntaros desde Puerto Pa\u00f1uelo (sin traslado)\"}]},{\"@type\":\"WebSite\",\"@id\":\"https:\/\/barilocheexcursiones.com.ar\/#website\",\"url\":\"https:\/\/barilocheexcursiones.com.ar\/\",\"name\":\"Bariloche Excursiones\",\"description\":\"Vivir la experiencia en Bariloche\",\"publisher\":{\"@id\":\"https:\/\/barilocheexcursiones.com.ar\/#organization\"},\"potentialAction\":[{\"@type\":\"SearchAction\",\"target\":{\"@type\":\"EntryPoint\",\"urlTemplate\":\"https:\/\/barilocheexcursiones.com.ar\/?s={search_term_string}\"},\"query-input\":{\"@type\":\"PropertyValueSpecification\",\"valueRequired\":true,\"valueName\":\"search_term_string\"}}],\"inLanguage\":\"pt-BR\"},{\"@type\":\"Organization\",\"@id\":\"https:\/\/barilocheexcursiones.com.ar\/#organization\",\"name\":\"Bariloche Excursiones\",\"url\":\"https:\/\/barilocheexcursiones.com.ar\/\",\"logo\":{\"@type\":\"ImageObject\",\"inLanguage\":\"pt-BR\",\"@id\":\"https:\/\/barilocheexcursiones.com.ar\/#\/schema\/logo\/image\/\",\"url\":\"https:\/\/barilocheexcursiones.com.ar\/wp-content\/uploads\/2025\/04\/bariloche-excursiones-logo.png\",\"contentUrl\":\"https:\/\/barilocheexcursiones.com.ar\/wp-content\/uploads\/2025\/04\/bariloche-excursiones-logo.png\",\"width\":512,\"height\":512,\"caption\":\"Bariloche Excursiones\"},\"image\":{\"@id\":\"https:\/\/barilocheexcursiones.com.ar\/#\/schema\/logo\/image\/\"}}]}<\/script>\n<meta property=\"product:price:amount\" content=\"136000.00\" \/>\n<meta property=\"product:price:currency\" content=\"ARS\" \/>\n<meta property=\"og:availability\" content=\"instock\" \/>\n<meta property=\"product:availability\" content=\"instock\" \/>\n<meta property=\"product:retailer_item_id\" content=\"ADV2025PUBLYC297O\" \/>\n<meta property=\"product:condition\" content=\"new\" \/>\n<!-- \/ Yoast SEO Premium plugin. -->","yoast_head_json":{"title":"Puerto Blest e Cascata Los C\u00e1ntaros (sem traslado) - Bariloche Excursions","description":"Excurs\u00e3o sem traslado de Puerto Pa\u00f1uelo para Puerto Blest e Cachoeira Los C\u00e1ntaros. Inclui navega\u00e7\u00e3o guiada e caminhada.","robots":{"index":"index","follow":"follow","max-snippet":"max-snippet:-1","max-image-preview":"max-image-preview:large","max-video-preview":"max-video-preview:-1"},"canonical":"https:\/\/barilocheexcursiones.com.ar\/pt\/product\/puerto-blest-e-cachoeira-los-cantaros-sem-realocacao\/","og_locale":"pt_BR","og_type":"article","og_title":"Puerto Blest y Cascada Los C\u00e1ntaros desde Puerto Pa\u00f1uelo (sin traslado)","og_description":"Excursi\u00f3n sin traslado desde Puerto Pa\u00f1uelo a Puerto Blest y Cascada Los C\u00e1ntaros. Incluye navegaci\u00f3n guiada y caminata.","og_url":"https:\/\/barilocheexcursiones.com.ar\/pt\/product\/puerto-blest-e-cachoeira-los-cantaros-sem-realocacao\/","og_site_name":"Bariloche Excursiones","article_modified_time":"2026-04-04T13:27:29+00:00","og_image":[{"width":1920,"height":2560,"url":"https:\/\/barilocheexcursiones.com.ar\/wp-content\/uploads\/2025\/03\/3-B-WhatsApp-Image-2022-12-20-at-13.27.06-scaled.jpg","type":"image\/jpeg"}],"twitter_card":"summary_large_image","twitter_misc":{"Pre\u00e7o":"&#36;&nbsp;136.000,00","Disponibilidade":"Em Estoque"},"schema":{"@context":"https:\/\/schema.org","@graph":[{"@type":["WebPage","ItemPage"],"@id":"https:\/\/barilocheexcursiones.com.ar\/product\/puerto-blest-y-cascada-los-cantaros-sin-traslado\/","url":"https:\/\/barilocheexcursiones.com.ar\/product\/puerto-blest-y-cascada-los-cantaros-sin-traslado\/","name":"Puerto Blest e Cascata Los C\u00e1ntaros (sem traslado) - Bariloche Excursions","isPartOf":{"@id":"https:\/\/barilocheexcursiones.com.ar\/#website"},"primaryImageOfPage":{"@id":"https:\/\/barilocheexcursiones.com.ar\/product\/puerto-blest-y-cascada-los-cantaros-sin-traslado\/#primaryimage"},"image":{"@id":"https:\/\/barilocheexcursiones.com.ar\/product\/puerto-blest-y-cascada-los-cantaros-sin-traslado\/#primaryimage"},"thumbnailUrl":"https:\/\/barilocheexcursiones.com.ar\/wp-content\/uploads\/2025\/03\/3-B-WhatsApp-Image-2022-12-20-at-13.27.06-scaled.jpg","datePublished":"2025-03-23T23:52:05+00:00","dateModified":"2026-04-04T13:27:29+00:00","description":"Excurs\u00e3o sem traslado de Puerto Pa\u00f1uelo para Puerto Blest e Cachoeira Los C\u00e1ntaros. Inclui navega\u00e7\u00e3o guiada e caminhada.","breadcrumb":{"@id":"https:\/\/barilocheexcursiones.com.ar\/product\/puerto-blest-y-cascada-los-cantaros-sin-traslado\/#breadcrumb"},"inLanguage":"pt-BR","potentialAction":[{"@type":"ReadAction","target":["https:\/\/barilocheexcursiones.com.ar\/product\/puerto-blest-y-cascada-los-cantaros-sin-traslado\/"]}]},{"@type":"ImageObject","inLanguage":"pt-BR","@id":"https:\/\/barilocheexcursiones.com.ar\/product\/puerto-blest-y-cascada-los-cantaros-sin-traslado\/#primaryimage","url":"https:\/\/barilocheexcursiones.com.ar\/wp-content\/uploads\/2025\/03\/3-B-WhatsApp-Image-2022-12-20-at-13.27.06-scaled.jpg","contentUrl":"https:\/\/barilocheexcursiones.com.ar\/wp-content\/uploads\/2025\/03\/3-B-WhatsApp-Image-2022-12-20-at-13.27.06-scaled.jpg","width":1920,"height":2560},{"@type":"BreadcrumbList","@id":"https:\/\/barilocheexcursiones.com.ar\/product\/puerto-blest-y-cascada-los-cantaros-sin-traslado\/#breadcrumb","itemListElement":[{"@type":"ListItem","position":1,"name":"Home","item":"https:\/\/barilocheexcursiones.com.ar\/"},{"@type":"ListItem","position":2,"name":"Excursiones, traslados y m\u00e1s!","item":"https:\/\/barilocheexcursiones.com.ar\/shop\/"},{"@type":"ListItem","position":3,"name":"Puerto Blest y Cascada Los C\u00e1ntaros desde Puerto Pa\u00f1uelo (sin traslado)"}]},{"@type":"WebSite","@id":"https:\/\/barilocheexcursiones.com.ar\/#website","url":"https:\/\/barilocheexcursiones.com.ar\/","name":"Excurs\u00f5es em Bariloche","description":"Experi\u00eancia em Bariloche","publisher":{"@id":"https:\/\/barilocheexcursiones.com.ar\/#organization"},"potentialAction":[{"@type":"SearchAction","target":{"@type":"EntryPoint","urlTemplate":"https:\/\/barilocheexcursiones.com.ar\/?s={search_term_string}"},"query-input":{"@type":"PropertyValueSpecification","valueRequired":true,"valueName":"search_term_string"}}],"inLanguage":"pt-BR"},{"@type":"Organization","@id":"https:\/\/barilocheexcursiones.com.ar\/#organization","name":"Excurs\u00f5es em Bariloche","url":"https:\/\/barilocheexcursiones.com.ar\/","logo":{"@type":"ImageObject","inLanguage":"pt-BR","@id":"https:\/\/barilocheexcursiones.com.ar\/#\/schema\/logo\/image\/","url":"https:\/\/barilocheexcursiones.com.ar\/wp-content\/uploads\/2025\/04\/bariloche-excursiones-logo.png","contentUrl":"https:\/\/barilocheexcursiones.com.ar\/wp-content\/uploads\/2025\/04\/bariloche-excursiones-logo.png","width":512,"height":512,"caption":"Bariloche Excursiones"},"image":{"@id":"https:\/\/barilocheexcursiones.com.ar\/#\/schema\/logo\/image\/"}}]},"product_price_amount":"136000.00","product_price_currency":"ARS","og_availability":"instock","product_availability":"instock","product_retailer_item_id":"ADV2025PUBLYC297O","product_condition":"new"},"_links":{"self":[{"href":"https:\/\/barilocheexcursiones.com.ar\/pt\/wp-json\/wp\/v2\/product\/795","targetHints":{"allow":["GET"]}}],"collection":[{"href":"https:\/\/barilocheexcursiones.com.ar\/pt\/wp-json\/wp\/v2\/product"}],"about":[{"href":"https:\/\/barilocheexcursiones.com.ar\/pt\/wp-json\/wp\/v2\/types\/product"}],"replies":[{"embeddable":true,"href":"https:\/\/barilocheexcursiones.com.ar\/pt\/wp-json\/wp\/v2\/comments?post=795"}],"version-history":[{"count":6,"href":"https:\/\/barilocheexcursiones.com.ar\/pt\/wp-json\/wp\/v2\/product\/795\/revisions"}],"predecessor-version":[{"id":17748,"href":"https:\/\/barilocheexcursiones.com.ar\/pt\/wp-json\/wp\/v2\/product\/795\/revisions\/17748"}],"wp:featuredmedia":[{"embeddable":true,"href":"https:\/\/barilocheexcursiones.com.ar\/pt\/wp-json\/wp\/v2\/media\/16877"}],"wp:attachment":[{"href":"https:\/\/barilocheexcursiones.com.ar\/pt\/wp-json\/wp\/v2\/media?parent=795"}],"wp:term":[{"taxonomy":"product_brand","embeddable":true,"href":"https:\/\/barilocheexcursiones.com.ar\/pt\/wp-json\/wp\/v2\/product_brand?post=795"},{"taxonomy":"product_cat","embeddable":true,"href":"https:\/\/barilocheexcursiones.com.ar\/pt\/wp-json\/wp\/v2\/product_cat?post=795"},{"taxonomy":"product_tag","embeddable":true,"href":"https:\/\/barilocheexcursiones.com.ar\/pt\/wp-json\/wp\/v2\/product_tag?post=795"}],"curies":[{"name":"wp","href":"https:\/\/api.w.org\/{rel}","templated":true}]}}