{"id":793,"date":"2025-03-23T20:51:42","date_gmt":"2025-03-23T23:51:42","guid":{"rendered":"https:\/\/barilocheexcursiones.com.ar\/?post_type=product&#038;p=793"},"modified":"2026-04-11T11:14:43","modified_gmt":"2026-04-11T14:14:43","slug":"clase-bautismo-ski-snow-cerro-catedral","status":"publish","type":"product","link":"https:\/\/barilocheexcursiones.com.ar\/pt\/product\/aula-de-batismo-esqui-neve-esqui-cerro-catedral\/","title":{"rendered":"Aula de batismo de esqui ou snowboard: sua primeira experi\u00eancia no Cerro Catedral"},"content":{"rendered":"<h3 data-start=\"475\" data-end=\"555\"><strong data-start=\"479\" data-end=\"555\">Uma introdu\u00e7\u00e3o segura, profissional e abrangente ao mundo do esqui e do snowboard.<\/strong><\/h3>\n<p data-start=\"557\" data-end=\"782\">O Cerro Catedral \u00e9 o epicentro do esqui na Am\u00e9rica do Sul, e n\u00e3o h\u00e1 melhor maneira de come\u00e7ar a praticar esse esporte do que com uma aula de batismo projetada para aqueles que est\u00e3o procurando uma <strong data-start=\"721\" data-end=\"781\">experi\u00eancia de primeira qualidade, segura e bem organizada<\/strong>.<\/p>\n<p data-start=\"784\" data-end=\"1133\">Esse programa foi desenvolvido para pessoas com mais de 12 anos de idade que desejam aprender do zero, guiadas por instrutores qualificados e com todos os elementos necess\u00e1rios inclu\u00eddos. O dia come\u00e7a com o traslado dos pontos de encontro localizados entre o centro de Bariloche e o km 8 das avenidas Bustillo ou Pioneros, at\u00e9 a base do Cerro Catedral.<\/p>\n<p data-start=\"1135\" data-end=\"1340\">Uma vez l\u00e1, voc\u00ea receber\u00e1 o equipamento completo (esqui ou snowboard) e ter\u00e1 uma aula em grupo de duas horas. Depois disso, voc\u00ea ter\u00e1 tempo livre para praticar o que aprendeu em \u00e1reas projetadas para iniciantes.<\/p>\n<h3 data-start=\"1440\" data-end=\"1456\"><strong data-start=\"1444\" data-end=\"1456\">Ele inclui:<\/strong><\/h3>\n<ul data-start=\"1458\" data-end=\"1709\">\n<li data-start=\"1458\" data-end=\"1524\">\n<p data-start=\"1460\" data-end=\"1524\">Traslados de e para pontos pr\u00f3ximos \u00e0 sua acomoda\u00e7\u00e3o.<\/p>\n<\/li>\n<li data-start=\"1525\" data-end=\"1585\">\n<p data-start=\"1527\" data-end=\"1585\">Equipamento t\u00e9cnico completo para a atividade escolhida.<\/p>\n<\/li>\n<li data-start=\"1586\" data-end=\"1653\">\n<p data-start=\"1588\" data-end=\"1653\">Aula em grupo intensiva de duas horas com instrutor profissional.<\/p>\n<\/li>\n<li data-start=\"1654\" data-end=\"1709\">\n<p data-start=\"1656\" data-end=\"1709\">Tempo livre para continuar praticando com a equipe.<\/p>\n<\/li>\n<\/ul>\n<p data-start=\"1711\" data-end=\"1783\"><strong data-start=\"1711\" data-end=\"1725\">N\u00e3o inclui<\/strong>Roupas para neve, refei\u00e7\u00f5es e ingressos para o telef\u00e9rico.<\/p>\n<h3 data-start=\"1790\" data-end=\"1818\"><strong data-start=\"1794\" data-end=\"1818\">Perguntas frequentes<\/strong><\/h3>\n<p data-start=\"1820\" data-end=\"1951\"><strong data-start=\"1820\" data-end=\"1860\">\u00c9 apenas para iniciantes?<\/strong><br data-start=\"1860\" data-end=\"1863\" \/>Sim, \u00e9 uma aula introdut\u00f3ria ideal para aqueles que nunca esquiaram ou praticaram snowboard.<\/p>\n<p data-start=\"1953\" data-end=\"2082\"><strong data-start=\"1953\" data-end=\"1974\">O que devo levar?<\/strong><br data-start=\"1974\" data-end=\"1977\" \/>Roupas para neve ou casaco imperme\u00e1vel, luvas e prote\u00e7\u00e3o solar. O equipamento t\u00e9cnico \u00e9 fornecido pela excurs\u00e3o.<\/p>\n<p data-start=\"2084\" data-end=\"2201\"><strong data-start=\"2084\" data-end=\"2134\">O passe de telef\u00e9rico est\u00e1 inclu\u00eddo?<\/strong><br data-start=\"2134\" data-end=\"2137\" \/>N\u00e3o, o telef\u00e9rico n\u00e3o est\u00e1 inclu\u00eddo no servi\u00e7o.<\/p>\n<p data-start=\"2203\" data-end=\"2348\"><strong data-start=\"2203\" data-end=\"2246\">Qual \u00e9 o n\u00edvel de exig\u00eancia da aula?<\/strong><br data-start=\"2246\" data-end=\"2249\" \/>\u00c9 uma experi\u00eancia de baixa dificuldade, especialmente adaptada para o primeiro contato com a neve.<\/p>\n<p data-start=\"2203\" data-end=\"2348\"><strong>Aviso importante:<\/strong> Este passeio j\u00e1 est\u00e1 dispon\u00edvel para pr\u00e9-reserva. As sa\u00eddas operam de 15 de junho a 20 de agosto, sujeitas ao calend\u00e1rio sazonal.<\/p>","protected":false},"excerpt":{"rendered":"<p>Experimente a magia de esquiar ou praticar snowboard no renomado Cerro Catedral. Tenha acesso a um traslado seguro, equipamento completo e uma aula em grupo, mergulhando em um ambiente que combina aventura e conforto, partindo de Bariloche.<\/p>","protected":false},"featured_media":16884,"comment_status":"open","ping_status":"closed","template":"","meta":[],"product_brand":[],"product_cat":[91,85,100,88,166,168,169],"product_tag":[],"class_list":{"0":"post-793","1":"product","2":"type-product","3":"status-publish","4":"has-post-thumbnail","6":"product_cat-adultos","7":"product_cat-aventura","8":"product_cat-con-traslado","9":"product_cat-familia","10":"product_cat-invierno-temporada","11":"product_cat-sin-comida-incluido","12":"product_cat-terrestre-tipo","14":"first","15":"instock","16":"virtual","17":"sold-individually","18":"purchasable","19":"product-type-booking"},"booking_location":"","booking_location_type":"","booking_duration":1,"booking_duration_unit":"hour","booking_buffer":0,"booking_cost":0,"booking_resources":[],"exclude_global_add_ons":false,"addons":[{"name":"ADU: Adulto","type":"input_multiplier","position":0,"required":false,"title_format":"label","default":"","description_enable":false,"description":"","placeholder_enable":false,"placeholder":"","display":"select","restrictions_type":"any_text","adjust_price":true,"price":"144000","price_type":"quantity_based","restrictions":false,"min":"0","max":"0","options":[],"id":1775905953}],"yoast_head":"<!-- This site is optimized with the Yoast SEO Premium plugin v24.5 (Yoast SEO v24.8) - https:\/\/yoast.com\/wordpress\/plugins\/seo\/ -->\n<title>Clase Bautismo en Ski o Snowboard: Tu Primera Experiencia en el Cerro Catedral - Bariloche Excursiones<\/title>\n<meta name=\"description\" content=\"Clase bautismo en ski o snowboard en Cerro Catedral. Incluye traslado, equipo y clase con instructores expertos. Ideal para principiantes desde 12 a\u00f1os.\" \/>\n<meta name=\"robots\" content=\"index, follow, max-snippet:-1, max-image-preview:large, max-video-preview:-1\" \/>\n<link rel=\"canonical\" href=\"https:\/\/barilocheexcursiones.com.ar\/pt\/product\/aula-de-batismo-esqui-neve-esqui-cerro-catedral\/\" \/>\n<meta property=\"og:locale\" content=\"pt_BR\" \/>\n<meta property=\"og:type\" content=\"article\" \/>\n<meta property=\"og:title\" content=\"Clase Bautismo en Ski o Snowboard: Tu Primera Experiencia en el Cerro Catedral\" \/>\n<meta property=\"og:description\" content=\"Clase bautismo en ski o snowboard en Cerro Catedral. Incluye traslado, equipo y clase con instructores expertos. Ideal para principiantes desde 12 a\u00f1os.\" \/>\n<meta property=\"og:url\" content=\"https:\/\/barilocheexcursiones.com.ar\/pt\/product\/aula-de-batismo-esqui-neve-esqui-cerro-catedral\/\" \/>\n<meta property=\"og:site_name\" content=\"Bariloche Excursiones\" \/>\n<meta property=\"article:modified_time\" content=\"2026-04-11T14:14:43+00:00\" \/>\n<meta property=\"og:image\" content=\"https:\/\/barilocheexcursiones.com.ar\/wp-content\/uploads\/2025\/03\/3-B-IMG_9404-scaled.jpg\" \/>\n\t<meta property=\"og:image:width\" content=\"1920\" \/>\n\t<meta property=\"og:image:height\" content=\"2560\" \/>\n\t<meta property=\"og:image:type\" content=\"image\/jpeg\" \/>\n<meta name=\"twitter:card\" content=\"summary_large_image\" \/>\n<meta name=\"twitter:label1\" content=\"Pre\u00e7o\" \/>\n\t<meta name=\"twitter:data1\" content=\"&#036;&nbsp;144.000,00\" \/>\n\t<meta name=\"twitter:label2\" content=\"Disponibilidade\" \/>\n\t<meta name=\"twitter:data2\" content=\"Em Estoque\" \/>\n<script type=\"application\/ld+json\" class=\"yoast-schema-graph\">{\"@context\":\"https:\/\/schema.org\",\"@graph\":[{\"@type\":[\"WebPage\",\"ItemPage\"],\"@id\":\"https:\/\/barilocheexcursiones.com.ar\/product\/clase-bautismo-ski-snow-cerro-catedral\/\",\"url\":\"https:\/\/barilocheexcursiones.com.ar\/product\/clase-bautismo-ski-snow-cerro-catedral\/\",\"name\":\"Clase Bautismo en Ski o Snowboard: Tu Primera Experiencia en el Cerro Catedral - Bariloche Excursiones\",\"isPartOf\":{\"@id\":\"https:\/\/barilocheexcursiones.com.ar\/#website\"},\"primaryImageOfPage\":{\"@id\":\"https:\/\/barilocheexcursiones.com.ar\/product\/clase-bautismo-ski-snow-cerro-catedral\/#primaryimage\"},\"image\":{\"@id\":\"https:\/\/barilocheexcursiones.com.ar\/product\/clase-bautismo-ski-snow-cerro-catedral\/#primaryimage\"},\"thumbnailUrl\":\"https:\/\/barilocheexcursiones.com.ar\/wp-content\/uploads\/2025\/03\/3-B-IMG_9404-scaled.jpg\",\"datePublished\":\"2025-03-23T23:51:42+00:00\",\"dateModified\":\"2026-04-11T14:14:43+00:00\",\"description\":\"Clase bautismo en ski o snowboard en Cerro Catedral. Incluye traslado, equipo y clase con instructores expertos. Ideal para principiantes desde 12 a\u00f1os.\",\"breadcrumb\":{\"@id\":\"https:\/\/barilocheexcursiones.com.ar\/product\/clase-bautismo-ski-snow-cerro-catedral\/#breadcrumb\"},\"inLanguage\":\"pt-BR\",\"potentialAction\":[{\"@type\":\"ReadAction\",\"target\":[\"https:\/\/barilocheexcursiones.com.ar\/product\/clase-bautismo-ski-snow-cerro-catedral\/\"]}]},{\"@type\":\"ImageObject\",\"inLanguage\":\"pt-BR\",\"@id\":\"https:\/\/barilocheexcursiones.com.ar\/product\/clase-bautismo-ski-snow-cerro-catedral\/#primaryimage\",\"url\":\"https:\/\/barilocheexcursiones.com.ar\/wp-content\/uploads\/2025\/03\/3-B-IMG_9404-scaled.jpg\",\"contentUrl\":\"https:\/\/barilocheexcursiones.com.ar\/wp-content\/uploads\/2025\/03\/3-B-IMG_9404-scaled.jpg\",\"width\":1920,\"height\":2560},{\"@type\":\"BreadcrumbList\",\"@id\":\"https:\/\/barilocheexcursiones.com.ar\/product\/clase-bautismo-ski-snow-cerro-catedral\/#breadcrumb\",\"itemListElement\":[{\"@type\":\"ListItem\",\"position\":1,\"name\":\"Home\",\"item\":\"https:\/\/barilocheexcursiones.com.ar\/\"},{\"@type\":\"ListItem\",\"position\":2,\"name\":\"Excursiones, traslados y m\u00e1s!\",\"item\":\"https:\/\/barilocheexcursiones.com.ar\/shop\/\"},{\"@type\":\"ListItem\",\"position\":3,\"name\":\"Clase Bautismo en Ski o Snowboard: Tu Primera Experiencia en el Cerro Catedral\"}]},{\"@type\":\"WebSite\",\"@id\":\"https:\/\/barilocheexcursiones.com.ar\/#website\",\"url\":\"https:\/\/barilocheexcursiones.com.ar\/\",\"name\":\"Bariloche Excursiones\",\"description\":\"Vivir la experiencia en Bariloche\",\"publisher\":{\"@id\":\"https:\/\/barilocheexcursiones.com.ar\/#organization\"},\"potentialAction\":[{\"@type\":\"SearchAction\",\"target\":{\"@type\":\"EntryPoint\",\"urlTemplate\":\"https:\/\/barilocheexcursiones.com.ar\/?s={search_term_string}\"},\"query-input\":{\"@type\":\"PropertyValueSpecification\",\"valueRequired\":true,\"valueName\":\"search_term_string\"}}],\"inLanguage\":\"pt-BR\"},{\"@type\":\"Organization\",\"@id\":\"https:\/\/barilocheexcursiones.com.ar\/#organization\",\"name\":\"Bariloche Excursiones\",\"url\":\"https:\/\/barilocheexcursiones.com.ar\/\",\"logo\":{\"@type\":\"ImageObject\",\"inLanguage\":\"pt-BR\",\"@id\":\"https:\/\/barilocheexcursiones.com.ar\/#\/schema\/logo\/image\/\",\"url\":\"https:\/\/barilocheexcursiones.com.ar\/wp-content\/uploads\/2025\/04\/bariloche-excursiones-logo.png\",\"contentUrl\":\"https:\/\/barilocheexcursiones.com.ar\/wp-content\/uploads\/2025\/04\/bariloche-excursiones-logo.png\",\"width\":512,\"height\":512,\"caption\":\"Bariloche Excursiones\"},\"image\":{\"@id\":\"https:\/\/barilocheexcursiones.com.ar\/#\/schema\/logo\/image\/\"}}]}<\/script>\n<meta property=\"product:price:amount\" content=\"144000.00\" \/>\n<meta property=\"product:price:currency\" content=\"ARS\" \/>\n<meta property=\"og:availability\" content=\"instock\" \/>\n<meta property=\"product:availability\" content=\"instock\" \/>\n<meta property=\"product:retailer_item_id\" content=\"ADV2025CLBADEBK70\" \/>\n<meta property=\"product:condition\" content=\"new\" \/>\n<!-- \/ Yoast SEO Premium plugin. -->","yoast_head_json":{"title":"Aula de batismo de esqui ou snowboard: sua primeira experi\u00eancia no Cerro Catedral - Bariloche Excursions","description":"Aula de batismo de esqui ou snowboard no Cerro Catedral. Inclui traslado, equipamento e aula com instrutores especializados. Ideal para iniciantes a partir de 12 anos de idade.","robots":{"index":"index","follow":"follow","max-snippet":"max-snippet:-1","max-image-preview":"max-image-preview:large","max-video-preview":"max-video-preview:-1"},"canonical":"https:\/\/barilocheexcursiones.com.ar\/pt\/product\/aula-de-batismo-esqui-neve-esqui-cerro-catedral\/","og_locale":"pt_BR","og_type":"article","og_title":"Clase Bautismo en Ski o Snowboard: Tu Primera Experiencia en el Cerro Catedral","og_description":"Clase bautismo en ski o snowboard en Cerro Catedral. Incluye traslado, equipo y clase con instructores expertos. Ideal para principiantes desde 12 a\u00f1os.","og_url":"https:\/\/barilocheexcursiones.com.ar\/pt\/product\/aula-de-batismo-esqui-neve-esqui-cerro-catedral\/","og_site_name":"Bariloche Excursiones","article_modified_time":"2026-04-11T14:14:43+00:00","og_image":[{"width":1920,"height":2560,"url":"https:\/\/barilocheexcursiones.com.ar\/wp-content\/uploads\/2025\/03\/3-B-IMG_9404-scaled.jpg","type":"image\/jpeg"}],"twitter_card":"summary_large_image","twitter_misc":{"Pre\u00e7o":"&#36;&nbsp;144.000,00","Disponibilidade":"Em Estoque"},"schema":{"@context":"https:\/\/schema.org","@graph":[{"@type":["WebPage","ItemPage"],"@id":"https:\/\/barilocheexcursiones.com.ar\/product\/clase-bautismo-ski-snow-cerro-catedral\/","url":"https:\/\/barilocheexcursiones.com.ar\/product\/clase-bautismo-ski-snow-cerro-catedral\/","name":"Aula de batismo de esqui ou snowboard: sua primeira experi\u00eancia no Cerro Catedral - Bariloche Excursions","isPartOf":{"@id":"https:\/\/barilocheexcursiones.com.ar\/#website"},"primaryImageOfPage":{"@id":"https:\/\/barilocheexcursiones.com.ar\/product\/clase-bautismo-ski-snow-cerro-catedral\/#primaryimage"},"image":{"@id":"https:\/\/barilocheexcursiones.com.ar\/product\/clase-bautismo-ski-snow-cerro-catedral\/#primaryimage"},"thumbnailUrl":"https:\/\/barilocheexcursiones.com.ar\/wp-content\/uploads\/2025\/03\/3-B-IMG_9404-scaled.jpg","datePublished":"2025-03-23T23:51:42+00:00","dateModified":"2026-04-11T14:14:43+00:00","description":"Aula de batismo de esqui ou snowboard no Cerro Catedral. Inclui traslado, equipamento e aula com instrutores especializados. Ideal para iniciantes a partir de 12 anos de idade.","breadcrumb":{"@id":"https:\/\/barilocheexcursiones.com.ar\/product\/clase-bautismo-ski-snow-cerro-catedral\/#breadcrumb"},"inLanguage":"pt-BR","potentialAction":[{"@type":"ReadAction","target":["https:\/\/barilocheexcursiones.com.ar\/product\/clase-bautismo-ski-snow-cerro-catedral\/"]}]},{"@type":"ImageObject","inLanguage":"pt-BR","@id":"https:\/\/barilocheexcursiones.com.ar\/product\/clase-bautismo-ski-snow-cerro-catedral\/#primaryimage","url":"https:\/\/barilocheexcursiones.com.ar\/wp-content\/uploads\/2025\/03\/3-B-IMG_9404-scaled.jpg","contentUrl":"https:\/\/barilocheexcursiones.com.ar\/wp-content\/uploads\/2025\/03\/3-B-IMG_9404-scaled.jpg","width":1920,"height":2560},{"@type":"BreadcrumbList","@id":"https:\/\/barilocheexcursiones.com.ar\/product\/clase-bautismo-ski-snow-cerro-catedral\/#breadcrumb","itemListElement":[{"@type":"ListItem","position":1,"name":"Home","item":"https:\/\/barilocheexcursiones.com.ar\/"},{"@type":"ListItem","position":2,"name":"Excursiones, traslados y m\u00e1s!","item":"https:\/\/barilocheexcursiones.com.ar\/shop\/"},{"@type":"ListItem","position":3,"name":"Clase Bautismo en Ski o Snowboard: Tu Primera Experiencia en el Cerro Catedral"}]},{"@type":"WebSite","@id":"https:\/\/barilocheexcursiones.com.ar\/#website","url":"https:\/\/barilocheexcursiones.com.ar\/","name":"Excurs\u00f5es em Bariloche","description":"Experi\u00eancia em Bariloche","publisher":{"@id":"https:\/\/barilocheexcursiones.com.ar\/#organization"},"potentialAction":[{"@type":"SearchAction","target":{"@type":"EntryPoint","urlTemplate":"https:\/\/barilocheexcursiones.com.ar\/?s={search_term_string}"},"query-input":{"@type":"PropertyValueSpecification","valueRequired":true,"valueName":"search_term_string"}}],"inLanguage":"pt-BR"},{"@type":"Organization","@id":"https:\/\/barilocheexcursiones.com.ar\/#organization","name":"Excurs\u00f5es em Bariloche","url":"https:\/\/barilocheexcursiones.com.ar\/","logo":{"@type":"ImageObject","inLanguage":"pt-BR","@id":"https:\/\/barilocheexcursiones.com.ar\/#\/schema\/logo\/image\/","url":"https:\/\/barilocheexcursiones.com.ar\/wp-content\/uploads\/2025\/04\/bariloche-excursiones-logo.png","contentUrl":"https:\/\/barilocheexcursiones.com.ar\/wp-content\/uploads\/2025\/04\/bariloche-excursiones-logo.png","width":512,"height":512,"caption":"Bariloche Excursiones"},"image":{"@id":"https:\/\/barilocheexcursiones.com.ar\/#\/schema\/logo\/image\/"}}]},"product_price_amount":"144000.00","product_price_currency":"ARS","og_availability":"instock","product_availability":"instock","product_retailer_item_id":"ADV2025CLBADEBK70","product_condition":"new"},"_links":{"self":[{"href":"https:\/\/barilocheexcursiones.com.ar\/pt\/wp-json\/wp\/v2\/product\/793","targetHints":{"allow":["GET"]}}],"collection":[{"href":"https:\/\/barilocheexcursiones.com.ar\/pt\/wp-json\/wp\/v2\/product"}],"about":[{"href":"https:\/\/barilocheexcursiones.com.ar\/pt\/wp-json\/wp\/v2\/types\/product"}],"replies":[{"embeddable":true,"href":"https:\/\/barilocheexcursiones.com.ar\/pt\/wp-json\/wp\/v2\/comments?post=793"}],"version-history":[{"count":4,"href":"https:\/\/barilocheexcursiones.com.ar\/pt\/wp-json\/wp\/v2\/product\/793\/revisions"}],"predecessor-version":[{"id":17796,"href":"https:\/\/barilocheexcursiones.com.ar\/pt\/wp-json\/wp\/v2\/product\/793\/revisions\/17796"}],"wp:featuredmedia":[{"embeddable":true,"href":"https:\/\/barilocheexcursiones.com.ar\/pt\/wp-json\/wp\/v2\/media\/16884"}],"wp:attachment":[{"href":"https:\/\/barilocheexcursiones.com.ar\/pt\/wp-json\/wp\/v2\/media?parent=793"}],"wp:term":[{"taxonomy":"product_brand","embeddable":true,"href":"https:\/\/barilocheexcursiones.com.ar\/pt\/wp-json\/wp\/v2\/product_brand?post=793"},{"taxonomy":"product_cat","embeddable":true,"href":"https:\/\/barilocheexcursiones.com.ar\/pt\/wp-json\/wp\/v2\/product_cat?post=793"},{"taxonomy":"product_tag","embeddable":true,"href":"https:\/\/barilocheexcursiones.com.ar\/pt\/wp-json\/wp\/v2\/product_tag?post=793"}],"curies":[{"name":"wp","href":"https:\/\/api.w.org\/{rel}","templated":true}]}}