{"id":792,"date":"2025-03-23T20:51:32","date_gmt":"2025-03-23T23:51:32","guid":{"rendered":"https:\/\/barilocheexcursiones.com.ar\/?post_type=product&#038;p=792"},"modified":"2026-04-11T11:16:09","modified_gmt":"2026-04-11T14:16:09","slug":"caminata-laguna-congelada-neumeyer","status":"publish","type":"product","link":"https:\/\/barilocheexcursiones.com.ar\/pt\/product\/caminhada-na-lagoa-congelada-de-neumeyer\/","title":{"rendered":"Laguna Congelada em Neumeyer: trekking de inverno e explora\u00e7\u00e3o profunda na Patag\u00f4nia"},"content":{"rendered":"<h3 data-start=\"403\" data-end=\"519\"><strong data-start=\"407\" data-end=\"519\">Uma proposta \u00fanica de caminhada com raquetes de neve em um ambiente glacial escondido no cora\u00e7\u00e3o da floresta andina.<\/strong><\/h3>\n<p data-start=\"521\" data-end=\"931\">Dispon\u00edvel durante a temporada de inverno, essa excurs\u00e3o foi criada para aqueles que procuram uma experi\u00eancia ativa na natureza, acompanhados por guias especializados e organiza\u00e7\u00e3o profissional. O acesso \u00e9 feito a partir de San Carlos de Bariloche em dois hor\u00e1rios poss\u00edveis: das 9:00 \u00e0s 16:00 hs ou das 11:00 \u00e0s 18:00 hs, partindo de pontos de encontro estabelecidos entre o centro e o km 8 da Av. Bustillo ou Av. Pioneros.<\/p>\n<p data-start=\"933\" data-end=\"1341\">A partir do momento em que voc\u00ea entra no Neumeyer Refuge, come\u00e7a a prepara\u00e7\u00e3o para a caminhada: uma caminhada com raquetes de neve pela floresta de lengas coberta de neve. Ao longo do caminho, s\u00e3o feitas paradas em mirantes e pontos-chave de interpreta\u00e7\u00e3o ambiental. O destino \u00e9 a lagoa congelada, um espelho d'\u00e1gua transformado pelo inverno, cercado pela calma do vale de Challhuaco.<\/p>\n<p data-start=\"1343\" data-end=\"1636\">L\u00e1, fazemos uma pausa contemplativa acompanhada de ch\u00e1 quente e alfajor regional. No caminho de volta ao ref\u00fagio, um almo\u00e7o completo \u00e9 oferecido em um ambiente aquecido. No final do dia, voc\u00ea fica livre para aproveitar as trilhas culipatinas em um ambiente acolhedor.<\/p>\n<p data-start=\"1638\" data-end=\"1857\">O servi\u00e7o inclui guia durante todo o circuito, equipamento t\u00e9cnico para raquetes de neve, traslados dos pontos de encontro, almo\u00e7o e bebidas. N\u00e3o inclui roupas de neve e bebidas durante o almo\u00e7o.<\/p>\n<h3 data-start=\"1864\" data-end=\"1892\"><strong data-start=\"1868\" data-end=\"1892\">Perguntas frequentes<\/strong><\/h3>\n<p data-start=\"1894\" data-end=\"2127\"><strong data-start=\"1894\" data-end=\"1925\">Quem pode participar?<\/strong><br data-start=\"1925\" data-end=\"1928\" \/>A atividade \u00e9 destinada a adultos e jovens com boa sa\u00fade geral. N\u00e3o \u00e9 necess\u00e1rio ter experi\u00eancia anterior, mas \u00e9 uma caminhada moderada, n\u00e3o recomendada para pessoas com mobilidade reduzida.<\/p>\n<p data-start=\"2129\" data-end=\"2291\"><strong data-start=\"2129\" data-end=\"2157\">O que voc\u00ea precisa levar?<\/strong><br data-start=\"2157\" data-end=\"2160\" \/>Roupas quentes adequadas, cal\u00e7ados e luvas \u00e0 prova d'\u00e1gua s\u00e3o essenciais. O equipamento t\u00e9cnico necess\u00e1rio (raquetes de neve) \u00e9 fornecido.<\/p>\n<p data-start=\"2293\" data-end=\"2433\"><strong data-start=\"2293\" data-end=\"2326\">Existem hor\u00e1rios alternativos?<\/strong><br data-start=\"2326\" data-end=\"2329\" \/>Sim, voc\u00ea pode optar pelo turno da manh\u00e3 (9:00 \u00e0s 16:00) ou da tarde (11:00 \u00e0s 18:00), dependendo da disponibilidade.<\/p>\n<p data-start=\"2435\" data-end=\"2648\"><strong data-start=\"2435\" data-end=\"2494\">O que acontece se as condi\u00e7\u00f5es clim\u00e1ticas forem adversas?<\/strong><br data-start=\"2494\" data-end=\"2497\" \/>A sa\u00edda \u00e9 avaliada de acordo com os protocolos de seguran\u00e7a. Se for considerado que a opera\u00e7\u00e3o normal n\u00e3o \u00e9 poss\u00edvel, s\u00e3o oferecidas reprograma\u00e7\u00f5es ou alternativas.<\/p>\n<p data-start=\"2435\" data-end=\"2648\"><strong>Aviso importante:<\/strong> Este passeio j\u00e1 est\u00e1 dispon\u00edvel para pr\u00e9-reserva. As sa\u00eddas operam de 15 de junho a 20 de agosto, sujeitas ao calend\u00e1rio sazonal.<\/p>","protected":false},"excerpt":{"rendered":"<p>Experimente uma aventura \u00fanica na Patag\u00f4nia, partindo de Bariloche at\u00e9 o Ref\u00fagio Neumeyer. Participe de uma caminhada pelas deslumbrantes florestas nevadas, descubra a imagem id\u00edlica da lagoa congelada e desfrute de um almo\u00e7o completo. Perfeito para os amantes da natureza que desejam uma experi\u00eancia de conforto e aventura.<\/p>","protected":false},"featured_media":16889,"comment_status":"open","ping_status":"closed","template":"","meta":[],"product_brand":[],"product_cat":[91,85,105,100,88,166,167,169],"product_tag":[],"class_list":{"0":"post-792","1":"product","2":"type-product","3":"status-publish","4":"has-post-thumbnail","6":"product_cat-adultos","7":"product_cat-aventura","8":"product_cat-con-comida","9":"product_cat-con-traslado","10":"product_cat-familia","11":"product_cat-invierno-temporada","12":"product_cat-ninos-apto","13":"product_cat-terrestre-tipo","15":"first","16":"instock","17":"virtual","18":"sold-individually","19":"purchasable","20":"product-type-booking"},"booking_location":"","booking_location_type":"","booking_duration":1,"booking_duration_unit":"hour","booking_buffer":0,"booking_cost":0,"booking_resources":[],"exclude_global_add_ons":false,"addons":[{"name":"ADU: Adulto","type":"input_multiplier","position":0,"required":false,"title_format":"label","default":"","description_enable":false,"description":"","placeholder_enable":false,"placeholder":"","display":"select","restrictions_type":"any_text","adjust_price":true,"price":"250000","price_type":"quantity_based","restrictions":false,"min":"0","max":"0","options":[],"id":1775906169},{"name":"MEN512 | 5 a 12","type":"input_multiplier","position":1,"required":false,"title_format":"label","default":"","description_enable":false,"description":"","placeholder_enable":false,"placeholder":"","display":"select","restrictions_type":"any_text","adjust_price":true,"price":"222000","price_type":"quantity_based","restrictions":false,"min":"0","max":"0","options":[],"id":1775906170}],"yoast_head":"<!-- This site is optimized with the Yoast SEO Premium plugin v24.5 (Yoast SEO v24.8) - https:\/\/yoast.com\/wordpress\/plugins\/seo\/ -->\n<title>Laguna Congelada en Neumeyer: trekking invernal y exploraci\u00f3n profunda en la Patagonia - Bariloche Excursiones<\/title>\n<meta name=\"description\" content=\"Laguna Congelada Neumeyer. Caminata con raquetas y almuerzo en refugio. Experiencia invernal guiada desde Bariloche. Naturaleza, t\u00e9cnica y confort en dos horarios diarios.\" \/>\n<meta name=\"robots\" content=\"index, follow, max-snippet:-1, max-image-preview:large, max-video-preview:-1\" \/>\n<link rel=\"canonical\" href=\"https:\/\/barilocheexcursiones.com.ar\/pt\/product\/caminhada-na-lagoa-congelada-de-neumeyer\/\" \/>\n<meta property=\"og:locale\" content=\"pt_BR\" \/>\n<meta property=\"og:type\" content=\"article\" \/>\n<meta property=\"og:title\" content=\"Laguna Congelada en Neumeyer: trekking invernal y exploraci\u00f3n profunda en la Patagonia\" \/>\n<meta property=\"og:description\" content=\"Laguna Congelada Neumeyer. Caminata con raquetas y almuerzo en refugio. Experiencia invernal guiada desde Bariloche. Naturaleza, t\u00e9cnica y confort en dos horarios diarios.\" \/>\n<meta property=\"og:url\" content=\"https:\/\/barilocheexcursiones.com.ar\/pt\/product\/caminhada-na-lagoa-congelada-de-neumeyer\/\" \/>\n<meta property=\"og:site_name\" content=\"Bariloche Excursiones\" \/>\n<meta property=\"article:modified_time\" content=\"2026-04-11T14:16:09+00:00\" \/>\n<meta property=\"og:image\" content=\"https:\/\/barilocheexcursiones.com.ar\/wp-content\/uploads\/2025\/03\/3-A-refugio-neumeyer-scaled.jpg\" \/>\n\t<meta property=\"og:image:width\" content=\"1920\" \/>\n\t<meta property=\"og:image:height\" content=\"2560\" \/>\n\t<meta property=\"og:image:type\" content=\"image\/jpeg\" \/>\n<meta name=\"twitter:card\" content=\"summary_large_image\" \/>\n<meta name=\"twitter:label1\" content=\"Pre\u00e7o\" \/>\n\t<meta name=\"twitter:data1\" content=\"&#036;&nbsp;250.000,00\" \/>\n\t<meta name=\"twitter:label2\" content=\"Disponibilidade\" \/>\n\t<meta name=\"twitter:data2\" content=\"Em Estoque\" \/>\n<script type=\"application\/ld+json\" class=\"yoast-schema-graph\">{\"@context\":\"https:\/\/schema.org\",\"@graph\":[{\"@type\":[\"WebPage\",\"ItemPage\"],\"@id\":\"https:\/\/barilocheexcursiones.com.ar\/product\/caminata-laguna-congelada-neumeyer\/\",\"url\":\"https:\/\/barilocheexcursiones.com.ar\/product\/caminata-laguna-congelada-neumeyer\/\",\"name\":\"Laguna Congelada en Neumeyer: trekking invernal y exploraci\u00f3n profunda en la Patagonia - Bariloche Excursiones\",\"isPartOf\":{\"@id\":\"https:\/\/barilocheexcursiones.com.ar\/#website\"},\"primaryImageOfPage\":{\"@id\":\"https:\/\/barilocheexcursiones.com.ar\/product\/caminata-laguna-congelada-neumeyer\/#primaryimage\"},\"image\":{\"@id\":\"https:\/\/barilocheexcursiones.com.ar\/product\/caminata-laguna-congelada-neumeyer\/#primaryimage\"},\"thumbnailUrl\":\"https:\/\/barilocheexcursiones.com.ar\/wp-content\/uploads\/2025\/03\/3-A-refugio-neumeyer-scaled.jpg\",\"datePublished\":\"2025-03-23T23:51:32+00:00\",\"dateModified\":\"2026-04-11T14:16:09+00:00\",\"description\":\"Laguna Congelada Neumeyer. Caminata con raquetas y almuerzo en refugio. Experiencia invernal guiada desde Bariloche. Naturaleza, t\u00e9cnica y confort en dos horarios diarios.\",\"breadcrumb\":{\"@id\":\"https:\/\/barilocheexcursiones.com.ar\/product\/caminata-laguna-congelada-neumeyer\/#breadcrumb\"},\"inLanguage\":\"pt-BR\",\"potentialAction\":[{\"@type\":\"ReadAction\",\"target\":[\"https:\/\/barilocheexcursiones.com.ar\/product\/caminata-laguna-congelada-neumeyer\/\"]}]},{\"@type\":\"ImageObject\",\"inLanguage\":\"pt-BR\",\"@id\":\"https:\/\/barilocheexcursiones.com.ar\/product\/caminata-laguna-congelada-neumeyer\/#primaryimage\",\"url\":\"https:\/\/barilocheexcursiones.com.ar\/wp-content\/uploads\/2025\/03\/3-A-refugio-neumeyer-scaled.jpg\",\"contentUrl\":\"https:\/\/barilocheexcursiones.com.ar\/wp-content\/uploads\/2025\/03\/3-A-refugio-neumeyer-scaled.jpg\",\"width\":1920,\"height\":2560},{\"@type\":\"BreadcrumbList\",\"@id\":\"https:\/\/barilocheexcursiones.com.ar\/product\/caminata-laguna-congelada-neumeyer\/#breadcrumb\",\"itemListElement\":[{\"@type\":\"ListItem\",\"position\":1,\"name\":\"Home\",\"item\":\"https:\/\/barilocheexcursiones.com.ar\/\"},{\"@type\":\"ListItem\",\"position\":2,\"name\":\"Excursiones, traslados y m\u00e1s!\",\"item\":\"https:\/\/barilocheexcursiones.com.ar\/shop\/\"},{\"@type\":\"ListItem\",\"position\":3,\"name\":\"Laguna Congelada en Neumeyer: trekking invernal y exploraci\u00f3n profunda en la Patagonia\"}]},{\"@type\":\"WebSite\",\"@id\":\"https:\/\/barilocheexcursiones.com.ar\/#website\",\"url\":\"https:\/\/barilocheexcursiones.com.ar\/\",\"name\":\"Bariloche Excursiones\",\"description\":\"Vivir la experiencia en Bariloche\",\"publisher\":{\"@id\":\"https:\/\/barilocheexcursiones.com.ar\/#organization\"},\"potentialAction\":[{\"@type\":\"SearchAction\",\"target\":{\"@type\":\"EntryPoint\",\"urlTemplate\":\"https:\/\/barilocheexcursiones.com.ar\/?s={search_term_string}\"},\"query-input\":{\"@type\":\"PropertyValueSpecification\",\"valueRequired\":true,\"valueName\":\"search_term_string\"}}],\"inLanguage\":\"pt-BR\"},{\"@type\":\"Organization\",\"@id\":\"https:\/\/barilocheexcursiones.com.ar\/#organization\",\"name\":\"Bariloche Excursiones\",\"url\":\"https:\/\/barilocheexcursiones.com.ar\/\",\"logo\":{\"@type\":\"ImageObject\",\"inLanguage\":\"pt-BR\",\"@id\":\"https:\/\/barilocheexcursiones.com.ar\/#\/schema\/logo\/image\/\",\"url\":\"https:\/\/barilocheexcursiones.com.ar\/wp-content\/uploads\/2025\/04\/bariloche-excursiones-logo.png\",\"contentUrl\":\"https:\/\/barilocheexcursiones.com.ar\/wp-content\/uploads\/2025\/04\/bariloche-excursiones-logo.png\",\"width\":512,\"height\":512,\"caption\":\"Bariloche Excursiones\"},\"image\":{\"@id\":\"https:\/\/barilocheexcursiones.com.ar\/#\/schema\/logo\/image\/\"}}]}<\/script>\n<meta property=\"product:price:amount\" content=\"250000.00\" \/>\n<meta property=\"product:price:currency\" content=\"ARS\" \/>\n<meta property=\"og:availability\" content=\"instock\" \/>\n<meta property=\"product:availability\" content=\"instock\" \/>\n<meta property=\"product:retailer_item_id\" content=\"ADV2025CAALALE5DM\" \/>\n<meta property=\"product:condition\" content=\"new\" \/>\n<!-- \/ Yoast SEO Premium plugin. -->","yoast_head_json":{"title":"Laguna Congelada en Neumeyer: trekking de inverno e explora\u00e7\u00e3o profunda na Patag\u00f4nia - Bariloche Excursions","description":"Lagoa congelada de Neumeyer. Caminhada com raquetes de neve e almo\u00e7o no ref\u00fagio. Experi\u00eancia de inverno guiada a partir de Bariloche. Natureza, t\u00e9cnica e conforto em duas programa\u00e7\u00f5es di\u00e1rias.","robots":{"index":"index","follow":"follow","max-snippet":"max-snippet:-1","max-image-preview":"max-image-preview:large","max-video-preview":"max-video-preview:-1"},"canonical":"https:\/\/barilocheexcursiones.com.ar\/pt\/product\/caminhada-na-lagoa-congelada-de-neumeyer\/","og_locale":"pt_BR","og_type":"article","og_title":"Laguna Congelada en Neumeyer: trekking invernal y exploraci\u00f3n profunda en la Patagonia","og_description":"Laguna Congelada Neumeyer. Caminata con raquetas y almuerzo en refugio. Experiencia invernal guiada desde Bariloche. Naturaleza, t\u00e9cnica y confort en dos horarios diarios.","og_url":"https:\/\/barilocheexcursiones.com.ar\/pt\/product\/caminhada-na-lagoa-congelada-de-neumeyer\/","og_site_name":"Bariloche Excursiones","article_modified_time":"2026-04-11T14:16:09+00:00","og_image":[{"width":1920,"height":2560,"url":"https:\/\/barilocheexcursiones.com.ar\/wp-content\/uploads\/2025\/03\/3-A-refugio-neumeyer-scaled.jpg","type":"image\/jpeg"}],"twitter_card":"summary_large_image","twitter_misc":{"Pre\u00e7o":"&#36;&nbsp;250.000,00","Disponibilidade":"Em Estoque"},"schema":{"@context":"https:\/\/schema.org","@graph":[{"@type":["WebPage","ItemPage"],"@id":"https:\/\/barilocheexcursiones.com.ar\/product\/caminata-laguna-congelada-neumeyer\/","url":"https:\/\/barilocheexcursiones.com.ar\/product\/caminata-laguna-congelada-neumeyer\/","name":"Laguna Congelada en Neumeyer: trekking de inverno e explora\u00e7\u00e3o profunda na Patag\u00f4nia - Bariloche Excursions","isPartOf":{"@id":"https:\/\/barilocheexcursiones.com.ar\/#website"},"primaryImageOfPage":{"@id":"https:\/\/barilocheexcursiones.com.ar\/product\/caminata-laguna-congelada-neumeyer\/#primaryimage"},"image":{"@id":"https:\/\/barilocheexcursiones.com.ar\/product\/caminata-laguna-congelada-neumeyer\/#primaryimage"},"thumbnailUrl":"https:\/\/barilocheexcursiones.com.ar\/wp-content\/uploads\/2025\/03\/3-A-refugio-neumeyer-scaled.jpg","datePublished":"2025-03-23T23:51:32+00:00","dateModified":"2026-04-11T14:16:09+00:00","description":"Lagoa congelada de Neumeyer. Caminhada com raquetes de neve e almo\u00e7o no ref\u00fagio. Experi\u00eancia de inverno guiada a partir de Bariloche. Natureza, t\u00e9cnica e conforto em duas programa\u00e7\u00f5es di\u00e1rias.","breadcrumb":{"@id":"https:\/\/barilocheexcursiones.com.ar\/product\/caminata-laguna-congelada-neumeyer\/#breadcrumb"},"inLanguage":"pt-BR","potentialAction":[{"@type":"ReadAction","target":["https:\/\/barilocheexcursiones.com.ar\/product\/caminata-laguna-congelada-neumeyer\/"]}]},{"@type":"ImageObject","inLanguage":"pt-BR","@id":"https:\/\/barilocheexcursiones.com.ar\/product\/caminata-laguna-congelada-neumeyer\/#primaryimage","url":"https:\/\/barilocheexcursiones.com.ar\/wp-content\/uploads\/2025\/03\/3-A-refugio-neumeyer-scaled.jpg","contentUrl":"https:\/\/barilocheexcursiones.com.ar\/wp-content\/uploads\/2025\/03\/3-A-refugio-neumeyer-scaled.jpg","width":1920,"height":2560},{"@type":"BreadcrumbList","@id":"https:\/\/barilocheexcursiones.com.ar\/product\/caminata-laguna-congelada-neumeyer\/#breadcrumb","itemListElement":[{"@type":"ListItem","position":1,"name":"Home","item":"https:\/\/barilocheexcursiones.com.ar\/"},{"@type":"ListItem","position":2,"name":"Excursiones, traslados y m\u00e1s!","item":"https:\/\/barilocheexcursiones.com.ar\/shop\/"},{"@type":"ListItem","position":3,"name":"Laguna Congelada en Neumeyer: trekking invernal y exploraci\u00f3n profunda en la Patagonia"}]},{"@type":"WebSite","@id":"https:\/\/barilocheexcursiones.com.ar\/#website","url":"https:\/\/barilocheexcursiones.com.ar\/","name":"Excurs\u00f5es em Bariloche","description":"Experi\u00eancia em Bariloche","publisher":{"@id":"https:\/\/barilocheexcursiones.com.ar\/#organization"},"potentialAction":[{"@type":"SearchAction","target":{"@type":"EntryPoint","urlTemplate":"https:\/\/barilocheexcursiones.com.ar\/?s={search_term_string}"},"query-input":{"@type":"PropertyValueSpecification","valueRequired":true,"valueName":"search_term_string"}}],"inLanguage":"pt-BR"},{"@type":"Organization","@id":"https:\/\/barilocheexcursiones.com.ar\/#organization","name":"Excurs\u00f5es em Bariloche","url":"https:\/\/barilocheexcursiones.com.ar\/","logo":{"@type":"ImageObject","inLanguage":"pt-BR","@id":"https:\/\/barilocheexcursiones.com.ar\/#\/schema\/logo\/image\/","url":"https:\/\/barilocheexcursiones.com.ar\/wp-content\/uploads\/2025\/04\/bariloche-excursiones-logo.png","contentUrl":"https:\/\/barilocheexcursiones.com.ar\/wp-content\/uploads\/2025\/04\/bariloche-excursiones-logo.png","width":512,"height":512,"caption":"Bariloche Excursiones"},"image":{"@id":"https:\/\/barilocheexcursiones.com.ar\/#\/schema\/logo\/image\/"}}]},"product_price_amount":"250000.00","product_price_currency":"ARS","og_availability":"instock","product_availability":"instock","product_retailer_item_id":"ADV2025CAALALE5DM","product_condition":"new"},"_links":{"self":[{"href":"https:\/\/barilocheexcursiones.com.ar\/pt\/wp-json\/wp\/v2\/product\/792","targetHints":{"allow":["GET"]}}],"collection":[{"href":"https:\/\/barilocheexcursiones.com.ar\/pt\/wp-json\/wp\/v2\/product"}],"about":[{"href":"https:\/\/barilocheexcursiones.com.ar\/pt\/wp-json\/wp\/v2\/types\/product"}],"replies":[{"embeddable":true,"href":"https:\/\/barilocheexcursiones.com.ar\/pt\/wp-json\/wp\/v2\/comments?post=792"}],"version-history":[{"count":7,"href":"https:\/\/barilocheexcursiones.com.ar\/pt\/wp-json\/wp\/v2\/product\/792\/revisions"}],"predecessor-version":[{"id":17797,"href":"https:\/\/barilocheexcursiones.com.ar\/pt\/wp-json\/wp\/v2\/product\/792\/revisions\/17797"}],"wp:featuredmedia":[{"embeddable":true,"href":"https:\/\/barilocheexcursiones.com.ar\/pt\/wp-json\/wp\/v2\/media\/16889"}],"wp:attachment":[{"href":"https:\/\/barilocheexcursiones.com.ar\/pt\/wp-json\/wp\/v2\/media?parent=792"}],"wp:term":[{"taxonomy":"product_brand","embeddable":true,"href":"https:\/\/barilocheexcursiones.com.ar\/pt\/wp-json\/wp\/v2\/product_brand?post=792"},{"taxonomy":"product_cat","embeddable":true,"href":"https:\/\/barilocheexcursiones.com.ar\/pt\/wp-json\/wp\/v2\/product_cat?post=792"},{"taxonomy":"product_tag","embeddable":true,"href":"https:\/\/barilocheexcursiones.com.ar\/pt\/wp-json\/wp\/v2\/product_tag?post=792"}],"curies":[{"name":"wp","href":"https:\/\/api.w.org\/{rel}","templated":true}]}}