{"id":790,"date":"2025-03-23T20:51:09","date_gmt":"2025-03-23T23:51:09","guid":{"rendered":"https:\/\/barilocheexcursiones.com.ar\/?post_type=product&#038;p=790"},"modified":"2026-04-11T11:45:13","modified_gmt":"2026-04-11T14:45:13","slug":"piedras-blancas-trineos-culipatin-traslado","status":"publish","type":"product","link":"https:\/\/barilocheexcursiones.com.ar\/pt\/product\/piedras-blancas-sledges-transferencia-de-culipatina\/","title":{"rendered":"Piedras Blancas - Culipatina de tren\u00f3 com traslado inclu\u00eddo"},"content":{"rendered":"<h2 data-start=\"351\" data-end=\"445\"><strong data-start=\"351\" data-end=\"445\">A melhor experi\u00eancia de tren\u00f3 em Bariloche, com organiza\u00e7\u00e3o profissional e tudo bem cuidado.<\/strong><\/h2>\n<h3 data-start=\"452\" data-end=\"513\">Deslize pelas melhores pistas de neve do Cerro Otto<\/h3>\n<p data-start=\"514\" data-end=\"840\">O passeio come\u00e7a com o traslado de <strong data-start=\"558\" data-end=\"606\">Pontos de encontro coordenados em Bariloche<\/strong> para o <strong data-start=\"628\" data-end=\"647\">Piedras Blancas<\/strong>, localizado no <strong data-start=\"663\" data-end=\"677\">Cerro Otto<\/strong>, um dos centros de atividades na neve mais emblem\u00e1ticos da cidade. L\u00e1 voc\u00ea viver\u00e1 uma experi\u00eancia de inverno organizada e segura, ideal para todas as idades.<\/p>\n<p data-start=\"842\" data-end=\"1193\">O complexo oferece mais de <strong data-start=\"868\" data-end=\"917\">3000 metros de trilhas exclusivas para tren\u00f3s<\/strong>, projetado para diferentes n\u00edveis de habilidade e divers\u00e3o. A experi\u00eancia inclui o uso de tren\u00f3s do tipo <strong data-start=\"1023\" data-end=\"1036\">culipatina<\/strong>, com <strong data-start=\"1042\" data-end=\"1072\">quatro subidas de telef\u00e9rico<\/strong> que permitem que voc\u00ea aproveite ao m\u00e1ximo seu tempo na pista, tudo sob supervis\u00e3o profissional e regras r\u00edgidas de seguran\u00e7a.<\/p>\n<p data-start=\"1195\" data-end=\"1315\">Voc\u00ea poder\u00e1 escolher entre dois turnos dispon\u00edveis: <strong data-start=\"1239\" data-end=\"1283\">das 8h30min \u00e0s 12h30min ou das 11h \u00e0s 15h30min.<\/strong>, de acordo com sua prefer\u00eancia ou agenda.<\/p>\n<h3 data-start=\"1322\" data-end=\"1354\">O que est\u00e1 inclu\u00eddo no passeio?<\/h3>\n<ul data-start=\"1355\" data-end=\"1627\">\n<li data-start=\"1355\" data-end=\"1420\">\n<p data-start=\"1357\" data-end=\"1420\">Traslado de ida e volta aos pontos de encontro em Bariloche.<\/p>\n<\/li>\n<li data-start=\"1421\" data-end=\"1492\">\n<p data-start=\"1423\" data-end=\"1492\">Entrada para o complexo de Piedras Blancas com acesso \u00e0s pistas de tobog\u00e3.<\/p>\n<\/li>\n<li data-start=\"1493\" data-end=\"1524\">\n<p data-start=\"1495\" data-end=\"1524\">Seis subidas de telef\u00e9rico.<\/p>\n<\/li>\n<li data-start=\"1525\" data-end=\"1588\">\n<p data-start=\"1527\" data-end=\"1588\">Uso de tren\u00f3s de alta qualidade adaptados para a atividade.<\/p>\n<\/li>\n<li data-start=\"1589\" data-end=\"1627\">\n<p data-start=\"1591\" data-end=\"1627\">Supervis\u00e3o e assist\u00eancia permanentes.<\/p>\n<\/li>\n<\/ul>\n<h3 data-start=\"1634\" data-end=\"1650\">N\u00e3o inclui<\/h3>\n<ul data-start=\"1651\" data-end=\"1732\">\n<li data-start=\"1651\" data-end=\"1711\">\n<p data-start=\"1653\" data-end=\"1711\">Roupas para neve (recomendamos alugar com anteced\u00eancia).<\/p>\n<\/li>\n<li data-start=\"1712\" data-end=\"1732\">\n<p data-start=\"1714\" data-end=\"1732\">Alimentos e bebidas.<\/p>\n<\/li>\n<\/ul>\n<h3 data-start=\"1739\" data-end=\"1764\">Informa\u00e7\u00f5es t\u00e9cnicas<\/h3>\n<ul data-start=\"1765\" data-end=\"2128\">\n<li data-start=\"1825\" data-end=\"1915\">\n<p data-start=\"1827\" data-end=\"1915\"><strong data-start=\"1827\" data-end=\"1839\">P\u00fablico:<\/strong> Adequado para crian\u00e7as a partir de 1 ano de idade (com restri\u00e7\u00f5es de idade nas descidas).<\/p>\n<\/li>\n<li data-start=\"1916\" data-end=\"2039\">\n<p data-start=\"1918\" data-end=\"2039\"><strong data-start=\"1918\" data-end=\"1936\">Restri\u00e7\u00f5es:<\/strong> crian\u00e7as com menos de 11 meses podem entrar, mas n\u00e3o podem descer; mulheres gr\u00e1vidas n\u00e3o podem descer.<\/p>\n<\/li>\n<li data-start=\"2040\" data-end=\"2128\">\n<p data-start=\"2042\" data-end=\"2128\"><strong data-start=\"2042\" data-end=\"2060\">Recomenda\u00e7\u00e3o:<\/strong> Use roupas imperme\u00e1veis, roupas quentes, luvas e cal\u00e7ados adequados para neve.<\/p>\n<\/li>\n<\/ul>\n<h3 data-start=\"2135\" data-end=\"2161\">Perguntas frequentes<\/h3>\n<p data-start=\"2163\" data-end=\"2346\"><strong data-start=\"2163\" data-end=\"2208\">Quais faixas et\u00e1rias podem participar da atividade?<\/strong><br data-start=\"2208\" data-end=\"2211\" \/>A partir de 1 ano (menores com pistas diferenciadas). Crian\u00e7as com menos de 11 meses podem entrar no complexo, mas n\u00e3o podem descer a ladeira.<\/p>\n<p data-start=\"2348\" data-end=\"2466\"><strong data-start=\"2348\" data-end=\"2383\">O traslado \u00e9 do hotel?<\/strong><br data-start=\"2383\" data-end=\"2386\" \/>N\u00e3o, a partir de pontos de encontro previamente coordenados entre o centro e o km 8.<\/p>\n<p data-start=\"2468\" data-end=\"2549\"><strong data-start=\"2468\" data-end=\"2497\">O equipamento est\u00e1 inclu\u00eddo?<\/strong><br data-start=\"2497\" data-end=\"2500\" \/>Sim, ele inclui tren\u00f3s e seis telef\u00e9ricos.<\/p>\n<p data-start=\"2551\" data-end=\"2652\"><strong data-start=\"2551\" data-end=\"2578\">\u00c9 adequado para fam\u00edlias?<\/strong><br data-start=\"2578\" data-end=\"2581\" \/>Com certeza, \u00e9 uma atividade segura e supervisionada para adultos e crian\u00e7as.<\/p>\n<p data-start=\"2551\" data-end=\"2652\"><strong>Aviso importante<\/strong>Este passeio j\u00e1 est\u00e1 dispon\u00edvel para pr\u00e9-reserva. As sa\u00eddas operam de 15 de junho a 20 de agosto, sujeitas ao calend\u00e1rio sazonal.<\/p>","protected":false},"excerpt":{"rendered":"<p data-start=\"226\" data-end=\"428\"><strong data-start=\"226\" data-end=\"428\">Passeio de tren\u00f3 nas melhores pistas de Piedras Blancas com traslado e organiza\u00e7\u00e3o profissional. Inclui seis subidas de telef\u00e9rico e equipamento completo. Ideal para aproveitar a neve ao m\u00e1ximo.<\/strong><\/p>","protected":false},"featured_media":16903,"comment_status":"open","ping_status":"closed","template":"","meta":[],"product_brand":[],"product_cat":[91,85,100,88,166,167,168,169],"product_tag":[],"class_list":{"0":"post-790","1":"product","2":"type-product","3":"status-publish","4":"has-post-thumbnail","6":"product_cat-adultos","7":"product_cat-aventura","8":"product_cat-con-traslado","9":"product_cat-familia","10":"product_cat-invierno-temporada","11":"product_cat-ninos-apto","12":"product_cat-sin-comida-incluido","13":"product_cat-terrestre-tipo","15":"first","16":"instock","17":"virtual","18":"sold-individually","19":"purchasable","20":"product-type-booking"},"booking_location":"","booking_location_type":"","booking_duration":1,"booking_duration_unit":"hour","booking_buffer":0,"booking_cost":0,"booking_resources":[],"exclude_global_add_ons":false,"addons":[{"name":"ADU: Adulto","type":"input_multiplier","position":0,"required":false,"title_format":"label","default":"","description_enable":false,"description":"","placeholder_enable":false,"placeholder":"","display":"select","restrictions_type":"any_text","adjust_price":true,"price":"174000","price_type":"quantity_based","restrictions":false,"min":"0","max":"0","options":[],"id":1775907884},{"name":"MEN412 : de 4 a 12","type":"input_multiplier","position":1,"required":false,"title_format":"label","default":"","description_enable":false,"description":"","placeholder_enable":false,"placeholder":"","display":"select","restrictions_type":"any_text","adjust_price":true,"price":"174000","price_type":"quantity_based","restrictions":false,"min":"0","max":"0","options":[],"id":1775907885},{"name":"MEN13 | De 1 a 3","type":"input_multiplier","position":2,"required":false,"title_format":"label","default":"","description_enable":false,"description":"","placeholder_enable":false,"placeholder":"","display":"select","restrictions_type":"any_text","adjust_price":true,"price":"90000","price_type":"quantity_based","restrictions":false,"min":"0","max":"0","options":[],"id":1775907886},{"name":"INF01 | 0 a 1","type":"input_multiplier","position":3,"required":false,"title_format":"label","default":"","description_enable":false,"description":"","placeholder_enable":false,"placeholder":"","display":"select","restrictions_type":"any_text","adjust_price":true,"price":"","price_type":"quantity_based","restrictions":false,"min":"0","max":"0","options":[],"id":1775907887}],"yoast_head":"<!-- This site is optimized with the Yoast SEO Premium plugin v24.5 (Yoast SEO v24.8) - https:\/\/yoast.com\/wordpress\/plugins\/seo\/ -->\n<title>Piedras Blancas - Trineos Culipatin con traslado incluido - Bariloche Excursiones<\/title>\n<meta name=\"description\" content=\"Excursi\u00f3n a Piedras Blancas con traslado desde Bariloche. Incluye trineos, seis ascensos en aerosilla y asistencia profesional. Ideal para vivir la nieve en familia.\" \/>\n<meta name=\"robots\" content=\"index, follow, max-snippet:-1, max-image-preview:large, max-video-preview:-1\" \/>\n<link rel=\"canonical\" href=\"https:\/\/barilocheexcursiones.com.ar\/pt\/product\/piedras-blancas-sledges-transferencia-de-culipatina\/\" \/>\n<meta property=\"og:locale\" content=\"pt_BR\" \/>\n<meta property=\"og:type\" content=\"article\" \/>\n<meta property=\"og:title\" content=\"Piedras Blancas - Trineos Culipatin con traslado incluido\" \/>\n<meta property=\"og:description\" content=\"Excursi\u00f3n a Piedras Blancas con traslado desde Bariloche. Incluye trineos, seis ascensos en aerosilla y asistencia profesional. Ideal para vivir la nieve en familia.\" \/>\n<meta property=\"og:url\" content=\"https:\/\/barilocheexcursiones.com.ar\/pt\/product\/piedras-blancas-sledges-transferencia-de-culipatina\/\" \/>\n<meta property=\"og:site_name\" content=\"Bariloche Excursiones\" \/>\n<meta property=\"article:modified_time\" content=\"2026-04-11T14:45:13+00:00\" \/>\n<meta property=\"og:image\" content=\"https:\/\/barilocheexcursiones.com.ar\/wp-content\/uploads\/2025\/03\/3-D-IMG_9730-scaled.jpg\" \/>\n\t<meta property=\"og:image:width\" content=\"1920\" \/>\n\t<meta property=\"og:image:height\" content=\"2560\" \/>\n\t<meta property=\"og:image:type\" content=\"image\/jpeg\" \/>\n<meta name=\"twitter:card\" content=\"summary_large_image\" \/>\n<meta name=\"twitter:label1\" content=\"Pre\u00e7o\" \/>\n\t<meta name=\"twitter:data1\" content=\"&#036;&nbsp;174.000,00\" \/>\n\t<meta name=\"twitter:label2\" content=\"Disponibilidade\" \/>\n\t<meta name=\"twitter:data2\" content=\"Em Estoque\" \/>\n<script type=\"application\/ld+json\" class=\"yoast-schema-graph\">{\"@context\":\"https:\/\/schema.org\",\"@graph\":[{\"@type\":[\"WebPage\",\"ItemPage\"],\"@id\":\"https:\/\/barilocheexcursiones.com.ar\/product\/piedras-blancas-trineos-culipatin-traslado\/\",\"url\":\"https:\/\/barilocheexcursiones.com.ar\/product\/piedras-blancas-trineos-culipatin-traslado\/\",\"name\":\"Piedras Blancas - Trineos Culipatin con traslado incluido - Bariloche Excursiones\",\"isPartOf\":{\"@id\":\"https:\/\/barilocheexcursiones.com.ar\/#website\"},\"primaryImageOfPage\":{\"@id\":\"https:\/\/barilocheexcursiones.com.ar\/product\/piedras-blancas-trineos-culipatin-traslado\/#primaryimage\"},\"image\":{\"@id\":\"https:\/\/barilocheexcursiones.com.ar\/product\/piedras-blancas-trineos-culipatin-traslado\/#primaryimage\"},\"thumbnailUrl\":\"https:\/\/barilocheexcursiones.com.ar\/wp-content\/uploads\/2025\/03\/3-D-IMG_9730-scaled.jpg\",\"datePublished\":\"2025-03-23T23:51:09+00:00\",\"dateModified\":\"2026-04-11T14:45:13+00:00\",\"description\":\"Excursi\u00f3n a Piedras Blancas con traslado desde Bariloche. Incluye trineos, seis ascensos en aerosilla y asistencia profesional. Ideal para vivir la nieve en familia.\",\"breadcrumb\":{\"@id\":\"https:\/\/barilocheexcursiones.com.ar\/product\/piedras-blancas-trineos-culipatin-traslado\/#breadcrumb\"},\"inLanguage\":\"pt-BR\",\"potentialAction\":[{\"@type\":\"ReadAction\",\"target\":[\"https:\/\/barilocheexcursiones.com.ar\/product\/piedras-blancas-trineos-culipatin-traslado\/\"]}]},{\"@type\":\"ImageObject\",\"inLanguage\":\"pt-BR\",\"@id\":\"https:\/\/barilocheexcursiones.com.ar\/product\/piedras-blancas-trineos-culipatin-traslado\/#primaryimage\",\"url\":\"https:\/\/barilocheexcursiones.com.ar\/wp-content\/uploads\/2025\/03\/3-D-IMG_9730-scaled.jpg\",\"contentUrl\":\"https:\/\/barilocheexcursiones.com.ar\/wp-content\/uploads\/2025\/03\/3-D-IMG_9730-scaled.jpg\",\"width\":1920,\"height\":2560},{\"@type\":\"BreadcrumbList\",\"@id\":\"https:\/\/barilocheexcursiones.com.ar\/product\/piedras-blancas-trineos-culipatin-traslado\/#breadcrumb\",\"itemListElement\":[{\"@type\":\"ListItem\",\"position\":1,\"name\":\"Home\",\"item\":\"https:\/\/barilocheexcursiones.com.ar\/\"},{\"@type\":\"ListItem\",\"position\":2,\"name\":\"Excursiones, traslados y m\u00e1s!\",\"item\":\"https:\/\/barilocheexcursiones.com.ar\/shop\/\"},{\"@type\":\"ListItem\",\"position\":3,\"name\":\"Piedras Blancas &#8211; Trineos Culipatin con traslado incluido\"}]},{\"@type\":\"WebSite\",\"@id\":\"https:\/\/barilocheexcursiones.com.ar\/#website\",\"url\":\"https:\/\/barilocheexcursiones.com.ar\/\",\"name\":\"Bariloche Excursiones\",\"description\":\"Vivir la experiencia en Bariloche\",\"publisher\":{\"@id\":\"https:\/\/barilocheexcursiones.com.ar\/#organization\"},\"potentialAction\":[{\"@type\":\"SearchAction\",\"target\":{\"@type\":\"EntryPoint\",\"urlTemplate\":\"https:\/\/barilocheexcursiones.com.ar\/?s={search_term_string}\"},\"query-input\":{\"@type\":\"PropertyValueSpecification\",\"valueRequired\":true,\"valueName\":\"search_term_string\"}}],\"inLanguage\":\"pt-BR\"},{\"@type\":\"Organization\",\"@id\":\"https:\/\/barilocheexcursiones.com.ar\/#organization\",\"name\":\"Bariloche Excursiones\",\"url\":\"https:\/\/barilocheexcursiones.com.ar\/\",\"logo\":{\"@type\":\"ImageObject\",\"inLanguage\":\"pt-BR\",\"@id\":\"https:\/\/barilocheexcursiones.com.ar\/#\/schema\/logo\/image\/\",\"url\":\"https:\/\/barilocheexcursiones.com.ar\/wp-content\/uploads\/2025\/04\/bariloche-excursiones-logo.png\",\"contentUrl\":\"https:\/\/barilocheexcursiones.com.ar\/wp-content\/uploads\/2025\/04\/bariloche-excursiones-logo.png\",\"width\":512,\"height\":512,\"caption\":\"Bariloche Excursiones\"},\"image\":{\"@id\":\"https:\/\/barilocheexcursiones.com.ar\/#\/schema\/logo\/image\/\"}}]}<\/script>\n<meta property=\"product:price:amount\" content=\"174000.00\" \/>\n<meta property=\"product:price:currency\" content=\"ARS\" \/>\n<meta property=\"og:availability\" content=\"instock\" \/>\n<meta property=\"product:availability\" content=\"instock\" \/>\n<meta property=\"product:retailer_item_id\" content=\"ADV2025PIBLTR3QM1\" \/>\n<meta property=\"product:condition\" content=\"new\" \/>\n<!-- \/ Yoast SEO Premium plugin. -->","yoast_head_json":{"title":"Piedras Blancas - Culipatin Sledging com traslado inclu\u00eddo - Bariloche Excursions","description":"Excurs\u00e3o a Piedras Blancas com traslado de Bariloche. Inclui tren\u00f3s, seis subidas de telef\u00e9rico e assist\u00eancia profissional. Ideal para conhecer a neve com a fam\u00edlia.","robots":{"index":"index","follow":"follow","max-snippet":"max-snippet:-1","max-image-preview":"max-image-preview:large","max-video-preview":"max-video-preview:-1"},"canonical":"https:\/\/barilocheexcursiones.com.ar\/pt\/product\/piedras-blancas-sledges-transferencia-de-culipatina\/","og_locale":"pt_BR","og_type":"article","og_title":"Piedras Blancas - Trineos Culipatin con traslado incluido","og_description":"Excursi\u00f3n a Piedras Blancas con traslado desde Bariloche. Incluye trineos, seis ascensos en aerosilla y asistencia profesional. Ideal para vivir la nieve en familia.","og_url":"https:\/\/barilocheexcursiones.com.ar\/pt\/product\/piedras-blancas-sledges-transferencia-de-culipatina\/","og_site_name":"Bariloche Excursiones","article_modified_time":"2026-04-11T14:45:13+00:00","og_image":[{"width":1920,"height":2560,"url":"https:\/\/barilocheexcursiones.com.ar\/wp-content\/uploads\/2025\/03\/3-D-IMG_9730-scaled.jpg","type":"image\/jpeg"}],"twitter_card":"summary_large_image","twitter_misc":{"Pre\u00e7o":"&#36;&nbsp;174.000,00","Disponibilidade":"Em Estoque"},"schema":{"@context":"https:\/\/schema.org","@graph":[{"@type":["WebPage","ItemPage"],"@id":"https:\/\/barilocheexcursiones.com.ar\/product\/piedras-blancas-trineos-culipatin-traslado\/","url":"https:\/\/barilocheexcursiones.com.ar\/product\/piedras-blancas-trineos-culipatin-traslado\/","name":"Piedras Blancas - Culipatin Sledging com traslado inclu\u00eddo - Bariloche Excursions","isPartOf":{"@id":"https:\/\/barilocheexcursiones.com.ar\/#website"},"primaryImageOfPage":{"@id":"https:\/\/barilocheexcursiones.com.ar\/product\/piedras-blancas-trineos-culipatin-traslado\/#primaryimage"},"image":{"@id":"https:\/\/barilocheexcursiones.com.ar\/product\/piedras-blancas-trineos-culipatin-traslado\/#primaryimage"},"thumbnailUrl":"https:\/\/barilocheexcursiones.com.ar\/wp-content\/uploads\/2025\/03\/3-D-IMG_9730-scaled.jpg","datePublished":"2025-03-23T23:51:09+00:00","dateModified":"2026-04-11T14:45:13+00:00","description":"Excurs\u00e3o a Piedras Blancas com traslado de Bariloche. Inclui tren\u00f3s, seis subidas de telef\u00e9rico e assist\u00eancia profissional. Ideal para conhecer a neve com a fam\u00edlia.","breadcrumb":{"@id":"https:\/\/barilocheexcursiones.com.ar\/product\/piedras-blancas-trineos-culipatin-traslado\/#breadcrumb"},"inLanguage":"pt-BR","potentialAction":[{"@type":"ReadAction","target":["https:\/\/barilocheexcursiones.com.ar\/product\/piedras-blancas-trineos-culipatin-traslado\/"]}]},{"@type":"ImageObject","inLanguage":"pt-BR","@id":"https:\/\/barilocheexcursiones.com.ar\/product\/piedras-blancas-trineos-culipatin-traslado\/#primaryimage","url":"https:\/\/barilocheexcursiones.com.ar\/wp-content\/uploads\/2025\/03\/3-D-IMG_9730-scaled.jpg","contentUrl":"https:\/\/barilocheexcursiones.com.ar\/wp-content\/uploads\/2025\/03\/3-D-IMG_9730-scaled.jpg","width":1920,"height":2560},{"@type":"BreadcrumbList","@id":"https:\/\/barilocheexcursiones.com.ar\/product\/piedras-blancas-trineos-culipatin-traslado\/#breadcrumb","itemListElement":[{"@type":"ListItem","position":1,"name":"Home","item":"https:\/\/barilocheexcursiones.com.ar\/"},{"@type":"ListItem","position":2,"name":"Excursiones, traslados y m\u00e1s!","item":"https:\/\/barilocheexcursiones.com.ar\/shop\/"},{"@type":"ListItem","position":3,"name":"Piedras Blancas &#8211; Trineos Culipatin con traslado incluido"}]},{"@type":"WebSite","@id":"https:\/\/barilocheexcursiones.com.ar\/#website","url":"https:\/\/barilocheexcursiones.com.ar\/","name":"Excurs\u00f5es em Bariloche","description":"Experi\u00eancia em Bariloche","publisher":{"@id":"https:\/\/barilocheexcursiones.com.ar\/#organization"},"potentialAction":[{"@type":"SearchAction","target":{"@type":"EntryPoint","urlTemplate":"https:\/\/barilocheexcursiones.com.ar\/?s={search_term_string}"},"query-input":{"@type":"PropertyValueSpecification","valueRequired":true,"valueName":"search_term_string"}}],"inLanguage":"pt-BR"},{"@type":"Organization","@id":"https:\/\/barilocheexcursiones.com.ar\/#organization","name":"Excurs\u00f5es em Bariloche","url":"https:\/\/barilocheexcursiones.com.ar\/","logo":{"@type":"ImageObject","inLanguage":"pt-BR","@id":"https:\/\/barilocheexcursiones.com.ar\/#\/schema\/logo\/image\/","url":"https:\/\/barilocheexcursiones.com.ar\/wp-content\/uploads\/2025\/04\/bariloche-excursiones-logo.png","contentUrl":"https:\/\/barilocheexcursiones.com.ar\/wp-content\/uploads\/2025\/04\/bariloche-excursiones-logo.png","width":512,"height":512,"caption":"Bariloche Excursiones"},"image":{"@id":"https:\/\/barilocheexcursiones.com.ar\/#\/schema\/logo\/image\/"}}]},"product_price_amount":"174000.00","product_price_currency":"ARS","og_availability":"instock","product_availability":"instock","product_retailer_item_id":"ADV2025PIBLTR3QM1","product_condition":"new"},"_links":{"self":[{"href":"https:\/\/barilocheexcursiones.com.ar\/pt\/wp-json\/wp\/v2\/product\/790","targetHints":{"allow":["GET"]}}],"collection":[{"href":"https:\/\/barilocheexcursiones.com.ar\/pt\/wp-json\/wp\/v2\/product"}],"about":[{"href":"https:\/\/barilocheexcursiones.com.ar\/pt\/wp-json\/wp\/v2\/types\/product"}],"replies":[{"embeddable":true,"href":"https:\/\/barilocheexcursiones.com.ar\/pt\/wp-json\/wp\/v2\/comments?post=790"}],"version-history":[{"count":8,"href":"https:\/\/barilocheexcursiones.com.ar\/pt\/wp-json\/wp\/v2\/product\/790\/revisions"}],"predecessor-version":[{"id":17800,"href":"https:\/\/barilocheexcursiones.com.ar\/pt\/wp-json\/wp\/v2\/product\/790\/revisions\/17800"}],"wp:featuredmedia":[{"embeddable":true,"href":"https:\/\/barilocheexcursiones.com.ar\/pt\/wp-json\/wp\/v2\/media\/16903"}],"wp:attachment":[{"href":"https:\/\/barilocheexcursiones.com.ar\/pt\/wp-json\/wp\/v2\/media?parent=790"}],"wp:term":[{"taxonomy":"product_brand","embeddable":true,"href":"https:\/\/barilocheexcursiones.com.ar\/pt\/wp-json\/wp\/v2\/product_brand?post=790"},{"taxonomy":"product_cat","embeddable":true,"href":"https:\/\/barilocheexcursiones.com.ar\/pt\/wp-json\/wp\/v2\/product_cat?post=790"},{"taxonomy":"product_tag","embeddable":true,"href":"https:\/\/barilocheexcursiones.com.ar\/pt\/wp-json\/wp\/v2\/product_tag?post=790"}],"curies":[{"name":"wp","href":"https:\/\/api.w.org\/{rel}","templated":true}]}}