{"id":789,"date":"2025-03-23T20:50:53","date_gmt":"2025-03-23T23:50:53","guid":{"rendered":"https:\/\/barilocheexcursiones.com.ar\/?post_type=product&#038;p=789"},"modified":"2026-04-11T11:47:01","modified_gmt":"2026-04-11T14:47:01","slug":"noche-nordica","status":"publish","type":"product","link":"https:\/\/barilocheexcursiones.com.ar\/pt\/product\/noite-nordica\/","title":{"rendered":"Winter Park - Jantar com show e esqui noturno"},"content":{"rendered":"<h2 data-start=\"196\" data-end=\"237\">Experimente o encanto da noite patag\u00f4nica<\/h2>\n<p data-start=\"239\" data-end=\"606\">Quando o sol se p\u00f5e e as luzes se acendem sobre a neve, o Parque de Inverno do Cerro Otto se torna um cen\u00e1rio \u00fanico para apreciar a montanha de uma perspectiva diferente. Propomos um tipo diferente de noite, combinando atividades na neve, sabores locais e um show ao vivo, tudo em um ambiente seguro, natural e cheio de energia.<\/p>\n<h3 data-start=\"613\" data-end=\"641\">Detalhes da atividade<\/h3>\n<p data-start=\"643\" data-end=\"1053\"><strong data-start=\"643\" data-end=\"663\">Dias e hor\u00e1rios:<\/strong> Todos os dias | Das 18:30 \u00e0s 23:00<br data-start=\"697\" data-end=\"700\" \/><strong data-start=\"700\" data-end=\"712\">Ele inclui:<\/strong> Traslado de ida e volta, esqui livre ou raquetes de neve, jantar patag\u00f4nico com open bar, show ao vivo.<br data-start=\"830\" data-end=\"833\" \/><strong data-start=\"833\" data-end=\"848\">N\u00e3o inclu\u00eddo:<\/strong> Roupas para neve.<br data-start=\"865\" data-end=\"868\" \/><strong data-start=\"868\" data-end=\"882\">Localiza\u00e7\u00e3o:<\/strong> Winter Park - Cerro Otto<br data-start=\"907\" data-end=\"910\" \/><strong data-start=\"910\" data-end=\"934\">Pontos de encontro:<\/strong> Do centro de Bariloche at\u00e9 a base do Cerro L\u00f3pez, ao longo da Av. Bustillo e da Av. Pioneros. Pergunte sobre outras \u00e1reas.<\/p>\n<h2 data-start=\"1060\" data-end=\"1120\">Uma noite de neve, sabor e divers\u00e3o sob as estrelas<\/h2>\n<p data-start=\"1122\" data-end=\"1364\">A aventura come\u00e7a com um traslado de v\u00e1rios pontos da cidade at\u00e9 o Winter Park. Ao chegar, voc\u00ea pode escolher como vivenciar a neve: deslizando pelas encostas iluminadas ou andando com raquetes de neve pela floresta nevada em uma caminhada guiada.<\/p>\n<p data-start=\"1366\" data-end=\"1648\">Ap\u00f3s a atividade, um jantar reconfortante o aguarda com pratos regionais, como goulash ou ensopado tradicional, acompanhado por um open bar e uma deliciosa sobremesa. A noite \u00e9 coroada com um show de m\u00fasica e dan\u00e7a ao vivo que garante um encerramento cheio de alegria e bom ambiente.<\/p>\n<h3 data-start=\"1655\" data-end=\"1690\">Por que escolher essa experi\u00eancia?<\/h3>\n<p data-start=\"1692\" data-end=\"2014\"><strong data-start=\"1692\" data-end=\"1725\">Snow Under the Moonlight (Neve sob a luz do luar):<\/strong> Atividade noturna com duas op\u00e7\u00f5es, dependendo de seu estilo.<br data-start=\"1778\" data-end=\"1781\" \/><strong data-start=\"1781\" data-end=\"1803\">Gastronomia local:<\/strong> Pratos t\u00edpicos e bebidas ilimitadas em um ambiente acolhedor.<br data-start=\"1861\" data-end=\"1864\" \/><strong data-start=\"1864\" data-end=\"1892\">Entretenimento ao vivo:<\/strong> M\u00fasica e dan\u00e7a para encerrar a noite.<br data-start=\"1932\" data-end=\"1935\" \/><strong data-start=\"1935\" data-end=\"1950\">Para todos:<\/strong> N\u00e3o \u00e9 necess\u00e1rio ter experi\u00eancia, ideal para fam\u00edlias, casais ou grupos.<\/p>\n<h3 data-start=\"2021\" data-end=\"2051\">Perguntas frequentes (FAQ)<\/h3>\n<p data-start=\"2053\" data-end=\"2242\"><strong data-start=\"2053\" data-end=\"2091\">O que est\u00e1 inclu\u00eddo no servi\u00e7o?<\/strong><br data-start=\"2091\" data-end=\"2094\" \/>O pacote inclui traslados de ida e volta para Bariloche, acesso a esqui noturno ou raquetes de neve, jantar completo com bar aberto e entretenimento ao vivo.<\/p>\n<p data-start=\"2244\" data-end=\"2391\"><strong data-start=\"2244\" data-end=\"2284\">\u00c9 preciso saber esquiar para participar?<\/strong><br data-start=\"2284\" data-end=\"2287\" \/>N\u00e3o. Se preferir uma op\u00e7\u00e3o mais tranquila, voc\u00ea pode participar da caminhada guiada com raquetes de neve pela floresta.<\/p>\n<p data-start=\"2393\" data-end=\"2556\"><strong data-start=\"2393\" data-end=\"2414\">As crian\u00e7as podem ir?<\/strong><br data-start=\"2414\" data-end=\"2417\" \/>Sim, a proposta \u00e9 destinada a todas as idades. Crian\u00e7as de 0 a 3 anos de idade n\u00e3o pagam. H\u00e1 tarifas especiais para crian\u00e7as de 4 a 12 anos de idade.<\/p>\n<p data-start=\"2558\" data-end=\"2724\"><strong data-start=\"2558\" data-end=\"2584\">O que eu preciso levar?<\/strong><br data-start=\"2584\" data-end=\"2587\" \/>\u00c9 necess\u00e1rio usar roupas apropriadas para neve: casaco imperme\u00e1vel, botas, luvas, chap\u00e9u e cal\u00e7as t\u00e9rmicas. Nenhuma roupa \u00e9 fornecida.<\/p>\n<p data-start=\"2558\" data-end=\"2724\"><strong>Aviso importante<\/strong>Este passeio j\u00e1 est\u00e1 dispon\u00edvel para pr\u00e9-reserva. As sa\u00eddas operam de 15 de junho a 20 de agosto, sujeitas ao calend\u00e1rio sazonal.<\/p>","protected":false},"excerpt":{"rendered":"<p>Embarque em uma jornada inesquec\u00edvel na Noite N\u00f3rdica. Experimente a emo\u00e7\u00e3o de um passeio de quadriciclo por uma floresta nevada e termine com um jantar requintado em um retiro aconchegante, imerso em luxo e exclusividade.<\/p>","protected":false},"featured_media":16901,"comment_status":"open","ping_status":"closed","template":"","meta":[],"product_brand":[],"product_cat":[91,85,105,100,166,167,169],"product_tag":[],"class_list":{"0":"post-789","1":"product","2":"type-product","3":"status-publish","4":"has-post-thumbnail","6":"product_cat-adultos","7":"product_cat-aventura","8":"product_cat-con-comida","9":"product_cat-con-traslado","10":"product_cat-invierno-temporada","11":"product_cat-ninos-apto","12":"product_cat-terrestre-tipo","14":"first","15":"instock","16":"virtual","17":"sold-individually","18":"purchasable","19":"product-type-booking"},"booking_location":"","booking_location_type":"","booking_duration":1,"booking_duration_unit":"hour","booking_buffer":0,"booking_cost":0,"booking_resources":[],"exclude_global_add_ons":false,"addons":[{"name":"ADU: Adulto","type":"input_multiplier","position":0,"required":false,"title_format":"label","default":"","description_enable":false,"description":"","placeholder_enable":false,"placeholder":"","display":"select","restrictions_type":"any_text","adjust_price":true,"price":"260000","price_type":"quantity_based","restrictions":false,"min":"0","max":"0","options":[],"id":1775908022},{"name":"MEN412 | de 4 a 12","type":"input_multiplier","position":1,"required":false,"title_format":"label","default":"","description_enable":false,"description":"","placeholder_enable":false,"placeholder":"","display":"select","restrictions_type":"any_text","adjust_price":true,"price":"220000","price_type":"quantity_based","restrictions":false,"min":"0","max":"0","options":[],"id":1775908023}],"yoast_head":"<!-- This site is optimized with the Yoast SEO Premium plugin v24.5 (Yoast SEO v24.8) - https:\/\/yoast.com\/wordpress\/plugins\/seo\/ -->\n<title>Winter Park - Cena Show y Ski nocturno - Bariloche Excursiones<\/title>\n<meta name=\"robots\" content=\"index, follow, max-snippet:-1, max-image-preview:large, max-video-preview:-1\" \/>\n<link rel=\"canonical\" href=\"https:\/\/barilocheexcursiones.com.ar\/pt\/product\/noite-nordica\/\" \/>\n<meta property=\"og:locale\" content=\"pt_BR\" \/>\n<meta property=\"og:type\" content=\"article\" \/>\n<meta property=\"og:title\" content=\"Winter Park - Cena Show y Ski nocturno\" \/>\n<meta property=\"og:description\" content=\"Emb\u00e1rquese en una traves\u00eda inolvidable en la Noche N\u00f2rdica. Experimente la emoci\u00f3n de un paseo en cuatriciclos por un bosque nevado y finalice con una cena exquisita en un refugio acogedor, sumergido en lujo y exclusividad.\" \/>\n<meta property=\"og:url\" content=\"https:\/\/barilocheexcursiones.com.ar\/pt\/product\/noite-nordica\/\" \/>\n<meta property=\"og:site_name\" content=\"Bariloche Excursiones\" \/>\n<meta property=\"article:modified_time\" content=\"2026-04-11T14:47:01+00:00\" \/>\n<meta property=\"og:image\" content=\"https:\/\/barilocheexcursiones.com.ar\/wp-content\/uploads\/2025\/03\/3-B-WhatsApp_Image_2024-07-20_at_11_06_57_5-scaled.jpg\" \/>\n\t<meta property=\"og:image:width\" content=\"1920\" \/>\n\t<meta property=\"og:image:height\" content=\"2560\" \/>\n\t<meta property=\"og:image:type\" content=\"image\/jpeg\" \/>\n<meta name=\"twitter:card\" content=\"summary_large_image\" \/>\n<meta name=\"twitter:label1\" content=\"Pre\u00e7o\" \/>\n\t<meta name=\"twitter:data1\" content=\"&#036;&nbsp;260.000,00\" \/>\n\t<meta name=\"twitter:label2\" content=\"Disponibilidade\" \/>\n\t<meta name=\"twitter:data2\" content=\"Em Estoque\" \/>\n<script type=\"application\/ld+json\" class=\"yoast-schema-graph\">{\"@context\":\"https:\/\/schema.org\",\"@graph\":[{\"@type\":[\"WebPage\",\"ItemPage\"],\"@id\":\"https:\/\/barilocheexcursiones.com.ar\/product\/noche-nordica\/\",\"url\":\"https:\/\/barilocheexcursiones.com.ar\/product\/noche-nordica\/\",\"name\":\"Winter Park - Cena Show y Ski nocturno - Bariloche Excursiones\",\"isPartOf\":{\"@id\":\"https:\/\/barilocheexcursiones.com.ar\/#website\"},\"primaryImageOfPage\":{\"@id\":\"https:\/\/barilocheexcursiones.com.ar\/product\/noche-nordica\/#primaryimage\"},\"image\":{\"@id\":\"https:\/\/barilocheexcursiones.com.ar\/product\/noche-nordica\/#primaryimage\"},\"thumbnailUrl\":\"https:\/\/barilocheexcursiones.com.ar\/wp-content\/uploads\/2025\/03\/3-B-WhatsApp_Image_2024-07-20_at_11_06_57_5-scaled.jpg\",\"datePublished\":\"2025-03-23T23:50:53+00:00\",\"dateModified\":\"2026-04-11T14:47:01+00:00\",\"breadcrumb\":{\"@id\":\"https:\/\/barilocheexcursiones.com.ar\/product\/noche-nordica\/#breadcrumb\"},\"inLanguage\":\"pt-BR\",\"potentialAction\":[{\"@type\":\"ReadAction\",\"target\":[\"https:\/\/barilocheexcursiones.com.ar\/product\/noche-nordica\/\"]}]},{\"@type\":\"ImageObject\",\"inLanguage\":\"pt-BR\",\"@id\":\"https:\/\/barilocheexcursiones.com.ar\/product\/noche-nordica\/#primaryimage\",\"url\":\"https:\/\/barilocheexcursiones.com.ar\/wp-content\/uploads\/2025\/03\/3-B-WhatsApp_Image_2024-07-20_at_11_06_57_5-scaled.jpg\",\"contentUrl\":\"https:\/\/barilocheexcursiones.com.ar\/wp-content\/uploads\/2025\/03\/3-B-WhatsApp_Image_2024-07-20_at_11_06_57_5-scaled.jpg\",\"width\":1920,\"height\":2560},{\"@type\":\"BreadcrumbList\",\"@id\":\"https:\/\/barilocheexcursiones.com.ar\/product\/noche-nordica\/#breadcrumb\",\"itemListElement\":[{\"@type\":\"ListItem\",\"position\":1,\"name\":\"Home\",\"item\":\"https:\/\/barilocheexcursiones.com.ar\/\"},{\"@type\":\"ListItem\",\"position\":2,\"name\":\"Excursiones, traslados y m\u00e1s!\",\"item\":\"https:\/\/barilocheexcursiones.com.ar\/shop\/\"},{\"@type\":\"ListItem\",\"position\":3,\"name\":\"Winter Park &#8211; Cena Show y Ski nocturno\"}]},{\"@type\":\"WebSite\",\"@id\":\"https:\/\/barilocheexcursiones.com.ar\/#website\",\"url\":\"https:\/\/barilocheexcursiones.com.ar\/\",\"name\":\"Bariloche Excursiones\",\"description\":\"Vivir la experiencia en Bariloche\",\"publisher\":{\"@id\":\"https:\/\/barilocheexcursiones.com.ar\/#organization\"},\"potentialAction\":[{\"@type\":\"SearchAction\",\"target\":{\"@type\":\"EntryPoint\",\"urlTemplate\":\"https:\/\/barilocheexcursiones.com.ar\/?s={search_term_string}\"},\"query-input\":{\"@type\":\"PropertyValueSpecification\",\"valueRequired\":true,\"valueName\":\"search_term_string\"}}],\"inLanguage\":\"pt-BR\"},{\"@type\":\"Organization\",\"@id\":\"https:\/\/barilocheexcursiones.com.ar\/#organization\",\"name\":\"Bariloche Excursiones\",\"url\":\"https:\/\/barilocheexcursiones.com.ar\/\",\"logo\":{\"@type\":\"ImageObject\",\"inLanguage\":\"pt-BR\",\"@id\":\"https:\/\/barilocheexcursiones.com.ar\/#\/schema\/logo\/image\/\",\"url\":\"https:\/\/barilocheexcursiones.com.ar\/wp-content\/uploads\/2025\/04\/bariloche-excursiones-logo.png\",\"contentUrl\":\"https:\/\/barilocheexcursiones.com.ar\/wp-content\/uploads\/2025\/04\/bariloche-excursiones-logo.png\",\"width\":512,\"height\":512,\"caption\":\"Bariloche Excursiones\"},\"image\":{\"@id\":\"https:\/\/barilocheexcursiones.com.ar\/#\/schema\/logo\/image\/\"}}]}<\/script>\n<meta property=\"product:price:amount\" content=\"260000.00\" \/>\n<meta property=\"product:price:currency\" content=\"ARS\" \/>\n<meta property=\"og:availability\" content=\"instock\" \/>\n<meta property=\"product:availability\" content=\"instock\" \/>\n<meta property=\"product:retailer_item_id\" content=\"ADV2025NON\u00d281HY\" \/>\n<meta property=\"product:condition\" content=\"new\" \/>\n<!-- \/ Yoast SEO Premium plugin. -->","yoast_head_json":{"title":"Winter Park - Jantar Show e Esqui Noturno - Excurs\u00f5es em Bariloche","robots":{"index":"index","follow":"follow","max-snippet":"max-snippet:-1","max-image-preview":"max-image-preview:large","max-video-preview":"max-video-preview:-1"},"canonical":"https:\/\/barilocheexcursiones.com.ar\/pt\/product\/noite-nordica\/","og_locale":"pt_BR","og_type":"article","og_title":"Winter Park - Cena Show y Ski nocturno","og_description":"Emb\u00e1rquese en una traves\u00eda inolvidable en la Noche N\u00f2rdica. Experimente la emoci\u00f3n de un paseo en cuatriciclos por un bosque nevado y finalice con una cena exquisita en un refugio acogedor, sumergido en lujo y exclusividad.","og_url":"https:\/\/barilocheexcursiones.com.ar\/pt\/product\/noite-nordica\/","og_site_name":"Bariloche Excursiones","article_modified_time":"2026-04-11T14:47:01+00:00","og_image":[{"width":1920,"height":2560,"url":"https:\/\/barilocheexcursiones.com.ar\/wp-content\/uploads\/2025\/03\/3-B-WhatsApp_Image_2024-07-20_at_11_06_57_5-scaled.jpg","type":"image\/jpeg"}],"twitter_card":"summary_large_image","twitter_misc":{"Pre\u00e7o":"&#36;&nbsp;260.000,00","Disponibilidade":"Em Estoque"},"schema":{"@context":"https:\/\/schema.org","@graph":[{"@type":["WebPage","ItemPage"],"@id":"https:\/\/barilocheexcursiones.com.ar\/product\/noche-nordica\/","url":"https:\/\/barilocheexcursiones.com.ar\/product\/noche-nordica\/","name":"Winter Park - Jantar Show e Esqui Noturno - Excurs\u00f5es em Bariloche","isPartOf":{"@id":"https:\/\/barilocheexcursiones.com.ar\/#website"},"primaryImageOfPage":{"@id":"https:\/\/barilocheexcursiones.com.ar\/product\/noche-nordica\/#primaryimage"},"image":{"@id":"https:\/\/barilocheexcursiones.com.ar\/product\/noche-nordica\/#primaryimage"},"thumbnailUrl":"https:\/\/barilocheexcursiones.com.ar\/wp-content\/uploads\/2025\/03\/3-B-WhatsApp_Image_2024-07-20_at_11_06_57_5-scaled.jpg","datePublished":"2025-03-23T23:50:53+00:00","dateModified":"2026-04-11T14:47:01+00:00","breadcrumb":{"@id":"https:\/\/barilocheexcursiones.com.ar\/product\/noche-nordica\/#breadcrumb"},"inLanguage":"pt-BR","potentialAction":[{"@type":"ReadAction","target":["https:\/\/barilocheexcursiones.com.ar\/product\/noche-nordica\/"]}]},{"@type":"ImageObject","inLanguage":"pt-BR","@id":"https:\/\/barilocheexcursiones.com.ar\/product\/noche-nordica\/#primaryimage","url":"https:\/\/barilocheexcursiones.com.ar\/wp-content\/uploads\/2025\/03\/3-B-WhatsApp_Image_2024-07-20_at_11_06_57_5-scaled.jpg","contentUrl":"https:\/\/barilocheexcursiones.com.ar\/wp-content\/uploads\/2025\/03\/3-B-WhatsApp_Image_2024-07-20_at_11_06_57_5-scaled.jpg","width":1920,"height":2560},{"@type":"BreadcrumbList","@id":"https:\/\/barilocheexcursiones.com.ar\/product\/noche-nordica\/#breadcrumb","itemListElement":[{"@type":"ListItem","position":1,"name":"Home","item":"https:\/\/barilocheexcursiones.com.ar\/"},{"@type":"ListItem","position":2,"name":"Excursiones, traslados y m\u00e1s!","item":"https:\/\/barilocheexcursiones.com.ar\/shop\/"},{"@type":"ListItem","position":3,"name":"Winter Park &#8211; Cena Show y Ski nocturno"}]},{"@type":"WebSite","@id":"https:\/\/barilocheexcursiones.com.ar\/#website","url":"https:\/\/barilocheexcursiones.com.ar\/","name":"Excurs\u00f5es em Bariloche","description":"Experi\u00eancia em Bariloche","publisher":{"@id":"https:\/\/barilocheexcursiones.com.ar\/#organization"},"potentialAction":[{"@type":"SearchAction","target":{"@type":"EntryPoint","urlTemplate":"https:\/\/barilocheexcursiones.com.ar\/?s={search_term_string}"},"query-input":{"@type":"PropertyValueSpecification","valueRequired":true,"valueName":"search_term_string"}}],"inLanguage":"pt-BR"},{"@type":"Organization","@id":"https:\/\/barilocheexcursiones.com.ar\/#organization","name":"Excurs\u00f5es em Bariloche","url":"https:\/\/barilocheexcursiones.com.ar\/","logo":{"@type":"ImageObject","inLanguage":"pt-BR","@id":"https:\/\/barilocheexcursiones.com.ar\/#\/schema\/logo\/image\/","url":"https:\/\/barilocheexcursiones.com.ar\/wp-content\/uploads\/2025\/04\/bariloche-excursiones-logo.png","contentUrl":"https:\/\/barilocheexcursiones.com.ar\/wp-content\/uploads\/2025\/04\/bariloche-excursiones-logo.png","width":512,"height":512,"caption":"Bariloche Excursiones"},"image":{"@id":"https:\/\/barilocheexcursiones.com.ar\/#\/schema\/logo\/image\/"}}]},"product_price_amount":"260000.00","product_price_currency":"ARS","og_availability":"instock","product_availability":"instock","product_retailer_item_id":"ADV2025NON\u00d281HY","product_condition":"new"},"_links":{"self":[{"href":"https:\/\/barilocheexcursiones.com.ar\/pt\/wp-json\/wp\/v2\/product\/789","targetHints":{"allow":["GET"]}}],"collection":[{"href":"https:\/\/barilocheexcursiones.com.ar\/pt\/wp-json\/wp\/v2\/product"}],"about":[{"href":"https:\/\/barilocheexcursiones.com.ar\/pt\/wp-json\/wp\/v2\/types\/product"}],"replies":[{"embeddable":true,"href":"https:\/\/barilocheexcursiones.com.ar\/pt\/wp-json\/wp\/v2\/comments?post=789"}],"version-history":[{"count":4,"href":"https:\/\/barilocheexcursiones.com.ar\/pt\/wp-json\/wp\/v2\/product\/789\/revisions"}],"predecessor-version":[{"id":17801,"href":"https:\/\/barilocheexcursiones.com.ar\/pt\/wp-json\/wp\/v2\/product\/789\/revisions\/17801"}],"wp:featuredmedia":[{"embeddable":true,"href":"https:\/\/barilocheexcursiones.com.ar\/pt\/wp-json\/wp\/v2\/media\/16901"}],"wp:attachment":[{"href":"https:\/\/barilocheexcursiones.com.ar\/pt\/wp-json\/wp\/v2\/media?parent=789"}],"wp:term":[{"taxonomy":"product_brand","embeddable":true,"href":"https:\/\/barilocheexcursiones.com.ar\/pt\/wp-json\/wp\/v2\/product_brand?post=789"},{"taxonomy":"product_cat","embeddable":true,"href":"https:\/\/barilocheexcursiones.com.ar\/pt\/wp-json\/wp\/v2\/product_cat?post=789"},{"taxonomy":"product_tag","embeddable":true,"href":"https:\/\/barilocheexcursiones.com.ar\/pt\/wp-json\/wp\/v2\/product_tag?post=789"}],"curies":[{"name":"wp","href":"https:\/\/api.w.org\/{rel}","templated":true}]}}