{"id":788,"date":"2025-03-23T20:50:43","date_gmt":"2025-03-23T23:50:43","guid":{"rendered":"https:\/\/barilocheexcursiones.com.ar\/?post_type=product&#038;p=788"},"modified":"2026-04-11T11:50:56","modified_gmt":"2026-04-11T14:50:56","slug":"extremo-encantado","status":"publish","type":"product","link":"https:\/\/barilocheexcursiones.com.ar\/pt\/product\/fim-encantado\/","title":{"rendered":"Live Extreme Enchanted: culipat\u00edn, snowshoeing e magia da neve com m\u00fasica ao vivo"},"content":{"rendered":"<h3 data-start=\"413\" data-end=\"514\"><strong data-start=\"417\" data-end=\"514\">Experimente um encontro aut\u00eantico com a Patag\u00f4nia nevada em um dia projetado para os sentidos.<\/strong><\/h3>\n<p data-start=\"516\" data-end=\"811\">O Extremo Encantado \u00e9 mais do que uma excurs\u00e3o: \u00e9 uma imers\u00e3o no melhor do inverno patag\u00f4nico. Por meio de um itiner\u00e1rio cuidadosamente pensado, combinamos paisagens extraordin\u00e1rias, aventura moderada e uma proposta gastron\u00f4mica reconfortante, tudo no ambiente privilegiado do Cerro L\u00f3pez.<\/p>\n<p data-start=\"813\" data-end=\"1030\">A partida est\u00e1 dispon\u00edvel todos os dias <strong data-start=\"854\" data-end=\"900\">15 de junho a 20 de agosto<\/strong>, O servi\u00e7o oferece dois hor\u00e1rios poss\u00edveis e um servi\u00e7o que prioriza a qualidade, o conforto e a experi\u00eancia em contato direto com a neve.<\/p>\n<h3 data-start=\"1037\" data-end=\"1077\">O que torna essa experi\u00eancia \u00fanica<\/h3>\n<p data-start=\"1079\" data-end=\"1273\"><strong data-start=\"1079\" data-end=\"1113\">Subida em 4\u00d74 pela montanha:<\/strong> A rota inicial faz toda a diferen\u00e7a. Dirigimos em ve\u00edculos especiais por estradas nevadas at\u00e9 o ref\u00fagio, cercados por vistas de tirar o f\u00f4lego.<\/p>\n<p data-start=\"1275\" data-end=\"1409\"><strong data-start=\"1275\" data-end=\"1310\">Tren\u00f3 e divers\u00e3o na neve:<\/strong> Uma atividade simples e segura, a descida dos culipatines traz sorrisos para os rostos de todas as idades.<\/p>\n<p data-start=\"1411\" data-end=\"1579\"><strong data-start=\"1411\" data-end=\"1458\">Andar com raquetes de neve em trilhas nevadas:<\/strong> Uma caminhada curta, mas inesquec\u00edvel, guiada por especialistas, que revela o sil\u00eancio e a beleza da floresta andina no inverno.<\/p>\n<p data-start=\"1581\" data-end=\"1750\"><strong data-start=\"1581\" data-end=\"1614\">Experi\u00eancia gourmet regional:<\/strong> Fondue, empanadas e outras especialidades s\u00e3o servidas em um ambiente aconchegante com m\u00fasica ao vivo, completando uma experi\u00eancia multissensorial.<\/p>\n<h3 data-start=\"1757\" data-end=\"1778\">Op\u00e7\u00f5es de tempo<\/h3>\n<ul data-start=\"1780\" data-end=\"1856\">\n<li data-start=\"1780\" data-end=\"1818\">\n<p data-start=\"1782\" data-end=\"1818\"><strong data-start=\"1782\" data-end=\"1799\">Turno da manh\u00e3:<\/strong> Das 9h \u00e0s 15h.<\/p>\n<\/li>\n<li data-start=\"1819\" data-end=\"1856\">\n<p data-start=\"1821\" data-end=\"1856\"><strong data-start=\"1821\" data-end=\"1837\">Turno da tarde:<\/strong> 13 a 18 hs.<\/p>\n<\/li>\n<\/ul>\n<p data-start=\"1858\" data-end=\"1995\">Os traslados s\u00e3o organizados a partir de pontos de encontro localizados entre o centro de Bariloche e o km 8 das avenidas Bustillo ou Pioneros.<\/p>\n<h3 data-start=\"2002\" data-end=\"2017\">O que est\u00e1 inclu\u00eddo<\/h3>\n<ul data-start=\"2019\" data-end=\"2271\">\n<li data-start=\"2019\" data-end=\"2073\">\n<p data-start=\"2021\" data-end=\"2073\">Transporte de e para pontos estrat\u00e9gicos.<\/p>\n<\/li>\n<li data-start=\"2074\" data-end=\"2111\">\n<p data-start=\"2076\" data-end=\"2111\">Subida em um ve\u00edculo 4\u00d74 at\u00e9 a \u00e1rea da montanha.<\/p>\n<\/li>\n<li data-start=\"2112\" data-end=\"2154\">\n<p data-start=\"2114\" data-end=\"2154\">Caminhada guiada com raquetes de neve.<\/p>\n<\/li>\n<li data-start=\"2155\" data-end=\"2189\">\n<p data-start=\"2157\" data-end=\"2189\">Tren\u00f3 (culipat\u00edn).<\/p>\n<\/li>\n<li data-start=\"2190\" data-end=\"2223\">\n<p data-start=\"2192\" data-end=\"2223\">M\u00fasica ao vivo no abrigo.<\/p>\n<\/li>\n<li data-start=\"2224\" data-end=\"2271\">\n<p data-start=\"2226\" data-end=\"2271\">Almo\u00e7o ou lanche regional, dependendo do turno.<\/p>\n<\/li>\n<\/ul>\n<p data-start=\"2273\" data-end=\"2342\"><strong data-start=\"2273\" data-end=\"2288\">Importante:<\/strong> Roupas de neve e bebidas n\u00e3o est\u00e3o inclu\u00eddas na refei\u00e7\u00e3o.<\/p>\n<h3 data-start=\"2349\" data-end=\"2373\">Perguntas frequentes<\/h3>\n<p data-start=\"2375\" data-end=\"2539\"><strong data-start=\"2375\" data-end=\"2433\">A experi\u00eancia \u00e9 adequada para iniciantes ou fam\u00edlias?<\/strong><br data-start=\"2433\" data-end=\"2436\" \/>Sim, n\u00e3o \u00e9 necess\u00e1ria nenhuma experi\u00eancia pr\u00e9via ou condicionamento f\u00edsico especial. \u00c9 ideal para fam\u00edlias, casais ou grupos.<\/p>\n<p data-start=\"2541\" data-end=\"2676\"><strong data-start=\"2541\" data-end=\"2562\">O que devo levar?<\/strong><br data-start=\"2562\" data-end=\"2565\" \/>Roupas t\u00e9rmicas ou de neve, botas \u00e0 prova d'\u00e1gua, luvas, chap\u00e9u e \u00f3culos escuros. A atividade n\u00e3o inclui roupas.<\/p>\n<p data-start=\"2678\" data-end=\"2850\"><strong data-start=\"2678\" data-end=\"2710\">Onde come\u00e7a a transfer\u00eancia?<\/strong><br data-start=\"2710\" data-end=\"2713\" \/>O traslado parte de pontos de encontro pr\u00f3ximos \u00e0 sua acomoda\u00e7\u00e3o, localizados entre o centro e o km 8 da Av. Bustillo ou Av. Pioneros.<\/p>\n<p data-start=\"2678\" data-end=\"2850\"><strong>Aviso importante<\/strong>Este passeio j\u00e1 est\u00e1 dispon\u00edvel para pr\u00e9-reserva. As sa\u00eddas operam de 15 de junho a 20 de agosto, sujeitas ao calend\u00e1rio sazonal.<\/p>","protected":false},"excerpt":{"rendered":"<p><strong>Fim Encantado<\/strong> oferece a voc\u00ea uma experi\u00eancia \u00fanica de inverno. Aventura em 4\u00d74, tren\u00f3 e caminhada, culminando com uma parada gastron\u00f4mica especial. Voc\u00ea se conectar\u00e1 com a natureza em um cen\u00e1rio incompar\u00e1vel.<\/p>","protected":false},"featured_media":16909,"comment_status":"open","ping_status":"closed","template":"","meta":[],"product_brand":[],"product_cat":[91,85,105,100,88,166,167,169],"product_tag":[],"class_list":{"0":"post-788","1":"product","2":"type-product","3":"status-publish","4":"has-post-thumbnail","6":"product_cat-adultos","7":"product_cat-aventura","8":"product_cat-con-comida","9":"product_cat-con-traslado","10":"product_cat-familia","11":"product_cat-invierno-temporada","12":"product_cat-ninos-apto","13":"product_cat-terrestre-tipo","15":"first","16":"instock","17":"virtual","18":"sold-individually","19":"purchasable","20":"product-type-booking"},"booking_location":"","booking_location_type":"","booking_duration":1,"booking_duration_unit":"hour","booking_buffer":0,"booking_cost":0,"booking_resources":[],"exclude_global_add_ons":false,"addons":[{"name":"ADU: Adulto","type":"input_multiplier","position":0,"required":false,"title_format":"label","default":"","description_enable":false,"description":"","placeholder_enable":false,"placeholder":"","display":"select","restrictions_type":"any_text","adjust_price":true,"price":"239500","price_type":"quantity_based","restrictions":false,"min":"0","max":"0","options":[],"id":1775908257},{"name":"MEN412 : de 4 a 12","type":"input_multiplier","position":1,"required":false,"title_format":"label","default":"","description_enable":false,"description":"","placeholder_enable":false,"placeholder":"","display":"select","restrictions_type":"any_text","adjust_price":true,"price":"179500","price_type":"quantity_based","restrictions":false,"min":"0","max":"0","options":[],"id":1775908258},{"name":"INF03 | De 0 a 3","type":"input_multiplier","position":2,"required":false,"title_format":"label","default":"","description_enable":false,"description":"","placeholder_enable":false,"placeholder":"","display":"select","restrictions_type":"any_text","adjust_price":true,"price":"0","price_type":"quantity_based","restrictions":false,"min":"0","max":"0","options":[],"id":1775908259}],"yoast_head":"<!-- This site is optimized with the Yoast SEO Premium plugin v24.5 (Yoast SEO v24.8) - https:\/\/yoast.com\/wordpress\/plugins\/seo\/ -->\n<title>Viv\u00ed Extremo Encantado: culipat\u00edn, raquetas y magia nevada con m\u00fasica en vivo - Bariloche Excursiones<\/title>\n<meta name=\"description\" content=\"Excursi\u00f3n Extremo Encantado: trineos, raquetas, gastronom\u00eda regional y vistas espectaculares en el Cerro L\u00f3pez. Una vivencia de nieve exclusiva en Bariloche.\" \/>\n<meta name=\"robots\" content=\"index, follow, max-snippet:-1, max-image-preview:large, max-video-preview:-1\" \/>\n<link rel=\"canonical\" href=\"https:\/\/barilocheexcursiones.com.ar\/pt\/product\/fim-encantado\/\" \/>\n<meta property=\"og:locale\" content=\"pt_BR\" \/>\n<meta property=\"og:type\" content=\"article\" \/>\n<meta property=\"og:title\" content=\"Viv\u00ed Extremo Encantado: culipat\u00edn, raquetas y magia nevada con m\u00fasica en vivo\" \/>\n<meta property=\"og:description\" content=\"Excursi\u00f3n Extremo Encantado: trineos, raquetas, gastronom\u00eda regional y vistas espectaculares en el Cerro L\u00f3pez. Una vivencia de nieve exclusiva en Bariloche.\" \/>\n<meta property=\"og:url\" content=\"https:\/\/barilocheexcursiones.com.ar\/pt\/product\/fim-encantado\/\" \/>\n<meta property=\"og:site_name\" content=\"Bariloche Excursiones\" \/>\n<meta property=\"article:modified_time\" content=\"2026-04-11T14:50:56+00:00\" \/>\n<meta property=\"og:image\" content=\"https:\/\/barilocheexcursiones.com.ar\/wp-content\/uploads\/2025\/03\/3-A-Externo-scaled.jpg\" \/>\n\t<meta property=\"og:image:width\" content=\"1920\" \/>\n\t<meta property=\"og:image:height\" content=\"2560\" \/>\n\t<meta property=\"og:image:type\" content=\"image\/jpeg\" \/>\n<meta name=\"twitter:card\" content=\"summary_large_image\" \/>\n<meta name=\"twitter:label1\" content=\"Pre\u00e7o\" \/>\n\t<meta name=\"twitter:data1\" content=\"&#036;&nbsp;239.500,00\" \/>\n\t<meta name=\"twitter:label2\" content=\"Disponibilidade\" \/>\n\t<meta name=\"twitter:data2\" content=\"Em Estoque\" \/>\n<script type=\"application\/ld+json\" class=\"yoast-schema-graph\">{\"@context\":\"https:\/\/schema.org\",\"@graph\":[{\"@type\":[\"WebPage\",\"ItemPage\"],\"@id\":\"https:\/\/barilocheexcursiones.com.ar\/product\/extremo-encantado\/\",\"url\":\"https:\/\/barilocheexcursiones.com.ar\/product\/extremo-encantado\/\",\"name\":\"Viv\u00ed Extremo Encantado: culipat\u00edn, raquetas y magia nevada con m\u00fasica en vivo - Bariloche Excursiones\",\"isPartOf\":{\"@id\":\"https:\/\/barilocheexcursiones.com.ar\/#website\"},\"primaryImageOfPage\":{\"@id\":\"https:\/\/barilocheexcursiones.com.ar\/product\/extremo-encantado\/#primaryimage\"},\"image\":{\"@id\":\"https:\/\/barilocheexcursiones.com.ar\/product\/extremo-encantado\/#primaryimage\"},\"thumbnailUrl\":\"https:\/\/barilocheexcursiones.com.ar\/wp-content\/uploads\/2025\/03\/3-A-Externo-scaled.jpg\",\"datePublished\":\"2025-03-23T23:50:43+00:00\",\"dateModified\":\"2026-04-11T14:50:56+00:00\",\"description\":\"Excursi\u00f3n Extremo Encantado: trineos, raquetas, gastronom\u00eda regional y vistas espectaculares en el Cerro L\u00f3pez. Una vivencia de nieve exclusiva en Bariloche.\",\"breadcrumb\":{\"@id\":\"https:\/\/barilocheexcursiones.com.ar\/product\/extremo-encantado\/#breadcrumb\"},\"inLanguage\":\"pt-BR\",\"potentialAction\":[{\"@type\":\"ReadAction\",\"target\":[\"https:\/\/barilocheexcursiones.com.ar\/product\/extremo-encantado\/\"]}]},{\"@type\":\"ImageObject\",\"inLanguage\":\"pt-BR\",\"@id\":\"https:\/\/barilocheexcursiones.com.ar\/product\/extremo-encantado\/#primaryimage\",\"url\":\"https:\/\/barilocheexcursiones.com.ar\/wp-content\/uploads\/2025\/03\/3-A-Externo-scaled.jpg\",\"contentUrl\":\"https:\/\/barilocheexcursiones.com.ar\/wp-content\/uploads\/2025\/03\/3-A-Externo-scaled.jpg\",\"width\":1920,\"height\":2560},{\"@type\":\"BreadcrumbList\",\"@id\":\"https:\/\/barilocheexcursiones.com.ar\/product\/extremo-encantado\/#breadcrumb\",\"itemListElement\":[{\"@type\":\"ListItem\",\"position\":1,\"name\":\"Home\",\"item\":\"https:\/\/barilocheexcursiones.com.ar\/\"},{\"@type\":\"ListItem\",\"position\":2,\"name\":\"Excursiones, traslados y m\u00e1s!\",\"item\":\"https:\/\/barilocheexcursiones.com.ar\/shop\/\"},{\"@type\":\"ListItem\",\"position\":3,\"name\":\"Viv\u00ed Extremo Encantado: culipat\u00edn, raquetas y magia nevada con m\u00fasica en vivo\"}]},{\"@type\":\"WebSite\",\"@id\":\"https:\/\/barilocheexcursiones.com.ar\/#website\",\"url\":\"https:\/\/barilocheexcursiones.com.ar\/\",\"name\":\"Bariloche Excursiones\",\"description\":\"Vivir la experiencia en Bariloche\",\"publisher\":{\"@id\":\"https:\/\/barilocheexcursiones.com.ar\/#organization\"},\"potentialAction\":[{\"@type\":\"SearchAction\",\"target\":{\"@type\":\"EntryPoint\",\"urlTemplate\":\"https:\/\/barilocheexcursiones.com.ar\/?s={search_term_string}\"},\"query-input\":{\"@type\":\"PropertyValueSpecification\",\"valueRequired\":true,\"valueName\":\"search_term_string\"}}],\"inLanguage\":\"pt-BR\"},{\"@type\":\"Organization\",\"@id\":\"https:\/\/barilocheexcursiones.com.ar\/#organization\",\"name\":\"Bariloche Excursiones\",\"url\":\"https:\/\/barilocheexcursiones.com.ar\/\",\"logo\":{\"@type\":\"ImageObject\",\"inLanguage\":\"pt-BR\",\"@id\":\"https:\/\/barilocheexcursiones.com.ar\/#\/schema\/logo\/image\/\",\"url\":\"https:\/\/barilocheexcursiones.com.ar\/wp-content\/uploads\/2025\/04\/bariloche-excursiones-logo.png\",\"contentUrl\":\"https:\/\/barilocheexcursiones.com.ar\/wp-content\/uploads\/2025\/04\/bariloche-excursiones-logo.png\",\"width\":512,\"height\":512,\"caption\":\"Bariloche Excursiones\"},\"image\":{\"@id\":\"https:\/\/barilocheexcursiones.com.ar\/#\/schema\/logo\/image\/\"}}]}<\/script>\n<meta property=\"product:price:amount\" content=\"239500.00\" \/>\n<meta property=\"product:price:currency\" content=\"ARS\" \/>\n<meta property=\"og:availability\" content=\"instock\" \/>\n<meta property=\"product:availability\" content=\"instock\" \/>\n<meta property=\"product:retailer_item_id\" content=\"ADV2025EXENCL99\" \/>\n<meta property=\"product:condition\" content=\"new\" \/>\n<!-- \/ Yoast SEO Premium plugin. -->","yoast_head_json":{"title":"Live Extreme Enchanted: culipat\u00edn, snowshoeing e magia da neve com m\u00fasica ao vivo - Bariloche Excursions","description":"Excurs\u00e3o Extremo Encantado: tren\u00f3s, raquetes de neve, gastronomia regional e vistas espetaculares do Cerro L\u00f3pez. Uma experi\u00eancia exclusiva na neve em Bariloche.","robots":{"index":"index","follow":"follow","max-snippet":"max-snippet:-1","max-image-preview":"max-image-preview:large","max-video-preview":"max-video-preview:-1"},"canonical":"https:\/\/barilocheexcursiones.com.ar\/pt\/product\/fim-encantado\/","og_locale":"pt_BR","og_type":"article","og_title":"Viv\u00ed Extremo Encantado: culipat\u00edn, raquetas y magia nevada con m\u00fasica en vivo","og_description":"Excursi\u00f3n Extremo Encantado: trineos, raquetas, gastronom\u00eda regional y vistas espectaculares en el Cerro L\u00f3pez. Una vivencia de nieve exclusiva en Bariloche.","og_url":"https:\/\/barilocheexcursiones.com.ar\/pt\/product\/fim-encantado\/","og_site_name":"Bariloche Excursiones","article_modified_time":"2026-04-11T14:50:56+00:00","og_image":[{"width":1920,"height":2560,"url":"https:\/\/barilocheexcursiones.com.ar\/wp-content\/uploads\/2025\/03\/3-A-Externo-scaled.jpg","type":"image\/jpeg"}],"twitter_card":"summary_large_image","twitter_misc":{"Pre\u00e7o":"&#36;&nbsp;239.500,00","Disponibilidade":"Em Estoque"},"schema":{"@context":"https:\/\/schema.org","@graph":[{"@type":["WebPage","ItemPage"],"@id":"https:\/\/barilocheexcursiones.com.ar\/product\/extremo-encantado\/","url":"https:\/\/barilocheexcursiones.com.ar\/product\/extremo-encantado\/","name":"Live Extreme Enchanted: culipat\u00edn, snowshoeing e magia da neve com m\u00fasica ao vivo - Bariloche Excursions","isPartOf":{"@id":"https:\/\/barilocheexcursiones.com.ar\/#website"},"primaryImageOfPage":{"@id":"https:\/\/barilocheexcursiones.com.ar\/product\/extremo-encantado\/#primaryimage"},"image":{"@id":"https:\/\/barilocheexcursiones.com.ar\/product\/extremo-encantado\/#primaryimage"},"thumbnailUrl":"https:\/\/barilocheexcursiones.com.ar\/wp-content\/uploads\/2025\/03\/3-A-Externo-scaled.jpg","datePublished":"2025-03-23T23:50:43+00:00","dateModified":"2026-04-11T14:50:56+00:00","description":"Excurs\u00e3o Extremo Encantado: tren\u00f3s, raquetes de neve, gastronomia regional e vistas espetaculares do Cerro L\u00f3pez. Uma experi\u00eancia exclusiva na neve em Bariloche.","breadcrumb":{"@id":"https:\/\/barilocheexcursiones.com.ar\/product\/extremo-encantado\/#breadcrumb"},"inLanguage":"pt-BR","potentialAction":[{"@type":"ReadAction","target":["https:\/\/barilocheexcursiones.com.ar\/product\/extremo-encantado\/"]}]},{"@type":"ImageObject","inLanguage":"pt-BR","@id":"https:\/\/barilocheexcursiones.com.ar\/product\/extremo-encantado\/#primaryimage","url":"https:\/\/barilocheexcursiones.com.ar\/wp-content\/uploads\/2025\/03\/3-A-Externo-scaled.jpg","contentUrl":"https:\/\/barilocheexcursiones.com.ar\/wp-content\/uploads\/2025\/03\/3-A-Externo-scaled.jpg","width":1920,"height":2560},{"@type":"BreadcrumbList","@id":"https:\/\/barilocheexcursiones.com.ar\/product\/extremo-encantado\/#breadcrumb","itemListElement":[{"@type":"ListItem","position":1,"name":"Home","item":"https:\/\/barilocheexcursiones.com.ar\/"},{"@type":"ListItem","position":2,"name":"Excursiones, traslados y m\u00e1s!","item":"https:\/\/barilocheexcursiones.com.ar\/shop\/"},{"@type":"ListItem","position":3,"name":"Viv\u00ed Extremo Encantado: culipat\u00edn, raquetas y magia nevada con m\u00fasica en vivo"}]},{"@type":"WebSite","@id":"https:\/\/barilocheexcursiones.com.ar\/#website","url":"https:\/\/barilocheexcursiones.com.ar\/","name":"Excurs\u00f5es em Bariloche","description":"Experi\u00eancia em Bariloche","publisher":{"@id":"https:\/\/barilocheexcursiones.com.ar\/#organization"},"potentialAction":[{"@type":"SearchAction","target":{"@type":"EntryPoint","urlTemplate":"https:\/\/barilocheexcursiones.com.ar\/?s={search_term_string}"},"query-input":{"@type":"PropertyValueSpecification","valueRequired":true,"valueName":"search_term_string"}}],"inLanguage":"pt-BR"},{"@type":"Organization","@id":"https:\/\/barilocheexcursiones.com.ar\/#organization","name":"Excurs\u00f5es em Bariloche","url":"https:\/\/barilocheexcursiones.com.ar\/","logo":{"@type":"ImageObject","inLanguage":"pt-BR","@id":"https:\/\/barilocheexcursiones.com.ar\/#\/schema\/logo\/image\/","url":"https:\/\/barilocheexcursiones.com.ar\/wp-content\/uploads\/2025\/04\/bariloche-excursiones-logo.png","contentUrl":"https:\/\/barilocheexcursiones.com.ar\/wp-content\/uploads\/2025\/04\/bariloche-excursiones-logo.png","width":512,"height":512,"caption":"Bariloche Excursiones"},"image":{"@id":"https:\/\/barilocheexcursiones.com.ar\/#\/schema\/logo\/image\/"}}]},"product_price_amount":"239500.00","product_price_currency":"ARS","og_availability":"instock","product_availability":"instock","product_retailer_item_id":"ADV2025EXENCL99","product_condition":"new"},"_links":{"self":[{"href":"https:\/\/barilocheexcursiones.com.ar\/pt\/wp-json\/wp\/v2\/product\/788","targetHints":{"allow":["GET"]}}],"collection":[{"href":"https:\/\/barilocheexcursiones.com.ar\/pt\/wp-json\/wp\/v2\/product"}],"about":[{"href":"https:\/\/barilocheexcursiones.com.ar\/pt\/wp-json\/wp\/v2\/types\/product"}],"replies":[{"embeddable":true,"href":"https:\/\/barilocheexcursiones.com.ar\/pt\/wp-json\/wp\/v2\/comments?post=788"}],"version-history":[{"count":7,"href":"https:\/\/barilocheexcursiones.com.ar\/pt\/wp-json\/wp\/v2\/product\/788\/revisions"}],"predecessor-version":[{"id":17802,"href":"https:\/\/barilocheexcursiones.com.ar\/pt\/wp-json\/wp\/v2\/product\/788\/revisions\/17802"}],"wp:featuredmedia":[{"embeddable":true,"href":"https:\/\/barilocheexcursiones.com.ar\/pt\/wp-json\/wp\/v2\/media\/16909"}],"wp:attachment":[{"href":"https:\/\/barilocheexcursiones.com.ar\/pt\/wp-json\/wp\/v2\/media?parent=788"}],"wp:term":[{"taxonomy":"product_brand","embeddable":true,"href":"https:\/\/barilocheexcursiones.com.ar\/pt\/wp-json\/wp\/v2\/product_brand?post=788"},{"taxonomy":"product_cat","embeddable":true,"href":"https:\/\/barilocheexcursiones.com.ar\/pt\/wp-json\/wp\/v2\/product_cat?post=788"},{"taxonomy":"product_tag","embeddable":true,"href":"https:\/\/barilocheexcursiones.com.ar\/pt\/wp-json\/wp\/v2\/product_tag?post=788"}],"curies":[{"name":"wp","href":"https:\/\/api.w.org\/{rel}","templated":true}]}}