{"id":787,"date":"2025-03-23T20:50:32","date_gmt":"2025-03-23T23:50:32","guid":{"rendered":"https:\/\/barilocheexcursiones.com.ar\/?post_type=product&#038;p=787"},"modified":"2026-04-11T11:53:13","modified_gmt":"2026-04-11T14:53:13","slug":"winter-park-ski-principiantes","status":"publish","type":"product","link":"https:\/\/barilocheexcursiones.com.ar\/pt\/product\/iniciantes-em-esqui-em-winter-park\/","title":{"rendered":"Sua primeira experi\u00eancia na neve: Aprenda a esquiar no Winter Park Bariloche"},"content":{"rendered":"<h2>Explore o inverno em Winter Park<\/h2>\n<p>Viva uma experi\u00eancia inesquec\u00edvel no Winter Park, localizado no pitoresco Cerro Otto, em Bariloche. Essa excurs\u00e3o foi projetada pensando em iniciantes e fam\u00edlias, dando-lhe a oportunidade de experimentar o esqui em um ambiente seguro e natural.<\/p>\n<h3>Caracter\u00edsticas da excurs\u00e3o<\/h3>\n<ul>\n<li><strong>Ponto de encontro:<\/strong> Centro de Bariloche.<\/li>\n<li><strong>Acesso \u00e0s instala\u00e7\u00f5es:<\/strong> Inclui passe de telef\u00e9rico para facilitar sua chegada.<\/li>\n<li><strong>Disponibilidade de tempo:<\/strong> Sa\u00eddas organizadas \u00e0s 9:30, 12:00 e 14:00.<\/li>\n<li><strong>Equipamento inclu\u00eddo:<\/strong> Conjunto completo para esquiar e garantir seu conforto na neve.<\/li>\n<li><strong>Treinamento opcional:<\/strong> Aula introdut\u00f3ria de esqui em grupo, perfeita para um in\u00edcio seguro.<\/li>\n<li><strong>Modalidade de aten\u00e7\u00e3o:<\/strong> Escolha entre tempo integral ou meio per\u00edodo.<\/li>\n<li><strong>Idade permitida:<\/strong> A partir de 5 anos de idade, com a possibilidade de participar como espectador.<\/li>\n<\/ul>\n<h3>Vantagens e observa\u00e7\u00f5es<\/h3>\n<ul>\n<li><strong>Inclu\u00eddo na reserva:<\/strong> Equipamento completo para esquiar, acesso ao telef\u00e9rico e aula em grupo, se escolhido.<\/li>\n<li><strong>Exclu\u00eddo do pacote:<\/strong> Roupas e alimentos para neve, itens a serem considerados para seu bem-estar.<\/li>\n<\/ul>\n<h3>Perguntas frequentes (FAQ)<\/h3>\n<ul>\n<li><strong>Qual \u00e9 o hor\u00e1rio de in\u00edcio da excurs\u00e3o?<\/strong>As sa\u00eddas s\u00e3o \u00e0s 9:30, 12:00 e 14:00 do centro de Bariloche.<\/li>\n<li><strong>H\u00e1 uma idade m\u00ednima para participar?<\/strong>A atividade \u00e9 voltada para pessoas a partir de 5 anos de idade. Aqueles que preferem observar podem participar como acompanhantes.<\/li>\n<li><strong>Voc\u00eas oferecem aulas de esqui?<\/strong>A aula em grupo \u00e9 opcional e ideal para aprender os fundamentos do esqui, garantindo uma pr\u00e1tica segura.<\/li>\n<li><strong>O que devo levar para o dia?<\/strong>\u00c9 aconselh\u00e1vel levar roupas adequadas para neve e alimentos, pois n\u00e3o est\u00e3o inclu\u00eddos na oferta.<\/li>\n<\/ul>\n<p><strong>Aviso importante<\/strong>Este passeio j\u00e1 est\u00e1 dispon\u00edvel para pr\u00e9-reserva. As sa\u00eddas operam de 15 de junho a 20 de agosto, sujeitas ao calend\u00e1rio sazonal.<\/p>","protected":false},"excerpt":{"rendered":"<p>Entre no Winter Park do Cerro Otto, onde esquiar para iniciantes se torna uma jornada segura e familiar. Com equipamento completo e aulas em grupo opcionais, inaugure sua experi\u00eancia na neve de uma maneira \u00fanica.<\/p>","protected":false},"featured_media":16913,"comment_status":"open","ping_status":"closed","template":"","meta":[],"product_brand":[],"product_cat":[91,85,100,88,166,167,168,169],"product_tag":[],"class_list":{"0":"post-787","1":"product","2":"type-product","3":"status-publish","4":"has-post-thumbnail","6":"product_cat-adultos","7":"product_cat-aventura","8":"product_cat-con-traslado","9":"product_cat-familia","10":"product_cat-invierno-temporada","11":"product_cat-ninos-apto","12":"product_cat-sin-comida-incluido","13":"product_cat-terrestre-tipo","15":"first","16":"instock","17":"virtual","18":"sold-individually","19":"purchasable","20":"product-type-booking"},"booking_location":"","booking_location_type":"","booking_duration":1,"booking_duration_unit":"hour","booking_buffer":0,"booking_cost":0,"booking_resources":[],"exclude_global_add_ons":false,"addons":[{"name":"ADU: Adulto","type":"input_multiplier","position":0,"required":false,"title_format":"label","default":"","description_enable":false,"description":"","placeholder_enable":false,"placeholder":"","display":"select","restrictions_type":"any_text","adjust_price":true,"price":"255000","price_type":"quantity_based","restrictions":false,"min":"0","max":"0","options":[],"id":1775908394}],"yoast_head":"<!-- This site is optimized with the Yoast SEO Premium plugin v24.5 (Yoast SEO v24.8) - https:\/\/yoast.com\/wordpress\/plugins\/seo\/ -->\n<title>Tu primera experiencia en la nieve: Aprend\u00e9 ski en Winter Park Bariloche - Bariloche Excursiones<\/title>\n<meta name=\"robots\" content=\"index, follow, max-snippet:-1, max-image-preview:large, max-video-preview:-1\" \/>\n<link rel=\"canonical\" href=\"https:\/\/barilocheexcursiones.com.ar\/pt\/product\/iniciantes-em-esqui-em-winter-park\/\" \/>\n<meta property=\"og:locale\" content=\"pt_BR\" \/>\n<meta property=\"og:type\" content=\"article\" \/>\n<meta property=\"og:title\" content=\"Tu primera experiencia en la nieve: Aprend\u00e9 ski en Winter Park Bariloche\" \/>\n<meta property=\"og:description\" content=\"Adentrate en Winter Park de cerro Otto, donde el ski para principiantes se transforma en una traves\u00eda segura y familiar. Con equipamiento completo y clases grupales opcionales, inaugur\u00e1 tu experiencia en la nieve de manera \u00fanica.\" \/>\n<meta property=\"og:url\" content=\"https:\/\/barilocheexcursiones.com.ar\/pt\/product\/iniciantes-em-esqui-em-winter-park\/\" \/>\n<meta property=\"og:site_name\" content=\"Bariloche Excursiones\" \/>\n<meta property=\"article:modified_time\" content=\"2026-04-11T14:53:13+00:00\" \/>\n<meta property=\"og:image\" content=\"https:\/\/barilocheexcursiones.com.ar\/wp-content\/uploads\/2025\/03\/3-C-winter8-scaled.jpg\" \/>\n\t<meta property=\"og:image:width\" content=\"1920\" \/>\n\t<meta property=\"og:image:height\" content=\"2560\" \/>\n\t<meta property=\"og:image:type\" content=\"image\/jpeg\" \/>\n<meta name=\"twitter:card\" content=\"summary_large_image\" \/>\n<meta name=\"twitter:label1\" content=\"Pre\u00e7o\" \/>\n\t<meta name=\"twitter:data1\" content=\"&#036;&nbsp;255.000,00\" \/>\n\t<meta name=\"twitter:label2\" content=\"Disponibilidade\" \/>\n\t<meta name=\"twitter:data2\" content=\"Em Estoque\" \/>\n<script type=\"application\/ld+json\" class=\"yoast-schema-graph\">{\"@context\":\"https:\/\/schema.org\",\"@graph\":[{\"@type\":[\"WebPage\",\"ItemPage\"],\"@id\":\"https:\/\/barilocheexcursiones.com.ar\/product\/winter-park-ski-principiantes\/\",\"url\":\"https:\/\/barilocheexcursiones.com.ar\/product\/winter-park-ski-principiantes\/\",\"name\":\"Tu primera experiencia en la nieve: Aprend\u00e9 ski en Winter Park Bariloche - Bariloche Excursiones\",\"isPartOf\":{\"@id\":\"https:\/\/barilocheexcursiones.com.ar\/#website\"},\"primaryImageOfPage\":{\"@id\":\"https:\/\/barilocheexcursiones.com.ar\/product\/winter-park-ski-principiantes\/#primaryimage\"},\"image\":{\"@id\":\"https:\/\/barilocheexcursiones.com.ar\/product\/winter-park-ski-principiantes\/#primaryimage\"},\"thumbnailUrl\":\"https:\/\/barilocheexcursiones.com.ar\/wp-content\/uploads\/2025\/03\/3-C-winter8-scaled.jpg\",\"datePublished\":\"2025-03-23T23:50:32+00:00\",\"dateModified\":\"2026-04-11T14:53:13+00:00\",\"breadcrumb\":{\"@id\":\"https:\/\/barilocheexcursiones.com.ar\/product\/winter-park-ski-principiantes\/#breadcrumb\"},\"inLanguage\":\"pt-BR\",\"potentialAction\":[{\"@type\":\"ReadAction\",\"target\":[\"https:\/\/barilocheexcursiones.com.ar\/product\/winter-park-ski-principiantes\/\"]}]},{\"@type\":\"ImageObject\",\"inLanguage\":\"pt-BR\",\"@id\":\"https:\/\/barilocheexcursiones.com.ar\/product\/winter-park-ski-principiantes\/#primaryimage\",\"url\":\"https:\/\/barilocheexcursiones.com.ar\/wp-content\/uploads\/2025\/03\/3-C-winter8-scaled.jpg\",\"contentUrl\":\"https:\/\/barilocheexcursiones.com.ar\/wp-content\/uploads\/2025\/03\/3-C-winter8-scaled.jpg\",\"width\":1920,\"height\":2560},{\"@type\":\"BreadcrumbList\",\"@id\":\"https:\/\/barilocheexcursiones.com.ar\/product\/winter-park-ski-principiantes\/#breadcrumb\",\"itemListElement\":[{\"@type\":\"ListItem\",\"position\":1,\"name\":\"Home\",\"item\":\"https:\/\/barilocheexcursiones.com.ar\/\"},{\"@type\":\"ListItem\",\"position\":2,\"name\":\"Excursiones, traslados y m\u00e1s!\",\"item\":\"https:\/\/barilocheexcursiones.com.ar\/shop\/\"},{\"@type\":\"ListItem\",\"position\":3,\"name\":\"Tu primera experiencia en la nieve: Aprend\u00e9 ski en Winter Park Bariloche\"}]},{\"@type\":\"WebSite\",\"@id\":\"https:\/\/barilocheexcursiones.com.ar\/#website\",\"url\":\"https:\/\/barilocheexcursiones.com.ar\/\",\"name\":\"Bariloche Excursiones\",\"description\":\"Vivir la experiencia en Bariloche\",\"publisher\":{\"@id\":\"https:\/\/barilocheexcursiones.com.ar\/#organization\"},\"potentialAction\":[{\"@type\":\"SearchAction\",\"target\":{\"@type\":\"EntryPoint\",\"urlTemplate\":\"https:\/\/barilocheexcursiones.com.ar\/?s={search_term_string}\"},\"query-input\":{\"@type\":\"PropertyValueSpecification\",\"valueRequired\":true,\"valueName\":\"search_term_string\"}}],\"inLanguage\":\"pt-BR\"},{\"@type\":\"Organization\",\"@id\":\"https:\/\/barilocheexcursiones.com.ar\/#organization\",\"name\":\"Bariloche Excursiones\",\"url\":\"https:\/\/barilocheexcursiones.com.ar\/\",\"logo\":{\"@type\":\"ImageObject\",\"inLanguage\":\"pt-BR\",\"@id\":\"https:\/\/barilocheexcursiones.com.ar\/#\/schema\/logo\/image\/\",\"url\":\"https:\/\/barilocheexcursiones.com.ar\/wp-content\/uploads\/2025\/04\/bariloche-excursiones-logo.png\",\"contentUrl\":\"https:\/\/barilocheexcursiones.com.ar\/wp-content\/uploads\/2025\/04\/bariloche-excursiones-logo.png\",\"width\":512,\"height\":512,\"caption\":\"Bariloche Excursiones\"},\"image\":{\"@id\":\"https:\/\/barilocheexcursiones.com.ar\/#\/schema\/logo\/image\/\"}}]}<\/script>\n<meta property=\"product:price:amount\" content=\"255000.00\" \/>\n<meta property=\"product:price:currency\" content=\"ARS\" \/>\n<meta property=\"og:availability\" content=\"instock\" \/>\n<meta property=\"product:availability\" content=\"instock\" \/>\n<meta property=\"product:retailer_item_id\" content=\"ADV2025WIPAS782G\" \/>\n<meta property=\"product:condition\" content=\"new\" \/>\n<!-- \/ Yoast SEO Premium plugin. -->","yoast_head_json":{"title":"Sua primeira experi\u00eancia na neve: Aprenda a esquiar no Winter Park Bariloche - Bariloche Excursions","robots":{"index":"index","follow":"follow","max-snippet":"max-snippet:-1","max-image-preview":"max-image-preview:large","max-video-preview":"max-video-preview:-1"},"canonical":"https:\/\/barilocheexcursiones.com.ar\/pt\/product\/iniciantes-em-esqui-em-winter-park\/","og_locale":"pt_BR","og_type":"article","og_title":"Tu primera experiencia en la nieve: Aprend\u00e9 ski en Winter Park Bariloche","og_description":"Adentrate en Winter Park de cerro Otto, donde el ski para principiantes se transforma en una traves\u00eda segura y familiar. Con equipamiento completo y clases grupales opcionales, inaugur\u00e1 tu experiencia en la nieve de manera \u00fanica.","og_url":"https:\/\/barilocheexcursiones.com.ar\/pt\/product\/iniciantes-em-esqui-em-winter-park\/","og_site_name":"Bariloche Excursiones","article_modified_time":"2026-04-11T14:53:13+00:00","og_image":[{"width":1920,"height":2560,"url":"https:\/\/barilocheexcursiones.com.ar\/wp-content\/uploads\/2025\/03\/3-C-winter8-scaled.jpg","type":"image\/jpeg"}],"twitter_card":"summary_large_image","twitter_misc":{"Pre\u00e7o":"&#36;&nbsp;255.000,00","Disponibilidade":"Em Estoque"},"schema":{"@context":"https:\/\/schema.org","@graph":[{"@type":["WebPage","ItemPage"],"@id":"https:\/\/barilocheexcursiones.com.ar\/product\/winter-park-ski-principiantes\/","url":"https:\/\/barilocheexcursiones.com.ar\/product\/winter-park-ski-principiantes\/","name":"Sua primeira experi\u00eancia na neve: Aprenda a esquiar no Winter Park Bariloche - Bariloche Excursions","isPartOf":{"@id":"https:\/\/barilocheexcursiones.com.ar\/#website"},"primaryImageOfPage":{"@id":"https:\/\/barilocheexcursiones.com.ar\/product\/winter-park-ski-principiantes\/#primaryimage"},"image":{"@id":"https:\/\/barilocheexcursiones.com.ar\/product\/winter-park-ski-principiantes\/#primaryimage"},"thumbnailUrl":"https:\/\/barilocheexcursiones.com.ar\/wp-content\/uploads\/2025\/03\/3-C-winter8-scaled.jpg","datePublished":"2025-03-23T23:50:32+00:00","dateModified":"2026-04-11T14:53:13+00:00","breadcrumb":{"@id":"https:\/\/barilocheexcursiones.com.ar\/product\/winter-park-ski-principiantes\/#breadcrumb"},"inLanguage":"pt-BR","potentialAction":[{"@type":"ReadAction","target":["https:\/\/barilocheexcursiones.com.ar\/product\/winter-park-ski-principiantes\/"]}]},{"@type":"ImageObject","inLanguage":"pt-BR","@id":"https:\/\/barilocheexcursiones.com.ar\/product\/winter-park-ski-principiantes\/#primaryimage","url":"https:\/\/barilocheexcursiones.com.ar\/wp-content\/uploads\/2025\/03\/3-C-winter8-scaled.jpg","contentUrl":"https:\/\/barilocheexcursiones.com.ar\/wp-content\/uploads\/2025\/03\/3-C-winter8-scaled.jpg","width":1920,"height":2560},{"@type":"BreadcrumbList","@id":"https:\/\/barilocheexcursiones.com.ar\/product\/winter-park-ski-principiantes\/#breadcrumb","itemListElement":[{"@type":"ListItem","position":1,"name":"Home","item":"https:\/\/barilocheexcursiones.com.ar\/"},{"@type":"ListItem","position":2,"name":"Excursiones, traslados y m\u00e1s!","item":"https:\/\/barilocheexcursiones.com.ar\/shop\/"},{"@type":"ListItem","position":3,"name":"Tu primera experiencia en la nieve: Aprend\u00e9 ski en Winter Park Bariloche"}]},{"@type":"WebSite","@id":"https:\/\/barilocheexcursiones.com.ar\/#website","url":"https:\/\/barilocheexcursiones.com.ar\/","name":"Excurs\u00f5es em Bariloche","description":"Experi\u00eancia em Bariloche","publisher":{"@id":"https:\/\/barilocheexcursiones.com.ar\/#organization"},"potentialAction":[{"@type":"SearchAction","target":{"@type":"EntryPoint","urlTemplate":"https:\/\/barilocheexcursiones.com.ar\/?s={search_term_string}"},"query-input":{"@type":"PropertyValueSpecification","valueRequired":true,"valueName":"search_term_string"}}],"inLanguage":"pt-BR"},{"@type":"Organization","@id":"https:\/\/barilocheexcursiones.com.ar\/#organization","name":"Excurs\u00f5es em Bariloche","url":"https:\/\/barilocheexcursiones.com.ar\/","logo":{"@type":"ImageObject","inLanguage":"pt-BR","@id":"https:\/\/barilocheexcursiones.com.ar\/#\/schema\/logo\/image\/","url":"https:\/\/barilocheexcursiones.com.ar\/wp-content\/uploads\/2025\/04\/bariloche-excursiones-logo.png","contentUrl":"https:\/\/barilocheexcursiones.com.ar\/wp-content\/uploads\/2025\/04\/bariloche-excursiones-logo.png","width":512,"height":512,"caption":"Bariloche Excursiones"},"image":{"@id":"https:\/\/barilocheexcursiones.com.ar\/#\/schema\/logo\/image\/"}}]},"product_price_amount":"255000.00","product_price_currency":"ARS","og_availability":"instock","product_availability":"instock","product_retailer_item_id":"ADV2025WIPAS782G","product_condition":"new"},"_links":{"self":[{"href":"https:\/\/barilocheexcursiones.com.ar\/pt\/wp-json\/wp\/v2\/product\/787","targetHints":{"allow":["GET"]}}],"collection":[{"href":"https:\/\/barilocheexcursiones.com.ar\/pt\/wp-json\/wp\/v2\/product"}],"about":[{"href":"https:\/\/barilocheexcursiones.com.ar\/pt\/wp-json\/wp\/v2\/types\/product"}],"replies":[{"embeddable":true,"href":"https:\/\/barilocheexcursiones.com.ar\/pt\/wp-json\/wp\/v2\/comments?post=787"}],"version-history":[{"count":4,"href":"https:\/\/barilocheexcursiones.com.ar\/pt\/wp-json\/wp\/v2\/product\/787\/revisions"}],"predecessor-version":[{"id":17803,"href":"https:\/\/barilocheexcursiones.com.ar\/pt\/wp-json\/wp\/v2\/product\/787\/revisions\/17803"}],"wp:featuredmedia":[{"embeddable":true,"href":"https:\/\/barilocheexcursiones.com.ar\/pt\/wp-json\/wp\/v2\/media\/16913"}],"wp:attachment":[{"href":"https:\/\/barilocheexcursiones.com.ar\/pt\/wp-json\/wp\/v2\/media?parent=787"}],"wp:term":[{"taxonomy":"product_brand","embeddable":true,"href":"https:\/\/barilocheexcursiones.com.ar\/pt\/wp-json\/wp\/v2\/product_brand?post=787"},{"taxonomy":"product_cat","embeddable":true,"href":"https:\/\/barilocheexcursiones.com.ar\/pt\/wp-json\/wp\/v2\/product_cat?post=787"},{"taxonomy":"product_tag","embeddable":true,"href":"https:\/\/barilocheexcursiones.com.ar\/pt\/wp-json\/wp\/v2\/product_tag?post=787"}],"curies":[{"name":"wp","href":"https:\/\/api.w.org\/{rel}","templated":true}]}}