{"id":786,"date":"2025-03-23T20:50:21","date_gmt":"2025-03-23T23:50:21","guid":{"rendered":"https:\/\/barilocheexcursiones.com.ar\/?post_type=product&#038;p=786"},"modified":"2026-04-11T11:54:46","modified_gmt":"2026-04-11T14:54:46","slug":"alquiler-ropa-nieve-equipo-completo","status":"publish","type":"product","link":"https:\/\/barilocheexcursiones.com.ar\/pt\/product\/aluguel-de-roupas-de-neve-equipamento-completo\/","title":{"rendered":"Aluguel de roupas: qualidade e prote\u00e7\u00e3o para sua experi\u00eancia na neve"},"content":{"rendered":"<h3 data-start=\"408\" data-end=\"467\"><strong data-start=\"412\" data-end=\"467\">Prepara\u00e7\u00e3o profissional para aproveitar o inverno<\/strong><\/h3>\n<p data-start=\"469\" data-end=\"742\">O clima de montanha exige roupas apropriadas. Nosso servi\u00e7o de aluguel de roupas t\u00e9cnicas oferece roupas de primeira linha, resistentes ao frio e \u00e0 umidade, adaptadas a cada tipo de excurs\u00e3o. Uma solu\u00e7\u00e3o pr\u00e1tica e eficiente, sem comprometer seu conforto e estilo.<\/p>\n<h3 data-start=\"749\" data-end=\"844\"><strong data-start=\"753\" data-end=\"844\">Descri\u00e7\u00e3o principal: Equipe-se com o que voc\u00ea precisa, com a confian\u00e7a de quem sabe mais.<\/strong><\/h3>\n<p data-start=\"846\" data-end=\"1143\">Explorar Bariloche no inverno \u00e9 uma experi\u00eancia \u00fanica, e ter a roupa certa pode fazer toda a diferen\u00e7a. \u00c9 por isso que oferecemos um sistema de aluguel de roupas t\u00e9cnicas que combina funcionalidade, conforto e materiais de qualidade, ideal para quem quer se movimentar com seguran\u00e7a na neve.<\/p>\n<p data-start=\"1145\" data-end=\"1442\">O servi\u00e7o est\u00e1 dispon\u00edvel de 15 de junho a 20 de agosto de 2026, com servi\u00e7o di\u00e1rio das 8:00 \u00e0s 21:00 horas. Os pontos de coleta est\u00e3o localizados em \u00e1reas estrat\u00e9gicas de San Carlos de Bariloche, o que facilita o acesso para aqueles que realizam atividades ou excurs\u00f5es de diferentes locais.<\/p>\n<p data-start=\"1444\" data-end=\"1668\">Voc\u00ea pode optar pelo equipamento completo (cal\u00e7a, jaqueta, botas e luvas) ou personaliz\u00e1-lo adicionando um capacete e \u00f3culos de prote\u00e7\u00e3o. Todas as roupas s\u00e3o projetadas para oferecer calor, impermeabilidade e liberdade de movimento.<\/p>\n<p data-start=\"1670\" data-end=\"1781\">Esse servi\u00e7o n\u00e3o inclui seguro para quebra, danos ou perda de equipamentos, nem inclui transporte para hot\u00e9is ou resid\u00eancias.<\/p>\n<h3 data-start=\"1788\" data-end=\"1816\"><strong data-start=\"1792\" data-end=\"1816\">Perguntas frequentes<\/strong><\/h3>\n<p data-start=\"1818\" data-end=\"2006\"><strong data-start=\"1818\" data-end=\"1855\">Quais pe\u00e7as de vestu\u00e1rio est\u00e3o inclu\u00eddas no servi\u00e7o?<\/strong><br data-start=\"1855\" data-end=\"1858\" \/>Voc\u00ea pode alugar um equipamento completo, incluindo jaqueta, cal\u00e7a, botas e luvas. Tamb\u00e9m \u00e9 poss\u00edvel adicionar capacete e \u00f3culos de prote\u00e7\u00e3o de acordo com suas necessidades.<\/p>\n<p data-start=\"2008\" data-end=\"2137\"><strong data-start=\"2008\" data-end=\"2043\">Quando estar\u00e1 dispon\u00edvel?<\/strong><br data-start=\"2043\" data-end=\"2046\" \/>De 01 de abril a 15 de agosto de 2026, todos os dias entre 8:00 e 21:00 hs.<\/p>\n<p data-start=\"2139\" data-end=\"2277\"><strong data-start=\"2139\" data-end=\"2176\">Onde devo retirar e devolver as roupas?<\/strong><br data-start=\"2176\" data-end=\"2179\" \/>Em pontos centrais de Bariloche. A localiza\u00e7\u00e3o mais conveniente ser\u00e1 informada no momento da confirma\u00e7\u00e3o da reserva.<\/p>\n<p data-start=\"2279\" data-end=\"2447\"><strong data-start=\"2279\" data-end=\"2323\">O que n\u00e3o \u00e9 coberto pelo servi\u00e7o?<\/strong><br data-start=\"2323\" data-end=\"2326\" \/>N\u00e3o inclui entrega no hotel nem seguro contra quebra, perda ou dano. O equipamento deve ser devolvido pessoalmente.<\/p>\n<p><strong>Aviso importante<\/strong>Este passeio j\u00e1 est\u00e1 dispon\u00edvel para pr\u00e9-reserva. As sa\u00eddas operam de 15 de junho a 20 de agosto, sujeitas ao calend\u00e1rio sazonal.<br \/>\n<!--EndFragment --><\/p>","protected":false},"excerpt":{"rendered":"<p><strong>Equipamento de inverno exclusivo<\/strong> em San Carlos de Bariloche. Explore nossas op\u00e7\u00f5es de roupas de neve de alta qualidade, com f\u00e1cil acesso para retirada e devolu\u00e7\u00e3o, e comece sua aventura de inverno garantindo o m\u00e1ximo de conforto e seguran\u00e7a!<\/p>","protected":false},"featured_media":16914,"comment_status":"open","ping_status":"closed","template":"","meta":[],"product_brand":[],"product_cat":[91,88,166,167,168,171,169],"product_tag":[],"class_list":{"0":"post-786","1":"product","2":"type-product","3":"status-publish","4":"has-post-thumbnail","6":"product_cat-adultos","7":"product_cat-familia","8":"product_cat-invierno-temporada","9":"product_cat-ninos-apto","10":"product_cat-sin-comida-incluido","11":"product_cat-sin-traslado-movilidad","12":"product_cat-terrestre-tipo","14":"first","15":"instock","16":"virtual","17":"sold-individually","18":"purchasable","19":"product-type-booking"},"booking_location":"","booking_location_type":"","booking_duration":1,"booking_duration_unit":"hour","booking_buffer":0,"booking_cost":0,"booking_resources":[],"exclude_global_add_ons":false,"addons":[{"name":"ADU: Adulto","type":"input_multiplier","position":0,"required":false,"title_format":"label","default":"","description_enable":false,"description":"","placeholder_enable":false,"placeholder":"","display":"select","restrictions_type":"any_text","adjust_price":true,"price":"36000","price_type":"quantity_based","restrictions":false,"min":"0","max":"0","options":[],"id":1775908486}],"yoast_head":"<!-- This site is optimized with the Yoast SEO Premium plugin v24.5 (Yoast SEO v24.8) - https:\/\/yoast.com\/wordpress\/plugins\/seo\/ -->\n<title>Alquiler de ropa: calidad y protecci\u00f3n para tu experiencia en la nieve - Bariloche Excursiones<\/title>\n<meta name=\"description\" content=\"Alquiler de ropa t\u00e9cnica para nieve en Bariloche. Equipos completos o personalizables, ideal para excursiones y actividades invernales. Calidad y comodidad garantizadas.\" \/>\n<meta name=\"robots\" content=\"index, follow, max-snippet:-1, max-image-preview:large, max-video-preview:-1\" \/>\n<link rel=\"canonical\" href=\"https:\/\/barilocheexcursiones.com.ar\/pt\/product\/aluguel-de-roupas-de-neve-equipamento-completo\/\" \/>\n<meta property=\"og:locale\" content=\"pt_BR\" \/>\n<meta property=\"og:type\" content=\"article\" \/>\n<meta property=\"og:title\" content=\"Alquiler de ropa: calidad y protecci\u00f3n para tu experiencia en la nieve\" \/>\n<meta property=\"og:description\" content=\"Alquiler de ropa t\u00e9cnica para nieve en Bariloche. Equipos completos o personalizables, ideal para excursiones y actividades invernales. Calidad y comodidad garantizadas.\" \/>\n<meta property=\"og:url\" content=\"https:\/\/barilocheexcursiones.com.ar\/pt\/product\/aluguel-de-roupas-de-neve-equipamento-completo\/\" \/>\n<meta property=\"og:site_name\" content=\"Bariloche Excursiones\" \/>\n<meta property=\"article:modified_time\" content=\"2026-04-11T14:54:46+00:00\" \/>\n<meta property=\"og:image\" content=\"https:\/\/barilocheexcursiones.com.ar\/wp-content\/uploads\/2025\/03\/3-A-captionHTRE-scaled.jpg\" \/>\n\t<meta property=\"og:image:width\" content=\"1920\" \/>\n\t<meta property=\"og:image:height\" content=\"2560\" \/>\n\t<meta property=\"og:image:type\" content=\"image\/jpeg\" \/>\n<meta name=\"twitter:card\" content=\"summary_large_image\" \/>\n<meta name=\"twitter:label1\" content=\"Pre\u00e7o\" \/>\n\t<meta name=\"twitter:data1\" content=\"&#036;&nbsp;36.000,00\" \/>\n\t<meta name=\"twitter:label2\" content=\"Disponibilidade\" \/>\n\t<meta name=\"twitter:data2\" content=\"Em Estoque\" \/>\n<script type=\"application\/ld+json\" class=\"yoast-schema-graph\">{\"@context\":\"https:\/\/schema.org\",\"@graph\":[{\"@type\":[\"WebPage\",\"ItemPage\"],\"@id\":\"https:\/\/barilocheexcursiones.com.ar\/product\/alquiler-ropa-nieve-equipo-completo\/\",\"url\":\"https:\/\/barilocheexcursiones.com.ar\/product\/alquiler-ropa-nieve-equipo-completo\/\",\"name\":\"Alquiler de ropa: calidad y protecci\u00f3n para tu experiencia en la nieve - Bariloche Excursiones\",\"isPartOf\":{\"@id\":\"https:\/\/barilocheexcursiones.com.ar\/#website\"},\"primaryImageOfPage\":{\"@id\":\"https:\/\/barilocheexcursiones.com.ar\/product\/alquiler-ropa-nieve-equipo-completo\/#primaryimage\"},\"image\":{\"@id\":\"https:\/\/barilocheexcursiones.com.ar\/product\/alquiler-ropa-nieve-equipo-completo\/#primaryimage\"},\"thumbnailUrl\":\"https:\/\/barilocheexcursiones.com.ar\/wp-content\/uploads\/2025\/03\/3-A-captionHTRE-scaled.jpg\",\"datePublished\":\"2025-03-23T23:50:21+00:00\",\"dateModified\":\"2026-04-11T14:54:46+00:00\",\"description\":\"Alquiler de ropa t\u00e9cnica para nieve en Bariloche. Equipos completos o personalizables, ideal para excursiones y actividades invernales. Calidad y comodidad garantizadas.\",\"breadcrumb\":{\"@id\":\"https:\/\/barilocheexcursiones.com.ar\/product\/alquiler-ropa-nieve-equipo-completo\/#breadcrumb\"},\"inLanguage\":\"pt-BR\",\"potentialAction\":[{\"@type\":\"ReadAction\",\"target\":[\"https:\/\/barilocheexcursiones.com.ar\/product\/alquiler-ropa-nieve-equipo-completo\/\"]}]},{\"@type\":\"ImageObject\",\"inLanguage\":\"pt-BR\",\"@id\":\"https:\/\/barilocheexcursiones.com.ar\/product\/alquiler-ropa-nieve-equipo-completo\/#primaryimage\",\"url\":\"https:\/\/barilocheexcursiones.com.ar\/wp-content\/uploads\/2025\/03\/3-A-captionHTRE-scaled.jpg\",\"contentUrl\":\"https:\/\/barilocheexcursiones.com.ar\/wp-content\/uploads\/2025\/03\/3-A-captionHTRE-scaled.jpg\",\"width\":1920,\"height\":2560},{\"@type\":\"BreadcrumbList\",\"@id\":\"https:\/\/barilocheexcursiones.com.ar\/product\/alquiler-ropa-nieve-equipo-completo\/#breadcrumb\",\"itemListElement\":[{\"@type\":\"ListItem\",\"position\":1,\"name\":\"Home\",\"item\":\"https:\/\/barilocheexcursiones.com.ar\/\"},{\"@type\":\"ListItem\",\"position\":2,\"name\":\"Excursiones, traslados y m\u00e1s!\",\"item\":\"https:\/\/barilocheexcursiones.com.ar\/shop\/\"},{\"@type\":\"ListItem\",\"position\":3,\"name\":\"Alquiler de ropa: calidad y protecci\u00f3n para tu experiencia en la nieve\"}]},{\"@type\":\"WebSite\",\"@id\":\"https:\/\/barilocheexcursiones.com.ar\/#website\",\"url\":\"https:\/\/barilocheexcursiones.com.ar\/\",\"name\":\"Bariloche Excursiones\",\"description\":\"Vivir la experiencia en Bariloche\",\"publisher\":{\"@id\":\"https:\/\/barilocheexcursiones.com.ar\/#organization\"},\"potentialAction\":[{\"@type\":\"SearchAction\",\"target\":{\"@type\":\"EntryPoint\",\"urlTemplate\":\"https:\/\/barilocheexcursiones.com.ar\/?s={search_term_string}\"},\"query-input\":{\"@type\":\"PropertyValueSpecification\",\"valueRequired\":true,\"valueName\":\"search_term_string\"}}],\"inLanguage\":\"pt-BR\"},{\"@type\":\"Organization\",\"@id\":\"https:\/\/barilocheexcursiones.com.ar\/#organization\",\"name\":\"Bariloche Excursiones\",\"url\":\"https:\/\/barilocheexcursiones.com.ar\/\",\"logo\":{\"@type\":\"ImageObject\",\"inLanguage\":\"pt-BR\",\"@id\":\"https:\/\/barilocheexcursiones.com.ar\/#\/schema\/logo\/image\/\",\"url\":\"https:\/\/barilocheexcursiones.com.ar\/wp-content\/uploads\/2025\/04\/bariloche-excursiones-logo.png\",\"contentUrl\":\"https:\/\/barilocheexcursiones.com.ar\/wp-content\/uploads\/2025\/04\/bariloche-excursiones-logo.png\",\"width\":512,\"height\":512,\"caption\":\"Bariloche Excursiones\"},\"image\":{\"@id\":\"https:\/\/barilocheexcursiones.com.ar\/#\/schema\/logo\/image\/\"}}]}<\/script>\n<meta property=\"product:price:amount\" content=\"36000.00\" \/>\n<meta property=\"product:price:currency\" content=\"ARS\" \/>\n<meta property=\"og:availability\" content=\"instock\" \/>\n<meta property=\"product:availability\" content=\"instock\" \/>\n<meta property=\"product:retailer_item_id\" content=\"ADV2025ALROPAZG1D\" \/>\n<meta property=\"product:condition\" content=\"new\" \/>\n<!-- \/ Yoast SEO Premium plugin. -->","yoast_head_json":{"title":"Aluguel de roupas: qualidade e prote\u00e7\u00e3o para sua experi\u00eancia na neve - Bariloche Excursiones","description":"Aluguel de roupas t\u00e9cnicas para neve em Bariloche. Equipamentos completos ou personalizados, ideais para excurs\u00f5es e atividades de inverno. Qualidade e conforto garantidos.","robots":{"index":"index","follow":"follow","max-snippet":"max-snippet:-1","max-image-preview":"max-image-preview:large","max-video-preview":"max-video-preview:-1"},"canonical":"https:\/\/barilocheexcursiones.com.ar\/pt\/product\/aluguel-de-roupas-de-neve-equipamento-completo\/","og_locale":"pt_BR","og_type":"article","og_title":"Alquiler de ropa: calidad y protecci\u00f3n para tu experiencia en la nieve","og_description":"Alquiler de ropa t\u00e9cnica para nieve en Bariloche. Equipos completos o personalizables, ideal para excursiones y actividades invernales. Calidad y comodidad garantizadas.","og_url":"https:\/\/barilocheexcursiones.com.ar\/pt\/product\/aluguel-de-roupas-de-neve-equipamento-completo\/","og_site_name":"Bariloche Excursiones","article_modified_time":"2026-04-11T14:54:46+00:00","og_image":[{"width":1920,"height":2560,"url":"https:\/\/barilocheexcursiones.com.ar\/wp-content\/uploads\/2025\/03\/3-A-captionHTRE-scaled.jpg","type":"image\/jpeg"}],"twitter_card":"summary_large_image","twitter_misc":{"Pre\u00e7o":"&#36;&nbsp;36.000,00","Disponibilidade":"Em Estoque"},"schema":{"@context":"https:\/\/schema.org","@graph":[{"@type":["WebPage","ItemPage"],"@id":"https:\/\/barilocheexcursiones.com.ar\/product\/alquiler-ropa-nieve-equipo-completo\/","url":"https:\/\/barilocheexcursiones.com.ar\/product\/alquiler-ropa-nieve-equipo-completo\/","name":"Aluguel de roupas: qualidade e prote\u00e7\u00e3o para sua experi\u00eancia na neve - Bariloche Excursiones","isPartOf":{"@id":"https:\/\/barilocheexcursiones.com.ar\/#website"},"primaryImageOfPage":{"@id":"https:\/\/barilocheexcursiones.com.ar\/product\/alquiler-ropa-nieve-equipo-completo\/#primaryimage"},"image":{"@id":"https:\/\/barilocheexcursiones.com.ar\/product\/alquiler-ropa-nieve-equipo-completo\/#primaryimage"},"thumbnailUrl":"https:\/\/barilocheexcursiones.com.ar\/wp-content\/uploads\/2025\/03\/3-A-captionHTRE-scaled.jpg","datePublished":"2025-03-23T23:50:21+00:00","dateModified":"2026-04-11T14:54:46+00:00","description":"Aluguel de roupas t\u00e9cnicas para neve em Bariloche. Equipamentos completos ou personalizados, ideais para excurs\u00f5es e atividades de inverno. Qualidade e conforto garantidos.","breadcrumb":{"@id":"https:\/\/barilocheexcursiones.com.ar\/product\/alquiler-ropa-nieve-equipo-completo\/#breadcrumb"},"inLanguage":"pt-BR","potentialAction":[{"@type":"ReadAction","target":["https:\/\/barilocheexcursiones.com.ar\/product\/alquiler-ropa-nieve-equipo-completo\/"]}]},{"@type":"ImageObject","inLanguage":"pt-BR","@id":"https:\/\/barilocheexcursiones.com.ar\/product\/alquiler-ropa-nieve-equipo-completo\/#primaryimage","url":"https:\/\/barilocheexcursiones.com.ar\/wp-content\/uploads\/2025\/03\/3-A-captionHTRE-scaled.jpg","contentUrl":"https:\/\/barilocheexcursiones.com.ar\/wp-content\/uploads\/2025\/03\/3-A-captionHTRE-scaled.jpg","width":1920,"height":2560},{"@type":"BreadcrumbList","@id":"https:\/\/barilocheexcursiones.com.ar\/product\/alquiler-ropa-nieve-equipo-completo\/#breadcrumb","itemListElement":[{"@type":"ListItem","position":1,"name":"Home","item":"https:\/\/barilocheexcursiones.com.ar\/"},{"@type":"ListItem","position":2,"name":"Excursiones, traslados y m\u00e1s!","item":"https:\/\/barilocheexcursiones.com.ar\/shop\/"},{"@type":"ListItem","position":3,"name":"Alquiler de ropa: calidad y protecci\u00f3n para tu experiencia en la nieve"}]},{"@type":"WebSite","@id":"https:\/\/barilocheexcursiones.com.ar\/#website","url":"https:\/\/barilocheexcursiones.com.ar\/","name":"Excurs\u00f5es em Bariloche","description":"Experi\u00eancia em Bariloche","publisher":{"@id":"https:\/\/barilocheexcursiones.com.ar\/#organization"},"potentialAction":[{"@type":"SearchAction","target":{"@type":"EntryPoint","urlTemplate":"https:\/\/barilocheexcursiones.com.ar\/?s={search_term_string}"},"query-input":{"@type":"PropertyValueSpecification","valueRequired":true,"valueName":"search_term_string"}}],"inLanguage":"pt-BR"},{"@type":"Organization","@id":"https:\/\/barilocheexcursiones.com.ar\/#organization","name":"Excurs\u00f5es em Bariloche","url":"https:\/\/barilocheexcursiones.com.ar\/","logo":{"@type":"ImageObject","inLanguage":"pt-BR","@id":"https:\/\/barilocheexcursiones.com.ar\/#\/schema\/logo\/image\/","url":"https:\/\/barilocheexcursiones.com.ar\/wp-content\/uploads\/2025\/04\/bariloche-excursiones-logo.png","contentUrl":"https:\/\/barilocheexcursiones.com.ar\/wp-content\/uploads\/2025\/04\/bariloche-excursiones-logo.png","width":512,"height":512,"caption":"Bariloche Excursiones"},"image":{"@id":"https:\/\/barilocheexcursiones.com.ar\/#\/schema\/logo\/image\/"}}]},"product_price_amount":"36000.00","product_price_currency":"ARS","og_availability":"instock","product_availability":"instock","product_retailer_item_id":"ADV2025ALROPAZG1D","product_condition":"new"},"_links":{"self":[{"href":"https:\/\/barilocheexcursiones.com.ar\/pt\/wp-json\/wp\/v2\/product\/786","targetHints":{"allow":["GET"]}}],"collection":[{"href":"https:\/\/barilocheexcursiones.com.ar\/pt\/wp-json\/wp\/v2\/product"}],"about":[{"href":"https:\/\/barilocheexcursiones.com.ar\/pt\/wp-json\/wp\/v2\/types\/product"}],"replies":[{"embeddable":true,"href":"https:\/\/barilocheexcursiones.com.ar\/pt\/wp-json\/wp\/v2\/comments?post=786"}],"version-history":[{"count":8,"href":"https:\/\/barilocheexcursiones.com.ar\/pt\/wp-json\/wp\/v2\/product\/786\/revisions"}],"predecessor-version":[{"id":16224,"href":"https:\/\/barilocheexcursiones.com.ar\/pt\/wp-json\/wp\/v2\/product\/786\/revisions\/16224"}],"wp:featuredmedia":[{"embeddable":true,"href":"https:\/\/barilocheexcursiones.com.ar\/pt\/wp-json\/wp\/v2\/media\/16914"}],"wp:attachment":[{"href":"https:\/\/barilocheexcursiones.com.ar\/pt\/wp-json\/wp\/v2\/media?parent=786"}],"wp:term":[{"taxonomy":"product_brand","embeddable":true,"href":"https:\/\/barilocheexcursiones.com.ar\/pt\/wp-json\/wp\/v2\/product_brand?post=786"},{"taxonomy":"product_cat","embeddable":true,"href":"https:\/\/barilocheexcursiones.com.ar\/pt\/wp-json\/wp\/v2\/product_cat?post=786"},{"taxonomy":"product_tag","embeddable":true,"href":"https:\/\/barilocheexcursiones.com.ar\/pt\/wp-json\/wp\/v2\/product_tag?post=786"}],"curies":[{"name":"wp","href":"https:\/\/api.w.org\/{rel}","templated":true}]}}