{"id":785,"date":"2025-03-23T20:50:10","date_gmt":"2025-03-23T23:50:10","guid":{"rendered":"https:\/\/barilocheexcursiones.com.ar\/?post_type=product&#038;p=785"},"modified":"2026-04-11T11:38:47","modified_gmt":"2026-04-11T14:38:47","slug":"traslado-al-cerro-catedral","status":"publish","type":"product","link":"https:\/\/barilocheexcursiones.com.ar\/pt\/product\/traslado-para-a-colina-da-catedral\/","title":{"rendered":"Traslado para o Cerro Catedral: passeio gratuito at\u00e9 a esta\u00e7\u00e3o de esqui mais famosa de Bariloche."},"content":{"rendered":"<h3 data-start=\"234\" data-end=\"300\">A maneira mais eficiente de chegar \u00e0 base do Cerro Catedral<\/h3>\n<p data-start=\"302\" data-end=\"641\">Com esse transfer exclusivo, voc\u00ea otimizar\u00e1 seu dia de atividades no principal centro de inverno da Am\u00e9rica do Sul. N\u00f3s o levamos de Bariloche ao Cerro Catedral com pontualidade, conforto e o apoio de nosso servi\u00e7o profissional. Perfeito para quem quer aproveitar ao m\u00e1ximo cada minuto de seu dia esquiando, praticando snowboard ou fazendo trilhas nas montanhas.<\/p>\n<p data-start=\"643\" data-end=\"697\">Organize seu dia sem se preocupar com o transporte.<\/p>\n<h3 data-start=\"704\" data-end=\"727\">O que voc\u00ea vai gostar<\/h3>\n<ul data-start=\"729\" data-end=\"989\">\n<li data-start=\"729\" data-end=\"807\">\n<p data-start=\"731\" data-end=\"807\">Servi\u00e7o de traslado de retorno com organiza\u00e7\u00e3o e assist\u00eancia profissional.<\/p>\n<\/li>\n<li data-start=\"808\" data-end=\"885\">\n<p data-start=\"810\" data-end=\"885\">Chegada direta \u00e0 base do Cerro Catedral para iniciar suas atividades.<\/p>\n<\/li>\n<li data-start=\"886\" data-end=\"989\">\n<p data-start=\"888\" data-end=\"989\">Tempo livre para aproveitar as op\u00e7\u00f5es de esqui, snowboarding, caminhadas ou passeios tur\u00edsticos.<\/p>\n<\/li>\n<\/ul>\n<p data-start=\"991\" data-end=\"1120\"><strong data-start=\"991\" data-end=\"1006\">Importante:<\/strong> O traslado n\u00e3o inclui passes de acesso, ingressos para telef\u00e9ricos ou aluguel de equipamentos, que s\u00e3o contratados no destino.<\/p>\n<h3 data-start=\"1127\" data-end=\"1151\">Informa\u00e7\u00f5es pr\u00e1ticas<\/h3>\n<p data-start=\"1153\" data-end=\"1178\"><strong data-start=\"1153\" data-end=\"1176\">Hor\u00e1rios de partida:<\/strong><\/p>\n<ul data-start=\"1179\" data-end=\"1245\">\n<li data-start=\"1179\" data-end=\"1213\">\n<p data-start=\"1181\" data-end=\"1213\">Turno da manh\u00e3: 08:00 a.m. \u00e0s 16:00 p.m.<\/p>\n<\/li>\n<li data-start=\"1214\" data-end=\"1245\">\n<p data-start=\"1216\" data-end=\"1245\">Turno da tarde: 13:00 \u00e0s 18:00 hs<\/p>\n<\/li>\n<\/ul>\n<p data-start=\"1247\" data-end=\"1270\"><strong data-start=\"1247\" data-end=\"1260\">Dura\u00e7\u00e3o:<\/strong> Meio dia<\/p>\n<p data-start=\"1272\" data-end=\"1415\"><strong data-start=\"1272\" data-end=\"1295\">Ponto de encontro:<\/strong> Ponto de coordena\u00e7\u00e3o pr\u00f3ximo \u00e0 sua acomoda\u00e7\u00e3o (entre o centro de Bariloche e o km 8 da Av. Bustillo ou Av. Pioneros).<\/p>\n<p data-start=\"1417\" data-end=\"1479\"><strong data-start=\"1417\" data-end=\"1429\">Ele inclui:<\/strong> Transporte de e para o aeroporto em ve\u00edculos autorizados.<\/p>\n<p data-start=\"1481\" data-end=\"1558\"><strong data-start=\"1481\" data-end=\"1496\">N\u00e3o inclu\u00eddo:<\/strong> Refei\u00e7\u00f5es, passes de entrada, atividades ou aluguel de equipamentos.<\/p>\n<h3 data-start=\"1565\" data-end=\"1586\">Consultas comuns<\/h3>\n<p data-start=\"1588\" data-end=\"1680\"><strong data-start=\"1588\" data-end=\"1623\">De onde come\u00e7a a transfer\u00eancia?<\/strong><br data-start=\"1623\" data-end=\"1626\" \/>Coordenamos um ponto de partida pr\u00f3ximo \u00e0 sua acomoda\u00e7\u00e3o.<\/p>\n<p data-start=\"1682\" data-end=\"1807\"><strong data-start=\"1682\" data-end=\"1716\">Ele inclui o ingresso de admiss\u00e3o?<\/strong><br data-start=\"1716\" data-end=\"1719\" \/>N\u00e3o, o traslado \u00e9 exclusivamente para transporte. Os passes s\u00e3o comprados no Cerro Catedral.<\/p>\n<p data-start=\"1809\" data-end=\"1948\"><strong data-start=\"1809\" data-end=\"1860\">A gastronomia est\u00e1 dispon\u00edvel no Hill?<\/strong><br data-start=\"1860\" data-end=\"1863\" \/>Sim, dentro do complexo voc\u00ea encontrar\u00e1 diferentes op\u00e7\u00f5es de restaurantes e caf\u00e9s.<\/p>\n<p data-start=\"1950\" data-end=\"2062\"><strong data-start=\"1950\" data-end=\"1985\">Posso levar meu pr\u00f3prio equipamento?<\/strong><br data-start=\"1985\" data-end=\"1988\" \/>Sim, o ve\u00edculo permite que voc\u00ea transporte seu equipamento pessoal de esqui ou snowboard.<\/p>\n<p><!--StartFragment --><span class=\"cf0\">Aviso importante: Este passeio j\u00e1 est\u00e1 dispon\u00edvel para pr\u00e9-reserva. As sa\u00eddas operam de 15 de junho a 20 de agosto, sujeitas ao calend\u00e1rio sazonal. <\/span><!--EndFragment --><\/p>","protected":false},"excerpt":{"rendered":"<p data-start=\"2273\" data-end=\"2471\">Traslado de ida e volta ao Cerro Catedral desde Bariloche. Servi\u00e7o profissional, pontual e confort\u00e1vel para aproveitar seu dia de neve desde o primeiro momento.<\/p>","protected":false},"featured_media":16917,"comment_status":"open","ping_status":"closed","template":"","meta":[],"product_brand":[],"product_cat":[91,100,88,166,167,168,169],"product_tag":[],"class_list":{"0":"post-785","1":"product","2":"type-product","3":"status-publish","4":"has-post-thumbnail","6":"product_cat-adultos","7":"product_cat-con-traslado","8":"product_cat-familia","9":"product_cat-invierno-temporada","10":"product_cat-ninos-apto","11":"product_cat-sin-comida-incluido","12":"product_cat-terrestre-tipo","14":"first","15":"instock","16":"virtual","17":"sold-individually","18":"purchasable","19":"product-type-booking"},"booking_location":"","booking_location_type":"","booking_duration":1,"booking_duration_unit":"hour","booking_buffer":0,"booking_cost":0,"booking_resources":[],"exclude_global_add_ons":false,"addons":[{"name":"ADU: Adulto","type":"input_multiplier","position":0,"required":false,"title_format":"label","default":"","description_enable":false,"description":"","placeholder_enable":false,"placeholder":"","display":"select","restrictions_type":"any_text","adjust_price":true,"price":"31200","price_type":"quantity_based","restrictions":false,"min":"0","max":"0","options":[],"id":1775907518}],"yoast_head":"<!-- This site is optimized with the Yoast SEO Premium plugin v24.5 (Yoast SEO v24.8) - https:\/\/yoast.com\/wordpress\/plugins\/seo\/ -->\n<title>Traslado al Cerro Catedral: paseo libre al centro de esqu\u00ed m\u00e1s famoso de Bariloche - Bariloche Excursiones<\/title>\n<meta name=\"description\" content=\"Traslado al Cerro Catedral desde Bariloche. Servicio profesional de transporte ida y vuelta para disfrutar tu jornada de ski o paseo sin preocuparte por el viaje.\" \/>\n<meta name=\"robots\" content=\"index, follow, max-snippet:-1, max-image-preview:large, max-video-preview:-1\" \/>\n<link rel=\"canonical\" href=\"https:\/\/barilocheexcursiones.com.ar\/pt\/product\/traslado-para-a-colina-da-catedral\/\" \/>\n<meta property=\"og:locale\" content=\"pt_BR\" \/>\n<meta property=\"og:type\" content=\"article\" \/>\n<meta property=\"og:title\" content=\"Traslado al Cerro Catedral: paseo libre al centro de esqu\u00ed m\u00e1s famoso de Bariloche\" \/>\n<meta property=\"og:description\" content=\"Traslado al Cerro Catedral desde Bariloche. Servicio profesional de transporte ida y vuelta para disfrutar tu jornada de ski o paseo sin preocuparte por el viaje.\" \/>\n<meta property=\"og:url\" content=\"https:\/\/barilocheexcursiones.com.ar\/pt\/product\/traslado-para-a-colina-da-catedral\/\" \/>\n<meta property=\"og:site_name\" content=\"Bariloche Excursiones\" \/>\n<meta property=\"article:modified_time\" content=\"2026-04-11T14:38:47+00:00\" \/>\n<meta property=\"og:image\" content=\"https:\/\/barilocheexcursiones.com.ar\/wp-content\/uploads\/2025\/03\/3-D-cmbaption-scaled.jpg\" \/>\n\t<meta property=\"og:image:width\" content=\"1920\" \/>\n\t<meta property=\"og:image:height\" content=\"2560\" \/>\n\t<meta property=\"og:image:type\" content=\"image\/jpeg\" \/>\n<meta name=\"twitter:card\" content=\"summary_large_image\" \/>\n<meta name=\"twitter:label1\" content=\"Pre\u00e7o\" \/>\n\t<meta name=\"twitter:data1\" content=\"&#036;&nbsp;31.200,00\" \/>\n\t<meta name=\"twitter:label2\" content=\"Disponibilidade\" \/>\n\t<meta name=\"twitter:data2\" content=\"Em Estoque\" \/>\n<script type=\"application\/ld+json\" class=\"yoast-schema-graph\">{\"@context\":\"https:\/\/schema.org\",\"@graph\":[{\"@type\":[\"WebPage\",\"ItemPage\"],\"@id\":\"https:\/\/barilocheexcursiones.com.ar\/product\/traslado-al-cerro-catedral\/\",\"url\":\"https:\/\/barilocheexcursiones.com.ar\/product\/traslado-al-cerro-catedral\/\",\"name\":\"Traslado al Cerro Catedral: paseo libre al centro de esqu\u00ed m\u00e1s famoso de Bariloche - Bariloche Excursiones\",\"isPartOf\":{\"@id\":\"https:\/\/barilocheexcursiones.com.ar\/#website\"},\"primaryImageOfPage\":{\"@id\":\"https:\/\/barilocheexcursiones.com.ar\/product\/traslado-al-cerro-catedral\/#primaryimage\"},\"image\":{\"@id\":\"https:\/\/barilocheexcursiones.com.ar\/product\/traslado-al-cerro-catedral\/#primaryimage\"},\"thumbnailUrl\":\"https:\/\/barilocheexcursiones.com.ar\/wp-content\/uploads\/2025\/03\/3-D-cmbaption-scaled.jpg\",\"datePublished\":\"2025-03-23T23:50:10+00:00\",\"dateModified\":\"2026-04-11T14:38:47+00:00\",\"description\":\"Traslado al Cerro Catedral desde Bariloche. Servicio profesional de transporte ida y vuelta para disfrutar tu jornada de ski o paseo sin preocuparte por el viaje.\",\"breadcrumb\":{\"@id\":\"https:\/\/barilocheexcursiones.com.ar\/product\/traslado-al-cerro-catedral\/#breadcrumb\"},\"inLanguage\":\"pt-BR\",\"potentialAction\":[{\"@type\":\"ReadAction\",\"target\":[\"https:\/\/barilocheexcursiones.com.ar\/product\/traslado-al-cerro-catedral\/\"]}]},{\"@type\":\"ImageObject\",\"inLanguage\":\"pt-BR\",\"@id\":\"https:\/\/barilocheexcursiones.com.ar\/product\/traslado-al-cerro-catedral\/#primaryimage\",\"url\":\"https:\/\/barilocheexcursiones.com.ar\/wp-content\/uploads\/2025\/03\/3-D-cmbaption-scaled.jpg\",\"contentUrl\":\"https:\/\/barilocheexcursiones.com.ar\/wp-content\/uploads\/2025\/03\/3-D-cmbaption-scaled.jpg\",\"width\":1920,\"height\":2560},{\"@type\":\"BreadcrumbList\",\"@id\":\"https:\/\/barilocheexcursiones.com.ar\/product\/traslado-al-cerro-catedral\/#breadcrumb\",\"itemListElement\":[{\"@type\":\"ListItem\",\"position\":1,\"name\":\"Home\",\"item\":\"https:\/\/barilocheexcursiones.com.ar\/\"},{\"@type\":\"ListItem\",\"position\":2,\"name\":\"Excursiones, traslados y m\u00e1s!\",\"item\":\"https:\/\/barilocheexcursiones.com.ar\/shop\/\"},{\"@type\":\"ListItem\",\"position\":3,\"name\":\"Traslado al Cerro Catedral: paseo libre al centro de esqu\u00ed m\u00e1s famoso de Bariloche\"}]},{\"@type\":\"WebSite\",\"@id\":\"https:\/\/barilocheexcursiones.com.ar\/#website\",\"url\":\"https:\/\/barilocheexcursiones.com.ar\/\",\"name\":\"Bariloche Excursiones\",\"description\":\"Vivir la experiencia en Bariloche\",\"publisher\":{\"@id\":\"https:\/\/barilocheexcursiones.com.ar\/#organization\"},\"potentialAction\":[{\"@type\":\"SearchAction\",\"target\":{\"@type\":\"EntryPoint\",\"urlTemplate\":\"https:\/\/barilocheexcursiones.com.ar\/?s={search_term_string}\"},\"query-input\":{\"@type\":\"PropertyValueSpecification\",\"valueRequired\":true,\"valueName\":\"search_term_string\"}}],\"inLanguage\":\"pt-BR\"},{\"@type\":\"Organization\",\"@id\":\"https:\/\/barilocheexcursiones.com.ar\/#organization\",\"name\":\"Bariloche Excursiones\",\"url\":\"https:\/\/barilocheexcursiones.com.ar\/\",\"logo\":{\"@type\":\"ImageObject\",\"inLanguage\":\"pt-BR\",\"@id\":\"https:\/\/barilocheexcursiones.com.ar\/#\/schema\/logo\/image\/\",\"url\":\"https:\/\/barilocheexcursiones.com.ar\/wp-content\/uploads\/2025\/04\/bariloche-excursiones-logo.png\",\"contentUrl\":\"https:\/\/barilocheexcursiones.com.ar\/wp-content\/uploads\/2025\/04\/bariloche-excursiones-logo.png\",\"width\":512,\"height\":512,\"caption\":\"Bariloche Excursiones\"},\"image\":{\"@id\":\"https:\/\/barilocheexcursiones.com.ar\/#\/schema\/logo\/image\/\"}}]}<\/script>\n<meta property=\"product:price:amount\" content=\"31200.00\" \/>\n<meta property=\"product:price:currency\" content=\"ARS\" \/>\n<meta property=\"og:availability\" content=\"instock\" \/>\n<meta property=\"product:availability\" content=\"instock\" \/>\n<meta property=\"product:retailer_item_id\" content=\"ADV2025TRALCESHGU\" \/>\n<meta property=\"product:condition\" content=\"new\" \/>\n<!-- \/ Yoast SEO Premium plugin. -->","yoast_head_json":{"title":"Traslado para o Cerro Catedral: passeio gratuito at\u00e9 a esta\u00e7\u00e3o de esqui mais famosa de Bariloche - Bariloche Excursions","description":"Traslado ao Cerro Catedral desde Bariloche. Servi\u00e7o de transporte profissional de e para o Cerro Catedral para aproveitar seu dia de esqui ou caminhada sem se preocupar com a viagem.","robots":{"index":"index","follow":"follow","max-snippet":"max-snippet:-1","max-image-preview":"max-image-preview:large","max-video-preview":"max-video-preview:-1"},"canonical":"https:\/\/barilocheexcursiones.com.ar\/pt\/product\/traslado-para-a-colina-da-catedral\/","og_locale":"pt_BR","og_type":"article","og_title":"Traslado al Cerro Catedral: paseo libre al centro de esqu\u00ed m\u00e1s famoso de Bariloche","og_description":"Traslado al Cerro Catedral desde Bariloche. Servicio profesional de transporte ida y vuelta para disfrutar tu jornada de ski o paseo sin preocuparte por el viaje.","og_url":"https:\/\/barilocheexcursiones.com.ar\/pt\/product\/traslado-para-a-colina-da-catedral\/","og_site_name":"Bariloche Excursiones","article_modified_time":"2026-04-11T14:38:47+00:00","og_image":[{"width":1920,"height":2560,"url":"https:\/\/barilocheexcursiones.com.ar\/wp-content\/uploads\/2025\/03\/3-D-cmbaption-scaled.jpg","type":"image\/jpeg"}],"twitter_card":"summary_large_image","twitter_misc":{"Pre\u00e7o":"&#36;&nbsp;31.200,00","Disponibilidade":"Em Estoque"},"schema":{"@context":"https:\/\/schema.org","@graph":[{"@type":["WebPage","ItemPage"],"@id":"https:\/\/barilocheexcursiones.com.ar\/product\/traslado-al-cerro-catedral\/","url":"https:\/\/barilocheexcursiones.com.ar\/product\/traslado-al-cerro-catedral\/","name":"Traslado para o Cerro Catedral: passeio gratuito at\u00e9 a esta\u00e7\u00e3o de esqui mais famosa de Bariloche - Bariloche Excursions","isPartOf":{"@id":"https:\/\/barilocheexcursiones.com.ar\/#website"},"primaryImageOfPage":{"@id":"https:\/\/barilocheexcursiones.com.ar\/product\/traslado-al-cerro-catedral\/#primaryimage"},"image":{"@id":"https:\/\/barilocheexcursiones.com.ar\/product\/traslado-al-cerro-catedral\/#primaryimage"},"thumbnailUrl":"https:\/\/barilocheexcursiones.com.ar\/wp-content\/uploads\/2025\/03\/3-D-cmbaption-scaled.jpg","datePublished":"2025-03-23T23:50:10+00:00","dateModified":"2026-04-11T14:38:47+00:00","description":"Traslado ao Cerro Catedral desde Bariloche. Servi\u00e7o de transporte profissional de e para o Cerro Catedral para aproveitar seu dia de esqui ou caminhada sem se preocupar com a viagem.","breadcrumb":{"@id":"https:\/\/barilocheexcursiones.com.ar\/product\/traslado-al-cerro-catedral\/#breadcrumb"},"inLanguage":"pt-BR","potentialAction":[{"@type":"ReadAction","target":["https:\/\/barilocheexcursiones.com.ar\/product\/traslado-al-cerro-catedral\/"]}]},{"@type":"ImageObject","inLanguage":"pt-BR","@id":"https:\/\/barilocheexcursiones.com.ar\/product\/traslado-al-cerro-catedral\/#primaryimage","url":"https:\/\/barilocheexcursiones.com.ar\/wp-content\/uploads\/2025\/03\/3-D-cmbaption-scaled.jpg","contentUrl":"https:\/\/barilocheexcursiones.com.ar\/wp-content\/uploads\/2025\/03\/3-D-cmbaption-scaled.jpg","width":1920,"height":2560},{"@type":"BreadcrumbList","@id":"https:\/\/barilocheexcursiones.com.ar\/product\/traslado-al-cerro-catedral\/#breadcrumb","itemListElement":[{"@type":"ListItem","position":1,"name":"Home","item":"https:\/\/barilocheexcursiones.com.ar\/"},{"@type":"ListItem","position":2,"name":"Excursiones, traslados y m\u00e1s!","item":"https:\/\/barilocheexcursiones.com.ar\/shop\/"},{"@type":"ListItem","position":3,"name":"Traslado al Cerro Catedral: paseo libre al centro de esqu\u00ed m\u00e1s famoso de Bariloche"}]},{"@type":"WebSite","@id":"https:\/\/barilocheexcursiones.com.ar\/#website","url":"https:\/\/barilocheexcursiones.com.ar\/","name":"Excurs\u00f5es em Bariloche","description":"Experi\u00eancia em Bariloche","publisher":{"@id":"https:\/\/barilocheexcursiones.com.ar\/#organization"},"potentialAction":[{"@type":"SearchAction","target":{"@type":"EntryPoint","urlTemplate":"https:\/\/barilocheexcursiones.com.ar\/?s={search_term_string}"},"query-input":{"@type":"PropertyValueSpecification","valueRequired":true,"valueName":"search_term_string"}}],"inLanguage":"pt-BR"},{"@type":"Organization","@id":"https:\/\/barilocheexcursiones.com.ar\/#organization","name":"Excurs\u00f5es em Bariloche","url":"https:\/\/barilocheexcursiones.com.ar\/","logo":{"@type":"ImageObject","inLanguage":"pt-BR","@id":"https:\/\/barilocheexcursiones.com.ar\/#\/schema\/logo\/image\/","url":"https:\/\/barilocheexcursiones.com.ar\/wp-content\/uploads\/2025\/04\/bariloche-excursiones-logo.png","contentUrl":"https:\/\/barilocheexcursiones.com.ar\/wp-content\/uploads\/2025\/04\/bariloche-excursiones-logo.png","width":512,"height":512,"caption":"Bariloche Excursiones"},"image":{"@id":"https:\/\/barilocheexcursiones.com.ar\/#\/schema\/logo\/image\/"}}]},"product_price_amount":"31200.00","product_price_currency":"ARS","og_availability":"instock","product_availability":"instock","product_retailer_item_id":"ADV2025TRALCESHGU","product_condition":"new"},"_links":{"self":[{"href":"https:\/\/barilocheexcursiones.com.ar\/pt\/wp-json\/wp\/v2\/product\/785","targetHints":{"allow":["GET"]}}],"collection":[{"href":"https:\/\/barilocheexcursiones.com.ar\/pt\/wp-json\/wp\/v2\/product"}],"about":[{"href":"https:\/\/barilocheexcursiones.com.ar\/pt\/wp-json\/wp\/v2\/types\/product"}],"replies":[{"embeddable":true,"href":"https:\/\/barilocheexcursiones.com.ar\/pt\/wp-json\/wp\/v2\/comments?post=785"}],"version-history":[{"count":7,"href":"https:\/\/barilocheexcursiones.com.ar\/pt\/wp-json\/wp\/v2\/product\/785\/revisions"}],"predecessor-version":[{"id":16685,"href":"https:\/\/barilocheexcursiones.com.ar\/pt\/wp-json\/wp\/v2\/product\/785\/revisions\/16685"}],"wp:featuredmedia":[{"embeddable":true,"href":"https:\/\/barilocheexcursiones.com.ar\/pt\/wp-json\/wp\/v2\/media\/16917"}],"wp:attachment":[{"href":"https:\/\/barilocheexcursiones.com.ar\/pt\/wp-json\/wp\/v2\/media?parent=785"}],"wp:term":[{"taxonomy":"product_brand","embeddable":true,"href":"https:\/\/barilocheexcursiones.com.ar\/pt\/wp-json\/wp\/v2\/product_brand?post=785"},{"taxonomy":"product_cat","embeddable":true,"href":"https:\/\/barilocheexcursiones.com.ar\/pt\/wp-json\/wp\/v2\/product_cat?post=785"},{"taxonomy":"product_tag","embeddable":true,"href":"https:\/\/barilocheexcursiones.com.ar\/pt\/wp-json\/wp\/v2\/product_tag?post=785"}],"curies":[{"name":"wp","href":"https:\/\/api.w.org\/{rel}","templated":true}]}}