{"id":784,"date":"2025-03-23T20:49:57","date_gmt":"2025-03-23T23:49:57","guid":{"rendered":"https:\/\/barilocheexcursiones.com.ar\/?post_type=product&#038;p=784"},"modified":"2026-04-11T11:40:43","modified_gmt":"2026-04-11T14:40:43","slug":"traslado-al-cerro-piedras-blancas","status":"publish","type":"product","link":"https:\/\/barilocheexcursiones.com.ar\/pt\/product\/traslado-para-o-cerro-piedras-blancas\/","title":{"rendered":"Traslado para Piedras Blancas - Acesso conveniente \u00e0 neve a partir de Bariloche"},"content":{"rendered":"<h3 data-start=\"262\" data-end=\"327\">Aproveite Piedras Blancas sem se preocupar com transporte<\/h3>\n<p data-start=\"329\" data-end=\"668\">Este traslado foi projetado para aqueles que procuram conforto e organiza\u00e7\u00e3o para desfrutar de um dia inteiro na neve. Do centro de Bariloche, n\u00f3s o levaremos diretamente ao complexo Piedras Blancas, no Cerro Otto, conhecido por suas pistas de tren\u00f3, vistas panor\u00e2micas e atividades de inverno ideais para todos os tipos de pessoas.<\/p>\n<p data-start=\"670\" data-end=\"762\">Com essa op\u00e7\u00e3o, voc\u00ea s\u00f3 precisa se preocupar em aproveitar a neve, pois o transporte j\u00e1 foi feito.<\/p>\n<h3 data-start=\"769\" data-end=\"795\">O que voc\u00ea vai experimentar<\/h3>\n<ul data-start=\"797\" data-end=\"1049\">\n<li data-start=\"797\" data-end=\"875\">\n<p data-start=\"799\" data-end=\"875\">Traslado direto de e para Bariloche e o complexo de Piedras Blancas.<\/p>\n<\/li>\n<li data-start=\"876\" data-end=\"971\">\n<p data-start=\"878\" data-end=\"971\">Tempo livre para atividades como tobog\u00e3, caminhadas ou contempla\u00e7\u00e3o da paisagem nevada.<\/p>\n<\/li>\n<li data-start=\"972\" data-end=\"1049\">\n<p data-start=\"974\" data-end=\"1049\">Organiza\u00e7\u00e3o eficiente e pontual, com a garantia da Bariloche Excursiones.<\/p>\n<\/li>\n<\/ul>\n<p data-start=\"1051\" data-end=\"1175\"><strong data-start=\"1051\" data-end=\"1066\">Importante:<\/strong> O servi\u00e7o inclui apenas o traslado. As atividades dentro do complexo s\u00e3o contratadas separadamente.<\/p>\n<h3 data-start=\"1182\" data-end=\"1206\">Informa\u00e7\u00f5es pr\u00e1ticas<\/h3>\n<p data-start=\"1208\" data-end=\"1235\"><strong data-start=\"1208\" data-end=\"1233\">Hor\u00e1rios dispon\u00edveis:<\/strong><\/p>\n<ul data-start=\"1236\" data-end=\"1302\">\n<li data-start=\"1236\" data-end=\"1270\">\n<p data-start=\"1238\" data-end=\"1270\">Turno da manh\u00e3: 08:00 a.m. \u00e0s 16:00 p.m.<\/p>\n<\/li>\n<li data-start=\"1271\" data-end=\"1302\">\n<p data-start=\"1273\" data-end=\"1302\">Turno da tarde: 13:00 \u00e0s 18:00 hs<\/p>\n<\/li>\n<\/ul>\n<p data-start=\"1304\" data-end=\"1354\"><strong data-start=\"1304\" data-end=\"1317\">Dura\u00e7\u00e3o:<\/strong> Meio dia (dependendo do hor\u00e1rio escolhido)<\/p>\n<p data-start=\"1356\" data-end=\"1497\"><strong data-start=\"1356\" data-end=\"1379\">Ponto de encontro:<\/strong> Coordenamos um ponto pr\u00f3ximo \u00e0 sua acomoda\u00e7\u00e3o (entre o centro de Bariloche e o km 8 da Avenida Bustillo ou Avenida Pioneros).<\/p>\n<p data-start=\"1499\" data-end=\"1559\"><strong data-start=\"1499\" data-end=\"1511\">Ele inclui:<\/strong> Traslado de ida e volta em transporte autorizado.<\/p>\n<p data-start=\"1561\" data-end=\"1676\"><strong data-start=\"1561\" data-end=\"1576\">N\u00e3o inclu\u00eddo:<\/strong> Almo\u00e7o, passes de acesso ao complexo, aluguel de equipamentos ou atividades em Piedras Blancas.<\/p>\n<h3 data-start=\"1683\" data-end=\"1707\">Perguntas frequentes<\/h3>\n<p data-start=\"1709\" data-end=\"1859\"><strong data-start=\"1709\" data-end=\"1741\">Onde come\u00e7a a transfer\u00eancia?<\/strong><br data-start=\"1741\" data-end=\"1744\" \/>Coordenamos um ponto de encontro pr\u00f3ximo \u00e0 sua acomoda\u00e7\u00e3o, para garantir o conforto e a otimiza\u00e7\u00e3o do passeio.<\/p>\n<p data-start=\"1861\" data-end=\"2034\"><strong data-start=\"1861\" data-end=\"1916\">Que atividades posso fazer em Piedras Blancas?<\/strong><br data-start=\"1916\" data-end=\"1919\" \/>Tren\u00f3 (culipatina), raquetes de neve, vistas panor\u00e2micas e telef\u00e9ricos (com custo adicional).<\/p>\n<p data-start=\"2036\" data-end=\"2170\"><strong data-start=\"2036\" data-end=\"2072\">A transfer\u00eancia inclui a admiss\u00e3o?<\/strong><br data-start=\"2072\" data-end=\"2075\" \/>N\u00e3o, o servi\u00e7o cobre apenas o transporte. Os passes s\u00e3o comprados no resort.<\/p>\n<p data-start=\"2172\" data-end=\"2288\"><strong data-start=\"2172\" data-end=\"2217\">Ele pode ser combinado com outras excurs\u00f5es?<\/strong><br data-start=\"2217\" data-end=\"2220\" \/>Sim, \u00e9 uma excelente op\u00e7\u00e3o para complementar o Circuito Chico.<\/p>\n<p><span class=\"cf0\"><strong>Aviso importante<\/strong>Este passeio j\u00e1 est\u00e1 dispon\u00edvel para pr\u00e9-reserva. As sa\u00eddas operam de 15 de junho a 20 de agosto, sujeitas ao calend\u00e1rio sazonal.<\/span><br \/>\n<!--EndFragment --><\/p>","protected":false},"excerpt":{"rendered":"<p>Embarque em uma viagem exclusiva de meio dia de Bariloche a Cerro Piedras Blancas, explorando o melhor do esqui no hemisf\u00e9rio sul. Uma experi\u00eancia que combina aventura, luxo e as paisagens patag\u00f4nicas de tirar o f\u00f4lego.<\/p>","protected":false},"featured_media":16895,"comment_status":"open","ping_status":"closed","template":"","meta":[],"product_brand":[],"product_cat":[91,100,88,166,167,168,169],"product_tag":[],"class_list":{"0":"post-784","1":"product","2":"type-product","3":"status-publish","4":"has-post-thumbnail","6":"product_cat-adultos","7":"product_cat-con-traslado","8":"product_cat-familia","9":"product_cat-invierno-temporada","10":"product_cat-ninos-apto","11":"product_cat-sin-comida-incluido","12":"product_cat-terrestre-tipo","14":"first","15":"instock","16":"virtual","17":"sold-individually","18":"purchasable","19":"product-type-booking"},"booking_location":"","booking_location_type":"","booking_duration":1,"booking_duration_unit":"hour","booking_buffer":0,"booking_cost":0,"booking_resources":[],"exclude_global_add_ons":false,"addons":[{"name":"ADU: Adulto","type":"input_multiplier","position":0,"required":false,"title_format":"label","default":"","description_enable":false,"description":"","placeholder_enable":false,"placeholder":"","display":"select","restrictions_type":"any_text","adjust_price":true,"price":"31200","price_type":"quantity_based","restrictions":false,"min":"0","max":"0","options":[],"id":1775907644}],"yoast_head":"<!-- This site is optimized with the Yoast SEO Premium plugin v24.5 (Yoast SEO v24.8) - https:\/\/yoast.com\/wordpress\/plugins\/seo\/ -->\n<title>Traslado a Piedras Blancas \u2013 Acceso c\u00f3modo a la nieve desde Bariloche - Bariloche Excursiones<\/title>\n<meta name=\"description\" content=\"Traslado desde Bariloche a Piedras Blancas. Transporte c\u00f3modo ida y vuelta. Acceso f\u00e1cil para disfrutar de trineos, nieve y paisajes sin preocuparse por el traslado.\" \/>\n<meta name=\"robots\" content=\"index, follow, max-snippet:-1, max-image-preview:large, max-video-preview:-1\" \/>\n<link rel=\"canonical\" href=\"https:\/\/barilocheexcursiones.com.ar\/pt\/product\/traslado-para-o-cerro-piedras-blancas\/\" \/>\n<meta property=\"og:locale\" content=\"pt_BR\" \/>\n<meta property=\"og:type\" content=\"article\" \/>\n<meta property=\"og:title\" content=\"Traslado a Piedras Blancas \u2013 Acceso c\u00f3modo a la nieve desde Bariloche\" \/>\n<meta property=\"og:description\" content=\"Traslado desde Bariloche a Piedras Blancas. Transporte c\u00f3modo ida y vuelta. Acceso f\u00e1cil para disfrutar de trineos, nieve y paisajes sin preocuparse por el traslado.\" \/>\n<meta property=\"og:url\" content=\"https:\/\/barilocheexcursiones.com.ar\/pt\/product\/traslado-para-o-cerro-piedras-blancas\/\" \/>\n<meta property=\"og:site_name\" content=\"Bariloche Excursiones\" \/>\n<meta property=\"article:modified_time\" content=\"2026-04-11T14:40:43+00:00\" \/>\n<meta property=\"og:image\" content=\"https:\/\/barilocheexcursiones.com.ar\/wp-content\/uploads\/2025\/03\/3-C-captioHHn-scaled.jpg\" \/>\n\t<meta property=\"og:image:width\" content=\"1920\" \/>\n\t<meta property=\"og:image:height\" content=\"2560\" \/>\n\t<meta property=\"og:image:type\" content=\"image\/jpeg\" \/>\n<meta name=\"twitter:card\" content=\"summary_large_image\" \/>\n<meta name=\"twitter:label1\" content=\"Pre\u00e7o\" \/>\n\t<meta name=\"twitter:data1\" content=\"&#036;&nbsp;31.200,00\" \/>\n\t<meta name=\"twitter:label2\" content=\"Disponibilidade\" \/>\n\t<meta name=\"twitter:data2\" content=\"Em Estoque\" \/>\n<script type=\"application\/ld+json\" class=\"yoast-schema-graph\">{\"@context\":\"https:\/\/schema.org\",\"@graph\":[{\"@type\":[\"WebPage\",\"ItemPage\"],\"@id\":\"https:\/\/barilocheexcursiones.com.ar\/product\/traslado-al-cerro-piedras-blancas\/\",\"url\":\"https:\/\/barilocheexcursiones.com.ar\/product\/traslado-al-cerro-piedras-blancas\/\",\"name\":\"Traslado a Piedras Blancas \u2013 Acceso c\u00f3modo a la nieve desde Bariloche - Bariloche Excursiones\",\"isPartOf\":{\"@id\":\"https:\/\/barilocheexcursiones.com.ar\/#website\"},\"primaryImageOfPage\":{\"@id\":\"https:\/\/barilocheexcursiones.com.ar\/product\/traslado-al-cerro-piedras-blancas\/#primaryimage\"},\"image\":{\"@id\":\"https:\/\/barilocheexcursiones.com.ar\/product\/traslado-al-cerro-piedras-blancas\/#primaryimage\"},\"thumbnailUrl\":\"https:\/\/barilocheexcursiones.com.ar\/wp-content\/uploads\/2025\/03\/3-C-captioHHn-scaled.jpg\",\"datePublished\":\"2025-03-23T23:49:57+00:00\",\"dateModified\":\"2026-04-11T14:40:43+00:00\",\"description\":\"Traslado desde Bariloche a Piedras Blancas. Transporte c\u00f3modo ida y vuelta. Acceso f\u00e1cil para disfrutar de trineos, nieve y paisajes sin preocuparse por el traslado.\",\"breadcrumb\":{\"@id\":\"https:\/\/barilocheexcursiones.com.ar\/product\/traslado-al-cerro-piedras-blancas\/#breadcrumb\"},\"inLanguage\":\"pt-BR\",\"potentialAction\":[{\"@type\":\"ReadAction\",\"target\":[\"https:\/\/barilocheexcursiones.com.ar\/product\/traslado-al-cerro-piedras-blancas\/\"]}]},{\"@type\":\"ImageObject\",\"inLanguage\":\"pt-BR\",\"@id\":\"https:\/\/barilocheexcursiones.com.ar\/product\/traslado-al-cerro-piedras-blancas\/#primaryimage\",\"url\":\"https:\/\/barilocheexcursiones.com.ar\/wp-content\/uploads\/2025\/03\/3-C-captioHHn-scaled.jpg\",\"contentUrl\":\"https:\/\/barilocheexcursiones.com.ar\/wp-content\/uploads\/2025\/03\/3-C-captioHHn-scaled.jpg\",\"width\":1920,\"height\":2560},{\"@type\":\"BreadcrumbList\",\"@id\":\"https:\/\/barilocheexcursiones.com.ar\/product\/traslado-al-cerro-piedras-blancas\/#breadcrumb\",\"itemListElement\":[{\"@type\":\"ListItem\",\"position\":1,\"name\":\"Home\",\"item\":\"https:\/\/barilocheexcursiones.com.ar\/\"},{\"@type\":\"ListItem\",\"position\":2,\"name\":\"Excursiones, traslados y m\u00e1s!\",\"item\":\"https:\/\/barilocheexcursiones.com.ar\/shop\/\"},{\"@type\":\"ListItem\",\"position\":3,\"name\":\"Traslado a Piedras Blancas \u2013 Acceso c\u00f3modo a la nieve desde Bariloche\"}]},{\"@type\":\"WebSite\",\"@id\":\"https:\/\/barilocheexcursiones.com.ar\/#website\",\"url\":\"https:\/\/barilocheexcursiones.com.ar\/\",\"name\":\"Bariloche Excursiones\",\"description\":\"Vivir la experiencia en Bariloche\",\"publisher\":{\"@id\":\"https:\/\/barilocheexcursiones.com.ar\/#organization\"},\"potentialAction\":[{\"@type\":\"SearchAction\",\"target\":{\"@type\":\"EntryPoint\",\"urlTemplate\":\"https:\/\/barilocheexcursiones.com.ar\/?s={search_term_string}\"},\"query-input\":{\"@type\":\"PropertyValueSpecification\",\"valueRequired\":true,\"valueName\":\"search_term_string\"}}],\"inLanguage\":\"pt-BR\"},{\"@type\":\"Organization\",\"@id\":\"https:\/\/barilocheexcursiones.com.ar\/#organization\",\"name\":\"Bariloche Excursiones\",\"url\":\"https:\/\/barilocheexcursiones.com.ar\/\",\"logo\":{\"@type\":\"ImageObject\",\"inLanguage\":\"pt-BR\",\"@id\":\"https:\/\/barilocheexcursiones.com.ar\/#\/schema\/logo\/image\/\",\"url\":\"https:\/\/barilocheexcursiones.com.ar\/wp-content\/uploads\/2025\/04\/bariloche-excursiones-logo.png\",\"contentUrl\":\"https:\/\/barilocheexcursiones.com.ar\/wp-content\/uploads\/2025\/04\/bariloche-excursiones-logo.png\",\"width\":512,\"height\":512,\"caption\":\"Bariloche Excursiones\"},\"image\":{\"@id\":\"https:\/\/barilocheexcursiones.com.ar\/#\/schema\/logo\/image\/\"}}]}<\/script>\n<meta property=\"product:price:amount\" content=\"31200.00\" \/>\n<meta property=\"product:price:currency\" content=\"ARS\" \/>\n<meta property=\"og:availability\" content=\"instock\" \/>\n<meta property=\"product:availability\" content=\"instock\" \/>\n<meta property=\"product:retailer_item_id\" content=\"ADV2025TRALCE1K3T\" \/>\n<meta property=\"product:condition\" content=\"new\" \/>\n<!-- \/ Yoast SEO Premium plugin. -->","yoast_head_json":{"title":"Traslado a Piedras Blancas - Acesso confort\u00e1vel \u00e0 neve desde Bariloche - Excurs\u00f5es em Bariloche","description":"Traslado de Bariloche a Piedras Blancas. Transporte confort\u00e1vel de ida e volta. F\u00e1cil acesso para desfrutar de tren\u00f3s, neve e paisagens sem se preocupar com o traslado.","robots":{"index":"index","follow":"follow","max-snippet":"max-snippet:-1","max-image-preview":"max-image-preview:large","max-video-preview":"max-video-preview:-1"},"canonical":"https:\/\/barilocheexcursiones.com.ar\/pt\/product\/traslado-para-o-cerro-piedras-blancas\/","og_locale":"pt_BR","og_type":"article","og_title":"Traslado a Piedras Blancas \u2013 Acceso c\u00f3modo a la nieve desde Bariloche","og_description":"Traslado desde Bariloche a Piedras Blancas. Transporte c\u00f3modo ida y vuelta. Acceso f\u00e1cil para disfrutar de trineos, nieve y paisajes sin preocuparse por el traslado.","og_url":"https:\/\/barilocheexcursiones.com.ar\/pt\/product\/traslado-para-o-cerro-piedras-blancas\/","og_site_name":"Bariloche Excursiones","article_modified_time":"2026-04-11T14:40:43+00:00","og_image":[{"width":1920,"height":2560,"url":"https:\/\/barilocheexcursiones.com.ar\/wp-content\/uploads\/2025\/03\/3-C-captioHHn-scaled.jpg","type":"image\/jpeg"}],"twitter_card":"summary_large_image","twitter_misc":{"Pre\u00e7o":"&#36;&nbsp;31.200,00","Disponibilidade":"Em Estoque"},"schema":{"@context":"https:\/\/schema.org","@graph":[{"@type":["WebPage","ItemPage"],"@id":"https:\/\/barilocheexcursiones.com.ar\/product\/traslado-al-cerro-piedras-blancas\/","url":"https:\/\/barilocheexcursiones.com.ar\/product\/traslado-al-cerro-piedras-blancas\/","name":"Traslado a Piedras Blancas - Acesso confort\u00e1vel \u00e0 neve desde Bariloche - Excurs\u00f5es em Bariloche","isPartOf":{"@id":"https:\/\/barilocheexcursiones.com.ar\/#website"},"primaryImageOfPage":{"@id":"https:\/\/barilocheexcursiones.com.ar\/product\/traslado-al-cerro-piedras-blancas\/#primaryimage"},"image":{"@id":"https:\/\/barilocheexcursiones.com.ar\/product\/traslado-al-cerro-piedras-blancas\/#primaryimage"},"thumbnailUrl":"https:\/\/barilocheexcursiones.com.ar\/wp-content\/uploads\/2025\/03\/3-C-captioHHn-scaled.jpg","datePublished":"2025-03-23T23:49:57+00:00","dateModified":"2026-04-11T14:40:43+00:00","description":"Traslado de Bariloche a Piedras Blancas. Transporte confort\u00e1vel de ida e volta. F\u00e1cil acesso para desfrutar de tren\u00f3s, neve e paisagens sem se preocupar com o traslado.","breadcrumb":{"@id":"https:\/\/barilocheexcursiones.com.ar\/product\/traslado-al-cerro-piedras-blancas\/#breadcrumb"},"inLanguage":"pt-BR","potentialAction":[{"@type":"ReadAction","target":["https:\/\/barilocheexcursiones.com.ar\/product\/traslado-al-cerro-piedras-blancas\/"]}]},{"@type":"ImageObject","inLanguage":"pt-BR","@id":"https:\/\/barilocheexcursiones.com.ar\/product\/traslado-al-cerro-piedras-blancas\/#primaryimage","url":"https:\/\/barilocheexcursiones.com.ar\/wp-content\/uploads\/2025\/03\/3-C-captioHHn-scaled.jpg","contentUrl":"https:\/\/barilocheexcursiones.com.ar\/wp-content\/uploads\/2025\/03\/3-C-captioHHn-scaled.jpg","width":1920,"height":2560},{"@type":"BreadcrumbList","@id":"https:\/\/barilocheexcursiones.com.ar\/product\/traslado-al-cerro-piedras-blancas\/#breadcrumb","itemListElement":[{"@type":"ListItem","position":1,"name":"Home","item":"https:\/\/barilocheexcursiones.com.ar\/"},{"@type":"ListItem","position":2,"name":"Excursiones, traslados y m\u00e1s!","item":"https:\/\/barilocheexcursiones.com.ar\/shop\/"},{"@type":"ListItem","position":3,"name":"Traslado a Piedras Blancas \u2013 Acceso c\u00f3modo a la nieve desde Bariloche"}]},{"@type":"WebSite","@id":"https:\/\/barilocheexcursiones.com.ar\/#website","url":"https:\/\/barilocheexcursiones.com.ar\/","name":"Excurs\u00f5es em Bariloche","description":"Experi\u00eancia em Bariloche","publisher":{"@id":"https:\/\/barilocheexcursiones.com.ar\/#organization"},"potentialAction":[{"@type":"SearchAction","target":{"@type":"EntryPoint","urlTemplate":"https:\/\/barilocheexcursiones.com.ar\/?s={search_term_string}"},"query-input":{"@type":"PropertyValueSpecification","valueRequired":true,"valueName":"search_term_string"}}],"inLanguage":"pt-BR"},{"@type":"Organization","@id":"https:\/\/barilocheexcursiones.com.ar\/#organization","name":"Excurs\u00f5es em Bariloche","url":"https:\/\/barilocheexcursiones.com.ar\/","logo":{"@type":"ImageObject","inLanguage":"pt-BR","@id":"https:\/\/barilocheexcursiones.com.ar\/#\/schema\/logo\/image\/","url":"https:\/\/barilocheexcursiones.com.ar\/wp-content\/uploads\/2025\/04\/bariloche-excursiones-logo.png","contentUrl":"https:\/\/barilocheexcursiones.com.ar\/wp-content\/uploads\/2025\/04\/bariloche-excursiones-logo.png","width":512,"height":512,"caption":"Bariloche Excursiones"},"image":{"@id":"https:\/\/barilocheexcursiones.com.ar\/#\/schema\/logo\/image\/"}}]},"product_price_amount":"31200.00","product_price_currency":"ARS","og_availability":"instock","product_availability":"instock","product_retailer_item_id":"ADV2025TRALCE1K3T","product_condition":"new"},"_links":{"self":[{"href":"https:\/\/barilocheexcursiones.com.ar\/pt\/wp-json\/wp\/v2\/product\/784","targetHints":{"allow":["GET"]}}],"collection":[{"href":"https:\/\/barilocheexcursiones.com.ar\/pt\/wp-json\/wp\/v2\/product"}],"about":[{"href":"https:\/\/barilocheexcursiones.com.ar\/pt\/wp-json\/wp\/v2\/types\/product"}],"replies":[{"embeddable":true,"href":"https:\/\/barilocheexcursiones.com.ar\/pt\/wp-json\/wp\/v2\/comments?post=784"}],"version-history":[{"count":6,"href":"https:\/\/barilocheexcursiones.com.ar\/pt\/wp-json\/wp\/v2\/product\/784\/revisions"}],"predecessor-version":[{"id":17799,"href":"https:\/\/barilocheexcursiones.com.ar\/pt\/wp-json\/wp\/v2\/product\/784\/revisions\/17799"}],"wp:featuredmedia":[{"embeddable":true,"href":"https:\/\/barilocheexcursiones.com.ar\/pt\/wp-json\/wp\/v2\/media\/16895"}],"wp:attachment":[{"href":"https:\/\/barilocheexcursiones.com.ar\/pt\/wp-json\/wp\/v2\/media?parent=784"}],"wp:term":[{"taxonomy":"product_brand","embeddable":true,"href":"https:\/\/barilocheexcursiones.com.ar\/pt\/wp-json\/wp\/v2\/product_brand?post=784"},{"taxonomy":"product_cat","embeddable":true,"href":"https:\/\/barilocheexcursiones.com.ar\/pt\/wp-json\/wp\/v2\/product_cat?post=784"},{"taxonomy":"product_tag","embeddable":true,"href":"https:\/\/barilocheexcursiones.com.ar\/pt\/wp-json\/wp\/v2\/product_tag?post=784"}],"curies":[{"name":"wp","href":"https:\/\/api.w.org\/{rel}","templated":true}]}}