{"id":16573,"date":"2025-06-01T15:35:09","date_gmt":"2025-06-01T18:35:09","guid":{"rendered":"https:\/\/barilocheexcursiones.com.ar\/?post_type=product&#038;p=16573"},"modified":"2026-04-11T10:18:33","modified_gmt":"2026-04-11T13:18:33","slug":"vivencias-caminata-con-raquetas-y-sabores-regionales-refugio-neumeyer","status":"publish","type":"product","link":"https:\/\/barilocheexcursiones.com.ar\/pt\/product\/experiencias-com-raquetes-de-neve-e-sabores-regionais-refugio-neumeyer\/","title":{"rendered":"Refugio Neumeyer: neve, raquetes de neve e sabores em uma experi\u00eancia patag\u00f4nica completa"},"content":{"rendered":"<h3 data-start=\"609\" data-end=\"652\"><strong data-start=\"613\" data-end=\"652\">Destaques da experi\u00eancia<\/strong><\/h3>\n<p data-start=\"654\" data-end=\"1014\">Uma proposta ideal para quem busca explorar a neve de forma aut\u00eantica e guiada. Caminhadas com raquetes de neve em um ambiente natural preservado, gastronomia patag\u00f4nica servida em um ref\u00fagio de montanha e uma atividade recreativa segura para encerrar o passeio: downhill em culipatines. Tudo isso \u00e9 organizado com apoio profissional e log\u00edstica eficiente.<\/p>\n<h3 data-start=\"1021\" data-end=\"1115\"><strong data-start=\"1025\" data-end=\"1115\">Natureza, conforto e paisagens em uma viagem de inverno completo<\/strong><\/h3>\n<p data-start=\"1117\" data-end=\"1423\">A experi\u00eancia come\u00e7a com um traslado dos pontos de encontro pr\u00f3ximos \u00e0 acomoda\u00e7\u00e3o, localizados na Avenida Bustillo ou na Avenida Pioneros at\u00e9 o km 8. De l\u00e1, o grupo vai para o Ref\u00fagio Neumeyer, no meio do Vale Challhuaco, uma reserva natural que combina floresta andina e vistas abertas da estepe.<\/p>\n<p data-start=\"1425\" data-end=\"1751\">Os participantes fazem uma caminhada de baixa dificuldade com raquetes de neve, acompanhados por guias treinados que interpretam o ambiente e prestam assist\u00eancia cont\u00ednua. A trilha passa por uma floresta de lengas milenares e termina no Mirador del Valle, um mirante com vista panor\u00e2mica da Cordilheira dos Andes.<\/p>\n<p data-start=\"1753\" data-end=\"2001\">No caminho de volta ao ref\u00fagio, \u00e9 servida uma refei\u00e7\u00e3o regional completa com entrada, prato principal, sobremesa e bebidas. O encerramento da atividade inclui um momento recreativo para todas as idades: deslizar em culipatinas em pistas condicionadas.<\/p>\n<p data-start=\"2003\" data-end=\"2344\">O servi\u00e7o inclui traslado dos pontos estabelecidos, equipamento completo, guia profissional, raquetes de neve, acesso ao ref\u00fagio e almo\u00e7o. N\u00e3o \u00e9 necess\u00e1rio ter experi\u00eancia pr\u00e9via ou preparo f\u00edsico. \u00c9 uma excurs\u00e3o ideal para quem deseja uma experi\u00eancia bem estruturada, contato com a natureza e atendimento personalizado.<\/p>\n<h3 data-start=\"2351\" data-end=\"2379\"><strong data-start=\"2355\" data-end=\"2379\">Consultas comuns<\/strong><\/h3>\n<p data-start=\"2381\" data-end=\"2651\"><strong data-start=\"2381\" data-end=\"2404\">O que est\u00e1 inclu\u00eddo?<\/strong><br data-start=\"2404\" data-end=\"2407\" \/>Inclui traslados de pontos de encontro pr\u00f3ximos na Av. Bustillo ou Av. Pioneros (at\u00e9 o km 8), caminhada guiada com raquetes de neve, guia profissional durante todo o dia, refei\u00e7\u00e3o regional completa com bebidas, uso do ref\u00fagio e culipatinas.<\/p>\n<p data-start=\"2653\" data-end=\"2827\"><strong data-start=\"2653\" data-end=\"2705\">\u00c9 adequado para quem n\u00e3o tem experi\u00eancia?<\/strong><br data-start=\"2705\" data-end=\"2708\" \/>Sim, \u00e9 uma caminhada simples, sem declives ou dificuldades t\u00e9cnicas. \u00c9 feita em um grupo e com acompanhamento cont\u00ednuo.<\/p>\n<p data-start=\"2829\" data-end=\"3038\"><strong data-start=\"2829\" data-end=\"2870\">Isso pode ser feito em fam\u00edlia ou em um grupo?<\/strong><br data-start=\"2870\" data-end=\"2873\" \/>Sem d\u00favida. A experi\u00eancia \u00e9 adequada para todas as idades e geralmente \u00e9 escolhida por grupos familiares, casais ou viajantes que priorizam um passeio organizado e seguro.<\/p>\n<p data-start=\"3040\" data-end=\"3189\"><strong data-start=\"3040\" data-end=\"3064\">O que levar?<\/strong><br data-start=\"3064\" data-end=\"3067\" \/>Roupas t\u00e9rmicas ou de neve, cal\u00e7ados \u00e0 prova d'\u00e1gua, luvas, chap\u00e9u e casaco. O restante do equipamento \u00e9 fornecido pela organiza\u00e7\u00e3o.<\/p>\n<div class=\"post__body\">\n<div class=\"AutoHeight\">\n<div>\n<div class=\"post-message post-message--collapsed\">\n<div class=\"post-message__text-container\">\n<div id=\"rhsPostMessageText_5639jxsfgpdubk9q64w3g1pgac\" class=\"post-message__text\" dir=\"auto\">\n<p><strong>Aviso importante<\/strong>Este passeio j\u00e1 est\u00e1 dispon\u00edvel para pr\u00e9-reserva. As sa\u00eddas operam de 15 de junho a 20 de agosto, sujeitas ao calend\u00e1rio sazonal.<\/p>\n<\/div>\n<\/div>\n<\/div>\n<\/div>\n<\/div>\n<\/div>","protected":false},"excerpt":{"rendered":"<p>Descubra a magia do Vale de Challhuaco com uma experi\u00eancia criada para quem procura natureza, aventura suave e momentos inesquec\u00edveis. Caminhe por florestas nevadas com raquetes de neve, experimente sabores regionais em um abrigo aconchegante e deslize pela neve com patins. Ideal para fam\u00edlias, casais e grupos que desejam aproveitar o inverno sem exig\u00eancias f\u00edsicas.<\/p>","protected":false},"featured_media":16814,"comment_status":"closed","ping_status":"closed","template":"","meta":[],"product_brand":[],"product_cat":[91,85,105,100,166,167,169],"product_tag":[],"class_list":{"0":"post-16573","1":"product","2":"type-product","3":"status-publish","4":"has-post-thumbnail","6":"product_cat-adultos","7":"product_cat-aventura","8":"product_cat-con-comida","9":"product_cat-con-traslado","10":"product_cat-invierno-temporada","11":"product_cat-ninos-apto","12":"product_cat-terrestre-tipo","14":"first","15":"instock","16":"virtual","17":"sold-individually","18":"purchasable","19":"product-type-booking"},"booking_location":"","booking_location_type":"","booking_duration":1,"booking_duration_unit":"hour","booking_buffer":0,"booking_cost":0,"booking_resources":[],"exclude_global_add_ons":false,"addons":[{"name":"ADU: Adulto","type":"input_multiplier","position":0,"required":false,"title_format":"label","default":"","description_enable":false,"description":"","placeholder_enable":false,"placeholder":"","display":"select","restrictions_type":"any_text","adjust_price":true,"price":"250000","price_type":"quantity_based","restrictions":false,"min":"0","max":"0","options":[],"id":1775902703},{"name":"MEN412 | De 4 a 12","type":"input_multiplier","position":1,"required":false,"title_format":"label","default":"","description_enable":false,"description":"","placeholder_enable":false,"placeholder":"","display":"select","restrictions_type":"any_text","adjust_price":true,"price":"250000","price_type":"quantity_based","restrictions":false,"min":"0","max":"0","options":[],"id":1775902704}],"yoast_head":"<!-- This site is optimized with the Yoast SEO Premium plugin v24.5 (Yoast SEO v24.8) - https:\/\/yoast.com\/wordpress\/plugins\/seo\/ -->\n<title>Refugio Neumeyer: nieve, raquetas y sabores en una experiencia patag\u00f3nica integral - Bariloche Excursiones<\/title>\n<meta name=\"description\" content=\"Viv\u00ed una experiencia completa en la nieve: caminata con raquetas, almuerzo regional y culipatines en el Refugio Neumeyer. Una propuesta segura y bien organizada en Bariloche.\" \/>\n<meta name=\"robots\" content=\"index, follow, max-snippet:-1, max-image-preview:large, max-video-preview:-1\" \/>\n<link rel=\"canonical\" href=\"https:\/\/barilocheexcursiones.com.ar\/pt\/product\/experiencias-com-raquetes-de-neve-e-sabores-regionais-refugio-neumeyer\/\" \/>\n<meta property=\"og:locale\" content=\"pt_BR\" \/>\n<meta property=\"og:type\" content=\"article\" \/>\n<meta property=\"og:title\" content=\"Refugio Neumeyer: nieve, raquetas y sabores en una experiencia patag\u00f3nica integral\" \/>\n<meta property=\"og:description\" content=\"Viv\u00ed una experiencia completa en la nieve: caminata con raquetas, almuerzo regional y culipatines en el Refugio Neumeyer. Una propuesta segura y bien organizada en Bariloche.\" \/>\n<meta property=\"og:url\" content=\"https:\/\/barilocheexcursiones.com.ar\/pt\/product\/experiencias-com-raquetes-de-neve-e-sabores-regionais-refugio-neumeyer\/\" \/>\n<meta property=\"og:site_name\" content=\"Bariloche Excursiones\" \/>\n<meta property=\"article:modified_time\" content=\"2026-04-11T13:18:33+00:00\" \/>\n<meta property=\"og:image\" content=\"https:\/\/barilocheexcursiones.com.ar\/wp-content\/uploads\/2025\/06\/2-D-photo3jpg-scaled.jpg\" \/>\n\t<meta property=\"og:image:width\" content=\"1920\" \/>\n\t<meta property=\"og:image:height\" content=\"2560\" \/>\n\t<meta property=\"og:image:type\" content=\"image\/jpeg\" \/>\n<meta name=\"twitter:card\" content=\"summary_large_image\" \/>\n<meta name=\"twitter:label1\" content=\"Pre\u00e7o\" \/>\n\t<meta name=\"twitter:data1\" content=\"&#036;&nbsp;250.000,00\" \/>\n\t<meta name=\"twitter:label2\" content=\"Disponibilidade\" \/>\n\t<meta name=\"twitter:data2\" content=\"Em Estoque\" \/>\n<script type=\"application\/ld+json\" class=\"yoast-schema-graph\">{\"@context\":\"https:\/\/schema.org\",\"@graph\":[{\"@type\":[\"WebPage\",\"ItemPage\"],\"@id\":\"https:\/\/barilocheexcursiones.com.ar\/product\/vivencias-caminata-con-raquetas-y-sabores-regionales-refugio-neumeyer\/\",\"url\":\"https:\/\/barilocheexcursiones.com.ar\/product\/vivencias-caminata-con-raquetas-y-sabores-regionales-refugio-neumeyer\/\",\"name\":\"Refugio Neumeyer: nieve, raquetas y sabores en una experiencia patag\u00f3nica integral - Bariloche Excursiones\",\"isPartOf\":{\"@id\":\"https:\/\/barilocheexcursiones.com.ar\/#website\"},\"primaryImageOfPage\":{\"@id\":\"https:\/\/barilocheexcursiones.com.ar\/product\/vivencias-caminata-con-raquetas-y-sabores-regionales-refugio-neumeyer\/#primaryimage\"},\"image\":{\"@id\":\"https:\/\/barilocheexcursiones.com.ar\/product\/vivencias-caminata-con-raquetas-y-sabores-regionales-refugio-neumeyer\/#primaryimage\"},\"thumbnailUrl\":\"https:\/\/barilocheexcursiones.com.ar\/wp-content\/uploads\/2025\/06\/2-D-photo3jpg-scaled.jpg\",\"datePublished\":\"2025-06-01T18:35:09+00:00\",\"dateModified\":\"2026-04-11T13:18:33+00:00\",\"description\":\"Viv\u00ed una experiencia completa en la nieve: caminata con raquetas, almuerzo regional y culipatines en el Refugio Neumeyer. Una propuesta segura y bien organizada en Bariloche.\",\"breadcrumb\":{\"@id\":\"https:\/\/barilocheexcursiones.com.ar\/product\/vivencias-caminata-con-raquetas-y-sabores-regionales-refugio-neumeyer\/#breadcrumb\"},\"inLanguage\":\"pt-BR\",\"potentialAction\":[{\"@type\":\"ReadAction\",\"target\":[\"https:\/\/barilocheexcursiones.com.ar\/product\/vivencias-caminata-con-raquetas-y-sabores-regionales-refugio-neumeyer\/\"]}]},{\"@type\":\"ImageObject\",\"inLanguage\":\"pt-BR\",\"@id\":\"https:\/\/barilocheexcursiones.com.ar\/product\/vivencias-caminata-con-raquetas-y-sabores-regionales-refugio-neumeyer\/#primaryimage\",\"url\":\"https:\/\/barilocheexcursiones.com.ar\/wp-content\/uploads\/2025\/06\/2-D-photo3jpg-scaled.jpg\",\"contentUrl\":\"https:\/\/barilocheexcursiones.com.ar\/wp-content\/uploads\/2025\/06\/2-D-photo3jpg-scaled.jpg\",\"width\":1920,\"height\":2560},{\"@type\":\"BreadcrumbList\",\"@id\":\"https:\/\/barilocheexcursiones.com.ar\/product\/vivencias-caminata-con-raquetas-y-sabores-regionales-refugio-neumeyer\/#breadcrumb\",\"itemListElement\":[{\"@type\":\"ListItem\",\"position\":1,\"name\":\"Home\",\"item\":\"https:\/\/barilocheexcursiones.com.ar\/\"},{\"@type\":\"ListItem\",\"position\":2,\"name\":\"Excursiones, traslados y m\u00e1s!\",\"item\":\"https:\/\/barilocheexcursiones.com.ar\/shop\/\"},{\"@type\":\"ListItem\",\"position\":3,\"name\":\"Refugio Neumeyer: nieve, raquetas y sabores en una experiencia patag\u00f3nica integral\"}]},{\"@type\":\"WebSite\",\"@id\":\"https:\/\/barilocheexcursiones.com.ar\/#website\",\"url\":\"https:\/\/barilocheexcursiones.com.ar\/\",\"name\":\"Bariloche Excursiones\",\"description\":\"Vivir la experiencia en Bariloche\",\"publisher\":{\"@id\":\"https:\/\/barilocheexcursiones.com.ar\/#organization\"},\"potentialAction\":[{\"@type\":\"SearchAction\",\"target\":{\"@type\":\"EntryPoint\",\"urlTemplate\":\"https:\/\/barilocheexcursiones.com.ar\/?s={search_term_string}\"},\"query-input\":{\"@type\":\"PropertyValueSpecification\",\"valueRequired\":true,\"valueName\":\"search_term_string\"}}],\"inLanguage\":\"pt-BR\"},{\"@type\":\"Organization\",\"@id\":\"https:\/\/barilocheexcursiones.com.ar\/#organization\",\"name\":\"Bariloche Excursiones\",\"url\":\"https:\/\/barilocheexcursiones.com.ar\/\",\"logo\":{\"@type\":\"ImageObject\",\"inLanguage\":\"pt-BR\",\"@id\":\"https:\/\/barilocheexcursiones.com.ar\/#\/schema\/logo\/image\/\",\"url\":\"https:\/\/barilocheexcursiones.com.ar\/wp-content\/uploads\/2025\/04\/bariloche-excursiones-logo.png\",\"contentUrl\":\"https:\/\/barilocheexcursiones.com.ar\/wp-content\/uploads\/2025\/04\/bariloche-excursiones-logo.png\",\"width\":512,\"height\":512,\"caption\":\"Bariloche Excursiones\"},\"image\":{\"@id\":\"https:\/\/barilocheexcursiones.com.ar\/#\/schema\/logo\/image\/\"}}]}<\/script>\n<meta property=\"product:price:amount\" content=\"250000.00\" \/>\n<meta property=\"product:price:currency\" content=\"ARS\" \/>\n<meta property=\"og:availability\" content=\"instock\" \/>\n<meta property=\"product:availability\" content=\"instock\" \/>\n<meta property=\"product:retailer_item_id\" content=\"ADV2025VIENREK3Z9\" \/>\n<meta property=\"product:condition\" content=\"new\" \/>\n<!-- \/ Yoast SEO Premium plugin. -->","yoast_head_json":{"title":"Refugio Neumeyer: neve, raquetes de neve e sabores em uma experi\u00eancia patag\u00f4nica integral - Bariloche Excursions","description":"Viva uma experi\u00eancia completa na neve: raquetes de neve, almo\u00e7o regional e culipatinas no Ref\u00fagio Neumeyer. Uma proposta segura e bem organizada em Bariloche.","robots":{"index":"index","follow":"follow","max-snippet":"max-snippet:-1","max-image-preview":"max-image-preview:large","max-video-preview":"max-video-preview:-1"},"canonical":"https:\/\/barilocheexcursiones.com.ar\/pt\/product\/experiencias-com-raquetes-de-neve-e-sabores-regionais-refugio-neumeyer\/","og_locale":"pt_BR","og_type":"article","og_title":"Refugio Neumeyer: nieve, raquetas y sabores en una experiencia patag\u00f3nica integral","og_description":"Viv\u00ed una experiencia completa en la nieve: caminata con raquetas, almuerzo regional y culipatines en el Refugio Neumeyer. Una propuesta segura y bien organizada en Bariloche.","og_url":"https:\/\/barilocheexcursiones.com.ar\/pt\/product\/experiencias-com-raquetes-de-neve-e-sabores-regionais-refugio-neumeyer\/","og_site_name":"Bariloche Excursiones","article_modified_time":"2026-04-11T13:18:33+00:00","og_image":[{"width":1920,"height":2560,"url":"https:\/\/barilocheexcursiones.com.ar\/wp-content\/uploads\/2025\/06\/2-D-photo3jpg-scaled.jpg","type":"image\/jpeg"}],"twitter_card":"summary_large_image","twitter_misc":{"Pre\u00e7o":"&#36;&nbsp;250.000,00","Disponibilidade":"Em Estoque"},"schema":{"@context":"https:\/\/schema.org","@graph":[{"@type":["WebPage","ItemPage"],"@id":"https:\/\/barilocheexcursiones.com.ar\/product\/vivencias-caminata-con-raquetas-y-sabores-regionales-refugio-neumeyer\/","url":"https:\/\/barilocheexcursiones.com.ar\/product\/vivencias-caminata-con-raquetas-y-sabores-regionales-refugio-neumeyer\/","name":"Refugio Neumeyer: neve, raquetes de neve e sabores em uma experi\u00eancia patag\u00f4nica integral - Bariloche Excursions","isPartOf":{"@id":"https:\/\/barilocheexcursiones.com.ar\/#website"},"primaryImageOfPage":{"@id":"https:\/\/barilocheexcursiones.com.ar\/product\/vivencias-caminata-con-raquetas-y-sabores-regionales-refugio-neumeyer\/#primaryimage"},"image":{"@id":"https:\/\/barilocheexcursiones.com.ar\/product\/vivencias-caminata-con-raquetas-y-sabores-regionales-refugio-neumeyer\/#primaryimage"},"thumbnailUrl":"https:\/\/barilocheexcursiones.com.ar\/wp-content\/uploads\/2025\/06\/2-D-photo3jpg-scaled.jpg","datePublished":"2025-06-01T18:35:09+00:00","dateModified":"2026-04-11T13:18:33+00:00","description":"Viva uma experi\u00eancia completa na neve: raquetes de neve, almo\u00e7o regional e culipatinas no Ref\u00fagio Neumeyer. Uma proposta segura e bem organizada em Bariloche.","breadcrumb":{"@id":"https:\/\/barilocheexcursiones.com.ar\/product\/vivencias-caminata-con-raquetas-y-sabores-regionales-refugio-neumeyer\/#breadcrumb"},"inLanguage":"pt-BR","potentialAction":[{"@type":"ReadAction","target":["https:\/\/barilocheexcursiones.com.ar\/product\/vivencias-caminata-con-raquetas-y-sabores-regionales-refugio-neumeyer\/"]}]},{"@type":"ImageObject","inLanguage":"pt-BR","@id":"https:\/\/barilocheexcursiones.com.ar\/product\/vivencias-caminata-con-raquetas-y-sabores-regionales-refugio-neumeyer\/#primaryimage","url":"https:\/\/barilocheexcursiones.com.ar\/wp-content\/uploads\/2025\/06\/2-D-photo3jpg-scaled.jpg","contentUrl":"https:\/\/barilocheexcursiones.com.ar\/wp-content\/uploads\/2025\/06\/2-D-photo3jpg-scaled.jpg","width":1920,"height":2560},{"@type":"BreadcrumbList","@id":"https:\/\/barilocheexcursiones.com.ar\/product\/vivencias-caminata-con-raquetas-y-sabores-regionales-refugio-neumeyer\/#breadcrumb","itemListElement":[{"@type":"ListItem","position":1,"name":"Home","item":"https:\/\/barilocheexcursiones.com.ar\/"},{"@type":"ListItem","position":2,"name":"Excursiones, traslados y m\u00e1s!","item":"https:\/\/barilocheexcursiones.com.ar\/shop\/"},{"@type":"ListItem","position":3,"name":"Refugio Neumeyer: nieve, raquetas y sabores en una experiencia patag\u00f3nica integral"}]},{"@type":"WebSite","@id":"https:\/\/barilocheexcursiones.com.ar\/#website","url":"https:\/\/barilocheexcursiones.com.ar\/","name":"Excurs\u00f5es em Bariloche","description":"Experi\u00eancia em Bariloche","publisher":{"@id":"https:\/\/barilocheexcursiones.com.ar\/#organization"},"potentialAction":[{"@type":"SearchAction","target":{"@type":"EntryPoint","urlTemplate":"https:\/\/barilocheexcursiones.com.ar\/?s={search_term_string}"},"query-input":{"@type":"PropertyValueSpecification","valueRequired":true,"valueName":"search_term_string"}}],"inLanguage":"pt-BR"},{"@type":"Organization","@id":"https:\/\/barilocheexcursiones.com.ar\/#organization","name":"Excurs\u00f5es em Bariloche","url":"https:\/\/barilocheexcursiones.com.ar\/","logo":{"@type":"ImageObject","inLanguage":"pt-BR","@id":"https:\/\/barilocheexcursiones.com.ar\/#\/schema\/logo\/image\/","url":"https:\/\/barilocheexcursiones.com.ar\/wp-content\/uploads\/2025\/04\/bariloche-excursiones-logo.png","contentUrl":"https:\/\/barilocheexcursiones.com.ar\/wp-content\/uploads\/2025\/04\/bariloche-excursiones-logo.png","width":512,"height":512,"caption":"Bariloche Excursiones"},"image":{"@id":"https:\/\/barilocheexcursiones.com.ar\/#\/schema\/logo\/image\/"}}]},"product_price_amount":"250000.00","product_price_currency":"ARS","og_availability":"instock","product_availability":"instock","product_retailer_item_id":"ADV2025VIENREK3Z9","product_condition":"new"},"_links":{"self":[{"href":"https:\/\/barilocheexcursiones.com.ar\/pt\/wp-json\/wp\/v2\/product\/16573","targetHints":{"allow":["GET"]}}],"collection":[{"href":"https:\/\/barilocheexcursiones.com.ar\/pt\/wp-json\/wp\/v2\/product"}],"about":[{"href":"https:\/\/barilocheexcursiones.com.ar\/pt\/wp-json\/wp\/v2\/types\/product"}],"replies":[{"embeddable":true,"href":"https:\/\/barilocheexcursiones.com.ar\/pt\/wp-json\/wp\/v2\/comments?post=16573"}],"version-history":[{"count":5,"href":"https:\/\/barilocheexcursiones.com.ar\/pt\/wp-json\/wp\/v2\/product\/16573\/revisions"}],"predecessor-version":[{"id":17787,"href":"https:\/\/barilocheexcursiones.com.ar\/pt\/wp-json\/wp\/v2\/product\/16573\/revisions\/17787"}],"wp:featuredmedia":[{"embeddable":true,"href":"https:\/\/barilocheexcursiones.com.ar\/pt\/wp-json\/wp\/v2\/media\/16814"}],"wp:attachment":[{"href":"https:\/\/barilocheexcursiones.com.ar\/pt\/wp-json\/wp\/v2\/media?parent=16573"}],"wp:term":[{"taxonomy":"product_brand","embeddable":true,"href":"https:\/\/barilocheexcursiones.com.ar\/pt\/wp-json\/wp\/v2\/product_brand?post=16573"},{"taxonomy":"product_cat","embeddable":true,"href":"https:\/\/barilocheexcursiones.com.ar\/pt\/wp-json\/wp\/v2\/product_cat?post=16573"},{"taxonomy":"product_tag","embeddable":true,"href":"https:\/\/barilocheexcursiones.com.ar\/pt\/wp-json\/wp\/v2\/product_tag?post=16573"}],"curies":[{"name":"wp","href":"https:\/\/api.w.org\/{rel}","templated":true}]}}