{"id":16469,"date":"2025-05-09T17:25:53","date_gmt":"2025-05-09T20:25:53","guid":{"rendered":"https:\/\/barilocheexcursiones.com.ar\/?post_type=product&#038;p=16469"},"modified":"2026-04-11T11:07:16","modified_gmt":"2026-04-11T14:07:16","slug":"villa-la-angostura-y-cerro-bayo","status":"publish","type":"product","link":"https:\/\/barilocheexcursiones.com.ar\/pt\/product\/villa-la-angostura-e-cerro-bayo\/","title":{"rendered":"Viva uma experi\u00eancia \u00fanica na neve: Villa La Angostura e Cerro Bayo em um \u00fanico dia"},"content":{"rendered":"<h3 data-start=\"404\" data-end=\"475\">Um passeio com curadoria para conhecer a Patag\u00f4nia em sua melhor esta\u00e7\u00e3o<\/h3>\n<p data-start=\"476\" data-end=\"865\">O passeio come\u00e7a em <strong data-start=\"504\" data-end=\"516\">08:30 a.m.<\/strong>, com partida de <strong data-start=\"535\" data-end=\"636\">Pontos de encontro coordenados entre o centro de Bariloche e o km 8 da Av. Bustillo ou Pioneros.<\/strong>. O retorno est\u00e1 programado para cerca de <strong data-start=\"680\" data-end=\"692\">18:00 hs<\/strong>. Todo o circuito \u00e9 acompanhado por guias profissionais, especialistas na regi\u00e3o, que fornecem informa\u00e7\u00f5es detalhadas sobre o meio ambiente, o ecossistema e a cultura local.<\/p>\n<p data-start=\"867\" data-end=\"1256\">O itiner\u00e1rio passa pelo norte da <strong data-start=\"902\" data-end=\"934\">Parque Nacional Nahuel Huapi<\/strong>, fazendo login em <strong data-start=\"949\" data-end=\"971\">Villa La Angostura<\/strong>, A cidade \u00e9 uma das mais pitorescas da Patag\u00f4nia, famosa por suas florestas de coihue, suas ba\u00edas nevadas e sua arquitetura de montanha. Em seguida, a viagem continua em dire\u00e7\u00e3o a <strong data-start=\"1149\" data-end=\"1163\">Cerro Bayo<\/strong>, um centro de atividades de inverno com vistas exclusivas do Lago Nahuel Huapi e da Cordilheira.<\/p>\n<p data-start=\"1258\" data-end=\"1534\">Durante a visita ao Cerro Bayo, os passageiros t\u00eam tempo livre para atividades opcionais, como escalada, caminhada ou simplesmente apreciar os arredores nevados. A organiza\u00e7\u00e3o do passeio permite que os passageiros otimizem seu tempo e aproveitem a experi\u00eancia sem preocupa\u00e7\u00f5es log\u00edsticas.<\/p>\n<h3 data-start=\"1541\" data-end=\"1575\">O que esse passeio inclui?<\/h3>\n<ul data-start=\"1576\" data-end=\"1748\">\n<li data-start=\"1576\" data-end=\"1632\">\n<p data-start=\"1578\" data-end=\"1632\">Traslado de ida e volta para os pontos de encontro.<\/p>\n<\/li>\n<li data-start=\"1633\" data-end=\"1690\">\n<p data-start=\"1635\" data-end=\"1690\">Visita guiada a Villa La Angostura e Cerro Bayo.<\/p>\n<\/li>\n<li data-start=\"1691\" data-end=\"1748\">\n<p data-start=\"1693\" data-end=\"1748\">Guia profissional que fala ingl\u00eas durante todo o itiner\u00e1rio.<\/p>\n<\/li>\n<\/ul>\n<h3 data-start=\"1755\" data-end=\"1771\">N\u00e3o inclui<\/h3>\n<ul data-start=\"1772\" data-end=\"1898\">\n<li data-start=\"1772\" data-end=\"1784\">\n<p data-start=\"1774\" data-end=\"1784\">Refei\u00e7\u00f5es.<\/p>\n<\/li>\n<li data-start=\"1785\" data-end=\"1825\">\n<p data-start=\"1787\" data-end=\"1825\">Taxas de entrada no Parque Nacional.<\/p>\n<\/li>\n<li data-start=\"1826\" data-end=\"1873\">\n<p data-start=\"1828\" data-end=\"1873\">Bilhete de escalada para o Cerro Bayo (opcional).<\/p>\n<\/li>\n<li data-start=\"1874\" data-end=\"1898\">\n<p data-start=\"1876\" data-end=\"1898\">Roupas para neve.<\/p>\n<\/li>\n<\/ul>\n<h3 data-start=\"1905\" data-end=\"1930\">Informa\u00e7\u00f5es t\u00e9cnicas<\/h3>\n<ul data-start=\"1931\" data-end=\"2182\">\n<li data-start=\"1931\" data-end=\"1980\">\n<p data-start=\"1933\" data-end=\"1980\"><strong data-start=\"1933\" data-end=\"1947\">Temporada:<\/strong> inverno (junho a setembro).<\/p>\n<\/li>\n<li data-start=\"1981\" data-end=\"2045\">\n<p data-start=\"1983\" data-end=\"2045\"><strong data-start=\"1983\" data-end=\"2005\">Sa\u00eddas regulares:<\/strong> Segundas, quartas, sextas e domingos.<\/p>\n<\/li>\n<li data-start=\"2046\" data-end=\"2081\">\n<p data-start=\"2048\" data-end=\"2081\"><strong data-start=\"2048\" data-end=\"2061\">Dura\u00e7\u00e3o:<\/strong> 08:00 \u00e0s 18:00 hs.<\/p>\n<\/li>\n<li data-start=\"2082\" data-end=\"2182\">\n<p data-start=\"2084\" data-end=\"2182\"><strong data-start=\"2084\" data-end=\"2102\">Recomenda\u00e7\u00e3o:<\/strong> Traga roupas quentes e imperme\u00e1veis ou alugue equipamentos de neve, conforme necess\u00e1rio.<\/p>\n<\/li>\n<\/ul>\n<h3 data-start=\"2189\" data-end=\"2215\">Perguntas frequentes<\/h3>\n<p data-start=\"2217\" data-end=\"2337\"><strong data-start=\"2217\" data-end=\"2261\">A taxa de entrada para o Cerro Bayo est\u00e1 inclu\u00edda?<\/strong><br data-start=\"2261\" data-end=\"2264\" \/>N\u00e3o. A subida \u00e9 opcional e pode ser contratada diretamente no local.<\/p>\n<p data-start=\"2339\" data-end=\"2442\"><strong data-start=\"2339\" data-end=\"2371\">De onde \u00e9 a transfer\u00eancia?<\/strong><br data-start=\"2371\" data-end=\"2374\" \/>A partir de pontos de encontro pr\u00e9-estabelecidos. N\u00e3o h\u00e1 coleta em hot\u00e9is.<\/p>\n<p data-start=\"2444\" data-end=\"2551\"><strong data-start=\"2444\" data-end=\"2489\">\u00c9 necess\u00e1rio ter experi\u00eancia pr\u00e9via com neve?<\/strong><br data-start=\"2489\" data-end=\"2492\" \/>N\u00e3o. \u00c9 um passeio terrestre adequado para todos os tipos de passageiros.<\/p>\n<p data-start=\"2553\" data-end=\"2640\"><strong data-start=\"2553\" data-end=\"2580\">\u00c9 adequado para fam\u00edlias?<\/strong><br data-start=\"2580\" data-end=\"2583\" \/>Sim, ideal para fam\u00edlias, grupos ou passageiros individuais.<\/p>\n<p><!--EndFragment --><\/p>\n<p data-start=\"2553\" data-end=\"2640\"><strong>Aviso importante<\/strong>Este passeio j\u00e1 est\u00e1 dispon\u00edvel para pr\u00e9-reserva. As sa\u00eddas operam de 15 de junho a 20 de agosto, sujeitas ao calend\u00e1rio sazonal.<\/p>","protected":false},"excerpt":{"rendered":"<p>Excurs\u00e3o guiada a Villa La Angostura e Cerro Bayo durante a temporada de neve. Traslado dos pontos de encontro, passeio completo, guia profissional e paisagens patag\u00f4nicas inesquec\u00edveis. Sa\u00edda \u00e0s 08:00 hs, retorno \u00e0s 18:00 hs.<\/p>","protected":false},"featured_media":16824,"comment_status":"open","ping_status":"closed","template":"","meta":[],"product_brand":[],"product_cat":[91,100,88,166,167,168,169],"product_tag":[],"class_list":{"0":"post-16469","1":"product","2":"type-product","3":"status-publish","4":"has-post-thumbnail","6":"product_cat-adultos","7":"product_cat-con-traslado","8":"product_cat-familia","9":"product_cat-invierno-temporada","10":"product_cat-ninos-apto","11":"product_cat-sin-comida-incluido","12":"product_cat-terrestre-tipo","14":"first","15":"instock","16":"virtual","17":"sold-individually","18":"purchasable","19":"product-type-booking"},"booking_location":"","booking_location_type":"","booking_duration":1,"booking_duration_unit":"hour","booking_buffer":0,"booking_cost":0,"booking_resources":[],"exclude_global_add_ons":false,"addons":[{"name":"ADU: Adulto","type":"input_multiplier","position":0,"required":false,"title_format":"label","default":"","description_enable":false,"description":"","placeholder_enable":false,"placeholder":"","display":"select","restrictions_type":"any_text","adjust_price":true,"price":"59400","price_type":"quantity_based","restrictions":false,"min":"0","max":"0","options":[],"id":1775903251}],"yoast_head":"<!-- This site is optimized with the Yoast SEO Premium plugin v24.5 (Yoast SEO v24.8) - https:\/\/yoast.com\/wordpress\/plugins\/seo\/ -->\n<title>Viv\u00ed una experiencia \u00fanica en la nieve: Villa La Angostura y Cerro Bayo en un solo d\u00eda - Bariloche Excursiones<\/title>\n<meta name=\"description\" content=\"Excursi\u00f3n de invierno a Villa La Angostura y Cerro Bayo con traslado y gu\u00eda profesional desde Bariloche. Ideal para disfrutar nieve y paisajes patag\u00f3nicos en detalle.\" \/>\n<meta name=\"robots\" content=\"index, follow, max-snippet:-1, max-image-preview:large, max-video-preview:-1\" \/>\n<link rel=\"canonical\" href=\"https:\/\/barilocheexcursiones.com.ar\/pt\/product\/villa-la-angostura-e-cerro-bayo\/\" \/>\n<meta property=\"og:locale\" content=\"pt_BR\" \/>\n<meta property=\"og:type\" content=\"article\" \/>\n<meta property=\"og:title\" content=\"Viv\u00ed una experiencia \u00fanica en la nieve: Villa La Angostura y Cerro Bayo en un solo d\u00eda\" \/>\n<meta property=\"og:description\" content=\"Excursi\u00f3n de invierno a Villa La Angostura y Cerro Bayo con traslado y gu\u00eda profesional desde Bariloche. Ideal para disfrutar nieve y paisajes patag\u00f3nicos en detalle.\" \/>\n<meta property=\"og:url\" content=\"https:\/\/barilocheexcursiones.com.ar\/pt\/product\/villa-la-angostura-e-cerro-bayo\/\" \/>\n<meta property=\"og:site_name\" content=\"Bariloche Excursiones\" \/>\n<meta property=\"article:modified_time\" content=\"2026-04-11T14:07:16+00:00\" \/>\n<meta property=\"og:image\" content=\"https:\/\/barilocheexcursiones.com.ar\/wp-content\/uploads\/2025\/05\/2-B-villa-la-angostura-scaled.jpg\" \/>\n\t<meta property=\"og:image:width\" content=\"1920\" \/>\n\t<meta property=\"og:image:height\" content=\"2560\" \/>\n\t<meta property=\"og:image:type\" content=\"image\/jpeg\" \/>\n<meta name=\"twitter:card\" content=\"summary_large_image\" \/>\n<meta name=\"twitter:label1\" content=\"Pre\u00e7o\" \/>\n\t<meta name=\"twitter:data1\" content=\"&#036;&nbsp;59.400,00\" \/>\n\t<meta name=\"twitter:label2\" content=\"Disponibilidade\" \/>\n\t<meta name=\"twitter:data2\" content=\"Em Estoque\" \/>\n<script type=\"application\/ld+json\" class=\"yoast-schema-graph\">{\"@context\":\"https:\/\/schema.org\",\"@graph\":[{\"@type\":[\"WebPage\",\"ItemPage\"],\"@id\":\"https:\/\/barilocheexcursiones.com.ar\/product\/villa-la-angostura-y-cerro-bayo\/\",\"url\":\"https:\/\/barilocheexcursiones.com.ar\/product\/villa-la-angostura-y-cerro-bayo\/\",\"name\":\"Viv\u00ed una experiencia \u00fanica en la nieve: Villa La Angostura y Cerro Bayo en un solo d\u00eda - Bariloche Excursiones\",\"isPartOf\":{\"@id\":\"https:\/\/barilocheexcursiones.com.ar\/#website\"},\"primaryImageOfPage\":{\"@id\":\"https:\/\/barilocheexcursiones.com.ar\/product\/villa-la-angostura-y-cerro-bayo\/#primaryimage\"},\"image\":{\"@id\":\"https:\/\/barilocheexcursiones.com.ar\/product\/villa-la-angostura-y-cerro-bayo\/#primaryimage\"},\"thumbnailUrl\":\"https:\/\/barilocheexcursiones.com.ar\/wp-content\/uploads\/2025\/05\/2-B-villa-la-angostura-scaled.jpg\",\"datePublished\":\"2025-05-09T20:25:53+00:00\",\"dateModified\":\"2026-04-11T14:07:16+00:00\",\"description\":\"Excursi\u00f3n de invierno a Villa La Angostura y Cerro Bayo con traslado y gu\u00eda profesional desde Bariloche. Ideal para disfrutar nieve y paisajes patag\u00f3nicos en detalle.\",\"breadcrumb\":{\"@id\":\"https:\/\/barilocheexcursiones.com.ar\/product\/villa-la-angostura-y-cerro-bayo\/#breadcrumb\"},\"inLanguage\":\"pt-BR\",\"potentialAction\":[{\"@type\":\"ReadAction\",\"target\":[\"https:\/\/barilocheexcursiones.com.ar\/product\/villa-la-angostura-y-cerro-bayo\/\"]}]},{\"@type\":\"ImageObject\",\"inLanguage\":\"pt-BR\",\"@id\":\"https:\/\/barilocheexcursiones.com.ar\/product\/villa-la-angostura-y-cerro-bayo\/#primaryimage\",\"url\":\"https:\/\/barilocheexcursiones.com.ar\/wp-content\/uploads\/2025\/05\/2-B-villa-la-angostura-scaled.jpg\",\"contentUrl\":\"https:\/\/barilocheexcursiones.com.ar\/wp-content\/uploads\/2025\/05\/2-B-villa-la-angostura-scaled.jpg\",\"width\":1920,\"height\":2560},{\"@type\":\"BreadcrumbList\",\"@id\":\"https:\/\/barilocheexcursiones.com.ar\/product\/villa-la-angostura-y-cerro-bayo\/#breadcrumb\",\"itemListElement\":[{\"@type\":\"ListItem\",\"position\":1,\"name\":\"Home\",\"item\":\"https:\/\/barilocheexcursiones.com.ar\/\"},{\"@type\":\"ListItem\",\"position\":2,\"name\":\"Excursiones, traslados y m\u00e1s!\",\"item\":\"https:\/\/barilocheexcursiones.com.ar\/shop\/\"},{\"@type\":\"ListItem\",\"position\":3,\"name\":\"Viv\u00ed una experiencia \u00fanica en la nieve: Villa La Angostura y Cerro Bayo en un solo d\u00eda\"}]},{\"@type\":\"WebSite\",\"@id\":\"https:\/\/barilocheexcursiones.com.ar\/#website\",\"url\":\"https:\/\/barilocheexcursiones.com.ar\/\",\"name\":\"Bariloche Excursiones\",\"description\":\"Vivir la experiencia en Bariloche\",\"publisher\":{\"@id\":\"https:\/\/barilocheexcursiones.com.ar\/#organization\"},\"potentialAction\":[{\"@type\":\"SearchAction\",\"target\":{\"@type\":\"EntryPoint\",\"urlTemplate\":\"https:\/\/barilocheexcursiones.com.ar\/?s={search_term_string}\"},\"query-input\":{\"@type\":\"PropertyValueSpecification\",\"valueRequired\":true,\"valueName\":\"search_term_string\"}}],\"inLanguage\":\"pt-BR\"},{\"@type\":\"Organization\",\"@id\":\"https:\/\/barilocheexcursiones.com.ar\/#organization\",\"name\":\"Bariloche Excursiones\",\"url\":\"https:\/\/barilocheexcursiones.com.ar\/\",\"logo\":{\"@type\":\"ImageObject\",\"inLanguage\":\"pt-BR\",\"@id\":\"https:\/\/barilocheexcursiones.com.ar\/#\/schema\/logo\/image\/\",\"url\":\"https:\/\/barilocheexcursiones.com.ar\/wp-content\/uploads\/2025\/04\/bariloche-excursiones-logo.png\",\"contentUrl\":\"https:\/\/barilocheexcursiones.com.ar\/wp-content\/uploads\/2025\/04\/bariloche-excursiones-logo.png\",\"width\":512,\"height\":512,\"caption\":\"Bariloche Excursiones\"},\"image\":{\"@id\":\"https:\/\/barilocheexcursiones.com.ar\/#\/schema\/logo\/image\/\"}}]}<\/script>\n<meta property=\"product:price:amount\" content=\"59400.00\" \/>\n<meta property=\"product:price:currency\" content=\"ARS\" \/>\n<meta property=\"og:availability\" content=\"instock\" \/>\n<meta property=\"product:availability\" content=\"instock\" \/>\n<meta property=\"product:retailer_item_id\" content=\"ADV2025VILAANM9K2\" \/>\n<meta property=\"product:condition\" content=\"new\" \/>\n<!-- \/ Yoast SEO Premium plugin. -->","yoast_head_json":{"title":"Viva uma experi\u00eancia \u00fanica na neve: Villa La Angostura e Cerro Bayo em um dia - Bariloche Excursions","description":"Excurs\u00e3o de inverno a Villa La Angostura e Cerro Bayo com traslado e guia profissional saindo de Bariloche. Ideal para apreciar a neve e as paisagens patag\u00f4nicas em detalhes.","robots":{"index":"index","follow":"follow","max-snippet":"max-snippet:-1","max-image-preview":"max-image-preview:large","max-video-preview":"max-video-preview:-1"},"canonical":"https:\/\/barilocheexcursiones.com.ar\/pt\/product\/villa-la-angostura-e-cerro-bayo\/","og_locale":"pt_BR","og_type":"article","og_title":"Viv\u00ed una experiencia \u00fanica en la nieve: Villa La Angostura y Cerro Bayo en un solo d\u00eda","og_description":"Excursi\u00f3n de invierno a Villa La Angostura y Cerro Bayo con traslado y gu\u00eda profesional desde Bariloche. Ideal para disfrutar nieve y paisajes patag\u00f3nicos en detalle.","og_url":"https:\/\/barilocheexcursiones.com.ar\/pt\/product\/villa-la-angostura-e-cerro-bayo\/","og_site_name":"Bariloche Excursiones","article_modified_time":"2026-04-11T14:07:16+00:00","og_image":[{"width":1920,"height":2560,"url":"https:\/\/barilocheexcursiones.com.ar\/wp-content\/uploads\/2025\/05\/2-B-villa-la-angostura-scaled.jpg","type":"image\/jpeg"}],"twitter_card":"summary_large_image","twitter_misc":{"Pre\u00e7o":"&#36;&nbsp;59.400,00","Disponibilidade":"Em Estoque"},"schema":{"@context":"https:\/\/schema.org","@graph":[{"@type":["WebPage","ItemPage"],"@id":"https:\/\/barilocheexcursiones.com.ar\/product\/villa-la-angostura-y-cerro-bayo\/","url":"https:\/\/barilocheexcursiones.com.ar\/product\/villa-la-angostura-y-cerro-bayo\/","name":"Viva uma experi\u00eancia \u00fanica na neve: Villa La Angostura e Cerro Bayo em um dia - Bariloche Excursions","isPartOf":{"@id":"https:\/\/barilocheexcursiones.com.ar\/#website"},"primaryImageOfPage":{"@id":"https:\/\/barilocheexcursiones.com.ar\/product\/villa-la-angostura-y-cerro-bayo\/#primaryimage"},"image":{"@id":"https:\/\/barilocheexcursiones.com.ar\/product\/villa-la-angostura-y-cerro-bayo\/#primaryimage"},"thumbnailUrl":"https:\/\/barilocheexcursiones.com.ar\/wp-content\/uploads\/2025\/05\/2-B-villa-la-angostura-scaled.jpg","datePublished":"2025-05-09T20:25:53+00:00","dateModified":"2026-04-11T14:07:16+00:00","description":"Excurs\u00e3o de inverno a Villa La Angostura e Cerro Bayo com traslado e guia profissional saindo de Bariloche. Ideal para apreciar a neve e as paisagens patag\u00f4nicas em detalhes.","breadcrumb":{"@id":"https:\/\/barilocheexcursiones.com.ar\/product\/villa-la-angostura-y-cerro-bayo\/#breadcrumb"},"inLanguage":"pt-BR","potentialAction":[{"@type":"ReadAction","target":["https:\/\/barilocheexcursiones.com.ar\/product\/villa-la-angostura-y-cerro-bayo\/"]}]},{"@type":"ImageObject","inLanguage":"pt-BR","@id":"https:\/\/barilocheexcursiones.com.ar\/product\/villa-la-angostura-y-cerro-bayo\/#primaryimage","url":"https:\/\/barilocheexcursiones.com.ar\/wp-content\/uploads\/2025\/05\/2-B-villa-la-angostura-scaled.jpg","contentUrl":"https:\/\/barilocheexcursiones.com.ar\/wp-content\/uploads\/2025\/05\/2-B-villa-la-angostura-scaled.jpg","width":1920,"height":2560},{"@type":"BreadcrumbList","@id":"https:\/\/barilocheexcursiones.com.ar\/product\/villa-la-angostura-y-cerro-bayo\/#breadcrumb","itemListElement":[{"@type":"ListItem","position":1,"name":"Home","item":"https:\/\/barilocheexcursiones.com.ar\/"},{"@type":"ListItem","position":2,"name":"Excursiones, traslados y m\u00e1s!","item":"https:\/\/barilocheexcursiones.com.ar\/shop\/"},{"@type":"ListItem","position":3,"name":"Viv\u00ed una experiencia \u00fanica en la nieve: Villa La Angostura y Cerro Bayo en un solo d\u00eda"}]},{"@type":"WebSite","@id":"https:\/\/barilocheexcursiones.com.ar\/#website","url":"https:\/\/barilocheexcursiones.com.ar\/","name":"Excurs\u00f5es em Bariloche","description":"Experi\u00eancia em Bariloche","publisher":{"@id":"https:\/\/barilocheexcursiones.com.ar\/#organization"},"potentialAction":[{"@type":"SearchAction","target":{"@type":"EntryPoint","urlTemplate":"https:\/\/barilocheexcursiones.com.ar\/?s={search_term_string}"},"query-input":{"@type":"PropertyValueSpecification","valueRequired":true,"valueName":"search_term_string"}}],"inLanguage":"pt-BR"},{"@type":"Organization","@id":"https:\/\/barilocheexcursiones.com.ar\/#organization","name":"Excurs\u00f5es em Bariloche","url":"https:\/\/barilocheexcursiones.com.ar\/","logo":{"@type":"ImageObject","inLanguage":"pt-BR","@id":"https:\/\/barilocheexcursiones.com.ar\/#\/schema\/logo\/image\/","url":"https:\/\/barilocheexcursiones.com.ar\/wp-content\/uploads\/2025\/04\/bariloche-excursiones-logo.png","contentUrl":"https:\/\/barilocheexcursiones.com.ar\/wp-content\/uploads\/2025\/04\/bariloche-excursiones-logo.png","width":512,"height":512,"caption":"Bariloche Excursiones"},"image":{"@id":"https:\/\/barilocheexcursiones.com.ar\/#\/schema\/logo\/image\/"}}]},"product_price_amount":"59400.00","product_price_currency":"ARS","og_availability":"instock","product_availability":"instock","product_retailer_item_id":"ADV2025VILAANM9K2","product_condition":"new"},"_links":{"self":[{"href":"https:\/\/barilocheexcursiones.com.ar\/pt\/wp-json\/wp\/v2\/product\/16469","targetHints":{"allow":["GET"]}}],"collection":[{"href":"https:\/\/barilocheexcursiones.com.ar\/pt\/wp-json\/wp\/v2\/product"}],"about":[{"href":"https:\/\/barilocheexcursiones.com.ar\/pt\/wp-json\/wp\/v2\/types\/product"}],"replies":[{"embeddable":true,"href":"https:\/\/barilocheexcursiones.com.ar\/pt\/wp-json\/wp\/v2\/comments?post=16469"}],"version-history":[{"count":8,"href":"https:\/\/barilocheexcursiones.com.ar\/pt\/wp-json\/wp\/v2\/product\/16469\/revisions"}],"predecessor-version":[{"id":17790,"href":"https:\/\/barilocheexcursiones.com.ar\/pt\/wp-json\/wp\/v2\/product\/16469\/revisions\/17790"}],"wp:featuredmedia":[{"embeddable":true,"href":"https:\/\/barilocheexcursiones.com.ar\/pt\/wp-json\/wp\/v2\/media\/16824"}],"wp:attachment":[{"href":"https:\/\/barilocheexcursiones.com.ar\/pt\/wp-json\/wp\/v2\/media?parent=16469"}],"wp:term":[{"taxonomy":"product_brand","embeddable":true,"href":"https:\/\/barilocheexcursiones.com.ar\/pt\/wp-json\/wp\/v2\/product_brand?post=16469"},{"taxonomy":"product_cat","embeddable":true,"href":"https:\/\/barilocheexcursiones.com.ar\/pt\/wp-json\/wp\/v2\/product_cat?post=16469"},{"taxonomy":"product_tag","embeddable":true,"href":"https:\/\/barilocheexcursiones.com.ar\/pt\/wp-json\/wp\/v2\/product_tag?post=16469"}],"curies":[{"name":"wp","href":"https:\/\/api.w.org\/{rel}","templated":true}]}}