{"id":16468,"date":"2025-05-09T17:25:53","date_gmt":"2025-05-09T20:25:53","guid":{"rendered":"https:\/\/barilocheexcursiones.com.ar\/?post_type=product&#038;p=16468"},"modified":"2026-04-11T10:21:55","modified_gmt":"2026-04-11T13:21:55","slug":"rafting-limay-por-la-estepa-patagonica","status":"publish","type":"product","link":"https:\/\/barilocheexcursiones.com.ar\/pt\/product\/rafting-em-limay-pela-estepe-patagonica\/","title":{"rendered":"Rafting em Limay pela estepe patag\u00f4nica"},"content":{"rendered":"<h2>Experimente uma aventura exclusiva na Patag\u00f4nia<\/h2>\n<p>Descubra o impressionante cen\u00e1rio natural do Rio Limay por meio de uma atividade de rafting de baixa dificuldade. Essa experi\u00eancia foi criada para aqueles que buscam combinar aventura, conforto e a emo\u00e7\u00e3o de explorar paisagens patag\u00f4nicas inigual\u00e1veis. Ideal para fam\u00edlias, grupos e iniciantes que desejam come\u00e7ar a praticar rafting em um ambiente seguro e cativante.<\/p>\n<h3>Recursos excepcionais<\/h3>\n<ul>\n<li><strong>Atividade segura e acess\u00edvel:<\/strong> Corredeiras de classe I\/II, adequadas a partir de 3 anos de idade.<\/li>\n<li><strong>Equipamento completo e transfer\u00eancia:<\/strong> Inclui colete salva-vidas, remos, traslado e ponto de encontro organizado.<\/li>\n<li><strong>Hora de in\u00edcio precisa:<\/strong> A excurs\u00e3o come\u00e7a \u00e0s 13:00, garantindo um dia cheio de emo\u00e7\u00e3o e relaxamento.<\/li>\n<li><strong>Ele recuperar\u00e1 as energias:<\/strong> \u00c9 oferecido um caf\u00e9 da manh\u00e3 ou lanche, perfeito para retomar a aventura com for\u00e7a renovada.<\/li>\n<\/ul>\n<h3>Uma experi\u00eancia \u00fanica com conforto e natureza<\/h3>\n<p>Mergulhe em uma jornada que combina a serenidade das \u00e1guas calmas e a emo\u00e7\u00e3o das corredeiras suaves do Rio Limay. Cada momento \u00e9 projetado para que voc\u00ea viva uma experi\u00eancia inesquec\u00edvel, mesclando a majestade da Patag\u00f4nia com a exclusividade de uma atividade que prioriza sua seguran\u00e7a e divers\u00e3o.<\/p>\n<h3>Perguntas frequentes (FAQ)<\/h3>\n<ul>\n<li><strong>O que est\u00e1 inclu\u00eddo no passeio? <\/strong>A atividade inclui traslado at\u00e9 o ponto de encontro, equipamento completo (colete salva-vidas e remos).<\/li>\n<li><strong>\u00c9 adequado para fam\u00edlias e crian\u00e7as? <\/strong>Sim, a atividade foi projetada para ser desfrutada por pessoas de todas as idades, sendo adequada para crian\u00e7as a partir de 3 anos de idade, o que a torna ideal para atividades em fam\u00edlia.<\/li>\n<li><strong>Qual \u00e9 o grau de dificuldade da rota? <\/strong>A viagem \u00e9 realizada em corredeiras de classe I\/II, o que garante uma experi\u00eancia segura e acess\u00edvel para iniciantes no rafting.<\/li>\n<li><strong>\u00c9 necess\u00e1rio ter experi\u00eancia pr\u00e9via em rafting? <\/strong>N\u00e3o, n\u00e3o \u00e9 necess\u00e1ria nenhuma experi\u00eancia anterior. A atividade foi projetada para aqueles que desejam experimentar o rafting em um ambiente controlado e emocionante.<\/li>\n<\/ul>\n<p><strong>Aviso importante<\/strong>Este passeio j\u00e1 est\u00e1 dispon\u00edvel para pr\u00e9-reserva. As sa\u00eddas operam de 30 de abril a 15 de setembro, sujeitas ao calend\u00e1rio sazonal.<\/p>","protected":false},"excerpt":{"rendered":"<p>Descubra o rio Limay por meio de uma experi\u00eancia de rafting suave, projetada para oferecer seguran\u00e7a e exclusividade em um ambiente natural incompar\u00e1vel. Ideal para fam\u00edlias e novos aventureiros.<\/p>","protected":false},"featured_media":17095,"comment_status":"open","ping_status":"closed","template":"","meta":[],"product_brand":[],"product_cat":[91,85,100,88,166,170,167,168],"product_tag":[],"class_list":{"0":"post-16468","1":"product","2":"type-product","3":"status-publish","4":"has-post-thumbnail","6":"product_cat-adultos","7":"product_cat-aventura","8":"product_cat-con-traslado","9":"product_cat-familia","10":"product_cat-invierno-temporada","11":"product_cat-lacustre-tipo","12":"product_cat-ninos-apto","13":"product_cat-sin-comida-incluido","15":"first","16":"instock","17":"virtual","18":"sold-individually","19":"purchasable","20":"product-type-booking"},"booking_location":"","booking_location_type":"","booking_duration":1,"booking_duration_unit":"hour","booking_buffer":0,"booking_cost":0,"booking_resources":[],"exclude_global_add_ons":[],"addons":[],"yoast_head":"<!-- This site is optimized with the Yoast SEO Premium plugin v24.5 (Yoast SEO v24.8) - https:\/\/yoast.com\/wordpress\/plugins\/seo\/ -->\n<title>Rafting Limay por la estepa patag\u00f3nica - Bariloche Excursiones<\/title>\n<meta name=\"description\" content=\"Rafting en el R\u00edo Limay por la estepa patag\u00f3nica. Excursi\u00f3n desde Bariloche ideal para familias, con gu\u00edas expertos y paisajes \u00fanicos.\" \/>\n<meta name=\"robots\" content=\"index, follow, max-snippet:-1, max-image-preview:large, max-video-preview:-1\" \/>\n<link rel=\"canonical\" href=\"https:\/\/barilocheexcursiones.com.ar\/pt\/product\/rafting-em-limay-pela-estepe-patagonica\/\" \/>\n<meta property=\"og:locale\" content=\"pt_BR\" \/>\n<meta property=\"og:type\" content=\"article\" \/>\n<meta property=\"og:title\" content=\"Rafting Limay por la estepa patag\u00f3nica\" \/>\n<meta property=\"og:description\" content=\"Rafting en el R\u00edo Limay por la estepa patag\u00f3nica. Excursi\u00f3n desde Bariloche ideal para familias, con gu\u00edas expertos y paisajes \u00fanicos.\" \/>\n<meta property=\"og:url\" content=\"https:\/\/barilocheexcursiones.com.ar\/pt\/product\/rafting-em-limay-pela-estepe-patagonica\/\" \/>\n<meta property=\"og:site_name\" content=\"Bariloche Excursiones\" \/>\n<meta property=\"article:modified_time\" content=\"2026-04-11T13:21:55+00:00\" \/>\n<meta property=\"og:image\" content=\"https:\/\/barilocheexcursiones.com.ar\/wp-content\/uploads\/2025\/05\/3-C-GOPR9267-scaled.jpg\" \/>\n\t<meta property=\"og:image:width\" content=\"1920\" \/>\n\t<meta property=\"og:image:height\" content=\"2560\" \/>\n\t<meta property=\"og:image:type\" content=\"image\/jpeg\" \/>\n<meta name=\"twitter:card\" content=\"summary_large_image\" \/>\n<meta name=\"twitter:label1\" content=\"Pre\u00e7o\" \/>\n\t<meta name=\"twitter:data1\" content=\"&#036;&nbsp;79.500,00\" \/>\n\t<meta name=\"twitter:label2\" content=\"Disponibilidade\" \/>\n\t<meta name=\"twitter:data2\" content=\"Em Estoque\" \/>\n<script type=\"application\/ld+json\" class=\"yoast-schema-graph\">{\"@context\":\"https:\/\/schema.org\",\"@graph\":[{\"@type\":[\"WebPage\",\"ItemPage\"],\"@id\":\"https:\/\/barilocheexcursiones.com.ar\/product\/rafting-limay-por-la-estepa-patagonica\/\",\"url\":\"https:\/\/barilocheexcursiones.com.ar\/product\/rafting-limay-por-la-estepa-patagonica\/\",\"name\":\"Rafting Limay por la estepa patag\u00f3nica - Bariloche Excursiones\",\"isPartOf\":{\"@id\":\"https:\/\/barilocheexcursiones.com.ar\/#website\"},\"primaryImageOfPage\":{\"@id\":\"https:\/\/barilocheexcursiones.com.ar\/product\/rafting-limay-por-la-estepa-patagonica\/#primaryimage\"},\"image\":{\"@id\":\"https:\/\/barilocheexcursiones.com.ar\/product\/rafting-limay-por-la-estepa-patagonica\/#primaryimage\"},\"thumbnailUrl\":\"https:\/\/barilocheexcursiones.com.ar\/wp-content\/uploads\/2025\/05\/3-C-GOPR9267-scaled.jpg\",\"datePublished\":\"2025-05-09T20:25:53+00:00\",\"dateModified\":\"2026-04-11T13:21:55+00:00\",\"description\":\"Rafting en el R\u00edo Limay por la estepa patag\u00f3nica. Excursi\u00f3n desde Bariloche ideal para familias, con gu\u00edas expertos y paisajes \u00fanicos.\",\"breadcrumb\":{\"@id\":\"https:\/\/barilocheexcursiones.com.ar\/product\/rafting-limay-por-la-estepa-patagonica\/#breadcrumb\"},\"inLanguage\":\"pt-BR\",\"potentialAction\":[{\"@type\":\"ReadAction\",\"target\":[\"https:\/\/barilocheexcursiones.com.ar\/product\/rafting-limay-por-la-estepa-patagonica\/\"]}]},{\"@type\":\"ImageObject\",\"inLanguage\":\"pt-BR\",\"@id\":\"https:\/\/barilocheexcursiones.com.ar\/product\/rafting-limay-por-la-estepa-patagonica\/#primaryimage\",\"url\":\"https:\/\/barilocheexcursiones.com.ar\/wp-content\/uploads\/2025\/05\/3-C-GOPR9267-scaled.jpg\",\"contentUrl\":\"https:\/\/barilocheexcursiones.com.ar\/wp-content\/uploads\/2025\/05\/3-C-GOPR9267-scaled.jpg\",\"width\":1920,\"height\":2560,\"caption\":\"t\/sdcard\/DCIM\/100GOPRO\/GOPR9267\"},{\"@type\":\"BreadcrumbList\",\"@id\":\"https:\/\/barilocheexcursiones.com.ar\/product\/rafting-limay-por-la-estepa-patagonica\/#breadcrumb\",\"itemListElement\":[{\"@type\":\"ListItem\",\"position\":1,\"name\":\"Home\",\"item\":\"https:\/\/barilocheexcursiones.com.ar\/\"},{\"@type\":\"ListItem\",\"position\":2,\"name\":\"Excursiones, traslados y m\u00e1s!\",\"item\":\"https:\/\/barilocheexcursiones.com.ar\/shop\/\"},{\"@type\":\"ListItem\",\"position\":3,\"name\":\"Rafting Limay por la estepa patag\u00f3nica\"}]},{\"@type\":\"WebSite\",\"@id\":\"https:\/\/barilocheexcursiones.com.ar\/#website\",\"url\":\"https:\/\/barilocheexcursiones.com.ar\/\",\"name\":\"Bariloche Excursiones\",\"description\":\"Vivir la experiencia en Bariloche\",\"publisher\":{\"@id\":\"https:\/\/barilocheexcursiones.com.ar\/#organization\"},\"potentialAction\":[{\"@type\":\"SearchAction\",\"target\":{\"@type\":\"EntryPoint\",\"urlTemplate\":\"https:\/\/barilocheexcursiones.com.ar\/?s={search_term_string}\"},\"query-input\":{\"@type\":\"PropertyValueSpecification\",\"valueRequired\":true,\"valueName\":\"search_term_string\"}}],\"inLanguage\":\"pt-BR\"},{\"@type\":\"Organization\",\"@id\":\"https:\/\/barilocheexcursiones.com.ar\/#organization\",\"name\":\"Bariloche Excursiones\",\"url\":\"https:\/\/barilocheexcursiones.com.ar\/\",\"logo\":{\"@type\":\"ImageObject\",\"inLanguage\":\"pt-BR\",\"@id\":\"https:\/\/barilocheexcursiones.com.ar\/#\/schema\/logo\/image\/\",\"url\":\"https:\/\/barilocheexcursiones.com.ar\/wp-content\/uploads\/2025\/04\/bariloche-excursiones-logo.png\",\"contentUrl\":\"https:\/\/barilocheexcursiones.com.ar\/wp-content\/uploads\/2025\/04\/bariloche-excursiones-logo.png\",\"width\":512,\"height\":512,\"caption\":\"Bariloche Excursiones\"},\"image\":{\"@id\":\"https:\/\/barilocheexcursiones.com.ar\/#\/schema\/logo\/image\/\"}}]}<\/script>\n<meta property=\"product:price:amount\" content=\"79500.00\" \/>\n<meta property=\"product:price:currency\" content=\"ARS\" \/>\n<meta property=\"og:availability\" content=\"instock\" \/>\n<meta property=\"product:availability\" content=\"instock\" \/>\n<meta property=\"product:retailer_item_id\" content=\"ADV2025RALIPO7XQ4\" \/>\n<meta property=\"product:condition\" content=\"new\" \/>\n<!-- \/ Yoast SEO Premium plugin. -->","yoast_head_json":{"title":"Rafting Limay pela estepe patag\u00f4nica - Bariloche Excursions","description":"Rafting no rio Limay atrav\u00e9s da estepe patag\u00f4nica. Excurs\u00e3o de Bariloche ideal para fam\u00edlias, com guias especializados e paisagens \u00fanicas.","robots":{"index":"index","follow":"follow","max-snippet":"max-snippet:-1","max-image-preview":"max-image-preview:large","max-video-preview":"max-video-preview:-1"},"canonical":"https:\/\/barilocheexcursiones.com.ar\/pt\/product\/rafting-em-limay-pela-estepe-patagonica\/","og_locale":"pt_BR","og_type":"article","og_title":"Rafting Limay por la estepa patag\u00f3nica","og_description":"Rafting en el R\u00edo Limay por la estepa patag\u00f3nica. Excursi\u00f3n desde Bariloche ideal para familias, con gu\u00edas expertos y paisajes \u00fanicos.","og_url":"https:\/\/barilocheexcursiones.com.ar\/pt\/product\/rafting-em-limay-pela-estepe-patagonica\/","og_site_name":"Bariloche Excursiones","article_modified_time":"2026-04-11T13:21:55+00:00","og_image":[{"width":1920,"height":2560,"url":"https:\/\/barilocheexcursiones.com.ar\/wp-content\/uploads\/2025\/05\/3-C-GOPR9267-scaled.jpg","type":"image\/jpeg"}],"twitter_card":"summary_large_image","twitter_misc":{"Pre\u00e7o":"&#36;&nbsp;79.500,00","Disponibilidade":"Em Estoque"},"schema":{"@context":"https:\/\/schema.org","@graph":[{"@type":["WebPage","ItemPage"],"@id":"https:\/\/barilocheexcursiones.com.ar\/product\/rafting-limay-por-la-estepa-patagonica\/","url":"https:\/\/barilocheexcursiones.com.ar\/product\/rafting-limay-por-la-estepa-patagonica\/","name":"Rafting Limay pela estepe patag\u00f4nica - Bariloche Excursions","isPartOf":{"@id":"https:\/\/barilocheexcursiones.com.ar\/#website"},"primaryImageOfPage":{"@id":"https:\/\/barilocheexcursiones.com.ar\/product\/rafting-limay-por-la-estepa-patagonica\/#primaryimage"},"image":{"@id":"https:\/\/barilocheexcursiones.com.ar\/product\/rafting-limay-por-la-estepa-patagonica\/#primaryimage"},"thumbnailUrl":"https:\/\/barilocheexcursiones.com.ar\/wp-content\/uploads\/2025\/05\/3-C-GOPR9267-scaled.jpg","datePublished":"2025-05-09T20:25:53+00:00","dateModified":"2026-04-11T13:21:55+00:00","description":"Rafting no rio Limay atrav\u00e9s da estepe patag\u00f4nica. Excurs\u00e3o de Bariloche ideal para fam\u00edlias, com guias especializados e paisagens \u00fanicas.","breadcrumb":{"@id":"https:\/\/barilocheexcursiones.com.ar\/product\/rafting-limay-por-la-estepa-patagonica\/#breadcrumb"},"inLanguage":"pt-BR","potentialAction":[{"@type":"ReadAction","target":["https:\/\/barilocheexcursiones.com.ar\/product\/rafting-limay-por-la-estepa-patagonica\/"]}]},{"@type":"ImageObject","inLanguage":"pt-BR","@id":"https:\/\/barilocheexcursiones.com.ar\/product\/rafting-limay-por-la-estepa-patagonica\/#primaryimage","url":"https:\/\/barilocheexcursiones.com.ar\/wp-content\/uploads\/2025\/05\/3-C-GOPR9267-scaled.jpg","contentUrl":"https:\/\/barilocheexcursiones.com.ar\/wp-content\/uploads\/2025\/05\/3-C-GOPR9267-scaled.jpg","width":1920,"height":2560,"caption":"t\/sdcard\/DCIM\/100GOPRO\/GOPR9267"},{"@type":"BreadcrumbList","@id":"https:\/\/barilocheexcursiones.com.ar\/product\/rafting-limay-por-la-estepa-patagonica\/#breadcrumb","itemListElement":[{"@type":"ListItem","position":1,"name":"Home","item":"https:\/\/barilocheexcursiones.com.ar\/"},{"@type":"ListItem","position":2,"name":"Excursiones, traslados y m\u00e1s!","item":"https:\/\/barilocheexcursiones.com.ar\/shop\/"},{"@type":"ListItem","position":3,"name":"Rafting Limay por la estepa patag\u00f3nica"}]},{"@type":"WebSite","@id":"https:\/\/barilocheexcursiones.com.ar\/#website","url":"https:\/\/barilocheexcursiones.com.ar\/","name":"Excurs\u00f5es em Bariloche","description":"Experi\u00eancia em Bariloche","publisher":{"@id":"https:\/\/barilocheexcursiones.com.ar\/#organization"},"potentialAction":[{"@type":"SearchAction","target":{"@type":"EntryPoint","urlTemplate":"https:\/\/barilocheexcursiones.com.ar\/?s={search_term_string}"},"query-input":{"@type":"PropertyValueSpecification","valueRequired":true,"valueName":"search_term_string"}}],"inLanguage":"pt-BR"},{"@type":"Organization","@id":"https:\/\/barilocheexcursiones.com.ar\/#organization","name":"Excurs\u00f5es em Bariloche","url":"https:\/\/barilocheexcursiones.com.ar\/","logo":{"@type":"ImageObject","inLanguage":"pt-BR","@id":"https:\/\/barilocheexcursiones.com.ar\/#\/schema\/logo\/image\/","url":"https:\/\/barilocheexcursiones.com.ar\/wp-content\/uploads\/2025\/04\/bariloche-excursiones-logo.png","contentUrl":"https:\/\/barilocheexcursiones.com.ar\/wp-content\/uploads\/2025\/04\/bariloche-excursiones-logo.png","width":512,"height":512,"caption":"Bariloche Excursiones"},"image":{"@id":"https:\/\/barilocheexcursiones.com.ar\/#\/schema\/logo\/image\/"}}]},"product_price_amount":"79500.00","product_price_currency":"ARS","og_availability":"instock","product_availability":"instock","product_retailer_item_id":"ADV2025RALIPO7XQ4","product_condition":"new"},"_links":{"self":[{"href":"https:\/\/barilocheexcursiones.com.ar\/pt\/wp-json\/wp\/v2\/product\/16468","targetHints":{"allow":["GET"]}}],"collection":[{"href":"https:\/\/barilocheexcursiones.com.ar\/pt\/wp-json\/wp\/v2\/product"}],"about":[{"href":"https:\/\/barilocheexcursiones.com.ar\/pt\/wp-json\/wp\/v2\/types\/product"}],"replies":[{"embeddable":true,"href":"https:\/\/barilocheexcursiones.com.ar\/pt\/wp-json\/wp\/v2\/comments?post=16468"}],"version-history":[{"count":4,"href":"https:\/\/barilocheexcursiones.com.ar\/pt\/wp-json\/wp\/v2\/product\/16468\/revisions"}],"predecessor-version":[{"id":17134,"href":"https:\/\/barilocheexcursiones.com.ar\/pt\/wp-json\/wp\/v2\/product\/16468\/revisions\/17134"}],"wp:featuredmedia":[{"embeddable":true,"href":"https:\/\/barilocheexcursiones.com.ar\/pt\/wp-json\/wp\/v2\/media\/17095"}],"wp:attachment":[{"href":"https:\/\/barilocheexcursiones.com.ar\/pt\/wp-json\/wp\/v2\/media?parent=16468"}],"wp:term":[{"taxonomy":"product_brand","embeddable":true,"href":"https:\/\/barilocheexcursiones.com.ar\/pt\/wp-json\/wp\/v2\/product_brand?post=16468"},{"taxonomy":"product_cat","embeddable":true,"href":"https:\/\/barilocheexcursiones.com.ar\/pt\/wp-json\/wp\/v2\/product_cat?post=16468"},{"taxonomy":"product_tag","embeddable":true,"href":"https:\/\/barilocheexcursiones.com.ar\/pt\/wp-json\/wp\/v2\/product_tag?post=16468"}],"curies":[{"name":"wp","href":"https:\/\/api.w.org\/{rel}","templated":true}]}}