{"id":15899,"date":"2025-04-09T15:32:42","date_gmt":"2025-04-09T18:32:42","guid":{"rendered":"https:\/\/barilocheexcursiones.com.ar\/?post_type=product&#038;p=15899"},"modified":"2026-04-11T21:08:08","modified_gmt":"2026-04-12T00:08:08","slug":"la-cueva-travesia-diurna-moto-de-nieve-cuatriciclos-sin-traslado","status":"publish","type":"product","link":"https:\/\/barilocheexcursiones.com.ar\/pt\/product\/passeio-de-um-dia-em-la-cueva-moto-de-neve-quadriciclo-sem-traslado\/","title":{"rendered":"La Cueva - Excurs\u00e3o de um dia em snowmobile e quadriciclo - Sem traslado"},"content":{"rendered":"<h2>Introdu\u00e7\u00e3o<\/h2>\n<p>Descubra uma experi\u00eancia exclusiva de inverno em Bariloche, viajando por paisagens nevadas em motos de neve e quadriciclos ao longo de 7 km de pura aventura. Essa jornada, guiada por especialistas, mergulha voc\u00ea na majestade das florestas de lengas, riachos e mirantes naturais, em um ambiente de conforto e emo\u00e7\u00e3o.<\/p>\n<h2>Detalhes da excurs\u00e3o<\/h2>\n<ul>\n<li><strong>Itiner\u00e1rio:<\/strong> Percurso de 7 km por bosques e riachos.<\/li>\n<li><strong>Altitude:<\/strong> Subida at\u00e9 uma altitude de 1.400 metros com paradas em pontos estrat\u00e9gicos.<\/li>\n<li><strong>Experi\u00eancia dupla:<\/strong> Uso de quadriciclos e motos de neve para explorar terrenos exclusivos acess\u00edveis apenas por ve\u00edculos para todos os tipos de terreno.<\/li>\n<li><strong>Ponto de partida:<\/strong> Base do Cerro Catedral (op\u00e7\u00e3o sem traslado, voc\u00ea deve ir ao ponto de partida).<\/li>\n<\/ul>\n<h2>O que est\u00e1 inclu\u00eddo<\/h2>\n<ul>\n<li><strong>Guias especializados<\/strong> que o acompanham em sua viagem, garantindo seguran\u00e7a e conforto.<\/li>\n<li><strong>Atividade combinada<\/strong> por ATV e snowmobile com dura\u00e7\u00e3o aproximada de 50 minutos por ve\u00edculo (capacidade para 2 pessoas).<\/li>\n<\/ul>\n<h2>Informa\u00e7\u00f5es adicionais<\/h2>\n<p>A atividade come\u00e7a em 10 de junho, pois \u00e9 a partir dessa data que a neve est\u00e1 em seu melhor momento nas colinas. Recomenda-se levar roupas apropriadas, pois as roupas de neve n\u00e3o est\u00e3o inclu\u00eddas, e levar em conta que o servi\u00e7o de traslado n\u00e3o est\u00e1 inclu\u00eddo.<\/p>\n<h2>Hor\u00e1rios<\/h2>\n<p>Ponto de partida na base do Cerro Catedral.<\/p>\n<ul>\n<li>09:45 hs.<\/li>\n<li>11:00 a.m.<\/li>\n<li>12:15 p.m.<\/li>\n<li>13:30 hs.<\/li>\n<\/ul>\n<h3>Perguntas frequentes (FAQs)<\/h3>\n<ul>\n<li><strong>Quando essas excurs\u00f5es s\u00e3o realizadas?<\/strong>As excurs\u00f5es s\u00e3o realizadas a partir de 10 de junho, per\u00edodo em que a neve est\u00e1 em n\u00edveis ideais para desfrutar dessa aventura.<\/li>\n<li><strong>Qual \u00e9 o ponto de partida da rota sem transfer\u00eancia?<\/strong>Os interessados na op\u00e7\u00e3o sem transfer\u00eancia devem se dirigir \u00e0 base do Cerro Catedral para iniciar a experi\u00eancia.<\/li>\n<li><strong>Quais atividades est\u00e3o inclu\u00eddas na excurs\u00e3o?<\/strong>A experi\u00eancia combina um passeio em quadriciclos e motos de neve, com paradas em pontos de vista naturais e \u00e1reas exclusivas da esta\u00e7\u00e3o de esqui.<\/li>\n<\/ul>\n<p><strong>Aviso importante:<\/strong> Este passeio j\u00e1 est\u00e1 dispon\u00edvel para pr\u00e9-reserva. As sa\u00eddas operam de 15 de junho a 20 de agosto, sujeitas ao calend\u00e1rio sazonal.<\/p>","protected":false},"excerpt":{"rendered":"<p>Experimente uma aventura de inverno \u00fanica em Bariloche, percorrendo 7 km de paisagens nevadas em motos de neve e quadriciclos. Com um guia especializado, desfrute de mirantes naturais e acesso exclusivo a \u00e1reas do centro de esqui, tudo em uma viagem cheia de emo\u00e7\u00e3o e conforto.<\/p>","protected":false},"featured_media":16830,"comment_status":"open","ping_status":"closed","template":"","meta":[],"product_brand":[],"product_cat":[91,85,105,166,167,171,169],"product_tag":[],"class_list":{"0":"post-15899","1":"product","2":"type-product","3":"status-publish","4":"has-post-thumbnail","6":"product_cat-adultos","7":"product_cat-aventura","8":"product_cat-con-comida","9":"product_cat-invierno-temporada","10":"product_cat-ninos-apto","11":"product_cat-sin-traslado-movilidad","12":"product_cat-terrestre-tipo","14":"first","15":"instock","16":"virtual","17":"sold-individually","18":"purchasable","19":"product-type-booking"},"booking_location":"","booking_location_type":"","booking_duration":1,"booking_duration_unit":"hour","booking_buffer":0,"booking_cost":0,"booking_resources":[],"exclude_global_add_ons":false,"addons":[{"name":"ADU: Adulto","type":"input_multiplier","position":0,"required":false,"title_format":"label","default":"","description_enable":false,"description":"","placeholder_enable":false,"placeholder":"","display":"select","restrictions_type":"any_text","adjust_price":true,"price":"265000","price_type":"quantity_based","restrictions":false,"min":"0","max":"0","options":[],"id":1775905351}],"yoast_head":"<!-- This site is optimized with the Yoast SEO Premium plugin v24.5 (Yoast SEO v24.8) - https:\/\/yoast.com\/wordpress\/plugins\/seo\/ -->\n<title>La Cueva \u2013 Traves\u00eda Diurna en Moto de Nieve y Cuatriciclos - Sin traslado - Bariloche Excursiones<\/title>\n<meta name=\"robots\" content=\"index, follow, max-snippet:-1, max-image-preview:large, max-video-preview:-1\" \/>\n<link rel=\"canonical\" href=\"https:\/\/barilocheexcursiones.com.ar\/pt\/product\/passeio-de-um-dia-em-la-cueva-moto-de-neve-quadriciclo-sem-traslado\/\" \/>\n<meta property=\"og:locale\" content=\"pt_BR\" \/>\n<meta property=\"og:type\" content=\"article\" \/>\n<meta property=\"og:title\" content=\"La Cueva \u2013 Traves\u00eda Diurna en Moto de Nieve y Cuatriciclos - Sin traslado\" \/>\n<meta property=\"og:description\" content=\"Experimente una aventura invernal \u00fanica en Bariloche recorriendo 7 km de paisajes nevados en motos de nieve y cuatriciclos. Con gu\u00eda experto, disfrute de miradores naturales y acceso exclusivo a \u00e1reas del centro de esqu\u00ed, todo en una traves\u00eda cargada de emoci\u00f3n y confort.\" \/>\n<meta property=\"og:url\" content=\"https:\/\/barilocheexcursiones.com.ar\/pt\/product\/passeio-de-um-dia-em-la-cueva-moto-de-neve-quadriciclo-sem-traslado\/\" \/>\n<meta property=\"og:site_name\" content=\"Bariloche Excursiones\" \/>\n<meta property=\"article:modified_time\" content=\"2026-04-12T00:08:08+00:00\" \/>\n<meta property=\"og:image\" content=\"https:\/\/barilocheexcursiones.com.ar\/wp-content\/uploads\/2025\/04\/2-A-IMG_5805-scaled.jpg\" \/>\n\t<meta property=\"og:image:width\" content=\"1920\" \/>\n\t<meta property=\"og:image:height\" content=\"2560\" \/>\n\t<meta property=\"og:image:type\" content=\"image\/jpeg\" \/>\n<meta name=\"twitter:card\" content=\"summary_large_image\" \/>\n<meta name=\"twitter:label1\" content=\"Pre\u00e7o\" \/>\n\t<meta name=\"twitter:data1\" content=\"&#036;&nbsp;265.000,00\" \/>\n\t<meta name=\"twitter:label2\" content=\"Disponibilidade\" \/>\n\t<meta name=\"twitter:data2\" content=\"Em Estoque\" \/>\n<script type=\"application\/ld+json\" class=\"yoast-schema-graph\">{\"@context\":\"https:\/\/schema.org\",\"@graph\":[{\"@type\":[\"WebPage\",\"ItemPage\"],\"@id\":\"https:\/\/barilocheexcursiones.com.ar\/product\/la-cueva-travesia-diurna-moto-de-nieve-cuatriciclos-sin-traslado\/\",\"url\":\"https:\/\/barilocheexcursiones.com.ar\/product\/la-cueva-travesia-diurna-moto-de-nieve-cuatriciclos-sin-traslado\/\",\"name\":\"La Cueva \u2013 Traves\u00eda Diurna en Moto de Nieve y Cuatriciclos - Sin traslado - Bariloche Excursiones\",\"isPartOf\":{\"@id\":\"https:\/\/barilocheexcursiones.com.ar\/#website\"},\"primaryImageOfPage\":{\"@id\":\"https:\/\/barilocheexcursiones.com.ar\/product\/la-cueva-travesia-diurna-moto-de-nieve-cuatriciclos-sin-traslado\/#primaryimage\"},\"image\":{\"@id\":\"https:\/\/barilocheexcursiones.com.ar\/product\/la-cueva-travesia-diurna-moto-de-nieve-cuatriciclos-sin-traslado\/#primaryimage\"},\"thumbnailUrl\":\"https:\/\/barilocheexcursiones.com.ar\/wp-content\/uploads\/2025\/04\/2-A-IMG_5805-scaled.jpg\",\"datePublished\":\"2025-04-09T18:32:42+00:00\",\"dateModified\":\"2026-04-12T00:08:08+00:00\",\"breadcrumb\":{\"@id\":\"https:\/\/barilocheexcursiones.com.ar\/product\/la-cueva-travesia-diurna-moto-de-nieve-cuatriciclos-sin-traslado\/#breadcrumb\"},\"inLanguage\":\"pt-BR\",\"potentialAction\":[{\"@type\":\"ReadAction\",\"target\":[\"https:\/\/barilocheexcursiones.com.ar\/product\/la-cueva-travesia-diurna-moto-de-nieve-cuatriciclos-sin-traslado\/\"]}]},{\"@type\":\"ImageObject\",\"inLanguage\":\"pt-BR\",\"@id\":\"https:\/\/barilocheexcursiones.com.ar\/product\/la-cueva-travesia-diurna-moto-de-nieve-cuatriciclos-sin-traslado\/#primaryimage\",\"url\":\"https:\/\/barilocheexcursiones.com.ar\/wp-content\/uploads\/2025\/04\/2-A-IMG_5805-scaled.jpg\",\"contentUrl\":\"https:\/\/barilocheexcursiones.com.ar\/wp-content\/uploads\/2025\/04\/2-A-IMG_5805-scaled.jpg\",\"width\":1920,\"height\":2560},{\"@type\":\"BreadcrumbList\",\"@id\":\"https:\/\/barilocheexcursiones.com.ar\/product\/la-cueva-travesia-diurna-moto-de-nieve-cuatriciclos-sin-traslado\/#breadcrumb\",\"itemListElement\":[{\"@type\":\"ListItem\",\"position\":1,\"name\":\"Home\",\"item\":\"https:\/\/barilocheexcursiones.com.ar\/\"},{\"@type\":\"ListItem\",\"position\":2,\"name\":\"Excursiones, traslados y m\u00e1s!\",\"item\":\"https:\/\/barilocheexcursiones.com.ar\/shop\/\"},{\"@type\":\"ListItem\",\"position\":3,\"name\":\"La Cueva \u2013 Traves\u00eda Diurna en Moto de Nieve y Cuatriciclos &#8211; Sin traslado\"}]},{\"@type\":\"WebSite\",\"@id\":\"https:\/\/barilocheexcursiones.com.ar\/#website\",\"url\":\"https:\/\/barilocheexcursiones.com.ar\/\",\"name\":\"Bariloche Excursiones\",\"description\":\"Vivir la experiencia en Bariloche\",\"publisher\":{\"@id\":\"https:\/\/barilocheexcursiones.com.ar\/#organization\"},\"potentialAction\":[{\"@type\":\"SearchAction\",\"target\":{\"@type\":\"EntryPoint\",\"urlTemplate\":\"https:\/\/barilocheexcursiones.com.ar\/?s={search_term_string}\"},\"query-input\":{\"@type\":\"PropertyValueSpecification\",\"valueRequired\":true,\"valueName\":\"search_term_string\"}}],\"inLanguage\":\"pt-BR\"},{\"@type\":\"Organization\",\"@id\":\"https:\/\/barilocheexcursiones.com.ar\/#organization\",\"name\":\"Bariloche Excursiones\",\"url\":\"https:\/\/barilocheexcursiones.com.ar\/\",\"logo\":{\"@type\":\"ImageObject\",\"inLanguage\":\"pt-BR\",\"@id\":\"https:\/\/barilocheexcursiones.com.ar\/#\/schema\/logo\/image\/\",\"url\":\"https:\/\/barilocheexcursiones.com.ar\/wp-content\/uploads\/2025\/04\/bariloche-excursiones-logo.png\",\"contentUrl\":\"https:\/\/barilocheexcursiones.com.ar\/wp-content\/uploads\/2025\/04\/bariloche-excursiones-logo.png\",\"width\":512,\"height\":512,\"caption\":\"Bariloche Excursiones\"},\"image\":{\"@id\":\"https:\/\/barilocheexcursiones.com.ar\/#\/schema\/logo\/image\/\"}}]}<\/script>\n<meta property=\"product:price:amount\" content=\"265000.00\" \/>\n<meta property=\"product:price:currency\" content=\"ARS\" \/>\n<meta property=\"og:availability\" content=\"instock\" \/>\n<meta property=\"product:availability\" content=\"instock\" \/>\n<meta property=\"product:retailer_item_id\" content=\"ADV2025LACUTB94Z\" \/>\n<meta property=\"product:condition\" content=\"new\" \/>\n<!-- \/ Yoast SEO Premium plugin. -->","yoast_head_json":{"title":"La Cueva - Excurs\u00e3o de um dia em snowmobile e quadriciclo - Sem traslado - Bariloche Excursions","robots":{"index":"index","follow":"follow","max-snippet":"max-snippet:-1","max-image-preview":"max-image-preview:large","max-video-preview":"max-video-preview:-1"},"canonical":"https:\/\/barilocheexcursiones.com.ar\/pt\/product\/passeio-de-um-dia-em-la-cueva-moto-de-neve-quadriciclo-sem-traslado\/","og_locale":"pt_BR","og_type":"article","og_title":"La Cueva \u2013 Traves\u00eda Diurna en Moto de Nieve y Cuatriciclos - Sin traslado","og_description":"Experimente una aventura invernal \u00fanica en Bariloche recorriendo 7 km de paisajes nevados en motos de nieve y cuatriciclos. Con gu\u00eda experto, disfrute de miradores naturales y acceso exclusivo a \u00e1reas del centro de esqu\u00ed, todo en una traves\u00eda cargada de emoci\u00f3n y confort.","og_url":"https:\/\/barilocheexcursiones.com.ar\/pt\/product\/passeio-de-um-dia-em-la-cueva-moto-de-neve-quadriciclo-sem-traslado\/","og_site_name":"Bariloche Excursiones","article_modified_time":"2026-04-12T00:08:08+00:00","og_image":[{"width":1920,"height":2560,"url":"https:\/\/barilocheexcursiones.com.ar\/wp-content\/uploads\/2025\/04\/2-A-IMG_5805-scaled.jpg","type":"image\/jpeg"}],"twitter_card":"summary_large_image","twitter_misc":{"Pre\u00e7o":"&#36;&nbsp;265.000,00","Disponibilidade":"Em Estoque"},"schema":{"@context":"https:\/\/schema.org","@graph":[{"@type":["WebPage","ItemPage"],"@id":"https:\/\/barilocheexcursiones.com.ar\/product\/la-cueva-travesia-diurna-moto-de-nieve-cuatriciclos-sin-traslado\/","url":"https:\/\/barilocheexcursiones.com.ar\/product\/la-cueva-travesia-diurna-moto-de-nieve-cuatriciclos-sin-traslado\/","name":"La Cueva - Excurs\u00e3o de um dia em snowmobile e quadriciclo - Sem traslado - Bariloche Excursions","isPartOf":{"@id":"https:\/\/barilocheexcursiones.com.ar\/#website"},"primaryImageOfPage":{"@id":"https:\/\/barilocheexcursiones.com.ar\/product\/la-cueva-travesia-diurna-moto-de-nieve-cuatriciclos-sin-traslado\/#primaryimage"},"image":{"@id":"https:\/\/barilocheexcursiones.com.ar\/product\/la-cueva-travesia-diurna-moto-de-nieve-cuatriciclos-sin-traslado\/#primaryimage"},"thumbnailUrl":"https:\/\/barilocheexcursiones.com.ar\/wp-content\/uploads\/2025\/04\/2-A-IMG_5805-scaled.jpg","datePublished":"2025-04-09T18:32:42+00:00","dateModified":"2026-04-12T00:08:08+00:00","breadcrumb":{"@id":"https:\/\/barilocheexcursiones.com.ar\/product\/la-cueva-travesia-diurna-moto-de-nieve-cuatriciclos-sin-traslado\/#breadcrumb"},"inLanguage":"pt-BR","potentialAction":[{"@type":"ReadAction","target":["https:\/\/barilocheexcursiones.com.ar\/product\/la-cueva-travesia-diurna-moto-de-nieve-cuatriciclos-sin-traslado\/"]}]},{"@type":"ImageObject","inLanguage":"pt-BR","@id":"https:\/\/barilocheexcursiones.com.ar\/product\/la-cueva-travesia-diurna-moto-de-nieve-cuatriciclos-sin-traslado\/#primaryimage","url":"https:\/\/barilocheexcursiones.com.ar\/wp-content\/uploads\/2025\/04\/2-A-IMG_5805-scaled.jpg","contentUrl":"https:\/\/barilocheexcursiones.com.ar\/wp-content\/uploads\/2025\/04\/2-A-IMG_5805-scaled.jpg","width":1920,"height":2560},{"@type":"BreadcrumbList","@id":"https:\/\/barilocheexcursiones.com.ar\/product\/la-cueva-travesia-diurna-moto-de-nieve-cuatriciclos-sin-traslado\/#breadcrumb","itemListElement":[{"@type":"ListItem","position":1,"name":"Home","item":"https:\/\/barilocheexcursiones.com.ar\/"},{"@type":"ListItem","position":2,"name":"Excursiones, traslados y m\u00e1s!","item":"https:\/\/barilocheexcursiones.com.ar\/shop\/"},{"@type":"ListItem","position":3,"name":"La Cueva \u2013 Traves\u00eda Diurna en Moto de Nieve y Cuatriciclos &#8211; Sin traslado"}]},{"@type":"WebSite","@id":"https:\/\/barilocheexcursiones.com.ar\/#website","url":"https:\/\/barilocheexcursiones.com.ar\/","name":"Excurs\u00f5es em Bariloche","description":"Experi\u00eancia em Bariloche","publisher":{"@id":"https:\/\/barilocheexcursiones.com.ar\/#organization"},"potentialAction":[{"@type":"SearchAction","target":{"@type":"EntryPoint","urlTemplate":"https:\/\/barilocheexcursiones.com.ar\/?s={search_term_string}"},"query-input":{"@type":"PropertyValueSpecification","valueRequired":true,"valueName":"search_term_string"}}],"inLanguage":"pt-BR"},{"@type":"Organization","@id":"https:\/\/barilocheexcursiones.com.ar\/#organization","name":"Excurs\u00f5es em Bariloche","url":"https:\/\/barilocheexcursiones.com.ar\/","logo":{"@type":"ImageObject","inLanguage":"pt-BR","@id":"https:\/\/barilocheexcursiones.com.ar\/#\/schema\/logo\/image\/","url":"https:\/\/barilocheexcursiones.com.ar\/wp-content\/uploads\/2025\/04\/bariloche-excursiones-logo.png","contentUrl":"https:\/\/barilocheexcursiones.com.ar\/wp-content\/uploads\/2025\/04\/bariloche-excursiones-logo.png","width":512,"height":512,"caption":"Bariloche Excursiones"},"image":{"@id":"https:\/\/barilocheexcursiones.com.ar\/#\/schema\/logo\/image\/"}}]},"product_price_amount":"265000.00","product_price_currency":"ARS","og_availability":"instock","product_availability":"instock","product_retailer_item_id":"ADV2025LACUTB94Z","product_condition":"new"},"_links":{"self":[{"href":"https:\/\/barilocheexcursiones.com.ar\/pt\/wp-json\/wp\/v2\/product\/15899","targetHints":{"allow":["GET"]}}],"collection":[{"href":"https:\/\/barilocheexcursiones.com.ar\/pt\/wp-json\/wp\/v2\/product"}],"about":[{"href":"https:\/\/barilocheexcursiones.com.ar\/pt\/wp-json\/wp\/v2\/types\/product"}],"replies":[{"embeddable":true,"href":"https:\/\/barilocheexcursiones.com.ar\/pt\/wp-json\/wp\/v2\/comments?post=15899"}],"version-history":[{"count":4,"href":"https:\/\/barilocheexcursiones.com.ar\/pt\/wp-json\/wp\/v2\/product\/15899\/revisions"}],"predecessor-version":[{"id":17792,"href":"https:\/\/barilocheexcursiones.com.ar\/pt\/wp-json\/wp\/v2\/product\/15899\/revisions\/17792"}],"wp:featuredmedia":[{"embeddable":true,"href":"https:\/\/barilocheexcursiones.com.ar\/pt\/wp-json\/wp\/v2\/media\/16830"}],"wp:attachment":[{"href":"https:\/\/barilocheexcursiones.com.ar\/pt\/wp-json\/wp\/v2\/media?parent=15899"}],"wp:term":[{"taxonomy":"product_brand","embeddable":true,"href":"https:\/\/barilocheexcursiones.com.ar\/pt\/wp-json\/wp\/v2\/product_brand?post=15899"},{"taxonomy":"product_cat","embeddable":true,"href":"https:\/\/barilocheexcursiones.com.ar\/pt\/wp-json\/wp\/v2\/product_cat?post=15899"},{"taxonomy":"product_tag","embeddable":true,"href":"https:\/\/barilocheexcursiones.com.ar\/pt\/wp-json\/wp\/v2\/product_tag?post=15899"}],"curies":[{"name":"wp","href":"https:\/\/api.w.org\/{rel}","templated":true}]}}