{"id":15897,"date":"2025-04-09T14:56:39","date_gmt":"2025-04-09T17:56:39","guid":{"rendered":"https:\/\/barilocheexcursiones.com.ar\/?post_type=product&#038;p=15897"},"modified":"2026-04-11T11:07:16","modified_gmt":"2026-04-11T14:07:16","slug":"la-cueva-after-ski","status":"publish","type":"product","link":"https:\/\/barilocheexcursiones.com.ar\/pt\/product\/a-caverna-depois-do-esqui\/","title":{"rendered":"La Cueva - After Ski: Experi\u00eancia Premium na neve"},"content":{"rendered":"<h3 data-start=\"431\" data-end=\"496\">Uma excurs\u00e3o projetada para aqueles que est\u00e3o procurando mais do que apenas uma caminhada<\/h3>\n<p data-start=\"497\" data-end=\"812\">Saindo de Bariloche \u00e0s <strong data-start=\"530\" data-end=\"542\">14:30 hs<\/strong>, Essa experi\u00eancia oferece um equil\u00edbrio perfeito entre <strong data-start=\"597\" data-end=\"620\">aventura controlada<\/strong> y <strong data-start=\"623\" data-end=\"682\">cozinha exclusiva em um ambiente natural privilegiado<\/strong>. O traslado \u00e9 realizado a partir de pontos de encontro estabelecidos entre o centro da cidade e o km 8 da Av. Bustillo ou Pioneros.<\/p>\n<p data-start=\"814\" data-end=\"1079\">Uma vez no <strong data-start=\"828\" data-end=\"846\">Cerro Catedral<\/strong>, a jornada de <strong data-start=\"872\" data-end=\"913\">7 km em snowmobiles ou quadriciclos<\/strong>, A trilha passa por florestas cobertas de neve, acompanhada por guias profissionais. A trilha passa por \u00e1rvores lenga e coihue, oferecendo vistas \u00fanicas da paisagem de inverno.<\/p>\n<p data-start=\"1081\" data-end=\"1482\">Ao chegar em <strong data-start=\"1093\" data-end=\"1105\">A Caverna<\/strong>, Em uma cabana de montanha exclusiva, o grupo \u00e9 recebido com uma degusta\u00e7\u00e3o completa de produtos regionais: <strong data-start=\"1215\" data-end=\"1311\">fondue de queijo, doces caseiros, p\u00e3es caseiros, chocolates, cervejas e bebidas quentes<\/strong>. Tudo \u00e9 vivenciado com muita aten\u00e7\u00e3o, em um espa\u00e7o projetado para proporcionar conforto e aconchego ap\u00f3s a aventura. O retorno a Bariloche est\u00e1 programado para <strong data-start=\"1469\" data-end=\"1481\">18:30 hs<\/strong>.<\/p>\n<h3 data-start=\"1489\" data-end=\"1523\">O que a experi\u00eancia inclui?<\/h3>\n<ul data-start=\"1524\" data-end=\"1821\">\n<li data-start=\"1524\" data-end=\"1569\">\n<p data-start=\"1526\" data-end=\"1569\">Transfer\u00eancia de e para pontos fixos.<\/p>\n<\/li>\n<li data-start=\"1570\" data-end=\"1649\">\n<p data-start=\"1572\" data-end=\"1649\">Passeio guiado de 7 km em snowmobile ou quadriciclo (dependendo das condi\u00e7\u00f5es).<\/p>\n<\/li>\n<li data-start=\"1650\" data-end=\"1699\">\n<p data-start=\"1652\" data-end=\"1699\">Equipamento completo: capacete, guia, ve\u00edculo.<\/p>\n<\/li>\n<li data-start=\"1700\" data-end=\"1761\">\n<p data-start=\"1702\" data-end=\"1761\">Recep\u00e7\u00e3o na cabana da montanha com degusta\u00e7\u00e3o regional.<\/p>\n<\/li>\n<li data-start=\"1762\" data-end=\"1821\">\n<p data-start=\"1764\" data-end=\"1821\">Coordena\u00e7\u00e3o log\u00edstica abrangente com guias especializados.<\/p>\n<\/li>\n<\/ul>\n<h3 data-start=\"1828\" data-end=\"1853\">Informa\u00e7\u00f5es t\u00e9cnicas<\/h3>\n<ul data-start=\"1854\" data-end=\"2070\">\n<li data-start=\"1854\" data-end=\"1892\">\n<p data-start=\"1856\" data-end=\"1892\"><strong data-start=\"1856\" data-end=\"1869\">Dura\u00e7\u00e3o:<\/strong> das 14:30 \u00e0s 18:30 hs.<\/p>\n<\/li>\n<li data-start=\"1893\" data-end=\"1949\">\n<p data-start=\"1895\" data-end=\"1949\"><strong data-start=\"1895\" data-end=\"1911\">Idade m\u00ednima:<\/strong> 6 anos (motoristas a partir de 18 anos de idade).<\/p>\n<\/li>\n<li data-start=\"1950\" data-end=\"1998\">\n<p data-start=\"1952\" data-end=\"1998\"><strong data-start=\"1952\" data-end=\"1970\">Restri\u00e7\u00f5es:<\/strong> N\u00e3o \u00e9 adequado para mulheres gr\u00e1vidas.<\/p>\n<\/li>\n<li data-start=\"1999\" data-end=\"2070\">\n<p data-start=\"2001\" data-end=\"2070\"><strong data-start=\"2001\" data-end=\"2016\">Requisitos:<\/strong> roupas imperme\u00e1veis, cal\u00e7ados apropriados, chap\u00e9u e luvas.<\/p>\n<\/li>\n<\/ul>\n<h3 data-start=\"2077\" data-end=\"2103\">Perguntas frequentes<\/h3>\n<p data-start=\"2105\" data-end=\"2218\"><strong data-start=\"2105\" data-end=\"2154\">\u00c9 necess\u00e1rio ter experi\u00eancia pr\u00e9via como motorista?<\/strong><br data-start=\"2154\" data-end=\"2157\" \/>N\u00e3o. Os ve\u00edculos s\u00e3o autom\u00e1ticos e a rota \u00e9 guiada.<\/p>\n<p data-start=\"2220\" data-end=\"2337\"><strong data-start=\"2220\" data-end=\"2268\">Qual \u00e9 o n\u00edvel de dificuldade da excurs\u00e3o?<\/strong><br data-start=\"2268\" data-end=\"2271\" \/>Moderado. Adequado para fam\u00edlias e adultos ativos. Caminhada m\u00ednima.<\/p>\n<p data-start=\"2339\" data-end=\"2445\"><strong data-start=\"2339\" data-end=\"2371\">De onde \u00e9 a transfer\u00eancia?<\/strong><br data-start=\"2371\" data-end=\"2374\" \/>A partir de pontos estrat\u00e9gicos de f\u00e1cil acesso. O traslado do hotel n\u00e3o est\u00e1 inclu\u00eddo.<\/p>\n<p data-start=\"2447\" data-end=\"2567\"><strong data-start=\"2447\" data-end=\"2492\">A proposta gastron\u00f4mica est\u00e1 inclu\u00edda?<\/strong><br data-start=\"2492\" data-end=\"2495\" \/>Sim, a degusta\u00e7\u00e3o no La Cueva inclui fondue, doces, sobremesa e bebidas.<\/p>\n<p data-start=\"2447\" data-end=\"2567\"><strong>Aviso importante:<\/strong> Este passeio j\u00e1 est\u00e1 dispon\u00edvel para pr\u00e9-reserva. As sa\u00eddas operam de 15 de junho a 20 de agosto, sujeitas ao calend\u00e1rio sazonal.<\/p>","protected":false},"excerpt":{"rendered":"<p data-start=\"2811\" data-end=\"2979\">Sa\u00edda \u00e0s 14h30 de pontos em Bariloche. Inclui traslado, passeio na neve, guia profissional, equipamento completo e degusta\u00e7\u00e3o em La Cueva. Retorno \u00e0s 18:30 hs. Op\u00e7\u00e3o Premium.<\/p>","protected":false},"featured_media":16834,"comment_status":"open","ping_status":"closed","template":"","meta":[],"product_brand":[],"product_cat":[91,85,105,100,88,166,167,169],"product_tag":[],"class_list":{"0":"post-15897","1":"product","2":"type-product","3":"status-publish","4":"has-post-thumbnail","6":"product_cat-adultos","7":"product_cat-aventura","8":"product_cat-con-comida","9":"product_cat-con-traslado","10":"product_cat-familia","11":"product_cat-invierno-temporada","12":"product_cat-ninos-apto","13":"product_cat-terrestre-tipo","15":"first","16":"instock","17":"virtual","18":"sold-individually","19":"purchasable","20":"product-type-booking"},"booking_location":"","booking_location_type":"","booking_duration":1,"booking_duration_unit":"hour","booking_buffer":0,"booking_cost":0,"booking_resources":[],"exclude_global_add_ons":false,"addons":[{"name":"ADU: Adulto","type":"input_multiplier","position":0,"required":false,"title_format":"label","default":"","description_enable":false,"description":"","placeholder_enable":false,"placeholder":"","display":"select","restrictions_type":"any_text","adjust_price":true,"price":"395000","price_type":"quantity_based","restrictions":false,"min":"0","max":"0","options":[],"id":1775905614},{"name":"MEN612 | De 6 a 12","type":"input_multiplier","position":1,"required":false,"title_format":"label","default":"","description_enable":false,"description":"","placeholder_enable":false,"placeholder":"","display":"select","restrictions_type":"any_text","adjust_price":true,"price":"350000","price_type":"quantity_based","restrictions":false,"min":"0","max":"0","options":[],"id":1775905615},{"name":"MEN35 | 3 a 5","type":"input_multiplier","position":2,"required":false,"title_format":"label","default":"","description_enable":false,"description":"","placeholder_enable":false,"placeholder":"","display":"select","restrictions_type":"any_text","adjust_price":true,"price":"145000","price_type":"quantity_based","restrictions":false,"min":"0","max":"0","options":[],"id":1775905616}],"yoast_head":"<!-- This site is optimized with the Yoast SEO Premium plugin v24.5 (Yoast SEO v24.8) - https:\/\/yoast.com\/wordpress\/plugins\/seo\/ -->\n<title>La Cueva \u2013 After Ski: Experiencia Premium en la Nieve - Bariloche Excursiones<\/title>\n<meta name=\"description\" content=\"Excursi\u00f3n premium con traslado a La Cueva en Cerro Catedral. 7 km en motos de nieve y degustaci\u00f3n en refugio. Ideal para quienes buscan aventura y servicio experto.\" \/>\n<meta name=\"robots\" content=\"index, follow, max-snippet:-1, max-image-preview:large, max-video-preview:-1\" \/>\n<link rel=\"canonical\" href=\"https:\/\/barilocheexcursiones.com.ar\/pt\/product\/a-caverna-depois-do-esqui\/\" \/>\n<meta property=\"og:locale\" content=\"pt_BR\" \/>\n<meta property=\"og:type\" content=\"article\" \/>\n<meta property=\"og:title\" content=\"La Cueva \u2013 After Ski: Experiencia Premium en la Nieve\" \/>\n<meta property=\"og:description\" content=\"Excursi\u00f3n premium con traslado a La Cueva en Cerro Catedral. 7 km en motos de nieve y degustaci\u00f3n en refugio. Ideal para quienes buscan aventura y servicio experto.\" \/>\n<meta property=\"og:url\" content=\"https:\/\/barilocheexcursiones.com.ar\/pt\/product\/a-caverna-depois-do-esqui\/\" \/>\n<meta property=\"og:site_name\" content=\"Bariloche Excursiones\" \/>\n<meta property=\"article:modified_time\" content=\"2026-04-11T14:07:16+00:00\" \/>\n<meta property=\"og:image\" content=\"https:\/\/barilocheexcursiones.com.ar\/wp-content\/uploads\/2025\/04\/2-A-1715773952foto_04-scaled.jpg\" \/>\n\t<meta property=\"og:image:width\" content=\"1920\" \/>\n\t<meta property=\"og:image:height\" content=\"2560\" \/>\n\t<meta property=\"og:image:type\" content=\"image\/jpeg\" \/>\n<meta name=\"twitter:card\" content=\"summary_large_image\" \/>\n<meta name=\"twitter:label1\" content=\"Pre\u00e7o\" \/>\n\t<meta name=\"twitter:data1\" content=\"&#036;&nbsp;395.000,00\" \/>\n\t<meta name=\"twitter:label2\" content=\"Disponibilidade\" \/>\n\t<meta name=\"twitter:data2\" content=\"Em Estoque\" \/>\n<script type=\"application\/ld+json\" class=\"yoast-schema-graph\">{\"@context\":\"https:\/\/schema.org\",\"@graph\":[{\"@type\":[\"WebPage\",\"ItemPage\"],\"@id\":\"https:\/\/barilocheexcursiones.com.ar\/product\/la-cueva-after-ski\/\",\"url\":\"https:\/\/barilocheexcursiones.com.ar\/product\/la-cueva-after-ski\/\",\"name\":\"La Cueva \u2013 After Ski: Experiencia Premium en la Nieve - Bariloche Excursiones\",\"isPartOf\":{\"@id\":\"https:\/\/barilocheexcursiones.com.ar\/#website\"},\"primaryImageOfPage\":{\"@id\":\"https:\/\/barilocheexcursiones.com.ar\/product\/la-cueva-after-ski\/#primaryimage\"},\"image\":{\"@id\":\"https:\/\/barilocheexcursiones.com.ar\/product\/la-cueva-after-ski\/#primaryimage\"},\"thumbnailUrl\":\"https:\/\/barilocheexcursiones.com.ar\/wp-content\/uploads\/2025\/04\/2-A-1715773952foto_04-scaled.jpg\",\"datePublished\":\"2025-04-09T17:56:39+00:00\",\"dateModified\":\"2026-04-11T14:07:16+00:00\",\"description\":\"Excursi\u00f3n premium con traslado a La Cueva en Cerro Catedral. 7 km en motos de nieve y degustaci\u00f3n en refugio. Ideal para quienes buscan aventura y servicio experto.\",\"breadcrumb\":{\"@id\":\"https:\/\/barilocheexcursiones.com.ar\/product\/la-cueva-after-ski\/#breadcrumb\"},\"inLanguage\":\"pt-BR\",\"potentialAction\":[{\"@type\":\"ReadAction\",\"target\":[\"https:\/\/barilocheexcursiones.com.ar\/product\/la-cueva-after-ski\/\"]}]},{\"@type\":\"ImageObject\",\"inLanguage\":\"pt-BR\",\"@id\":\"https:\/\/barilocheexcursiones.com.ar\/product\/la-cueva-after-ski\/#primaryimage\",\"url\":\"https:\/\/barilocheexcursiones.com.ar\/wp-content\/uploads\/2025\/04\/2-A-1715773952foto_04-scaled.jpg\",\"contentUrl\":\"https:\/\/barilocheexcursiones.com.ar\/wp-content\/uploads\/2025\/04\/2-A-1715773952foto_04-scaled.jpg\",\"width\":1920,\"height\":2560},{\"@type\":\"BreadcrumbList\",\"@id\":\"https:\/\/barilocheexcursiones.com.ar\/product\/la-cueva-after-ski\/#breadcrumb\",\"itemListElement\":[{\"@type\":\"ListItem\",\"position\":1,\"name\":\"Home\",\"item\":\"https:\/\/barilocheexcursiones.com.ar\/\"},{\"@type\":\"ListItem\",\"position\":2,\"name\":\"Excursiones, traslados y m\u00e1s!\",\"item\":\"https:\/\/barilocheexcursiones.com.ar\/shop\/\"},{\"@type\":\"ListItem\",\"position\":3,\"name\":\"La Cueva \u2013 After Ski: Experiencia Premium en la Nieve\"}]},{\"@type\":\"WebSite\",\"@id\":\"https:\/\/barilocheexcursiones.com.ar\/#website\",\"url\":\"https:\/\/barilocheexcursiones.com.ar\/\",\"name\":\"Bariloche Excursiones\",\"description\":\"Vivir la experiencia en Bariloche\",\"publisher\":{\"@id\":\"https:\/\/barilocheexcursiones.com.ar\/#organization\"},\"potentialAction\":[{\"@type\":\"SearchAction\",\"target\":{\"@type\":\"EntryPoint\",\"urlTemplate\":\"https:\/\/barilocheexcursiones.com.ar\/?s={search_term_string}\"},\"query-input\":{\"@type\":\"PropertyValueSpecification\",\"valueRequired\":true,\"valueName\":\"search_term_string\"}}],\"inLanguage\":\"pt-BR\"},{\"@type\":\"Organization\",\"@id\":\"https:\/\/barilocheexcursiones.com.ar\/#organization\",\"name\":\"Bariloche Excursiones\",\"url\":\"https:\/\/barilocheexcursiones.com.ar\/\",\"logo\":{\"@type\":\"ImageObject\",\"inLanguage\":\"pt-BR\",\"@id\":\"https:\/\/barilocheexcursiones.com.ar\/#\/schema\/logo\/image\/\",\"url\":\"https:\/\/barilocheexcursiones.com.ar\/wp-content\/uploads\/2025\/04\/bariloche-excursiones-logo.png\",\"contentUrl\":\"https:\/\/barilocheexcursiones.com.ar\/wp-content\/uploads\/2025\/04\/bariloche-excursiones-logo.png\",\"width\":512,\"height\":512,\"caption\":\"Bariloche Excursiones\"},\"image\":{\"@id\":\"https:\/\/barilocheexcursiones.com.ar\/#\/schema\/logo\/image\/\"}}]}<\/script>\n<meta property=\"product:price:amount\" content=\"395000.00\" \/>\n<meta property=\"product:price:currency\" content=\"ARS\" \/>\n<meta property=\"og:availability\" content=\"instock\" \/>\n<meta property=\"product:availability\" content=\"instock\" \/>\n<meta property=\"product:retailer_item_id\" content=\"ADV2025LACUAHE69\" \/>\n<meta property=\"product:condition\" content=\"new\" \/>\n<!-- \/ Yoast SEO Premium plugin. -->","yoast_head_json":{"title":"La Cueva - After Ski: Experi\u00eancia Premium na Neve - Excurs\u00f5es em Bariloche","description":"Excurs\u00e3o premium com traslado para La Cueva em Cerro Catedral. 7 km em snowmobiles e degusta\u00e7\u00e3o no ref\u00fagio. Ideal para quem procura aventura e servi\u00e7o especializado.","robots":{"index":"index","follow":"follow","max-snippet":"max-snippet:-1","max-image-preview":"max-image-preview:large","max-video-preview":"max-video-preview:-1"},"canonical":"https:\/\/barilocheexcursiones.com.ar\/pt\/product\/a-caverna-depois-do-esqui\/","og_locale":"pt_BR","og_type":"article","og_title":"La Cueva \u2013 After Ski: Experiencia Premium en la Nieve","og_description":"Excursi\u00f3n premium con traslado a La Cueva en Cerro Catedral. 7 km en motos de nieve y degustaci\u00f3n en refugio. Ideal para quienes buscan aventura y servicio experto.","og_url":"https:\/\/barilocheexcursiones.com.ar\/pt\/product\/a-caverna-depois-do-esqui\/","og_site_name":"Bariloche Excursiones","article_modified_time":"2026-04-11T14:07:16+00:00","og_image":[{"width":1920,"height":2560,"url":"https:\/\/barilocheexcursiones.com.ar\/wp-content\/uploads\/2025\/04\/2-A-1715773952foto_04-scaled.jpg","type":"image\/jpeg"}],"twitter_card":"summary_large_image","twitter_misc":{"Pre\u00e7o":"&#36;&nbsp;395.000,00","Disponibilidade":"Em Estoque"},"schema":{"@context":"https:\/\/schema.org","@graph":[{"@type":["WebPage","ItemPage"],"@id":"https:\/\/barilocheexcursiones.com.ar\/product\/la-cueva-after-ski\/","url":"https:\/\/barilocheexcursiones.com.ar\/product\/la-cueva-after-ski\/","name":"La Cueva - After Ski: Experi\u00eancia Premium na Neve - Excurs\u00f5es em Bariloche","isPartOf":{"@id":"https:\/\/barilocheexcursiones.com.ar\/#website"},"primaryImageOfPage":{"@id":"https:\/\/barilocheexcursiones.com.ar\/product\/la-cueva-after-ski\/#primaryimage"},"image":{"@id":"https:\/\/barilocheexcursiones.com.ar\/product\/la-cueva-after-ski\/#primaryimage"},"thumbnailUrl":"https:\/\/barilocheexcursiones.com.ar\/wp-content\/uploads\/2025\/04\/2-A-1715773952foto_04-scaled.jpg","datePublished":"2025-04-09T17:56:39+00:00","dateModified":"2026-04-11T14:07:16+00:00","description":"Excurs\u00e3o premium com traslado para La Cueva em Cerro Catedral. 7 km em snowmobiles e degusta\u00e7\u00e3o no ref\u00fagio. Ideal para quem procura aventura e servi\u00e7o especializado.","breadcrumb":{"@id":"https:\/\/barilocheexcursiones.com.ar\/product\/la-cueva-after-ski\/#breadcrumb"},"inLanguage":"pt-BR","potentialAction":[{"@type":"ReadAction","target":["https:\/\/barilocheexcursiones.com.ar\/product\/la-cueva-after-ski\/"]}]},{"@type":"ImageObject","inLanguage":"pt-BR","@id":"https:\/\/barilocheexcursiones.com.ar\/product\/la-cueva-after-ski\/#primaryimage","url":"https:\/\/barilocheexcursiones.com.ar\/wp-content\/uploads\/2025\/04\/2-A-1715773952foto_04-scaled.jpg","contentUrl":"https:\/\/barilocheexcursiones.com.ar\/wp-content\/uploads\/2025\/04\/2-A-1715773952foto_04-scaled.jpg","width":1920,"height":2560},{"@type":"BreadcrumbList","@id":"https:\/\/barilocheexcursiones.com.ar\/product\/la-cueva-after-ski\/#breadcrumb","itemListElement":[{"@type":"ListItem","position":1,"name":"Home","item":"https:\/\/barilocheexcursiones.com.ar\/"},{"@type":"ListItem","position":2,"name":"Excursiones, traslados y m\u00e1s!","item":"https:\/\/barilocheexcursiones.com.ar\/shop\/"},{"@type":"ListItem","position":3,"name":"La Cueva \u2013 After Ski: Experiencia Premium en la Nieve"}]},{"@type":"WebSite","@id":"https:\/\/barilocheexcursiones.com.ar\/#website","url":"https:\/\/barilocheexcursiones.com.ar\/","name":"Excurs\u00f5es em Bariloche","description":"Experi\u00eancia em Bariloche","publisher":{"@id":"https:\/\/barilocheexcursiones.com.ar\/#organization"},"potentialAction":[{"@type":"SearchAction","target":{"@type":"EntryPoint","urlTemplate":"https:\/\/barilocheexcursiones.com.ar\/?s={search_term_string}"},"query-input":{"@type":"PropertyValueSpecification","valueRequired":true,"valueName":"search_term_string"}}],"inLanguage":"pt-BR"},{"@type":"Organization","@id":"https:\/\/barilocheexcursiones.com.ar\/#organization","name":"Excurs\u00f5es em Bariloche","url":"https:\/\/barilocheexcursiones.com.ar\/","logo":{"@type":"ImageObject","inLanguage":"pt-BR","@id":"https:\/\/barilocheexcursiones.com.ar\/#\/schema\/logo\/image\/","url":"https:\/\/barilocheexcursiones.com.ar\/wp-content\/uploads\/2025\/04\/bariloche-excursiones-logo.png","contentUrl":"https:\/\/barilocheexcursiones.com.ar\/wp-content\/uploads\/2025\/04\/bariloche-excursiones-logo.png","width":512,"height":512,"caption":"Bariloche Excursiones"},"image":{"@id":"https:\/\/barilocheexcursiones.com.ar\/#\/schema\/logo\/image\/"}}]},"product_price_amount":"395000.00","product_price_currency":"ARS","og_availability":"instock","product_availability":"instock","product_retailer_item_id":"ADV2025LACUAHE69","product_condition":"new"},"_links":{"self":[{"href":"https:\/\/barilocheexcursiones.com.ar\/pt\/wp-json\/wp\/v2\/product\/15897","targetHints":{"allow":["GET"]}}],"collection":[{"href":"https:\/\/barilocheexcursiones.com.ar\/pt\/wp-json\/wp\/v2\/product"}],"about":[{"href":"https:\/\/barilocheexcursiones.com.ar\/pt\/wp-json\/wp\/v2\/types\/product"}],"replies":[{"embeddable":true,"href":"https:\/\/barilocheexcursiones.com.ar\/pt\/wp-json\/wp\/v2\/comments?post=15897"}],"version-history":[{"count":4,"href":"https:\/\/barilocheexcursiones.com.ar\/pt\/wp-json\/wp\/v2\/product\/15897\/revisions"}],"predecessor-version":[{"id":16676,"href":"https:\/\/barilocheexcursiones.com.ar\/pt\/wp-json\/wp\/v2\/product\/15897\/revisions\/16676"}],"wp:featuredmedia":[{"embeddable":true,"href":"https:\/\/barilocheexcursiones.com.ar\/pt\/wp-json\/wp\/v2\/media\/16834"}],"wp:attachment":[{"href":"https:\/\/barilocheexcursiones.com.ar\/pt\/wp-json\/wp\/v2\/media?parent=15897"}],"wp:term":[{"taxonomy":"product_brand","embeddable":true,"href":"https:\/\/barilocheexcursiones.com.ar\/pt\/wp-json\/wp\/v2\/product_brand?post=15897"},{"taxonomy":"product_cat","embeddable":true,"href":"https:\/\/barilocheexcursiones.com.ar\/pt\/wp-json\/wp\/v2\/product_cat?post=15897"},{"taxonomy":"product_tag","embeddable":true,"href":"https:\/\/barilocheexcursiones.com.ar\/pt\/wp-json\/wp\/v2\/product_tag?post=15897"}],"curies":[{"name":"wp","href":"https:\/\/api.w.org\/{rel}","templated":true}]}}