{"id":15768,"date":"2025-04-07T15:32:10","date_gmt":"2025-04-07T18:32:10","guid":{"rendered":"https:\/\/barilocheexcursiones.com.ar\/carrito\/"},"modified":"2025-04-18T15:08:43","modified_gmt":"2025-04-18T18:08:43","slug":"carrito","status":"publish","type":"page","link":"https:\/\/barilocheexcursiones.com.ar\/pt\/carrinho\/","title":{"rendered":"Carrinho"},"content":{"rendered":"<div class=\"woocommerce\"><div class=\"woocommerce-notices-wrapper\"><\/div><div class=\"wc-empty-cart-message\">\n\t<div class=\"cart-empty woocommerce-info\" role=\"status\">\n\t\tSeu carrinho est\u00e1 vazio.\t<\/div>\n<\/div>\t\t<h2 class=\"cart-empty wd-empty-block-title wc-empty-cart-message\">\n\t\t\tSeu carrinho est\u00e1 vazio.\t\t<\/h2>\n\t\t\t\t\t\t<p class=\"wd-empty-block-text\">\n\t\t\t\tAntes de prosseguir com a finaliza\u00e7\u00e3o da compra, \u00e9 necess\u00e1rio adicionar alguns produtos ao carrinho de compras. Voc\u00ea encontrar\u00e1 muitos produtos interessantes em nossa p\u00e1gina \"Shop\".\t\t\t\t<\/p>\n\t\t\t\t<p class=\"return-to-shop\">\n\t\t<a class=\"button wc-backward\" href=\"https:\/\/barilocheexcursiones.com.ar\/pt\/loja\/\">\n\t\t\tRetornar para a loja\t\t<\/a>\n\t<\/p>\n<\/div>","protected":false},"excerpt":{"rendered":"","protected":false},"author":1,"featured_media":0,"parent":0,"menu_order":0,"comment_status":"closed","ping_status":"closed","template":"","meta":{"footnotes":""},"class_list":["post-15768","page","type-page","status-publish","hentry"],"yoast_head":"<!-- This site is optimized with the Yoast SEO Premium plugin v24.5 (Yoast SEO v24.8) - https:\/\/yoast.com\/wordpress\/plugins\/seo\/ -->\n<title>Carrito - Bariloche Excursiones<\/title>\n<meta name=\"robots\" content=\"index, follow, max-snippet:-1, max-image-preview:large, max-video-preview:-1\" \/>\n<link rel=\"canonical\" href=\"https:\/\/barilocheexcursiones.com.ar\/pt\/carrinho\/\" \/>\n<meta property=\"og:locale\" content=\"pt_BR\" \/>\n<meta property=\"og:type\" content=\"article\" \/>\n<meta property=\"og:title\" content=\"Carrito\" \/>\n<meta property=\"og:url\" content=\"https:\/\/barilocheexcursiones.com.ar\/pt\/carrinho\/\" \/>\n<meta property=\"og:site_name\" content=\"Bariloche Excursiones\" \/>\n<meta property=\"article:modified_time\" content=\"2025-04-18T18:08:43+00:00\" \/>\n<meta name=\"twitter:card\" content=\"summary_large_image\" \/>\n<script type=\"application\/ld+json\" class=\"yoast-schema-graph\">{\"@context\":\"https:\/\/schema.org\",\"@graph\":[{\"@type\":\"WebPage\",\"@id\":\"https:\/\/barilocheexcursiones.com.ar\/carrito\/\",\"url\":\"https:\/\/barilocheexcursiones.com.ar\/carrito\/\",\"name\":\"Carrito - Bariloche Excursiones\",\"isPartOf\":{\"@id\":\"https:\/\/barilocheexcursiones.com.ar\/#website\"},\"datePublished\":\"2025-04-07T18:32:10+00:00\",\"dateModified\":\"2025-04-18T18:08:43+00:00\",\"breadcrumb\":{\"@id\":\"https:\/\/barilocheexcursiones.com.ar\/carrito\/#breadcrumb\"},\"inLanguage\":\"pt-BR\",\"potentialAction\":[{\"@type\":\"ReadAction\",\"target\":[\"https:\/\/barilocheexcursiones.com.ar\/carrito\/\"]}]},{\"@type\":\"BreadcrumbList\",\"@id\":\"https:\/\/barilocheexcursiones.com.ar\/carrito\/#breadcrumb\",\"itemListElement\":[{\"@type\":\"ListItem\",\"position\":1,\"name\":\"Home\",\"item\":\"https:\/\/barilocheexcursiones.com.ar\/\"},{\"@type\":\"ListItem\",\"position\":2,\"name\":\"Carrito\"}]},{\"@type\":\"WebSite\",\"@id\":\"https:\/\/barilocheexcursiones.com.ar\/#website\",\"url\":\"https:\/\/barilocheexcursiones.com.ar\/\",\"name\":\"Bariloche Excursiones\",\"description\":\"Vivir la experiencia en Bariloche\",\"publisher\":{\"@id\":\"https:\/\/barilocheexcursiones.com.ar\/#organization\"},\"potentialAction\":[{\"@type\":\"SearchAction\",\"target\":{\"@type\":\"EntryPoint\",\"urlTemplate\":\"https:\/\/barilocheexcursiones.com.ar\/?s={search_term_string}\"},\"query-input\":{\"@type\":\"PropertyValueSpecification\",\"valueRequired\":true,\"valueName\":\"search_term_string\"}}],\"inLanguage\":\"pt-BR\"},{\"@type\":\"Organization\",\"@id\":\"https:\/\/barilocheexcursiones.com.ar\/#organization\",\"name\":\"Bariloche Excursiones\",\"url\":\"https:\/\/barilocheexcursiones.com.ar\/\",\"logo\":{\"@type\":\"ImageObject\",\"inLanguage\":\"pt-BR\",\"@id\":\"https:\/\/barilocheexcursiones.com.ar\/#\/schema\/logo\/image\/\",\"url\":\"https:\/\/barilocheexcursiones.com.ar\/wp-content\/uploads\/2025\/04\/bariloche-excursiones-logo.png\",\"contentUrl\":\"https:\/\/barilocheexcursiones.com.ar\/wp-content\/uploads\/2025\/04\/bariloche-excursiones-logo.png\",\"width\":512,\"height\":512,\"caption\":\"Bariloche Excursiones\"},\"image\":{\"@id\":\"https:\/\/barilocheexcursiones.com.ar\/#\/schema\/logo\/image\/\"}}]}<\/script>\n<!-- \/ Yoast SEO Premium plugin. -->","yoast_head_json":{"title":"Trolley - Excurs\u00f5es em Bariloche","robots":{"index":"index","follow":"follow","max-snippet":"max-snippet:-1","max-image-preview":"max-image-preview:large","max-video-preview":"max-video-preview:-1"},"canonical":"https:\/\/barilocheexcursiones.com.ar\/pt\/carrinho\/","og_locale":"pt_BR","og_type":"article","og_title":"Carrito","og_url":"https:\/\/barilocheexcursiones.com.ar\/pt\/carrinho\/","og_site_name":"Bariloche Excursiones","article_modified_time":"2025-04-18T18:08:43+00:00","twitter_card":"summary_large_image","schema":{"@context":"https:\/\/schema.org","@graph":[{"@type":"WebPage","@id":"https:\/\/barilocheexcursiones.com.ar\/carrito\/","url":"https:\/\/barilocheexcursiones.com.ar\/carrito\/","name":"Trolley - Excurs\u00f5es em Bariloche","isPartOf":{"@id":"https:\/\/barilocheexcursiones.com.ar\/#website"},"datePublished":"2025-04-07T18:32:10+00:00","dateModified":"2025-04-18T18:08:43+00:00","breadcrumb":{"@id":"https:\/\/barilocheexcursiones.com.ar\/carrito\/#breadcrumb"},"inLanguage":"pt-BR","potentialAction":[{"@type":"ReadAction","target":["https:\/\/barilocheexcursiones.com.ar\/carrito\/"]}]},{"@type":"BreadcrumbList","@id":"https:\/\/barilocheexcursiones.com.ar\/carrito\/#breadcrumb","itemListElement":[{"@type":"ListItem","position":1,"name":"Home","item":"https:\/\/barilocheexcursiones.com.ar\/"},{"@type":"ListItem","position":2,"name":"Carrito"}]},{"@type":"WebSite","@id":"https:\/\/barilocheexcursiones.com.ar\/#website","url":"https:\/\/barilocheexcursiones.com.ar\/","name":"Excurs\u00f5es em Bariloche","description":"Experi\u00eancia em Bariloche","publisher":{"@id":"https:\/\/barilocheexcursiones.com.ar\/#organization"},"potentialAction":[{"@type":"SearchAction","target":{"@type":"EntryPoint","urlTemplate":"https:\/\/barilocheexcursiones.com.ar\/?s={search_term_string}"},"query-input":{"@type":"PropertyValueSpecification","valueRequired":true,"valueName":"search_term_string"}}],"inLanguage":"pt-BR"},{"@type":"Organization","@id":"https:\/\/barilocheexcursiones.com.ar\/#organization","name":"Excurs\u00f5es em Bariloche","url":"https:\/\/barilocheexcursiones.com.ar\/","logo":{"@type":"ImageObject","inLanguage":"pt-BR","@id":"https:\/\/barilocheexcursiones.com.ar\/#\/schema\/logo\/image\/","url":"https:\/\/barilocheexcursiones.com.ar\/wp-content\/uploads\/2025\/04\/bariloche-excursiones-logo.png","contentUrl":"https:\/\/barilocheexcursiones.com.ar\/wp-content\/uploads\/2025\/04\/bariloche-excursiones-logo.png","width":512,"height":512,"caption":"Bariloche Excursiones"},"image":{"@id":"https:\/\/barilocheexcursiones.com.ar\/#\/schema\/logo\/image\/"}}]}},"_links":{"self":[{"href":"https:\/\/barilocheexcursiones.com.ar\/pt\/wp-json\/wp\/v2\/pages\/15768","targetHints":{"allow":["GET"]}}],"collection":[{"href":"https:\/\/barilocheexcursiones.com.ar\/pt\/wp-json\/wp\/v2\/pages"}],"about":[{"href":"https:\/\/barilocheexcursiones.com.ar\/pt\/wp-json\/wp\/v2\/types\/page"}],"author":[{"embeddable":true,"href":"https:\/\/barilocheexcursiones.com.ar\/pt\/wp-json\/wp\/v2\/users\/1"}],"replies":[{"embeddable":true,"href":"https:\/\/barilocheexcursiones.com.ar\/pt\/wp-json\/wp\/v2\/comments?post=15768"}],"version-history":[{"count":1,"href":"https:\/\/barilocheexcursiones.com.ar\/pt\/wp-json\/wp\/v2\/pages\/15768\/revisions"}],"predecessor-version":[{"id":16343,"href":"https:\/\/barilocheexcursiones.com.ar\/pt\/wp-json\/wp\/v2\/pages\/15768\/revisions\/16343"}],"wp:attachment":[{"href":"https:\/\/barilocheexcursiones.com.ar\/pt\/wp-json\/wp\/v2\/media?parent=15768"}],"curies":[{"name":"wp","href":"https:\/\/api.w.org\/{rel}","templated":true}]}}