{"id":805,"date":"2025-03-23T20:53:56","date_gmt":"2025-03-23T23:53:56","guid":{"rendered":"https:\/\/barilocheexcursiones.com.ar\/?post_type=product&#038;p=805"},"modified":"2026-04-13T13:02:48","modified_gmt":"2026-04-13T16:02:48","slug":"rafting-limite-chile","status":"publish","type":"product","link":"https:\/\/barilocheexcursiones.com.ar\/en\/product\/rafting-limit-chile\/","title":{"rendered":"Adventure on the Manso River - Navigate to the Chilean Border - No Transfer"},"content":{"rendered":"<h2>Adventure Descent on the Manso River<\/h2>\n<p>Immerse yourself in an incomparable journey through the waters of the majestic Manso River, a must for adventurers seeking adrenaline and beautiful natural scenery. This <strong>rafting<\/strong> will take you to the limits of Chile through exciting rapids of different levels. <strong>3 y 4<\/strong>.<\/p>\n<h3>Beginning of the Experience<\/h3>\n<p>The day starts at the meeting point, where you will enjoy a breakfast full of local delicacies, courtesy of the house. Our professional team will provide you with all the necessary equipment to ensure your safety and comfort: wetsuits, vests and helmets.<\/p>\n<h3>Crossing the Rapids<\/h3>\n<ul>\n<li><strong>Extension of the route:<\/strong> The route of <strong>10 km<\/strong> it will take you about <strong>2 hours<\/strong>.<\/li>\n<li><strong>Intensity:<\/strong> Category rapids <strong>III\/IV<\/strong> offer exciting challenges.<\/li>\n<li>At the Chilean border, you will return to the starting point with our transportation.<\/li>\n<\/ul>\n<h3>Gastronomic Options<\/h3>\n<p>At the end of the activity, you can enjoy an optional lunch with alternatives such as <strong>barbecue<\/strong>, <strong>pasta<\/strong> or a refreshing salad, available at an extra cost.<\/p>\n<h3>Tips for your Participation<\/h3>\n<ul>\n<li>Recommended for <strong>over 14 years old<\/strong>.<\/li>\n<li>It is essential to carry a <strong>towel<\/strong> and spare clothing.<\/li>\n<\/ul>\n<h3>Alternative Meeting Point<\/h3>\n<p>If you decide to hire the option without transfer, you must show up at our stop where the rafting excursion takes place at the Villegas Base, Route 83 Km 1.\u00a0 <a class=\"theme markdown__link\" href=\"https:\/\/maps.app.goo.gl\/NqbsUN6VB5Fnt7hVA\" target=\"_blank\" rel=\"noopener noreferrer\">https:\/\/maps.app.goo.gl\/NqbsUN6VB5Fnt7hVA<\/a> this is the link to the location of the parador.<\/p>\n<h3>Activity Details<\/h3>\n<ul>\n<li><strong>Duration:<\/strong> Estimated hours of operation are <strong>09:00 hs to 18:00 hs<\/strong>.<\/li>\n<li><strong>Includes:<\/strong> Rafting and all necessary equipment.<\/li>\n<li><strong>Does not include:<\/strong> Transfer, pick up at lodgings, no lunch or breakfast.<\/li>\n<\/ul>\n<p><strong>Important Notice<\/strong>This tour is currently available and has departures until April 30, according to the operating calendar.<\/p>","protected":false},"excerpt":{"rendered":"<p>Experience the thrill of rafting in the stunning environment of the Manso River without worrying about transfers. Start your tour in class III\/IV rapids. This experience is specially designed for people 14 years and older, ensuring adrenaline and breathtaking scenery.<\/p>","protected":false},"featured_media":16957,"comment_status":"open","ping_status":"closed","template":"","meta":[],"product_brand":[],"product_cat":[91,85,88,175,176,168,171,177],"product_tag":[],"class_list":{"0":"post-805","1":"product","2":"type-product","3":"status-publish","4":"has-post-thumbnail","6":"product_cat-adultos","7":"product_cat-aventura","8":"product_cat-familia","9":"product_cat-otono-temporada","10":"product_cat-primavera-temporada","11":"product_cat-sin-comida-incluido","12":"product_cat-sin-traslado-movilidad","13":"product_cat-verano-temporada","15":"first","16":"instock","17":"virtual","18":"sold-individually","19":"purchasable","20":"product-type-booking"},"booking_location":"","booking_location_type":"","booking_duration":1,"booking_duration_unit":"hour","booking_buffer":0,"booking_cost":0,"booking_resources":[],"exclude_global_add_ons":false,"addons":[{"name":"ADU | Adult","type":"input_multiplier","position":0,"required":false,"title_format":"label","default":"","description_enable":false,"description":"","placeholder_enable":false,"placeholder":"","display":"select","restrictions_type":"any_text","adjust_price":true,"price":"140400","price_type":"quantity_based","restrictions":false,"min":"0","max":"0","options":[],"id":1773236380},{"name":"EXTRA | Companion","type":"input_multiplier","position":1,"required":false,"title_format":"label","default":"","description_enable":false,"description":"","placeholder_enable":false,"placeholder":"","display":"select","restrictions_type":"any_text","adjust_price":true,"price":"70200","price_type":"quantity_based","restrictions":false,"min":"0","max":"0","options":[],"id":1773236381},{"name":"MEN1418 | from 14 to 18","type":"input_multiplier","position":2,"required":false,"title_format":"label","default":"","description_enable":false,"description":"","placeholder_enable":false,"placeholder":"","display":"select","restrictions_type":"any_text","adjust_price":true,"price":"140400","price_type":"quantity_based","restrictions":false,"min":"0","max":"0","options":[],"id":1773236382}],"yoast_head":"<!-- This site is optimized with the Yoast SEO Premium plugin v24.5 (Yoast SEO v24.8) - https:\/\/yoast.com\/wordpress\/plugins\/seo\/ -->\n<title>Aventura de Rafting hasta el Limite con Chile - Bariloche Excursiones<\/title>\n<meta name=\"description\" content=\"Vive la adrenalina del rafting l\u00edmite en el r\u00edo Manso, frontera con Chile. R\u00e1pidos grado 3 y 4, paisajes \u00fanicos y aventura segura para mayores de 14 a\u00f1os.\" \/>\n<meta name=\"robots\" content=\"index, follow, max-snippet:-1, max-image-preview:large, max-video-preview:-1\" \/>\n<link rel=\"canonical\" href=\"https:\/\/barilocheexcursiones.com.ar\/en\/product\/rafting-limit-chile\/\" \/>\n<meta property=\"og:locale\" content=\"en_US\" \/>\n<meta property=\"og:type\" content=\"article\" \/>\n<meta property=\"og:title\" content=\"Aventura en el R\u00edo Manso \u2013 Naveg\u00e1 hasta la Frontera con Chile-Sin traslado\" \/>\n<meta property=\"og:description\" content=\"Vive la adrenalina del rafting l\u00edmite en el r\u00edo Manso, frontera con Chile. R\u00e1pidos grado 3 y 4, paisajes \u00fanicos y aventura segura para mayores de 14 a\u00f1os.\" \/>\n<meta property=\"og:url\" content=\"https:\/\/barilocheexcursiones.com.ar\/en\/product\/rafting-limit-chile\/\" \/>\n<meta property=\"og:site_name\" content=\"Bariloche Excursiones\" \/>\n<meta property=\"article:modified_time\" content=\"2026-04-13T16:02:48+00:00\" \/>\n<meta property=\"og:image\" content=\"https:\/\/barilocheexcursiones.com.ar\/wp-content\/uploads\/2025\/03\/3-D-animate-a-hacer-rafting-copia-scaled.jpg\" \/>\n\t<meta property=\"og:image:width\" content=\"1920\" \/>\n\t<meta property=\"og:image:height\" content=\"2560\" \/>\n\t<meta property=\"og:image:type\" content=\"image\/jpeg\" \/>\n<meta name=\"twitter:card\" content=\"summary_large_image\" \/>\n<meta name=\"twitter:label1\" content=\"Price\" \/>\n\t<meta name=\"twitter:data1\" content=\"&#036;&nbsp;140.400,00\" \/>\n\t<meta name=\"twitter:label2\" content=\"Availability\" \/>\n\t<meta name=\"twitter:data2\" content=\"In stock\" \/>\n<script type=\"application\/ld+json\" class=\"yoast-schema-graph\">{\"@context\":\"https:\/\/schema.org\",\"@graph\":[{\"@type\":[\"WebPage\",\"ItemPage\"],\"@id\":\"https:\/\/barilocheexcursiones.com.ar\/product\/rafting-limite-chile\/\",\"url\":\"https:\/\/barilocheexcursiones.com.ar\/product\/rafting-limite-chile\/\",\"name\":\"Aventura de Rafting hasta el Limite con Chile - Bariloche Excursiones\",\"isPartOf\":{\"@id\":\"https:\/\/barilocheexcursiones.com.ar\/#website\"},\"primaryImageOfPage\":{\"@id\":\"https:\/\/barilocheexcursiones.com.ar\/product\/rafting-limite-chile\/#primaryimage\"},\"image\":{\"@id\":\"https:\/\/barilocheexcursiones.com.ar\/product\/rafting-limite-chile\/#primaryimage\"},\"thumbnailUrl\":\"https:\/\/barilocheexcursiones.com.ar\/wp-content\/uploads\/2025\/03\/3-D-animate-a-hacer-rafting-copia-scaled.jpg\",\"datePublished\":\"2025-03-23T23:53:56+00:00\",\"dateModified\":\"2026-04-13T16:02:48+00:00\",\"description\":\"Vive la adrenalina del rafting l\u00edmite en el r\u00edo Manso, frontera con Chile. R\u00e1pidos grado 3 y 4, paisajes \u00fanicos y aventura segura para mayores de 14 a\u00f1os.\",\"breadcrumb\":{\"@id\":\"https:\/\/barilocheexcursiones.com.ar\/product\/rafting-limite-chile\/#breadcrumb\"},\"inLanguage\":\"en-US\",\"potentialAction\":[{\"@type\":\"ReadAction\",\"target\":[\"https:\/\/barilocheexcursiones.com.ar\/product\/rafting-limite-chile\/\"]}]},{\"@type\":\"ImageObject\",\"inLanguage\":\"en-US\",\"@id\":\"https:\/\/barilocheexcursiones.com.ar\/product\/rafting-limite-chile\/#primaryimage\",\"url\":\"https:\/\/barilocheexcursiones.com.ar\/wp-content\/uploads\/2025\/03\/3-D-animate-a-hacer-rafting-copia-scaled.jpg\",\"contentUrl\":\"https:\/\/barilocheexcursiones.com.ar\/wp-content\/uploads\/2025\/03\/3-D-animate-a-hacer-rafting-copia-scaled.jpg\",\"width\":1920,\"height\":2560},{\"@type\":\"BreadcrumbList\",\"@id\":\"https:\/\/barilocheexcursiones.com.ar\/product\/rafting-limite-chile\/#breadcrumb\",\"itemListElement\":[{\"@type\":\"ListItem\",\"position\":1,\"name\":\"Home\",\"item\":\"https:\/\/barilocheexcursiones.com.ar\/\"},{\"@type\":\"ListItem\",\"position\":2,\"name\":\"Excursiones, traslados y m\u00e1s!\",\"item\":\"https:\/\/barilocheexcursiones.com.ar\/shop\/\"},{\"@type\":\"ListItem\",\"position\":3,\"name\":\"Aventura en el R\u00edo Manso \u2013 Naveg\u00e1 hasta la Frontera con Chile-Sin traslado\"}]},{\"@type\":\"WebSite\",\"@id\":\"https:\/\/barilocheexcursiones.com.ar\/#website\",\"url\":\"https:\/\/barilocheexcursiones.com.ar\/\",\"name\":\"Bariloche Excursiones\",\"description\":\"Vivir la experiencia en Bariloche\",\"publisher\":{\"@id\":\"https:\/\/barilocheexcursiones.com.ar\/#organization\"},\"potentialAction\":[{\"@type\":\"SearchAction\",\"target\":{\"@type\":\"EntryPoint\",\"urlTemplate\":\"https:\/\/barilocheexcursiones.com.ar\/?s={search_term_string}\"},\"query-input\":{\"@type\":\"PropertyValueSpecification\",\"valueRequired\":true,\"valueName\":\"search_term_string\"}}],\"inLanguage\":\"en-US\"},{\"@type\":\"Organization\",\"@id\":\"https:\/\/barilocheexcursiones.com.ar\/#organization\",\"name\":\"Bariloche Excursiones\",\"url\":\"https:\/\/barilocheexcursiones.com.ar\/\",\"logo\":{\"@type\":\"ImageObject\",\"inLanguage\":\"en-US\",\"@id\":\"https:\/\/barilocheexcursiones.com.ar\/#\/schema\/logo\/image\/\",\"url\":\"https:\/\/barilocheexcursiones.com.ar\/wp-content\/uploads\/2025\/04\/bariloche-excursiones-logo.png\",\"contentUrl\":\"https:\/\/barilocheexcursiones.com.ar\/wp-content\/uploads\/2025\/04\/bariloche-excursiones-logo.png\",\"width\":512,\"height\":512,\"caption\":\"Bariloche Excursiones\"},\"image\":{\"@id\":\"https:\/\/barilocheexcursiones.com.ar\/#\/schema\/logo\/image\/\"}}]}<\/script>\n<meta property=\"product:price:amount\" content=\"140400.00\" \/>\n<meta property=\"product:price:currency\" content=\"ARS\" \/>\n<meta property=\"og:availability\" content=\"instock\" \/>\n<meta property=\"product:availability\" content=\"instock\" \/>\n<meta property=\"product:retailer_item_id\" content=\"ADV2025RAALL\u00cd530P\" \/>\n<meta property=\"product:condition\" content=\"new\" \/>\n<!-- \/ Yoast SEO Premium plugin. -->","yoast_head_json":{"title":"Rafting Adventure to the Chilean Border - Bariloche Excursions","description":"Experience the adrenaline of white water rafting in the Manso River, bordering Chile. Grade 3 and 4 rapids, unique landscapes and safe adventure for people over 14 years old.","robots":{"index":"index","follow":"follow","max-snippet":"max-snippet:-1","max-image-preview":"max-image-preview:large","max-video-preview":"max-video-preview:-1"},"canonical":"https:\/\/barilocheexcursiones.com.ar\/en\/product\/rafting-limit-chile\/","og_locale":"en_US","og_type":"article","og_title":"Aventura en el R\u00edo Manso \u2013 Naveg\u00e1 hasta la Frontera con Chile-Sin traslado","og_description":"Vive la adrenalina del rafting l\u00edmite en el r\u00edo Manso, frontera con Chile. R\u00e1pidos grado 3 y 4, paisajes \u00fanicos y aventura segura para mayores de 14 a\u00f1os.","og_url":"https:\/\/barilocheexcursiones.com.ar\/en\/product\/rafting-limit-chile\/","og_site_name":"Bariloche Excursiones","article_modified_time":"2026-04-13T16:02:48+00:00","og_image":[{"width":1920,"height":2560,"url":"https:\/\/barilocheexcursiones.com.ar\/wp-content\/uploads\/2025\/03\/3-D-animate-a-hacer-rafting-copia-scaled.jpg","type":"image\/jpeg"}],"twitter_card":"summary_large_image","twitter_misc":{"Price":"&#36;&nbsp;140.400,00","Availability":"In stock"},"schema":{"@context":"https:\/\/schema.org","@graph":[{"@type":["WebPage","ItemPage"],"@id":"https:\/\/barilocheexcursiones.com.ar\/product\/rafting-limite-chile\/","url":"https:\/\/barilocheexcursiones.com.ar\/product\/rafting-limite-chile\/","name":"Rafting Adventure to the Chilean Border - Bariloche Excursions","isPartOf":{"@id":"https:\/\/barilocheexcursiones.com.ar\/#website"},"primaryImageOfPage":{"@id":"https:\/\/barilocheexcursiones.com.ar\/product\/rafting-limite-chile\/#primaryimage"},"image":{"@id":"https:\/\/barilocheexcursiones.com.ar\/product\/rafting-limite-chile\/#primaryimage"},"thumbnailUrl":"https:\/\/barilocheexcursiones.com.ar\/wp-content\/uploads\/2025\/03\/3-D-animate-a-hacer-rafting-copia-scaled.jpg","datePublished":"2025-03-23T23:53:56+00:00","dateModified":"2026-04-13T16:02:48+00:00","description":"Experience the adrenaline of white water rafting in the Manso River, bordering Chile. Grade 3 and 4 rapids, unique landscapes and safe adventure for people over 14 years old.","breadcrumb":{"@id":"https:\/\/barilocheexcursiones.com.ar\/product\/rafting-limite-chile\/#breadcrumb"},"inLanguage":"en-US","potentialAction":[{"@type":"ReadAction","target":["https:\/\/barilocheexcursiones.com.ar\/product\/rafting-limite-chile\/"]}]},{"@type":"ImageObject","inLanguage":"en-US","@id":"https:\/\/barilocheexcursiones.com.ar\/product\/rafting-limite-chile\/#primaryimage","url":"https:\/\/barilocheexcursiones.com.ar\/wp-content\/uploads\/2025\/03\/3-D-animate-a-hacer-rafting-copia-scaled.jpg","contentUrl":"https:\/\/barilocheexcursiones.com.ar\/wp-content\/uploads\/2025\/03\/3-D-animate-a-hacer-rafting-copia-scaled.jpg","width":1920,"height":2560},{"@type":"BreadcrumbList","@id":"https:\/\/barilocheexcursiones.com.ar\/product\/rafting-limite-chile\/#breadcrumb","itemListElement":[{"@type":"ListItem","position":1,"name":"Home","item":"https:\/\/barilocheexcursiones.com.ar\/"},{"@type":"ListItem","position":2,"name":"Excursiones, traslados y m\u00e1s!","item":"https:\/\/barilocheexcursiones.com.ar\/shop\/"},{"@type":"ListItem","position":3,"name":"Aventura en el R\u00edo Manso \u2013 Naveg\u00e1 hasta la Frontera con Chile-Sin traslado"}]},{"@type":"WebSite","@id":"https:\/\/barilocheexcursiones.com.ar\/#website","url":"https:\/\/barilocheexcursiones.com.ar\/","name":"Bariloche Excursions","description":"Living the experience in Bariloche","publisher":{"@id":"https:\/\/barilocheexcursiones.com.ar\/#organization"},"potentialAction":[{"@type":"SearchAction","target":{"@type":"EntryPoint","urlTemplate":"https:\/\/barilocheexcursiones.com.ar\/?s={search_term_string}"},"query-input":{"@type":"PropertyValueSpecification","valueRequired":true,"valueName":"search_term_string"}}],"inLanguage":"en-US"},{"@type":"Organization","@id":"https:\/\/barilocheexcursiones.com.ar\/#organization","name":"Bariloche Excursions","url":"https:\/\/barilocheexcursiones.com.ar\/","logo":{"@type":"ImageObject","inLanguage":"en-US","@id":"https:\/\/barilocheexcursiones.com.ar\/#\/schema\/logo\/image\/","url":"https:\/\/barilocheexcursiones.com.ar\/wp-content\/uploads\/2025\/04\/bariloche-excursiones-logo.png","contentUrl":"https:\/\/barilocheexcursiones.com.ar\/wp-content\/uploads\/2025\/04\/bariloche-excursiones-logo.png","width":512,"height":512,"caption":"Bariloche Excursiones"},"image":{"@id":"https:\/\/barilocheexcursiones.com.ar\/#\/schema\/logo\/image\/"}}]},"product_price_amount":"140400.00","product_price_currency":"ARS","og_availability":"instock","product_availability":"instock","product_retailer_item_id":"ADV2025RAALL\u00cd530P","product_condition":"new"},"_links":{"self":[{"href":"https:\/\/barilocheexcursiones.com.ar\/en\/wp-json\/wp\/v2\/product\/805","targetHints":{"allow":["GET"]}}],"collection":[{"href":"https:\/\/barilocheexcursiones.com.ar\/en\/wp-json\/wp\/v2\/product"}],"about":[{"href":"https:\/\/barilocheexcursiones.com.ar\/en\/wp-json\/wp\/v2\/types\/product"}],"replies":[{"embeddable":true,"href":"https:\/\/barilocheexcursiones.com.ar\/en\/wp-json\/wp\/v2\/comments?post=805"}],"version-history":[{"count":11,"href":"https:\/\/barilocheexcursiones.com.ar\/en\/wp-json\/wp\/v2\/product\/805\/revisions"}],"predecessor-version":[{"id":17814,"href":"https:\/\/barilocheexcursiones.com.ar\/en\/wp-json\/wp\/v2\/product\/805\/revisions\/17814"}],"wp:featuredmedia":[{"embeddable":true,"href":"https:\/\/barilocheexcursiones.com.ar\/en\/wp-json\/wp\/v2\/media\/16957"}],"wp:attachment":[{"href":"https:\/\/barilocheexcursiones.com.ar\/en\/wp-json\/wp\/v2\/media?parent=805"}],"wp:term":[{"taxonomy":"product_brand","embeddable":true,"href":"https:\/\/barilocheexcursiones.com.ar\/en\/wp-json\/wp\/v2\/product_brand?post=805"},{"taxonomy":"product_cat","embeddable":true,"href":"https:\/\/barilocheexcursiones.com.ar\/en\/wp-json\/wp\/v2\/product_cat?post=805"},{"taxonomy":"product_tag","embeddable":true,"href":"https:\/\/barilocheexcursiones.com.ar\/en\/wp-json\/wp\/v2\/product_tag?post=805"}],"curies":[{"name":"wp","href":"https:\/\/api.w.org\/{rel}","templated":true}]}}