{"id":800,"date":"2025-03-23T20:53:06","date_gmt":"2025-03-23T23:53:06","guid":{"rendered":"https:\/\/barilocheexcursiones.com.ar\/?post_type=product&#038;p=800"},"modified":"2026-04-07T12:10:36","modified_gmt":"2026-04-07T15:10:36","slug":"paquete-promocional-3-dias-excursion","status":"publish","type":"product","link":"https:\/\/barilocheexcursiones.com.ar\/en\/product\/promotional-package-3-day-excursion\/","title":{"rendered":"3-Day Special Promo - Explore Patagonia's Must-Sees"},"content":{"rendered":"<h3 data-start=\"320\" data-end=\"379\">The best of southern Argentina, in a comprehensive experience<\/h3>\n<p data-start=\"381\" data-end=\"741\">With this exclusive three-day package, we designed a proposal for travelers looking to explore Patagonia in depth, with the guarantee of excellence and organization that distinguishes Bariloche Excursiones. A tour curated by experts, where each day combines breathtaking landscapes, unspoiled nature and stories that enrich the experience.<\/p>\n<h3 data-start=\"748\" data-end=\"799\">Three unmissable excursions in a single package<\/h3>\n<p data-start=\"801\" data-end=\"897\">This itinerary includes three full-day trips that condense the essence of southern Argentina:<\/p>\n<ul data-start=\"899\" data-end=\"1448\">\n<li data-start=\"899\" data-end=\"1100\">\n<p data-start=\"901\" data-end=\"1100\"><strong data-start=\"901\" data-end=\"952\">San Mart\u00edn de los Andes along the 7 Lakes Route<\/strong> (departure at 08:00 hs): crossing one of the most scenic roads in the country, with photographic stops at viewpoints and crystal clear lakes.<\/p>\n<\/li>\n<li data-start=\"1102\" data-end=\"1302\">\n<p data-start=\"1104\" data-end=\"1302\"><strong data-start=\"1104\" data-end=\"1150\">Cerro Tronador and Ventisquero Negro Glacier<\/strong> (departure at 09:00 hs): a day of high visual impact, where the glacier walls and the surroundings of the Nahuel Huapi National Park stand out.<\/p>\n<\/li>\n<li data-start=\"1304\" data-end=\"1448\">\n<p data-start=\"1306\" data-end=\"1448\"><strong data-start=\"1306\" data-end=\"1345\">Circuito Chico with Campanario Hill<\/strong> (departure at 8:30 a.m.): the classic of classics to admire Bariloche from its most panoramic angle.<\/p>\n<\/li>\n<\/ul>\n<p data-start=\"1450\" data-end=\"1564\">Departures are on consecutive days and can be adapted according to availability and visitor's preferences.<\/p>\n<h3 data-start=\"1571\" data-end=\"1595\">Practical information<\/h3>\n<p data-start=\"1597\" data-end=\"2018\"><strong data-start=\"1597\" data-end=\"1610\">Duration:<\/strong> 3 days (full day excursions)<br data-start=\"1651\" data-end=\"1654\" \/><strong data-start=\"1654\" data-end=\"1677\">Meeting point:<\/strong> Departures from coordinated points between downtown Bariloche and km 8 of Bustillo \/ Pioneros Av.<br data-start=\"1776\" data-end=\"1779\" \/><strong data-start=\"1779\" data-end=\"1791\">Includes:<\/strong> Transportation in authorized vehicles, professional guides in Spanish (optional bilingual with additional charge), complete tour of each excursion.<br data-start=\"1937\" data-end=\"1940\" \/><strong data-start=\"1940\" data-end=\"1955\">Does not include:<\/strong> Meals, national park entrance fees and chairlift tickets<\/p>\n<h3 data-start=\"2025\" data-end=\"2049\">Frequently asked questions<\/h3>\n<p data-start=\"2051\" data-end=\"2191\"><strong data-start=\"2051\" data-end=\"2092\">When can the package be booked?<\/strong><br data-start=\"2092\" data-end=\"2095\" \/>It is available during the warm season, from mid-spring to late fall.<\/p>\n<p data-start=\"2193\" data-end=\"2326\"><strong data-start=\"2193\" data-end=\"2240\">Can I change the order of the excursions?<\/strong><br data-start=\"2240\" data-end=\"2243\" \/>Yes, you can organize the outings in the order you prefer, according to your schedule and weather.<\/p>\n<p data-start=\"2328\" data-end=\"2533\"><strong data-start=\"2328\" data-end=\"2363\">Does it include meals or snacks?<\/strong><br data-start=\"2363\" data-end=\"2366\" \/>No. Meals are at the passenger's own expense, but during each excursion, we suggest stops with a variety of options, including vegetarian or gluten-free alternatives.<\/p>\n<p data-start=\"2535\" data-end=\"2709\"><strong data-start=\"2535\" data-end=\"2577\">What type of clothing is recommended?<\/strong><br data-start=\"2577\" data-end=\"2580\" \/>Comfortable clothes and closed shoes, ideal for hiking and temperature changes. It is suggested to bring sunscreen and a light coat.<\/p>","protected":false},"excerpt":{"rendered":"<p>Experience an unforgettable adventure in Patagonia with our <strong>3-day promotional package<\/strong>. Discover <strong>San Martin de los Andes<\/strong>, the <strong>Seven Lakes Route<\/strong>, the <strong>Cerro Tronador<\/strong> and the <strong>Small Circuit<\/strong>, while enjoying comfort and exclusivity to the fullest.<\/p>","protected":false},"featured_media":16867,"comment_status":"open","ping_status":"closed","template":"","meta":[],"product_brand":[],"product_cat":[91,100,88,174,168,169,172],"product_tag":[],"class_list":{"0":"post-800","1":"product","2":"type-product","3":"status-publish","4":"has-post-thumbnail","6":"product_cat-adultos","7":"product_cat-con-traslado","8":"product_cat-familia","9":"product_cat-promos","10":"product_cat-sin-comida","11":"product_cat-terrestre","12":"product_cat-todo-el-ano-temporada","14":"first","15":"instock","16":"virtual","17":"sold-individually","18":"purchasable","19":"product-type-booking"},"booking_location":"","booking_location_type":"","booking_duration":1,"booking_duration_unit":"hour","booking_buffer":0,"booking_cost":0,"booking_resources":[],"exclude_global_add_ons":false,"addons":[{"name":"STD | Passengers","type":"input_multiplier","position":0,"required":false,"title_format":"label","default":"","description_enable":false,"description":"","placeholder_enable":false,"placeholder":"","display":"select","restrictions_type":"any_text","adjust_price":true,"price":"156000","price_type":"quantity_based","restrictions":false,"min":"0","max":"0","options":[],"id":1773234688}],"yoast_head":"<!-- This site is optimized with the Yoast SEO Premium plugin v24.5 (Yoast SEO v24.8) - https:\/\/yoast.com\/wordpress\/plugins\/seo\/ -->\n<title>Promo Especial 3 D\u00edas \u2013 Explor\u00e1 los Imperdibles de la Patagonia - Bariloche Excursiones<\/title>\n<meta name=\"description\" content=\"Promoci\u00f3n especial de excursiones por Bariloche. Tres d\u00edas con salidas a San Mart\u00edn de los Andes, Cerro Tronador y Circuito Chico. Incluye traslados y gu\u00eda.\" \/>\n<meta name=\"robots\" content=\"index, follow, max-snippet:-1, max-image-preview:large, max-video-preview:-1\" \/>\n<link rel=\"canonical\" href=\"https:\/\/barilocheexcursiones.com.ar\/en\/product\/promotional-package-3-day-excursion\/\" \/>\n<meta property=\"og:locale\" content=\"en_US\" \/>\n<meta property=\"og:type\" content=\"article\" \/>\n<meta property=\"og:title\" content=\"Promo Especial 3 D\u00edas \u2013 Explor\u00e1 los Imperdibles de la Patagonia\" \/>\n<meta property=\"og:description\" content=\"Promoci\u00f3n especial de excursiones por Bariloche. Tres d\u00edas con salidas a San Mart\u00edn de los Andes, Cerro Tronador y Circuito Chico. Incluye traslados y gu\u00eda.\" \/>\n<meta property=\"og:url\" content=\"https:\/\/barilocheexcursiones.com.ar\/en\/product\/promotional-package-3-day-excursion\/\" \/>\n<meta property=\"og:site_name\" content=\"Bariloche Excursiones\" \/>\n<meta property=\"article:modified_time\" content=\"2026-04-07T15:10:36+00:00\" \/>\n<meta property=\"og:image\" content=\"https:\/\/barilocheexcursiones.com.ar\/wp-content\/uploads\/2025\/03\/3-D-IMG_2705-scaled.jpg\" \/>\n\t<meta property=\"og:image:width\" content=\"1920\" \/>\n\t<meta property=\"og:image:height\" content=\"2560\" \/>\n\t<meta property=\"og:image:type\" content=\"image\/jpeg\" \/>\n<meta name=\"twitter:card\" content=\"summary_large_image\" \/>\n<meta name=\"twitter:label1\" content=\"Price\" \/>\n\t<meta name=\"twitter:data1\" content=\"&#036;&nbsp;156.000,00\" \/>\n\t<meta name=\"twitter:label2\" content=\"Availability\" \/>\n\t<meta name=\"twitter:data2\" content=\"In stock\" \/>\n<script type=\"application\/ld+json\" class=\"yoast-schema-graph\">{\"@context\":\"https:\/\/schema.org\",\"@graph\":[{\"@type\":[\"WebPage\",\"ItemPage\"],\"@id\":\"https:\/\/barilocheexcursiones.com.ar\/product\/paquete-promocional-3-dias-excursion\/\",\"url\":\"https:\/\/barilocheexcursiones.com.ar\/product\/paquete-promocional-3-dias-excursion\/\",\"name\":\"Promo Especial 3 D\u00edas \u2013 Explor\u00e1 los Imperdibles de la Patagonia - Bariloche Excursiones\",\"isPartOf\":{\"@id\":\"https:\/\/barilocheexcursiones.com.ar\/#website\"},\"primaryImageOfPage\":{\"@id\":\"https:\/\/barilocheexcursiones.com.ar\/product\/paquete-promocional-3-dias-excursion\/#primaryimage\"},\"image\":{\"@id\":\"https:\/\/barilocheexcursiones.com.ar\/product\/paquete-promocional-3-dias-excursion\/#primaryimage\"},\"thumbnailUrl\":\"https:\/\/barilocheexcursiones.com.ar\/wp-content\/uploads\/2025\/03\/3-D-IMG_2705-scaled.jpg\",\"datePublished\":\"2025-03-23T23:53:06+00:00\",\"dateModified\":\"2026-04-07T15:10:36+00:00\",\"description\":\"Promoci\u00f3n especial de excursiones por Bariloche. Tres d\u00edas con salidas a San Mart\u00edn de los Andes, Cerro Tronador y Circuito Chico. Incluye traslados y gu\u00eda.\",\"breadcrumb\":{\"@id\":\"https:\/\/barilocheexcursiones.com.ar\/product\/paquete-promocional-3-dias-excursion\/#breadcrumb\"},\"inLanguage\":\"en-US\",\"potentialAction\":[{\"@type\":\"ReadAction\",\"target\":[\"https:\/\/barilocheexcursiones.com.ar\/product\/paquete-promocional-3-dias-excursion\/\"]}]},{\"@type\":\"ImageObject\",\"inLanguage\":\"en-US\",\"@id\":\"https:\/\/barilocheexcursiones.com.ar\/product\/paquete-promocional-3-dias-excursion\/#primaryimage\",\"url\":\"https:\/\/barilocheexcursiones.com.ar\/wp-content\/uploads\/2025\/03\/3-D-IMG_2705-scaled.jpg\",\"contentUrl\":\"https:\/\/barilocheexcursiones.com.ar\/wp-content\/uploads\/2025\/03\/3-D-IMG_2705-scaled.jpg\",\"width\":1920,\"height\":2560},{\"@type\":\"BreadcrumbList\",\"@id\":\"https:\/\/barilocheexcursiones.com.ar\/product\/paquete-promocional-3-dias-excursion\/#breadcrumb\",\"itemListElement\":[{\"@type\":\"ListItem\",\"position\":1,\"name\":\"Home\",\"item\":\"https:\/\/barilocheexcursiones.com.ar\/\"},{\"@type\":\"ListItem\",\"position\":2,\"name\":\"Excursiones, traslados y m\u00e1s!\",\"item\":\"https:\/\/barilocheexcursiones.com.ar\/shop\/\"},{\"@type\":\"ListItem\",\"position\":3,\"name\":\"Promo Especial 3 D\u00edas \u2013 Explor\u00e1 los Imperdibles de la Patagonia\"}]},{\"@type\":\"WebSite\",\"@id\":\"https:\/\/barilocheexcursiones.com.ar\/#website\",\"url\":\"https:\/\/barilocheexcursiones.com.ar\/\",\"name\":\"Bariloche Excursiones\",\"description\":\"Vivir la experiencia en Bariloche\",\"publisher\":{\"@id\":\"https:\/\/barilocheexcursiones.com.ar\/#organization\"},\"potentialAction\":[{\"@type\":\"SearchAction\",\"target\":{\"@type\":\"EntryPoint\",\"urlTemplate\":\"https:\/\/barilocheexcursiones.com.ar\/?s={search_term_string}\"},\"query-input\":{\"@type\":\"PropertyValueSpecification\",\"valueRequired\":true,\"valueName\":\"search_term_string\"}}],\"inLanguage\":\"en-US\"},{\"@type\":\"Organization\",\"@id\":\"https:\/\/barilocheexcursiones.com.ar\/#organization\",\"name\":\"Bariloche Excursiones\",\"url\":\"https:\/\/barilocheexcursiones.com.ar\/\",\"logo\":{\"@type\":\"ImageObject\",\"inLanguage\":\"en-US\",\"@id\":\"https:\/\/barilocheexcursiones.com.ar\/#\/schema\/logo\/image\/\",\"url\":\"https:\/\/barilocheexcursiones.com.ar\/wp-content\/uploads\/2025\/04\/bariloche-excursiones-logo.png\",\"contentUrl\":\"https:\/\/barilocheexcursiones.com.ar\/wp-content\/uploads\/2025\/04\/bariloche-excursiones-logo.png\",\"width\":512,\"height\":512,\"caption\":\"Bariloche Excursiones\"},\"image\":{\"@id\":\"https:\/\/barilocheexcursiones.com.ar\/#\/schema\/logo\/image\/\"}}]}<\/script>\n<meta property=\"product:price:amount\" content=\"156000.00\" \/>\n<meta property=\"product:price:currency\" content=\"ARS\" \/>\n<meta property=\"og:availability\" content=\"instock\" \/>\n<meta property=\"product:availability\" content=\"instock\" \/>\n<meta property=\"product:retailer_item_id\" content=\"ADV2025PAPRDE20W5\" \/>\n<meta property=\"product:condition\" content=\"new\" \/>\n<!-- \/ Yoast SEO Premium plugin. -->","yoast_head_json":{"title":"Special Promo 3 Days - Explore the Unmissable of Patagonia - Bariloche Excursions","description":"Special promotion of excursions in Bariloche. Three days with departures to San Mart\u00edn de los Andes, Cerro Tronador and Circuito Chico. Transfers and guide included.","robots":{"index":"index","follow":"follow","max-snippet":"max-snippet:-1","max-image-preview":"max-image-preview:large","max-video-preview":"max-video-preview:-1"},"canonical":"https:\/\/barilocheexcursiones.com.ar\/en\/product\/promotional-package-3-day-excursion\/","og_locale":"en_US","og_type":"article","og_title":"Promo Especial 3 D\u00edas \u2013 Explor\u00e1 los Imperdibles de la Patagonia","og_description":"Promoci\u00f3n especial de excursiones por Bariloche. Tres d\u00edas con salidas a San Mart\u00edn de los Andes, Cerro Tronador y Circuito Chico. Incluye traslados y gu\u00eda.","og_url":"https:\/\/barilocheexcursiones.com.ar\/en\/product\/promotional-package-3-day-excursion\/","og_site_name":"Bariloche Excursiones","article_modified_time":"2026-04-07T15:10:36+00:00","og_image":[{"width":1920,"height":2560,"url":"https:\/\/barilocheexcursiones.com.ar\/wp-content\/uploads\/2025\/03\/3-D-IMG_2705-scaled.jpg","type":"image\/jpeg"}],"twitter_card":"summary_large_image","twitter_misc":{"Price":"&#36;&nbsp;156.000,00","Availability":"In stock"},"schema":{"@context":"https:\/\/schema.org","@graph":[{"@type":["WebPage","ItemPage"],"@id":"https:\/\/barilocheexcursiones.com.ar\/product\/paquete-promocional-3-dias-excursion\/","url":"https:\/\/barilocheexcursiones.com.ar\/product\/paquete-promocional-3-dias-excursion\/","name":"Special Promo 3 Days - Explore the Unmissable of Patagonia - Bariloche Excursions","isPartOf":{"@id":"https:\/\/barilocheexcursiones.com.ar\/#website"},"primaryImageOfPage":{"@id":"https:\/\/barilocheexcursiones.com.ar\/product\/paquete-promocional-3-dias-excursion\/#primaryimage"},"image":{"@id":"https:\/\/barilocheexcursiones.com.ar\/product\/paquete-promocional-3-dias-excursion\/#primaryimage"},"thumbnailUrl":"https:\/\/barilocheexcursiones.com.ar\/wp-content\/uploads\/2025\/03\/3-D-IMG_2705-scaled.jpg","datePublished":"2025-03-23T23:53:06+00:00","dateModified":"2026-04-07T15:10:36+00:00","description":"Special promotion of excursions in Bariloche. Three days with departures to San Mart\u00edn de los Andes, Cerro Tronador and Circuito Chico. Transfers and guide included.","breadcrumb":{"@id":"https:\/\/barilocheexcursiones.com.ar\/product\/paquete-promocional-3-dias-excursion\/#breadcrumb"},"inLanguage":"en-US","potentialAction":[{"@type":"ReadAction","target":["https:\/\/barilocheexcursiones.com.ar\/product\/paquete-promocional-3-dias-excursion\/"]}]},{"@type":"ImageObject","inLanguage":"en-US","@id":"https:\/\/barilocheexcursiones.com.ar\/product\/paquete-promocional-3-dias-excursion\/#primaryimage","url":"https:\/\/barilocheexcursiones.com.ar\/wp-content\/uploads\/2025\/03\/3-D-IMG_2705-scaled.jpg","contentUrl":"https:\/\/barilocheexcursiones.com.ar\/wp-content\/uploads\/2025\/03\/3-D-IMG_2705-scaled.jpg","width":1920,"height":2560},{"@type":"BreadcrumbList","@id":"https:\/\/barilocheexcursiones.com.ar\/product\/paquete-promocional-3-dias-excursion\/#breadcrumb","itemListElement":[{"@type":"ListItem","position":1,"name":"Home","item":"https:\/\/barilocheexcursiones.com.ar\/"},{"@type":"ListItem","position":2,"name":"Excursiones, traslados y m\u00e1s!","item":"https:\/\/barilocheexcursiones.com.ar\/shop\/"},{"@type":"ListItem","position":3,"name":"Promo Especial 3 D\u00edas \u2013 Explor\u00e1 los Imperdibles de la Patagonia"}]},{"@type":"WebSite","@id":"https:\/\/barilocheexcursiones.com.ar\/#website","url":"https:\/\/barilocheexcursiones.com.ar\/","name":"Bariloche Excursions","description":"Living the experience in Bariloche","publisher":{"@id":"https:\/\/barilocheexcursiones.com.ar\/#organization"},"potentialAction":[{"@type":"SearchAction","target":{"@type":"EntryPoint","urlTemplate":"https:\/\/barilocheexcursiones.com.ar\/?s={search_term_string}"},"query-input":{"@type":"PropertyValueSpecification","valueRequired":true,"valueName":"search_term_string"}}],"inLanguage":"en-US"},{"@type":"Organization","@id":"https:\/\/barilocheexcursiones.com.ar\/#organization","name":"Bariloche Excursions","url":"https:\/\/barilocheexcursiones.com.ar\/","logo":{"@type":"ImageObject","inLanguage":"en-US","@id":"https:\/\/barilocheexcursiones.com.ar\/#\/schema\/logo\/image\/","url":"https:\/\/barilocheexcursiones.com.ar\/wp-content\/uploads\/2025\/04\/bariloche-excursiones-logo.png","contentUrl":"https:\/\/barilocheexcursiones.com.ar\/wp-content\/uploads\/2025\/04\/bariloche-excursiones-logo.png","width":512,"height":512,"caption":"Bariloche Excursiones"},"image":{"@id":"https:\/\/barilocheexcursiones.com.ar\/#\/schema\/logo\/image\/"}}]},"product_price_amount":"156000.00","product_price_currency":"ARS","og_availability":"instock","product_availability":"instock","product_retailer_item_id":"ADV2025PAPRDE20W5","product_condition":"new"},"_links":{"self":[{"href":"https:\/\/barilocheexcursiones.com.ar\/en\/wp-json\/wp\/v2\/product\/800","targetHints":{"allow":["GET"]}}],"collection":[{"href":"https:\/\/barilocheexcursiones.com.ar\/en\/wp-json\/wp\/v2\/product"}],"about":[{"href":"https:\/\/barilocheexcursiones.com.ar\/en\/wp-json\/wp\/v2\/types\/product"}],"replies":[{"embeddable":true,"href":"https:\/\/barilocheexcursiones.com.ar\/en\/wp-json\/wp\/v2\/comments?post=800"}],"version-history":[{"count":6,"href":"https:\/\/barilocheexcursiones.com.ar\/en\/wp-json\/wp\/v2\/product\/800\/revisions"}],"predecessor-version":[{"id":17743,"href":"https:\/\/barilocheexcursiones.com.ar\/en\/wp-json\/wp\/v2\/product\/800\/revisions\/17743"}],"wp:featuredmedia":[{"embeddable":true,"href":"https:\/\/barilocheexcursiones.com.ar\/en\/wp-json\/wp\/v2\/media\/16867"}],"wp:attachment":[{"href":"https:\/\/barilocheexcursiones.com.ar\/en\/wp-json\/wp\/v2\/media?parent=800"}],"wp:term":[{"taxonomy":"product_brand","embeddable":true,"href":"https:\/\/barilocheexcursiones.com.ar\/en\/wp-json\/wp\/v2\/product_brand?post=800"},{"taxonomy":"product_cat","embeddable":true,"href":"https:\/\/barilocheexcursiones.com.ar\/en\/wp-json\/wp\/v2\/product_cat?post=800"},{"taxonomy":"product_tag","embeddable":true,"href":"https:\/\/barilocheexcursiones.com.ar\/en\/wp-json\/wp\/v2\/product_tag?post=800"}],"curies":[{"name":"wp","href":"https:\/\/api.w.org\/{rel}","templated":true}]}}