{"id":799,"date":"2025-03-23T20:52:56","date_gmt":"2025-03-23T23:52:56","guid":{"rendered":"https:\/\/barilocheexcursiones.com.ar\/?post_type=product&#038;p=799"},"modified":"2026-04-07T12:10:36","modified_gmt":"2026-04-07T15:10:36","slug":"isla-victoria-bosque-de-arrayanes-traslado","status":"publish","type":"product","link":"https:\/\/barilocheexcursiones.com.ar\/en\/product\/victoria-island-myrtle-forest-transfer\/","title":{"rendered":"Isla Victoria and Bosque de Arrayanes: a magical journey through Patagonia-With transportation"},"content":{"rendered":"<h3 data-start=\"437\" data-end=\"515\"><strong data-start=\"441\" data-end=\"515\">An unmissable lake tour to discover two icons of Patagonia<\/strong><\/h3>\n<p data-start=\"517\" data-end=\"814\">Setting sail from the classic Puerto Pa\u00f1uelo, this excursion invites you to navigate the deep waters of Lake Nahuel Huapi towards two unique natural wonders: the mystical Victoria Island and the Arrayanes Forest, the only one in the world with centuries-old specimens of this cinnamon-colored bark tree.<\/p>\n<h3 data-start=\"821\" data-end=\"853\">Itinerary of the experience<\/h3>\n<p data-start=\"855\" data-end=\"1150\">The first part of the tour takes us to the Quetrihu\u00e9 Peninsula, where you can walk among myrtle trees that have inspired tales and legends. Its magical appearance, its perfectly marked trails and the atmosphere of the place make this walk a multi-sensory experience.<\/p>\n<p data-start=\"1152\" data-end=\"1417\">Then, we sail to Puerto Anchorena on Victoria Island. There, trails with panoramic views, native flora and the famous Playa del Toro, which preserves archaeological remains such as cave paintings and volcanic sands that contrast with the blue of the lake await you.<\/p>\n<h3 data-start=\"1424\" data-end=\"1450\">Important information<\/h3>\n<ul data-start=\"1452\" data-end=\"2040\">\n<li data-start=\"1452\" data-end=\"1546\">\n<p data-start=\"1454\" data-end=\"1546\"><strong data-start=\"1454\" data-end=\"1466\">Duration<\/strong>Half day - usual departure at 12:30 pm, return approximately at 7:00 pm.<\/p>\n<\/li>\n<li data-start=\"1547\" data-end=\"1640\">\n<p data-start=\"1549\" data-end=\"1640\"><strong data-start=\"1549\" data-end=\"1570\">Type of activity<\/strong>Lake tour with guided walks through protected natural areas.<\/p>\n<\/li>\n<li data-start=\"1641\" data-end=\"1764\">\n<p data-start=\"1643\" data-end=\"1764\"><strong data-start=\"1643\" data-end=\"1654\">Includes<\/strong>Transfer from points near downtown Bariloche to Puerto Pa\u00f1uelo, specialized guide and navigation.<\/p>\n<\/li>\n<li data-start=\"1765\" data-end=\"1923\">\n<p data-start=\"1767\" data-end=\"1923\"><strong data-start=\"1767\" data-end=\"1781\">Does not include<\/strong>Boarding ticket and National Park entrance fee (to be paid at the port). Meals are not included, but there are inns available.<\/p>\n<\/li>\n<li data-start=\"1924\" data-end=\"2040\">\n<p data-start=\"1926\" data-end=\"2040\"><strong data-start=\"1926\" data-end=\"1940\">Important<\/strong>Transfers depart from nearby areas between downtown Bariloche and km 20 of Bustillo Av.<\/p>\n<\/li>\n<\/ul>\n<h3 data-start=\"2047\" data-end=\"2071\">Frequently Asked Questions<\/h3>\n<p data-start=\"2073\" data-end=\"2242\"><strong data-start=\"2073\" data-end=\"2118\">Where do I pay the fees and boarding?<\/strong><br data-start=\"2118\" data-end=\"2121\" \/>Payment is made on the same day in cash at Puerto Pa\u00f1uelo. Some discounts apply to Argentine residents with accreditation.<\/p>\n<p data-start=\"2244\" data-end=\"2422\"><strong data-start=\"2244\" data-end=\"2290\">Is it possible to buy food during the tour?<\/strong><br data-start=\"2290\" data-end=\"2293\" \/>Yes, options are available both on board and in Isla Victoria and Bosque de Arrayanes. You can also bring your own lunch.<\/p>\n<p data-start=\"2424\" data-end=\"2573\"><strong data-start=\"2424\" data-end=\"2475\">Is the vessel always the Modesta Victoria?<\/strong><br data-start=\"2475\" data-end=\"2478\" \/>In most cases yes, although it may vary according to availability and lake conditions.<\/p>\n<p data-start=\"2575\" data-end=\"2743\"><strong data-start=\"2575\" data-end=\"2630\">Is it advisable to combine this tour with others?<\/strong><br data-start=\"2630\" data-end=\"2633\" \/>Yes, if you leave in the afternoon, you can do the Circuito Chico in the morning and complete the day with this navigation.<\/p>","protected":false},"excerpt":{"rendered":"<p>Explore <strong>Victoria Island<\/strong> and the <strong>Arrayanes Forest<\/strong> in a fascinating excursion that highlights the immensity of the Patagonian nature. With transfers and lake guide included, discover unique trails and dazzling views, secure your place and live an unforgettable day in Bariloche!<\/p>","protected":false},"featured_media":17137,"comment_status":"open","ping_status":"closed","template":"","meta":[],"product_brand":[],"product_cat":[91,100,88,173,170,167,168,172],"product_tag":[],"class_list":{"0":"post-799","1":"product","2":"type-product","3":"status-publish","4":"has-post-thumbnail","6":"product_cat-adultos","7":"product_cat-con-traslado","8":"product_cat-familia","9":"product_cat-jubilados-apto","10":"product_cat-lacustre-tipo","11":"product_cat-ninos-apto","12":"product_cat-sin-comida-incluido","13":"product_cat-todo-el-ano-temporada","15":"first","16":"instock","17":"virtual","18":"sold-individually","19":"purchasable","20":"product-type-booking"},"booking_location":"","booking_location_type":"","booking_duration":60,"booking_duration_unit":"minute","booking_buffer":0,"booking_cost":0,"booking_resources":[],"exclude_global_add_ons":false,"addons":[{"name":"ADU | Adult","type":"input_multiplier","position":0,"required":false,"title_format":"label","default":"","description_enable":false,"description":"","placeholder_enable":false,"placeholder":"","display":"select","restrictions_type":"any_text","adjust_price":true,"price":"158000","price_type":"quantity_based","restrictions":false,"min":"0","max":"0","options":[],"id":1773234582},{"name":"MEN512 | from 5 to 12","type":"input_multiplier","position":1,"required":false,"title_format":"label","default":"","description_enable":false,"description":"","placeholder_enable":false,"placeholder":"","display":"select","restrictions_type":"any_text","adjust_price":true,"price":"92000","price_type":"quantity_based","restrictions":false,"min":"0","max":"0","options":[],"id":1773234583},{"name":"ADUJ : Retired","type":"input_multiplier","position":2,"required":false,"title_format":"label","default":"","description_enable":false,"description":"","placeholder_enable":false,"placeholder":"","display":"select","restrictions_type":"any_text","adjust_price":true,"price":"92000","price_type":"quantity_based","restrictions":false,"min":"0","max":"0","options":[],"id":1773234584}],"yoast_head":"<!-- This site is optimized with the Yoast SEO Premium plugin v24.5 (Yoast SEO v24.8) - https:\/\/yoast.com\/wordpress\/plugins\/seo\/ -->\n<title>Isla Victoria y Bosque de Arrayanes - Bariloche Excursiones<\/title>\n<meta name=\"description\" content=\"Excursi\u00f3n lacustre a Isla Victoria y Bosque de Arrayanes desde Bariloche. Navegaci\u00f3n, senderos naturales, historia y vistas inolvidables en un solo paseo.\" \/>\n<meta name=\"robots\" content=\"index, follow, max-snippet:-1, max-image-preview:large, max-video-preview:-1\" \/>\n<link rel=\"canonical\" href=\"https:\/\/barilocheexcursiones.com.ar\/en\/product\/victoria-island-myrtle-forest-transfer\/\" \/>\n<meta property=\"og:locale\" content=\"en_US\" \/>\n<meta property=\"og:type\" content=\"article\" \/>\n<meta property=\"og:title\" content=\"Isla Victoria y Bosque de Arrayanes: una traves\u00eda m\u00e1gica por la Patagonia-Con traslado\" \/>\n<meta property=\"og:description\" content=\"Excursi\u00f3n lacustre a Isla Victoria y Bosque de Arrayanes desde Bariloche. Navegaci\u00f3n, senderos naturales, historia y vistas inolvidables en un solo paseo.\" \/>\n<meta property=\"og:url\" content=\"https:\/\/barilocheexcursiones.com.ar\/en\/product\/victoria-island-myrtle-forest-transfer\/\" \/>\n<meta property=\"og:site_name\" content=\"Bariloche Excursiones\" \/>\n<meta property=\"article:modified_time\" content=\"2026-04-07T15:10:36+00:00\" \/>\n<meta property=\"og:image\" content=\"https:\/\/barilocheexcursiones.com.ar\/wp-content\/uploads\/2025\/03\/7-c-1.jpg\" \/>\n\t<meta property=\"og:image:width\" content=\"992\" \/>\n\t<meta property=\"og:image:height\" content=\"1323\" \/>\n\t<meta property=\"og:image:type\" content=\"image\/jpeg\" \/>\n<meta name=\"twitter:card\" content=\"summary_large_image\" \/>\n<meta name=\"twitter:label1\" content=\"Price\" \/>\n\t<meta name=\"twitter:data1\" content=\"&#036;&nbsp;158.000,00\" \/>\n\t<meta name=\"twitter:label2\" content=\"Availability\" \/>\n\t<meta name=\"twitter:data2\" content=\"In stock\" \/>\n<script type=\"application\/ld+json\" class=\"yoast-schema-graph\">{\"@context\":\"https:\/\/schema.org\",\"@graph\":[{\"@type\":[\"WebPage\",\"ItemPage\"],\"@id\":\"https:\/\/barilocheexcursiones.com.ar\/product\/isla-victoria-bosque-de-arrayanes-traslado\/\",\"url\":\"https:\/\/barilocheexcursiones.com.ar\/product\/isla-victoria-bosque-de-arrayanes-traslado\/\",\"name\":\"Isla Victoria y Bosque de Arrayanes - Bariloche Excursiones\",\"isPartOf\":{\"@id\":\"https:\/\/barilocheexcursiones.com.ar\/#website\"},\"primaryImageOfPage\":{\"@id\":\"https:\/\/barilocheexcursiones.com.ar\/product\/isla-victoria-bosque-de-arrayanes-traslado\/#primaryimage\"},\"image\":{\"@id\":\"https:\/\/barilocheexcursiones.com.ar\/product\/isla-victoria-bosque-de-arrayanes-traslado\/#primaryimage\"},\"thumbnailUrl\":\"https:\/\/barilocheexcursiones.com.ar\/wp-content\/uploads\/2025\/03\/7-c-1.jpg\",\"datePublished\":\"2025-03-23T23:52:56+00:00\",\"dateModified\":\"2026-04-07T15:10:36+00:00\",\"description\":\"Excursi\u00f3n lacustre a Isla Victoria y Bosque de Arrayanes desde Bariloche. Navegaci\u00f3n, senderos naturales, historia y vistas inolvidables en un solo paseo.\",\"breadcrumb\":{\"@id\":\"https:\/\/barilocheexcursiones.com.ar\/product\/isla-victoria-bosque-de-arrayanes-traslado\/#breadcrumb\"},\"inLanguage\":\"en-US\",\"potentialAction\":[{\"@type\":\"ReadAction\",\"target\":[\"https:\/\/barilocheexcursiones.com.ar\/product\/isla-victoria-bosque-de-arrayanes-traslado\/\"]}]},{\"@type\":\"ImageObject\",\"inLanguage\":\"en-US\",\"@id\":\"https:\/\/barilocheexcursiones.com.ar\/product\/isla-victoria-bosque-de-arrayanes-traslado\/#primaryimage\",\"url\":\"https:\/\/barilocheexcursiones.com.ar\/wp-content\/uploads\/2025\/03\/7-c-1.jpg\",\"contentUrl\":\"https:\/\/barilocheexcursiones.com.ar\/wp-content\/uploads\/2025\/03\/7-c-1.jpg\",\"width\":992,\"height\":1323},{\"@type\":\"BreadcrumbList\",\"@id\":\"https:\/\/barilocheexcursiones.com.ar\/product\/isla-victoria-bosque-de-arrayanes-traslado\/#breadcrumb\",\"itemListElement\":[{\"@type\":\"ListItem\",\"position\":1,\"name\":\"Home\",\"item\":\"https:\/\/barilocheexcursiones.com.ar\/\"},{\"@type\":\"ListItem\",\"position\":2,\"name\":\"Excursiones, traslados y m\u00e1s!\",\"item\":\"https:\/\/barilocheexcursiones.com.ar\/shop\/\"},{\"@type\":\"ListItem\",\"position\":3,\"name\":\"Isla Victoria y Bosque de Arrayanes: una traves\u00eda m\u00e1gica por la Patagonia-Con traslado\"}]},{\"@type\":\"WebSite\",\"@id\":\"https:\/\/barilocheexcursiones.com.ar\/#website\",\"url\":\"https:\/\/barilocheexcursiones.com.ar\/\",\"name\":\"Bariloche Excursiones\",\"description\":\"Vivir la experiencia en Bariloche\",\"publisher\":{\"@id\":\"https:\/\/barilocheexcursiones.com.ar\/#organization\"},\"potentialAction\":[{\"@type\":\"SearchAction\",\"target\":{\"@type\":\"EntryPoint\",\"urlTemplate\":\"https:\/\/barilocheexcursiones.com.ar\/?s={search_term_string}\"},\"query-input\":{\"@type\":\"PropertyValueSpecification\",\"valueRequired\":true,\"valueName\":\"search_term_string\"}}],\"inLanguage\":\"en-US\"},{\"@type\":\"Organization\",\"@id\":\"https:\/\/barilocheexcursiones.com.ar\/#organization\",\"name\":\"Bariloche Excursiones\",\"url\":\"https:\/\/barilocheexcursiones.com.ar\/\",\"logo\":{\"@type\":\"ImageObject\",\"inLanguage\":\"en-US\",\"@id\":\"https:\/\/barilocheexcursiones.com.ar\/#\/schema\/logo\/image\/\",\"url\":\"https:\/\/barilocheexcursiones.com.ar\/wp-content\/uploads\/2025\/04\/bariloche-excursiones-logo.png\",\"contentUrl\":\"https:\/\/barilocheexcursiones.com.ar\/wp-content\/uploads\/2025\/04\/bariloche-excursiones-logo.png\",\"width\":512,\"height\":512,\"caption\":\"Bariloche Excursiones\"},\"image\":{\"@id\":\"https:\/\/barilocheexcursiones.com.ar\/#\/schema\/logo\/image\/\"}}]}<\/script>\n<meta property=\"product:price:amount\" content=\"158000.00\" \/>\n<meta property=\"product:price:currency\" content=\"ARS\" \/>\n<meta property=\"og:availability\" content=\"instock\" \/>\n<meta property=\"product:availability\" content=\"instock\" \/>\n<meta property=\"product:retailer_item_id\" content=\"ADV2025ISVIYBMX11\" \/>\n<meta property=\"product:condition\" content=\"new\" \/>\n<!-- \/ Yoast SEO Premium plugin. -->","yoast_head_json":{"title":"Victoria Island &amp; Arrayanes Forest - Bariloche Excursions","description":"Lake excursion to Victoria Island and Arrayanes Forest from Bariloche. Navigation, nature trails, history and unforgettable views in one trip.","robots":{"index":"index","follow":"follow","max-snippet":"max-snippet:-1","max-image-preview":"max-image-preview:large","max-video-preview":"max-video-preview:-1"},"canonical":"https:\/\/barilocheexcursiones.com.ar\/en\/product\/victoria-island-myrtle-forest-transfer\/","og_locale":"en_US","og_type":"article","og_title":"Isla Victoria y Bosque de Arrayanes: una traves\u00eda m\u00e1gica por la Patagonia-Con traslado","og_description":"Excursi\u00f3n lacustre a Isla Victoria y Bosque de Arrayanes desde Bariloche. Navegaci\u00f3n, senderos naturales, historia y vistas inolvidables en un solo paseo.","og_url":"https:\/\/barilocheexcursiones.com.ar\/en\/product\/victoria-island-myrtle-forest-transfer\/","og_site_name":"Bariloche Excursiones","article_modified_time":"2026-04-07T15:10:36+00:00","og_image":[{"width":992,"height":1323,"url":"https:\/\/barilocheexcursiones.com.ar\/wp-content\/uploads\/2025\/03\/7-c-1.jpg","type":"image\/jpeg"}],"twitter_card":"summary_large_image","twitter_misc":{"Price":"&#36;&nbsp;158.000,00","Availability":"In stock"},"schema":{"@context":"https:\/\/schema.org","@graph":[{"@type":["WebPage","ItemPage"],"@id":"https:\/\/barilocheexcursiones.com.ar\/product\/isla-victoria-bosque-de-arrayanes-traslado\/","url":"https:\/\/barilocheexcursiones.com.ar\/product\/isla-victoria-bosque-de-arrayanes-traslado\/","name":"Victoria Island &amp; Arrayanes Forest - Bariloche Excursions","isPartOf":{"@id":"https:\/\/barilocheexcursiones.com.ar\/#website"},"primaryImageOfPage":{"@id":"https:\/\/barilocheexcursiones.com.ar\/product\/isla-victoria-bosque-de-arrayanes-traslado\/#primaryimage"},"image":{"@id":"https:\/\/barilocheexcursiones.com.ar\/product\/isla-victoria-bosque-de-arrayanes-traslado\/#primaryimage"},"thumbnailUrl":"https:\/\/barilocheexcursiones.com.ar\/wp-content\/uploads\/2025\/03\/7-c-1.jpg","datePublished":"2025-03-23T23:52:56+00:00","dateModified":"2026-04-07T15:10:36+00:00","description":"Lake excursion to Victoria Island and Arrayanes Forest from Bariloche. Navigation, nature trails, history and unforgettable views in one trip.","breadcrumb":{"@id":"https:\/\/barilocheexcursiones.com.ar\/product\/isla-victoria-bosque-de-arrayanes-traslado\/#breadcrumb"},"inLanguage":"en-US","potentialAction":[{"@type":"ReadAction","target":["https:\/\/barilocheexcursiones.com.ar\/product\/isla-victoria-bosque-de-arrayanes-traslado\/"]}]},{"@type":"ImageObject","inLanguage":"en-US","@id":"https:\/\/barilocheexcursiones.com.ar\/product\/isla-victoria-bosque-de-arrayanes-traslado\/#primaryimage","url":"https:\/\/barilocheexcursiones.com.ar\/wp-content\/uploads\/2025\/03\/7-c-1.jpg","contentUrl":"https:\/\/barilocheexcursiones.com.ar\/wp-content\/uploads\/2025\/03\/7-c-1.jpg","width":992,"height":1323},{"@type":"BreadcrumbList","@id":"https:\/\/barilocheexcursiones.com.ar\/product\/isla-victoria-bosque-de-arrayanes-traslado\/#breadcrumb","itemListElement":[{"@type":"ListItem","position":1,"name":"Home","item":"https:\/\/barilocheexcursiones.com.ar\/"},{"@type":"ListItem","position":2,"name":"Excursiones, traslados y m\u00e1s!","item":"https:\/\/barilocheexcursiones.com.ar\/shop\/"},{"@type":"ListItem","position":3,"name":"Isla Victoria y Bosque de Arrayanes: una traves\u00eda m\u00e1gica por la Patagonia-Con traslado"}]},{"@type":"WebSite","@id":"https:\/\/barilocheexcursiones.com.ar\/#website","url":"https:\/\/barilocheexcursiones.com.ar\/","name":"Bariloche Excursions","description":"Living the experience in Bariloche","publisher":{"@id":"https:\/\/barilocheexcursiones.com.ar\/#organization"},"potentialAction":[{"@type":"SearchAction","target":{"@type":"EntryPoint","urlTemplate":"https:\/\/barilocheexcursiones.com.ar\/?s={search_term_string}"},"query-input":{"@type":"PropertyValueSpecification","valueRequired":true,"valueName":"search_term_string"}}],"inLanguage":"en-US"},{"@type":"Organization","@id":"https:\/\/barilocheexcursiones.com.ar\/#organization","name":"Bariloche Excursions","url":"https:\/\/barilocheexcursiones.com.ar\/","logo":{"@type":"ImageObject","inLanguage":"en-US","@id":"https:\/\/barilocheexcursiones.com.ar\/#\/schema\/logo\/image\/","url":"https:\/\/barilocheexcursiones.com.ar\/wp-content\/uploads\/2025\/04\/bariloche-excursiones-logo.png","contentUrl":"https:\/\/barilocheexcursiones.com.ar\/wp-content\/uploads\/2025\/04\/bariloche-excursiones-logo.png","width":512,"height":512,"caption":"Bariloche Excursiones"},"image":{"@id":"https:\/\/barilocheexcursiones.com.ar\/#\/schema\/logo\/image\/"}}]},"product_price_amount":"158000.00","product_price_currency":"ARS","og_availability":"instock","product_availability":"instock","product_retailer_item_id":"ADV2025ISVIYBMX11","product_condition":"new"},"_links":{"self":[{"href":"https:\/\/barilocheexcursiones.com.ar\/en\/wp-json\/wp\/v2\/product\/799","targetHints":{"allow":["GET"]}}],"collection":[{"href":"https:\/\/barilocheexcursiones.com.ar\/en\/wp-json\/wp\/v2\/product"}],"about":[{"href":"https:\/\/barilocheexcursiones.com.ar\/en\/wp-json\/wp\/v2\/types\/product"}],"replies":[{"embeddable":true,"href":"https:\/\/barilocheexcursiones.com.ar\/en\/wp-json\/wp\/v2\/comments?post=799"}],"version-history":[{"count":8,"href":"https:\/\/barilocheexcursiones.com.ar\/en\/wp-json\/wp\/v2\/product\/799\/revisions"}],"predecessor-version":[{"id":16206,"href":"https:\/\/barilocheexcursiones.com.ar\/en\/wp-json\/wp\/v2\/product\/799\/revisions\/16206"}],"wp:featuredmedia":[{"embeddable":true,"href":"https:\/\/barilocheexcursiones.com.ar\/en\/wp-json\/wp\/v2\/media\/17137"}],"wp:attachment":[{"href":"https:\/\/barilocheexcursiones.com.ar\/en\/wp-json\/wp\/v2\/media?parent=799"}],"wp:term":[{"taxonomy":"product_brand","embeddable":true,"href":"https:\/\/barilocheexcursiones.com.ar\/en\/wp-json\/wp\/v2\/product_brand?post=799"},{"taxonomy":"product_cat","embeddable":true,"href":"https:\/\/barilocheexcursiones.com.ar\/en\/wp-json\/wp\/v2\/product_cat?post=799"},{"taxonomy":"product_tag","embeddable":true,"href":"https:\/\/barilocheexcursiones.com.ar\/en\/wp-json\/wp\/v2\/product_tag?post=799"}],"curies":[{"name":"wp","href":"https:\/\/api.w.org\/{rel}","templated":true}]}}