{"id":796,"date":"2025-03-23T20:52:17","date_gmt":"2025-03-23T23:52:17","guid":{"rendered":"https:\/\/barilocheexcursiones.com.ar\/?post_type=product&#038;p=796"},"modified":"2026-04-07T12:10:36","modified_gmt":"2026-04-07T15:10:36","slug":"isla-victoria-y-bosque-de-arrayanes-sin-traslado","status":"publish","type":"product","link":"https:\/\/barilocheexcursiones.com.ar\/en\/product\/victoria-island-and-arrayanes-forest-without-relocation\/","title":{"rendered":"Nahuel Huapi navigation: Victoria Island and Arrayanes Forest without transfer"},"content":{"rendered":"<h3 data-start=\"213\" data-end=\"296\"><strong data-start=\"217\" data-end=\"296\">Natural Connection from Puerto Pa\u00f1uelo<\/strong><\/h3>\n<p data-start=\"298\" data-end=\"550\">Discover two of the most emblematic landscapes of Bariloche with this unforgettable navigation on the Nahuel Huapi Lake. Victoria Island and the Arrayanes Forest await you with trails, stories and panoramic views that connect you with the essence of Patagonia.<\/p>\n<h3 data-start=\"557\" data-end=\"585\">Highlights of the excursion<\/h3>\n<p data-start=\"587\" data-end=\"928\">From the historic <strong data-start=\"606\" data-end=\"624\">Puerto Pa\u00f1uelo<\/strong>, Located 25 km from downtown Bariloche, we begin a day ideal for families and groups who wish to explore in depth the natural treasures of the region. After a one hour navigation, we disembark in the <strong data-start=\"845\" data-end=\"871\">Quetrihu\u00e9 Peninsula<\/strong>, home to the only natural myrtle forest in the world.<\/p>\n<p data-start=\"930\" data-end=\"1185\">The tour continues to <strong data-start=\"958\" data-end=\"975\">Victoria Island<\/strong>, The interpretative trails allow visitors to learn about its history, native flora and fauna. The hike culminates at the famous <strong data-start=\"1097\" data-end=\"1115\">El Toro Beach<\/strong>, The area is known for its cave paintings and its unique volcanic sand.<\/p>\n<h3 data-start=\"1192\" data-end=\"1212\">Useful information<\/h3>\n<ul data-start=\"1214\" data-end=\"1476\">\n<li data-start=\"1214\" data-end=\"1259\">\n<p data-start=\"1216\" data-end=\"1259\"><strong data-start=\"1216\" data-end=\"1234\">Total duration<\/strong>: 13:00 to 18:30 hs approx.<\/p>\n<\/li>\n<li data-start=\"1260\" data-end=\"1342\">\n<p data-start=\"1262\" data-end=\"1342\"><strong data-start=\"1262\" data-end=\"1273\">Includes<\/strong>Catamaran lake tour, guides on board and marked walks.<\/p>\n<\/li>\n<li data-start=\"1343\" data-end=\"1476\">\n<p data-start=\"1345\" data-end=\"1476\"><strong data-start=\"1345\" data-end=\"1359\">Does not include<\/strong>Transfer to Puerto Pa\u00f1uelo, meals (there are options on the island and on the boat) and entrance fees to the national park.<\/p>\n<\/li>\n<\/ul>\n<p data-start=\"1478\" data-end=\"1677\"><strong data-start=\"1481\" data-end=\"1498\"><br \/>\nHow to get there?<\/strong><br data-start=\"1498\" data-end=\"1501\" \/>You must apply directly to <strong data-start=\"1535\" data-end=\"1553\">Puerto Pa\u00f1uelo<\/strong> (Km 25 of Bustillo Avenue), from where the excursion departs. The point has vehicular access, parking and services.<\/p>\n<h3 data-start=\"1684\" data-end=\"1708\">Frequently Asked Questions<\/h3>\n<p data-start=\"1710\" data-end=\"1944\"><strong data-start=\"1710\" data-end=\"1750\">Can I pay the fees on the same day?<\/strong><br data-start=\"1750\" data-end=\"1753\" \/>Yes, they are paid in cash at the port before boarding. There are exceptions for local residents, national retirees, children under 5 years of age and disabled persons (with accreditation).<\/p>\n<p data-start=\"1946\" data-end=\"2102\"><strong data-start=\"1946\" data-end=\"1989\">Is it suitable for children and the elderly?<\/strong><br data-start=\"1989\" data-end=\"1992\" \/>Yes, the route is accessible and with well-marked trails, ideal for family groups or senior citizens.<\/p>\n<p data-start=\"2104\" data-end=\"2251\"><strong data-start=\"2104\" data-end=\"2132\">Is it possible to bring food?<\/strong><br data-start=\"2132\" data-end=\"2135\" \/>Yes, you are allowed to bring a snack. Food and beverages are also available for sale on the boat and at some of the inns.<\/p>\n<p data-start=\"2253\" data-end=\"2430\"><strong data-start=\"2253\" data-end=\"2291\">Which vessel performs the tour?<\/strong><br data-start=\"2291\" data-end=\"2294\" \/>Generally, the traditional <strong data-start=\"2333\" data-end=\"2353\">Modesta Victoria<\/strong>, The catamaran could be changed for another catamaran depending on availability.<\/p>","protected":false},"excerpt":{"rendered":"<p>Embark on a dream journey through Patagonia with our excursion to the <strong>Victoria Island<\/strong> and the dazzling <strong>Arrayanes Forest<\/strong>. Browse the <strong>Nahuel Huapi Lake<\/strong>, explore native landscapes and discover unique rock art, enjoying direct contact with nature.<\/p>","protected":false},"featured_media":16872,"comment_status":"open","ping_status":"closed","template":"","meta":[],"product_brand":[],"product_cat":[91,88,173,170,167,168,171,172],"product_tag":[],"class_list":{"0":"post-796","1":"product","2":"type-product","3":"status-publish","4":"has-post-thumbnail","6":"product_cat-adultos","7":"product_cat-familia","8":"product_cat-jubilados","9":"product_cat-lacustre","10":"product_cat-ninos","11":"product_cat-sin-comida","12":"product_cat-sin-traslado","13":"product_cat-todo-el-ano-temporada","15":"first","16":"instock","17":"virtual","18":"sold-individually","19":"purchasable","20":"product-type-booking"},"booking_location":"","booking_location_type":"","booking_duration":60,"booking_duration_unit":"minute","booking_buffer":0,"booking_cost":0,"booking_resources":[],"exclude_global_add_ons":false,"addons":[{"name":"ADU | Adult","type":"input_multiplier","position":0,"required":false,"title_format":"label","default":"","description_enable":false,"description":"","placeholder_enable":false,"placeholder":"","display":"select","restrictions_type":"any_text","adjust_price":true,"price":"136000","price_type":"quantity_based","restrictions":false,"min":"0","max":"0","options":[],"id":1773233738},{"name":"MEN512 | from 5 to 12","type":"input_multiplier","position":1,"required":false,"title_format":"label","default":"","description_enable":false,"description":"","placeholder_enable":false,"placeholder":"","display":"select","restrictions_type":"any_text","adjust_price":true,"price":"70000","price_type":"quantity_based","restrictions":false,"min":"0","max":"0","options":[],"id":1773233739},{"name":"ADUJ : Retired","type":"input_multiplier","position":2,"required":false,"title_format":"label","default":"","description_enable":false,"description":"","placeholder_enable":false,"placeholder":"","display":"select","restrictions_type":"any_text","adjust_price":true,"price":"70000","price_type":"quantity_based","restrictions":false,"min":"0","max":"0","options":[],"id":1773233740}],"yoast_head":"<!-- This site is optimized with the Yoast SEO Premium plugin v24.5 (Yoast SEO v24.8) - https:\/\/yoast.com\/wordpress\/plugins\/seo\/ -->\n<title>Navegacion por Nahuel Huapi: Isla Victoria y Bosque de Arrayanes - Bariloche Excursiones<\/title>\n<meta name=\"description\" content=\"Naveg\u00e1 desde Puerto Pa\u00f1uelo a los paisajes m\u00e1s emblem\u00e1ticos de la Patagonia: \u00e1rboles centenarios, senderos y playas. Opci\u00f3n sin traslado desde el centro.\" \/>\n<meta name=\"robots\" content=\"index, follow, max-snippet:-1, max-image-preview:large, max-video-preview:-1\" \/>\n<link rel=\"canonical\" href=\"https:\/\/barilocheexcursiones.com.ar\/en\/product\/victoria-island-and-arrayanes-forest-without-relocation\/\" \/>\n<meta property=\"og:locale\" content=\"en_US\" \/>\n<meta property=\"og:type\" content=\"article\" \/>\n<meta property=\"og:title\" content=\"Navegaci\u00f3n por Nahuel Huapi: Isla Victoria y Bosque de Arrayanes sin traslado\" \/>\n<meta property=\"og:description\" content=\"Naveg\u00e1 desde Puerto Pa\u00f1uelo a los paisajes m\u00e1s emblem\u00e1ticos de la Patagonia: \u00e1rboles centenarios, senderos y playas. Opci\u00f3n sin traslado desde el centro.\" \/>\n<meta property=\"og:url\" content=\"https:\/\/barilocheexcursiones.com.ar\/en\/product\/victoria-island-and-arrayanes-forest-without-relocation\/\" \/>\n<meta property=\"og:site_name\" content=\"Bariloche Excursiones\" \/>\n<meta property=\"article:modified_time\" content=\"2026-04-07T15:10:36+00:00\" \/>\n<meta property=\"og:image\" content=\"https:\/\/barilocheexcursiones.com.ar\/wp-content\/uploads\/2025\/03\/3-A-IMG_6223-scaled.jpg\" \/>\n\t<meta property=\"og:image:width\" content=\"1920\" \/>\n\t<meta property=\"og:image:height\" content=\"2560\" \/>\n\t<meta property=\"og:image:type\" content=\"image\/jpeg\" \/>\n<meta name=\"twitter:card\" content=\"summary_large_image\" \/>\n<meta name=\"twitter:label1\" content=\"Price\" \/>\n\t<meta name=\"twitter:data1\" content=\"&#036;&nbsp;163.200,00\" \/>\n\t<meta name=\"twitter:label2\" content=\"Availability\" \/>\n\t<meta name=\"twitter:data2\" content=\"In stock\" \/>\n<script type=\"application\/ld+json\" class=\"yoast-schema-graph\">{\"@context\":\"https:\/\/schema.org\",\"@graph\":[{\"@type\":[\"WebPage\",\"ItemPage\"],\"@id\":\"https:\/\/barilocheexcursiones.com.ar\/product\/isla-victoria-y-bosque-de-arrayanes-sin-traslado\/\",\"url\":\"https:\/\/barilocheexcursiones.com.ar\/product\/isla-victoria-y-bosque-de-arrayanes-sin-traslado\/\",\"name\":\"Navegacion por Nahuel Huapi: Isla Victoria y Bosque de Arrayanes - Bariloche Excursiones\",\"isPartOf\":{\"@id\":\"https:\/\/barilocheexcursiones.com.ar\/#website\"},\"primaryImageOfPage\":{\"@id\":\"https:\/\/barilocheexcursiones.com.ar\/product\/isla-victoria-y-bosque-de-arrayanes-sin-traslado\/#primaryimage\"},\"image\":{\"@id\":\"https:\/\/barilocheexcursiones.com.ar\/product\/isla-victoria-y-bosque-de-arrayanes-sin-traslado\/#primaryimage\"},\"thumbnailUrl\":\"https:\/\/barilocheexcursiones.com.ar\/wp-content\/uploads\/2025\/03\/3-A-IMG_6223-scaled.jpg\",\"datePublished\":\"2025-03-23T23:52:17+00:00\",\"dateModified\":\"2026-04-07T15:10:36+00:00\",\"description\":\"Naveg\u00e1 desde Puerto Pa\u00f1uelo a los paisajes m\u00e1s emblem\u00e1ticos de la Patagonia: \u00e1rboles centenarios, senderos y playas. Opci\u00f3n sin traslado desde el centro.\",\"breadcrumb\":{\"@id\":\"https:\/\/barilocheexcursiones.com.ar\/product\/isla-victoria-y-bosque-de-arrayanes-sin-traslado\/#breadcrumb\"},\"inLanguage\":\"en-US\",\"potentialAction\":[{\"@type\":\"ReadAction\",\"target\":[\"https:\/\/barilocheexcursiones.com.ar\/product\/isla-victoria-y-bosque-de-arrayanes-sin-traslado\/\"]}]},{\"@type\":\"ImageObject\",\"inLanguage\":\"en-US\",\"@id\":\"https:\/\/barilocheexcursiones.com.ar\/product\/isla-victoria-y-bosque-de-arrayanes-sin-traslado\/#primaryimage\",\"url\":\"https:\/\/barilocheexcursiones.com.ar\/wp-content\/uploads\/2025\/03\/3-A-IMG_6223-scaled.jpg\",\"contentUrl\":\"https:\/\/barilocheexcursiones.com.ar\/wp-content\/uploads\/2025\/03\/3-A-IMG_6223-scaled.jpg\",\"width\":1920,\"height\":2560},{\"@type\":\"BreadcrumbList\",\"@id\":\"https:\/\/barilocheexcursiones.com.ar\/product\/isla-victoria-y-bosque-de-arrayanes-sin-traslado\/#breadcrumb\",\"itemListElement\":[{\"@type\":\"ListItem\",\"position\":1,\"name\":\"Home\",\"item\":\"https:\/\/barilocheexcursiones.com.ar\/\"},{\"@type\":\"ListItem\",\"position\":2,\"name\":\"Excursiones, traslados y m\u00e1s!\",\"item\":\"https:\/\/barilocheexcursiones.com.ar\/shop\/\"},{\"@type\":\"ListItem\",\"position\":3,\"name\":\"Navegaci\u00f3n por Nahuel Huapi: Isla Victoria y Bosque de Arrayanes sin traslado\"}]},{\"@type\":\"WebSite\",\"@id\":\"https:\/\/barilocheexcursiones.com.ar\/#website\",\"url\":\"https:\/\/barilocheexcursiones.com.ar\/\",\"name\":\"Bariloche Excursiones\",\"description\":\"Vivir la experiencia en Bariloche\",\"publisher\":{\"@id\":\"https:\/\/barilocheexcursiones.com.ar\/#organization\"},\"potentialAction\":[{\"@type\":\"SearchAction\",\"target\":{\"@type\":\"EntryPoint\",\"urlTemplate\":\"https:\/\/barilocheexcursiones.com.ar\/?s={search_term_string}\"},\"query-input\":{\"@type\":\"PropertyValueSpecification\",\"valueRequired\":true,\"valueName\":\"search_term_string\"}}],\"inLanguage\":\"en-US\"},{\"@type\":\"Organization\",\"@id\":\"https:\/\/barilocheexcursiones.com.ar\/#organization\",\"name\":\"Bariloche Excursiones\",\"url\":\"https:\/\/barilocheexcursiones.com.ar\/\",\"logo\":{\"@type\":\"ImageObject\",\"inLanguage\":\"en-US\",\"@id\":\"https:\/\/barilocheexcursiones.com.ar\/#\/schema\/logo\/image\/\",\"url\":\"https:\/\/barilocheexcursiones.com.ar\/wp-content\/uploads\/2025\/04\/bariloche-excursiones-logo.png\",\"contentUrl\":\"https:\/\/barilocheexcursiones.com.ar\/wp-content\/uploads\/2025\/04\/bariloche-excursiones-logo.png\",\"width\":512,\"height\":512,\"caption\":\"Bariloche Excursiones\"},\"image\":{\"@id\":\"https:\/\/barilocheexcursiones.com.ar\/#\/schema\/logo\/image\/\"}}]}<\/script>\n<meta property=\"product:price:amount\" content=\"163200.00\" \/>\n<meta property=\"product:price:currency\" content=\"ARS\" \/>\n<meta property=\"og:availability\" content=\"instock\" \/>\n<meta property=\"product:availability\" content=\"instock\" \/>\n<meta property=\"product:retailer_item_id\" content=\"ADV2025ISVIYB4A10\" \/>\n<meta property=\"product:condition\" content=\"new\" \/>\n<!-- \/ Yoast SEO Premium plugin. -->","yoast_head_json":{"title":"Navigation on Nahuel Huapi: Victoria Island and Arrayanes Forest - Bariloche Excursions","description":"Sail from Puerto Pa\u00f1uelo to the most emblematic landscapes of Patagonia: ancient trees, trails and beaches. Option without transfer from downtown.","robots":{"index":"index","follow":"follow","max-snippet":"max-snippet:-1","max-image-preview":"max-image-preview:large","max-video-preview":"max-video-preview:-1"},"canonical":"https:\/\/barilocheexcursiones.com.ar\/en\/product\/victoria-island-and-arrayanes-forest-without-relocation\/","og_locale":"en_US","og_type":"article","og_title":"Navegaci\u00f3n por Nahuel Huapi: Isla Victoria y Bosque de Arrayanes sin traslado","og_description":"Naveg\u00e1 desde Puerto Pa\u00f1uelo a los paisajes m\u00e1s emblem\u00e1ticos de la Patagonia: \u00e1rboles centenarios, senderos y playas. Opci\u00f3n sin traslado desde el centro.","og_url":"https:\/\/barilocheexcursiones.com.ar\/en\/product\/victoria-island-and-arrayanes-forest-without-relocation\/","og_site_name":"Bariloche Excursiones","article_modified_time":"2026-04-07T15:10:36+00:00","og_image":[{"width":1920,"height":2560,"url":"https:\/\/barilocheexcursiones.com.ar\/wp-content\/uploads\/2025\/03\/3-A-IMG_6223-scaled.jpg","type":"image\/jpeg"}],"twitter_card":"summary_large_image","twitter_misc":{"Price":"&#36;&nbsp;163.200,00","Availability":"In stock"},"schema":{"@context":"https:\/\/schema.org","@graph":[{"@type":["WebPage","ItemPage"],"@id":"https:\/\/barilocheexcursiones.com.ar\/product\/isla-victoria-y-bosque-de-arrayanes-sin-traslado\/","url":"https:\/\/barilocheexcursiones.com.ar\/product\/isla-victoria-y-bosque-de-arrayanes-sin-traslado\/","name":"Navigation on Nahuel Huapi: Victoria Island and Arrayanes Forest - Bariloche Excursions","isPartOf":{"@id":"https:\/\/barilocheexcursiones.com.ar\/#website"},"primaryImageOfPage":{"@id":"https:\/\/barilocheexcursiones.com.ar\/product\/isla-victoria-y-bosque-de-arrayanes-sin-traslado\/#primaryimage"},"image":{"@id":"https:\/\/barilocheexcursiones.com.ar\/product\/isla-victoria-y-bosque-de-arrayanes-sin-traslado\/#primaryimage"},"thumbnailUrl":"https:\/\/barilocheexcursiones.com.ar\/wp-content\/uploads\/2025\/03\/3-A-IMG_6223-scaled.jpg","datePublished":"2025-03-23T23:52:17+00:00","dateModified":"2026-04-07T15:10:36+00:00","description":"Sail from Puerto Pa\u00f1uelo to the most emblematic landscapes of Patagonia: ancient trees, trails and beaches. Option without transfer from downtown.","breadcrumb":{"@id":"https:\/\/barilocheexcursiones.com.ar\/product\/isla-victoria-y-bosque-de-arrayanes-sin-traslado\/#breadcrumb"},"inLanguage":"en-US","potentialAction":[{"@type":"ReadAction","target":["https:\/\/barilocheexcursiones.com.ar\/product\/isla-victoria-y-bosque-de-arrayanes-sin-traslado\/"]}]},{"@type":"ImageObject","inLanguage":"en-US","@id":"https:\/\/barilocheexcursiones.com.ar\/product\/isla-victoria-y-bosque-de-arrayanes-sin-traslado\/#primaryimage","url":"https:\/\/barilocheexcursiones.com.ar\/wp-content\/uploads\/2025\/03\/3-A-IMG_6223-scaled.jpg","contentUrl":"https:\/\/barilocheexcursiones.com.ar\/wp-content\/uploads\/2025\/03\/3-A-IMG_6223-scaled.jpg","width":1920,"height":2560},{"@type":"BreadcrumbList","@id":"https:\/\/barilocheexcursiones.com.ar\/product\/isla-victoria-y-bosque-de-arrayanes-sin-traslado\/#breadcrumb","itemListElement":[{"@type":"ListItem","position":1,"name":"Home","item":"https:\/\/barilocheexcursiones.com.ar\/"},{"@type":"ListItem","position":2,"name":"Excursiones, traslados y m\u00e1s!","item":"https:\/\/barilocheexcursiones.com.ar\/shop\/"},{"@type":"ListItem","position":3,"name":"Navegaci\u00f3n por Nahuel Huapi: Isla Victoria y Bosque de Arrayanes sin traslado"}]},{"@type":"WebSite","@id":"https:\/\/barilocheexcursiones.com.ar\/#website","url":"https:\/\/barilocheexcursiones.com.ar\/","name":"Bariloche Excursions","description":"Living the experience in Bariloche","publisher":{"@id":"https:\/\/barilocheexcursiones.com.ar\/#organization"},"potentialAction":[{"@type":"SearchAction","target":{"@type":"EntryPoint","urlTemplate":"https:\/\/barilocheexcursiones.com.ar\/?s={search_term_string}"},"query-input":{"@type":"PropertyValueSpecification","valueRequired":true,"valueName":"search_term_string"}}],"inLanguage":"en-US"},{"@type":"Organization","@id":"https:\/\/barilocheexcursiones.com.ar\/#organization","name":"Bariloche Excursions","url":"https:\/\/barilocheexcursiones.com.ar\/","logo":{"@type":"ImageObject","inLanguage":"en-US","@id":"https:\/\/barilocheexcursiones.com.ar\/#\/schema\/logo\/image\/","url":"https:\/\/barilocheexcursiones.com.ar\/wp-content\/uploads\/2025\/04\/bariloche-excursiones-logo.png","contentUrl":"https:\/\/barilocheexcursiones.com.ar\/wp-content\/uploads\/2025\/04\/bariloche-excursiones-logo.png","width":512,"height":512,"caption":"Bariloche Excursiones"},"image":{"@id":"https:\/\/barilocheexcursiones.com.ar\/#\/schema\/logo\/image\/"}}]},"product_price_amount":"163200.00","product_price_currency":"ARS","og_availability":"instock","product_availability":"instock","product_retailer_item_id":"ADV2025ISVIYB4A10","product_condition":"new"},"_links":{"self":[{"href":"https:\/\/barilocheexcursiones.com.ar\/en\/wp-json\/wp\/v2\/product\/796","targetHints":{"allow":["GET"]}}],"collection":[{"href":"https:\/\/barilocheexcursiones.com.ar\/en\/wp-json\/wp\/v2\/product"}],"about":[{"href":"https:\/\/barilocheexcursiones.com.ar\/en\/wp-json\/wp\/v2\/types\/product"}],"replies":[{"embeddable":true,"href":"https:\/\/barilocheexcursiones.com.ar\/en\/wp-json\/wp\/v2\/comments?post=796"}],"version-history":[{"count":10,"href":"https:\/\/barilocheexcursiones.com.ar\/en\/wp-json\/wp\/v2\/product\/796\/revisions"}],"predecessor-version":[{"id":17747,"href":"https:\/\/barilocheexcursiones.com.ar\/en\/wp-json\/wp\/v2\/product\/796\/revisions\/17747"}],"wp:featuredmedia":[{"embeddable":true,"href":"https:\/\/barilocheexcursiones.com.ar\/en\/wp-json\/wp\/v2\/media\/16872"}],"wp:attachment":[{"href":"https:\/\/barilocheexcursiones.com.ar\/en\/wp-json\/wp\/v2\/media?parent=796"}],"wp:term":[{"taxonomy":"product_brand","embeddable":true,"href":"https:\/\/barilocheexcursiones.com.ar\/en\/wp-json\/wp\/v2\/product_brand?post=796"},{"taxonomy":"product_cat","embeddable":true,"href":"https:\/\/barilocheexcursiones.com.ar\/en\/wp-json\/wp\/v2\/product_cat?post=796"},{"taxonomy":"product_tag","embeddable":true,"href":"https:\/\/barilocheexcursiones.com.ar\/en\/wp-json\/wp\/v2\/product_tag?post=796"}],"curies":[{"name":"wp","href":"https:\/\/api.w.org\/{rel}","templated":true}]}}