{"id":795,"date":"2025-03-23T20:52:05","date_gmt":"2025-03-23T23:52:05","guid":{"rendered":"https:\/\/barilocheexcursiones.com.ar\/?post_type=product&#038;p=795"},"modified":"2026-04-04T10:27:29","modified_gmt":"2026-04-04T13:27:29","slug":"puerto-blest-y-cascada-los-cantaros-sin-traslado","status":"publish","type":"product","link":"https:\/\/barilocheexcursiones.com.ar\/en\/product\/puerto-blest-and-los-cantaros-waterfall-without-relocation\/","title":{"rendered":"Puerto Blest and Los C\u00e1ntaros waterfall from Puerto Pa\u00f1uelo (without transfer)"},"content":{"rendered":"<h3 data-start=\"449\" data-end=\"503\">A natural experience, direct from the port<\/h3>\n<p data-start=\"504\" data-end=\"963\">If you have your own mobility or you prefer to organize your day your own way, this version of the excursion to <strong data-start=\"607\" data-end=\"649\">Puerto Blest and the Los C\u00e1ntaros Waterfall<\/strong> is ideal for you. The tour starts directly from <strong data-start=\"703\" data-end=\"721\">Puerto Pa\u00f1uelo<\/strong>, located on Bustillo Avenue, 25 kilometers from downtown Bariloche. There you will embark on a modern catamaran to navigate the <strong data-start=\"856\" data-end=\"871\">Blest Arm<\/strong>, a sector of the Nahuel Huapi lake surrounded by intense vegetation, mountains and crystal clear water.<\/p>\n<p data-start=\"965\" data-end=\"1452\">During the navigation, you will pass through the <strong data-start=\"1003\" data-end=\"1023\">Sentinel Islet<\/strong>, historic site that keeps the remains of the Perito Moreno, and you will arrive at <strong data-start=\"1095\" data-end=\"1111\">Puerto Blest<\/strong>, A guided hike will take you to the impressive Valdivian rainforest. A guided hike will take you up to the imposing <strong data-start=\"1235\" data-end=\"1259\">Los C\u00e1ntaros Waterfall<\/strong>, The tour is made up of wooden walkways and staircases that connect different viewpoints. You can also choose to add the navigation to the <strong data-start=\"1388\" data-end=\"1402\">Lake Frias<\/strong>, with its emerald green waters of glacial origin.<\/p>\n<p data-start=\"1454\" data-end=\"1788\">The excursion lasts approximately from 9:00 am to 5:30 pm. It does not include transfer to the port, taxes or food, but it does include all the organization at destination: <strong data-start=\"1624\" data-end=\"1662\">guide, navigation and guided hike<\/strong>. It is an ideal option for those who are already in the Llao Llao area or want a more flexible and economical alternative.<\/p>\n<h3 data-start=\"1795\" data-end=\"1821\">Frequently Asked Questions<\/h3>\n<p data-start=\"1822\" data-end=\"1941\"><strong data-start=\"1822\" data-end=\"1867\">Where is Puerto Pa\u00f1uelo and how do I get there?<\/strong><br data-start=\"1867\" data-end=\"1870\" \/>At km 25 of Bustillo Av. You can go by car, cab, remis or bus.<\/p>\n<p data-start=\"1943\" data-end=\"2047\"><strong data-start=\"1943\" data-end=\"1968\">What do I need to bring?<\/strong><br data-start=\"1968\" data-end=\"1971\" \/>Comfortable clothes, warm clothes, closed shoes and something to eat or buy at destination.<\/p>\n<p data-start=\"2049\" data-end=\"2157\"><strong data-start=\"2049\" data-end=\"2081\">Is the walk mandatory?<\/strong><br data-start=\"2081\" data-end=\"2084\" \/>No, it is optional, but highly recommended. The environment is safe and accessible.<\/p>\n<p data-start=\"2159\" data-end=\"2272\"><strong data-start=\"2159\" data-end=\"2200\">Can I add Lago Fr\u00edas at the moment?<\/strong><br data-start=\"2200\" data-end=\"2203\" \/>Yes, it can be contracted at destination, subject to operational availability.<\/p>","protected":false},"excerpt":{"rendered":"<p data-start=\"2523\" data-end=\"2720\">Excursion from Puerto Pa\u00f1uelo without transfer. Navigation on Nahuel Huapi Lake, guided hike to Los C\u00e1ntaros Waterfall and option of Lago Fr\u00edas. Ideal for those who go by car or stay nearby.<\/p>","protected":false},"featured_media":16877,"comment_status":"open","ping_status":"closed","template":"","meta":[],"product_brand":[],"product_cat":[91,88,173,170,167,168,171,172],"product_tag":[],"class_list":{"0":"post-795","1":"product","2":"type-product","3":"status-publish","4":"has-post-thumbnail","6":"product_cat-adultos","7":"product_cat-familia","8":"product_cat-jubilados","9":"product_cat-lacustre","10":"product_cat-ninos","11":"product_cat-sin-comida","12":"product_cat-sin-traslado","13":"product_cat-todo-el-ano-temporada","15":"first","16":"instock","17":"virtual","18":"sold-individually","19":"purchasable","20":"product-type-booking"},"booking_location":"","booking_location_type":"","booking_duration":60,"booking_duration_unit":"minute","booking_buffer":0,"booking_cost":0,"booking_resources":[],"exclude_global_add_ons":false,"addons":[{"name":"ADU | Adult","type":"input_multiplier","position":0,"required":false,"title_format":"label","default":"","description_enable":false,"description":"","placeholder_enable":false,"placeholder":"","display":"select","restrictions_type":"any_text","adjust_price":true,"price":"136000","price_type":"quantity_based","restrictions":false,"min":"0","max":"0","options":[],"id":1773233626},{"name":"MEN512 | from 5 to 12","type":"input_multiplier","position":1,"required":false,"title_format":"label","default":"","description_enable":false,"description":"","placeholder_enable":false,"placeholder":"","display":"select","restrictions_type":"any_text","adjust_price":true,"price":"70000","price_type":"quantity_based","restrictions":false,"min":"0","max":"0","options":[],"id":1773233627},{"name":"ADUJ : Retired","type":"input_multiplier","position":2,"required":false,"title_format":"label","default":"","description_enable":false,"description":"","placeholder_enable":false,"placeholder":"","display":"select","restrictions_type":"any_text","adjust_price":true,"price":"70000","price_type":"quantity_based","restrictions":false,"min":"0","max":"0","options":[],"id":1773233628}],"yoast_head":"<!-- This site is optimized with the Yoast SEO Premium plugin v24.5 (Yoast SEO v24.8) - https:\/\/yoast.com\/wordpress\/plugins\/seo\/ -->\n<title>Puerto Blest y Cascada Los C\u00e1ntaros (Sin traslado) - Bariloche Excursiones<\/title>\n<meta name=\"description\" content=\"Excursi\u00f3n sin traslado desde Puerto Pa\u00f1uelo a Puerto Blest y Cascada Los C\u00e1ntaros. Incluye navegaci\u00f3n guiada y caminata.\" \/>\n<meta name=\"robots\" content=\"index, follow, max-snippet:-1, max-image-preview:large, max-video-preview:-1\" \/>\n<link rel=\"canonical\" href=\"https:\/\/barilocheexcursiones.com.ar\/en\/product\/puerto-blest-and-los-cantaros-waterfall-without-relocation\/\" \/>\n<meta property=\"og:locale\" content=\"en_US\" \/>\n<meta property=\"og:type\" content=\"article\" \/>\n<meta property=\"og:title\" content=\"Puerto Blest y Cascada Los C\u00e1ntaros desde Puerto Pa\u00f1uelo (sin traslado)\" \/>\n<meta property=\"og:description\" content=\"Excursi\u00f3n sin traslado desde Puerto Pa\u00f1uelo a Puerto Blest y Cascada Los C\u00e1ntaros. Incluye navegaci\u00f3n guiada y caminata.\" \/>\n<meta property=\"og:url\" content=\"https:\/\/barilocheexcursiones.com.ar\/en\/product\/puerto-blest-and-los-cantaros-waterfall-without-relocation\/\" \/>\n<meta property=\"og:site_name\" content=\"Bariloche Excursiones\" \/>\n<meta property=\"article:modified_time\" content=\"2026-04-04T13:27:29+00:00\" \/>\n<meta property=\"og:image\" content=\"https:\/\/barilocheexcursiones.com.ar\/wp-content\/uploads\/2025\/03\/3-B-WhatsApp-Image-2022-12-20-at-13.27.06-scaled.jpg\" \/>\n\t<meta property=\"og:image:width\" content=\"1920\" \/>\n\t<meta property=\"og:image:height\" content=\"2560\" \/>\n\t<meta property=\"og:image:type\" content=\"image\/jpeg\" \/>\n<meta name=\"twitter:card\" content=\"summary_large_image\" \/>\n<meta name=\"twitter:label1\" content=\"Price\" \/>\n\t<meta name=\"twitter:data1\" content=\"&#036;&nbsp;136.000,00\" \/>\n\t<meta name=\"twitter:label2\" content=\"Availability\" \/>\n\t<meta name=\"twitter:data2\" content=\"In stock\" \/>\n<script type=\"application\/ld+json\" class=\"yoast-schema-graph\">{\"@context\":\"https:\/\/schema.org\",\"@graph\":[{\"@type\":[\"WebPage\",\"ItemPage\"],\"@id\":\"https:\/\/barilocheexcursiones.com.ar\/product\/puerto-blest-y-cascada-los-cantaros-sin-traslado\/\",\"url\":\"https:\/\/barilocheexcursiones.com.ar\/product\/puerto-blest-y-cascada-los-cantaros-sin-traslado\/\",\"name\":\"Puerto Blest y Cascada Los C\u00e1ntaros (Sin traslado) - Bariloche Excursiones\",\"isPartOf\":{\"@id\":\"https:\/\/barilocheexcursiones.com.ar\/#website\"},\"primaryImageOfPage\":{\"@id\":\"https:\/\/barilocheexcursiones.com.ar\/product\/puerto-blest-y-cascada-los-cantaros-sin-traslado\/#primaryimage\"},\"image\":{\"@id\":\"https:\/\/barilocheexcursiones.com.ar\/product\/puerto-blest-y-cascada-los-cantaros-sin-traslado\/#primaryimage\"},\"thumbnailUrl\":\"https:\/\/barilocheexcursiones.com.ar\/wp-content\/uploads\/2025\/03\/3-B-WhatsApp-Image-2022-12-20-at-13.27.06-scaled.jpg\",\"datePublished\":\"2025-03-23T23:52:05+00:00\",\"dateModified\":\"2026-04-04T13:27:29+00:00\",\"description\":\"Excursi\u00f3n sin traslado desde Puerto Pa\u00f1uelo a Puerto Blest y Cascada Los C\u00e1ntaros. Incluye navegaci\u00f3n guiada y caminata.\",\"breadcrumb\":{\"@id\":\"https:\/\/barilocheexcursiones.com.ar\/product\/puerto-blest-y-cascada-los-cantaros-sin-traslado\/#breadcrumb\"},\"inLanguage\":\"en-US\",\"potentialAction\":[{\"@type\":\"ReadAction\",\"target\":[\"https:\/\/barilocheexcursiones.com.ar\/product\/puerto-blest-y-cascada-los-cantaros-sin-traslado\/\"]}]},{\"@type\":\"ImageObject\",\"inLanguage\":\"en-US\",\"@id\":\"https:\/\/barilocheexcursiones.com.ar\/product\/puerto-blest-y-cascada-los-cantaros-sin-traslado\/#primaryimage\",\"url\":\"https:\/\/barilocheexcursiones.com.ar\/wp-content\/uploads\/2025\/03\/3-B-WhatsApp-Image-2022-12-20-at-13.27.06-scaled.jpg\",\"contentUrl\":\"https:\/\/barilocheexcursiones.com.ar\/wp-content\/uploads\/2025\/03\/3-B-WhatsApp-Image-2022-12-20-at-13.27.06-scaled.jpg\",\"width\":1920,\"height\":2560},{\"@type\":\"BreadcrumbList\",\"@id\":\"https:\/\/barilocheexcursiones.com.ar\/product\/puerto-blest-y-cascada-los-cantaros-sin-traslado\/#breadcrumb\",\"itemListElement\":[{\"@type\":\"ListItem\",\"position\":1,\"name\":\"Home\",\"item\":\"https:\/\/barilocheexcursiones.com.ar\/\"},{\"@type\":\"ListItem\",\"position\":2,\"name\":\"Excursiones, traslados y m\u00e1s!\",\"item\":\"https:\/\/barilocheexcursiones.com.ar\/shop\/\"},{\"@type\":\"ListItem\",\"position\":3,\"name\":\"Puerto Blest y Cascada Los C\u00e1ntaros desde Puerto Pa\u00f1uelo (sin traslado)\"}]},{\"@type\":\"WebSite\",\"@id\":\"https:\/\/barilocheexcursiones.com.ar\/#website\",\"url\":\"https:\/\/barilocheexcursiones.com.ar\/\",\"name\":\"Bariloche Excursiones\",\"description\":\"Vivir la experiencia en Bariloche\",\"publisher\":{\"@id\":\"https:\/\/barilocheexcursiones.com.ar\/#organization\"},\"potentialAction\":[{\"@type\":\"SearchAction\",\"target\":{\"@type\":\"EntryPoint\",\"urlTemplate\":\"https:\/\/barilocheexcursiones.com.ar\/?s={search_term_string}\"},\"query-input\":{\"@type\":\"PropertyValueSpecification\",\"valueRequired\":true,\"valueName\":\"search_term_string\"}}],\"inLanguage\":\"en-US\"},{\"@type\":\"Organization\",\"@id\":\"https:\/\/barilocheexcursiones.com.ar\/#organization\",\"name\":\"Bariloche Excursiones\",\"url\":\"https:\/\/barilocheexcursiones.com.ar\/\",\"logo\":{\"@type\":\"ImageObject\",\"inLanguage\":\"en-US\",\"@id\":\"https:\/\/barilocheexcursiones.com.ar\/#\/schema\/logo\/image\/\",\"url\":\"https:\/\/barilocheexcursiones.com.ar\/wp-content\/uploads\/2025\/04\/bariloche-excursiones-logo.png\",\"contentUrl\":\"https:\/\/barilocheexcursiones.com.ar\/wp-content\/uploads\/2025\/04\/bariloche-excursiones-logo.png\",\"width\":512,\"height\":512,\"caption\":\"Bariloche Excursiones\"},\"image\":{\"@id\":\"https:\/\/barilocheexcursiones.com.ar\/#\/schema\/logo\/image\/\"}}]}<\/script>\n<meta property=\"product:price:amount\" content=\"136000.00\" \/>\n<meta property=\"product:price:currency\" content=\"ARS\" \/>\n<meta property=\"og:availability\" content=\"instock\" \/>\n<meta property=\"product:availability\" content=\"instock\" \/>\n<meta property=\"product:retailer_item_id\" content=\"ADV2025PUBLYC297O\" \/>\n<meta property=\"product:condition\" content=\"new\" \/>\n<!-- \/ Yoast SEO Premium plugin. -->","yoast_head_json":{"title":"Puerto Blest and Los C\u00e1ntaros Waterfall (No transfer) - Bariloche Excursions","description":"Excursion without transfer from Puerto Pa\u00f1uelo to Puerto Blest and Los C\u00e1ntaros Waterfall. Includes guided navigation and hike.","robots":{"index":"index","follow":"follow","max-snippet":"max-snippet:-1","max-image-preview":"max-image-preview:large","max-video-preview":"max-video-preview:-1"},"canonical":"https:\/\/barilocheexcursiones.com.ar\/en\/product\/puerto-blest-and-los-cantaros-waterfall-without-relocation\/","og_locale":"en_US","og_type":"article","og_title":"Puerto Blest y Cascada Los C\u00e1ntaros desde Puerto Pa\u00f1uelo (sin traslado)","og_description":"Excursi\u00f3n sin traslado desde Puerto Pa\u00f1uelo a Puerto Blest y Cascada Los C\u00e1ntaros. Incluye navegaci\u00f3n guiada y caminata.","og_url":"https:\/\/barilocheexcursiones.com.ar\/en\/product\/puerto-blest-and-los-cantaros-waterfall-without-relocation\/","og_site_name":"Bariloche Excursiones","article_modified_time":"2026-04-04T13:27:29+00:00","og_image":[{"width":1920,"height":2560,"url":"https:\/\/barilocheexcursiones.com.ar\/wp-content\/uploads\/2025\/03\/3-B-WhatsApp-Image-2022-12-20-at-13.27.06-scaled.jpg","type":"image\/jpeg"}],"twitter_card":"summary_large_image","twitter_misc":{"Price":"&#36;&nbsp;136.000,00","Availability":"In stock"},"schema":{"@context":"https:\/\/schema.org","@graph":[{"@type":["WebPage","ItemPage"],"@id":"https:\/\/barilocheexcursiones.com.ar\/product\/puerto-blest-y-cascada-los-cantaros-sin-traslado\/","url":"https:\/\/barilocheexcursiones.com.ar\/product\/puerto-blest-y-cascada-los-cantaros-sin-traslado\/","name":"Puerto Blest and Los C\u00e1ntaros Waterfall (No transfer) - Bariloche Excursions","isPartOf":{"@id":"https:\/\/barilocheexcursiones.com.ar\/#website"},"primaryImageOfPage":{"@id":"https:\/\/barilocheexcursiones.com.ar\/product\/puerto-blest-y-cascada-los-cantaros-sin-traslado\/#primaryimage"},"image":{"@id":"https:\/\/barilocheexcursiones.com.ar\/product\/puerto-blest-y-cascada-los-cantaros-sin-traslado\/#primaryimage"},"thumbnailUrl":"https:\/\/barilocheexcursiones.com.ar\/wp-content\/uploads\/2025\/03\/3-B-WhatsApp-Image-2022-12-20-at-13.27.06-scaled.jpg","datePublished":"2025-03-23T23:52:05+00:00","dateModified":"2026-04-04T13:27:29+00:00","description":"Excursion without transfer from Puerto Pa\u00f1uelo to Puerto Blest and Los C\u00e1ntaros Waterfall. Includes guided navigation and hike.","breadcrumb":{"@id":"https:\/\/barilocheexcursiones.com.ar\/product\/puerto-blest-y-cascada-los-cantaros-sin-traslado\/#breadcrumb"},"inLanguage":"en-US","potentialAction":[{"@type":"ReadAction","target":["https:\/\/barilocheexcursiones.com.ar\/product\/puerto-blest-y-cascada-los-cantaros-sin-traslado\/"]}]},{"@type":"ImageObject","inLanguage":"en-US","@id":"https:\/\/barilocheexcursiones.com.ar\/product\/puerto-blest-y-cascada-los-cantaros-sin-traslado\/#primaryimage","url":"https:\/\/barilocheexcursiones.com.ar\/wp-content\/uploads\/2025\/03\/3-B-WhatsApp-Image-2022-12-20-at-13.27.06-scaled.jpg","contentUrl":"https:\/\/barilocheexcursiones.com.ar\/wp-content\/uploads\/2025\/03\/3-B-WhatsApp-Image-2022-12-20-at-13.27.06-scaled.jpg","width":1920,"height":2560},{"@type":"BreadcrumbList","@id":"https:\/\/barilocheexcursiones.com.ar\/product\/puerto-blest-y-cascada-los-cantaros-sin-traslado\/#breadcrumb","itemListElement":[{"@type":"ListItem","position":1,"name":"Home","item":"https:\/\/barilocheexcursiones.com.ar\/"},{"@type":"ListItem","position":2,"name":"Excursiones, traslados y m\u00e1s!","item":"https:\/\/barilocheexcursiones.com.ar\/shop\/"},{"@type":"ListItem","position":3,"name":"Puerto Blest y Cascada Los C\u00e1ntaros desde Puerto Pa\u00f1uelo (sin traslado)"}]},{"@type":"WebSite","@id":"https:\/\/barilocheexcursiones.com.ar\/#website","url":"https:\/\/barilocheexcursiones.com.ar\/","name":"Bariloche Excursions","description":"Living the experience in Bariloche","publisher":{"@id":"https:\/\/barilocheexcursiones.com.ar\/#organization"},"potentialAction":[{"@type":"SearchAction","target":{"@type":"EntryPoint","urlTemplate":"https:\/\/barilocheexcursiones.com.ar\/?s={search_term_string}"},"query-input":{"@type":"PropertyValueSpecification","valueRequired":true,"valueName":"search_term_string"}}],"inLanguage":"en-US"},{"@type":"Organization","@id":"https:\/\/barilocheexcursiones.com.ar\/#organization","name":"Bariloche Excursions","url":"https:\/\/barilocheexcursiones.com.ar\/","logo":{"@type":"ImageObject","inLanguage":"en-US","@id":"https:\/\/barilocheexcursiones.com.ar\/#\/schema\/logo\/image\/","url":"https:\/\/barilocheexcursiones.com.ar\/wp-content\/uploads\/2025\/04\/bariloche-excursiones-logo.png","contentUrl":"https:\/\/barilocheexcursiones.com.ar\/wp-content\/uploads\/2025\/04\/bariloche-excursiones-logo.png","width":512,"height":512,"caption":"Bariloche Excursiones"},"image":{"@id":"https:\/\/barilocheexcursiones.com.ar\/#\/schema\/logo\/image\/"}}]},"product_price_amount":"136000.00","product_price_currency":"ARS","og_availability":"instock","product_availability":"instock","product_retailer_item_id":"ADV2025PUBLYC297O","product_condition":"new"},"_links":{"self":[{"href":"https:\/\/barilocheexcursiones.com.ar\/en\/wp-json\/wp\/v2\/product\/795","targetHints":{"allow":["GET"]}}],"collection":[{"href":"https:\/\/barilocheexcursiones.com.ar\/en\/wp-json\/wp\/v2\/product"}],"about":[{"href":"https:\/\/barilocheexcursiones.com.ar\/en\/wp-json\/wp\/v2\/types\/product"}],"replies":[{"embeddable":true,"href":"https:\/\/barilocheexcursiones.com.ar\/en\/wp-json\/wp\/v2\/comments?post=795"}],"version-history":[{"count":6,"href":"https:\/\/barilocheexcursiones.com.ar\/en\/wp-json\/wp\/v2\/product\/795\/revisions"}],"predecessor-version":[{"id":17748,"href":"https:\/\/barilocheexcursiones.com.ar\/en\/wp-json\/wp\/v2\/product\/795\/revisions\/17748"}],"wp:featuredmedia":[{"embeddable":true,"href":"https:\/\/barilocheexcursiones.com.ar\/en\/wp-json\/wp\/v2\/media\/16877"}],"wp:attachment":[{"href":"https:\/\/barilocheexcursiones.com.ar\/en\/wp-json\/wp\/v2\/media?parent=795"}],"wp:term":[{"taxonomy":"product_brand","embeddable":true,"href":"https:\/\/barilocheexcursiones.com.ar\/en\/wp-json\/wp\/v2\/product_brand?post=795"},{"taxonomy":"product_cat","embeddable":true,"href":"https:\/\/barilocheexcursiones.com.ar\/en\/wp-json\/wp\/v2\/product_cat?post=795"},{"taxonomy":"product_tag","embeddable":true,"href":"https:\/\/barilocheexcursiones.com.ar\/en\/wp-json\/wp\/v2\/product_tag?post=795"}],"curies":[{"name":"wp","href":"https:\/\/api.w.org\/{rel}","templated":true}]}}