{"id":794,"date":"2025-03-23T20:51:54","date_gmt":"2025-03-23T23:51:54","guid":{"rendered":"https:\/\/barilocheexcursiones.com.ar\/?post_type=product&#038;p=794"},"modified":"2026-04-07T12:10:36","modified_gmt":"2026-04-07T15:10:36","slug":"puerto-blest-cascada-los-cantaros-lago-frias-sin-traslado","status":"publish","type":"product","link":"https:\/\/barilocheexcursiones.com.ar\/en\/product\/puerto-blest-waterfall-los-cantaros-lake-frias-without-transfer\/","title":{"rendered":"Puerto Blest and Lago Frias from Puerto Pa\u00f1uelo (no transfer)"},"content":{"rendered":"<h3 data-start=\"486\" data-end=\"540\">I experienced two Patagonian navigations in one day<\/h3>\n<p data-start=\"541\" data-end=\"904\">If you are staying near Llao Llao Llao or if you have your own mobility, this excursion allows you to enjoy the complete experience from <strong data-start=\"675\" data-end=\"693\">Puerto Pa\u00f1uelo<\/strong>, without the need of transfer. There you embark directly to navigate the <strong data-start=\"765\" data-end=\"802\">Blest Arm of Lake Nahuel Huapi<\/strong>, A journey surrounded by mountains, dense vegetation and unique views of the Nahuel Huapi National Park.<\/p>\n<p data-start=\"906\" data-end=\"1307\">After arriving at <strong data-start=\"926\" data-end=\"942\">Puerto Blest<\/strong>, the excursion continues with a second navigation on the <strong data-start=\"1000\" data-end=\"1014\">Lake Frias<\/strong>, whose green waters come from the melting ice of the <strong data-start=\"1062\" data-end=\"1080\">Cerro Tronador<\/strong>. This hidden corner of the Andean Patagonia surprises for its calm, color and natural environment. You will also have time to walk the trails that lead to the <strong data-start=\"1240\" data-end=\"1264\">Los C\u00e1ntaros Waterfall<\/strong> or just relax in front of the bay.<\/p>\n<p data-start=\"1309\" data-end=\"1493\">The activity is guided, with explanations in Spanish throughout the tour. It is an ideal option for those who are already in the area or wish to organize their day with more flexibility.<\/p>\n<h3 data-start=\"1500\" data-end=\"1526\">Frequently Asked Questions<\/h3>\n<p data-start=\"1527\" data-end=\"1651\"><strong data-start=\"1527\" data-end=\"1549\">Where do you ship?<\/strong><br data-start=\"1549\" data-end=\"1552\" \/>At <strong data-start=\"1555\" data-end=\"1573\">Puerto Pa\u00f1uelo<\/strong>, located at km 25 of Bustillo Avenue. You can get there by car, cab or bus.<\/p>\n<p data-start=\"1653\" data-end=\"1843\"><strong data-start=\"1653\" data-end=\"1685\">What does this tour include?<\/strong><br data-start=\"1685\" data-end=\"1688\" \/>Includes navigation to and from Puerto Blest, the crossing to Lake Frias and guide throughout the trip. You can also hike to the waterfall.<\/p>\n<p data-start=\"1845\" data-end=\"1976\"><strong data-start=\"1845\" data-end=\"1871\">What is not included?<\/strong><br data-start=\"1871\" data-end=\"1874\" \/>It does not include transfer to the port, entrance fees to the national park, embarkation fees or meals.<\/p>\n<p data-start=\"1978\" data-end=\"2079\"><strong data-start=\"1978\" data-end=\"2007\">Is the hike demanding?<\/strong><br data-start=\"2007\" data-end=\"2010\" \/>No, it is moderated and enabled with secure gateways. It is optional.<\/p>","protected":false},"excerpt":{"rendered":"<h2>I discovered Puerto Blest and \u201cLos Cantaros\u201d waterfall.\u201d<\/h2>\n<p>Explore a wonderful circuit from <strong>Puerto Pa\u00f1uelo<\/strong> to the <strong>Los C\u00e1ntaros Waterfall<\/strong> on the placid waters of the <strong>Nahuel Huapi Lake<\/strong>. Be amazed by the spectacular <strong>Lake Frias<\/strong> and adventure on the trails of the <strong>valdivian rainforest<\/strong> in the immensity of the <strong>Andes mountain range<\/strong>.<\/p>","protected":false},"featured_media":17138,"comment_status":"open","ping_status":"closed","template":"","meta":[],"product_brand":[],"product_cat":[91,88,173,170,167,168,171,172],"product_tag":[],"class_list":{"0":"post-794","1":"product","2":"type-product","3":"status-publish","4":"has-post-thumbnail","6":"product_cat-adultos","7":"product_cat-familia","8":"product_cat-jubilados","9":"product_cat-lacustre","10":"product_cat-ninos","11":"product_cat-sin-comida","12":"product_cat-sin-traslado","13":"product_cat-todo-el-ano-temporada","15":"first","16":"instock","17":"virtual","18":"sold-individually","19":"purchasable","20":"product-type-booking"},"booking_location":"","booking_location_type":"","booking_duration":60,"booking_duration_unit":"minute","booking_buffer":0,"booking_cost":0,"booking_resources":[],"exclude_global_add_ons":false,"addons":[{"name":"ADU | Adult","type":"input_multiplier","position":0,"required":false,"title_format":"label","default":"","description_enable":false,"description":"","placeholder_enable":false,"placeholder":"","display":"select","restrictions_type":"any_text","adjust_price":true,"price":"190000","price_type":"quantity_based","restrictions":false,"min":"0","max":"0","options":[],"id":1773233364},{"name":"MEN512 | from 5 to 12","type":"input_multiplier","position":1,"required":false,"title_format":"label","default":"","description_enable":false,"description":"","placeholder_enable":false,"placeholder":"","display":"select","restrictions_type":"any_text","adjust_price":true,"price":"97000","price_type":"quantity_based","restrictions":false,"min":"0","max":"0","options":[],"id":1773233365},{"name":"ADUJ : Retired","type":"input_multiplier","position":2,"required":false,"title_format":"label","default":"","description_enable":false,"description":"","placeholder_enable":false,"placeholder":"","display":"select","restrictions_type":"any_text","adjust_price":true,"price":"97000","price_type":"quantity_based","restrictions":false,"min":"0","max":"0","options":[],"id":1773233366}],"yoast_head":"<!-- This site is optimized with the Yoast SEO Premium plugin v24.5 (Yoast SEO v24.8) - https:\/\/yoast.com\/wordpress\/plugins\/seo\/ -->\n<title>Puerto Blest y Lago Fr\u00edas desde Puerto Pa\u00f1uelo (sin traslado) - Bariloche Excursiones<\/title>\n<meta name=\"description\" content=\"Excursi\u00f3n desde Puerto Pa\u00f1uelo a Puerto Blest y Lago Fr\u00edas. Incluye doble navegaci\u00f3n y caminata.\" \/>\n<meta name=\"robots\" content=\"index, follow, max-snippet:-1, max-image-preview:large, max-video-preview:-1\" \/>\n<link rel=\"canonical\" href=\"https:\/\/barilocheexcursiones.com.ar\/en\/product\/puerto-blest-waterfall-los-cantaros-lake-frias-without-transfer\/\" \/>\n<meta property=\"og:locale\" content=\"en_US\" \/>\n<meta property=\"og:type\" content=\"article\" \/>\n<meta property=\"og:title\" content=\"Puerto Blest y Lago Fr\u00edas desde Puerto Pa\u00f1uelo (sin traslado)\" \/>\n<meta property=\"og:description\" content=\"Excursi\u00f3n desde Puerto Pa\u00f1uelo a Puerto Blest y Lago Fr\u00edas. Incluye doble navegaci\u00f3n y caminata.\" \/>\n<meta property=\"og:url\" content=\"https:\/\/barilocheexcursiones.com.ar\/en\/product\/puerto-blest-waterfall-los-cantaros-lake-frias-without-transfer\/\" \/>\n<meta property=\"og:site_name\" content=\"Bariloche Excursiones\" \/>\n<meta property=\"article:modified_time\" content=\"2026-04-07T15:10:36+00:00\" \/>\n<meta property=\"og:image\" content=\"https:\/\/barilocheexcursiones.com.ar\/wp-content\/uploads\/2025\/03\/13-D-492224701_1131528602338326_8942229990772201456_n.jpg\" \/>\n\t<meta property=\"og:image:width\" content=\"850\" \/>\n\t<meta property=\"og:image:height\" content=\"1133\" \/>\n\t<meta property=\"og:image:type\" content=\"image\/jpeg\" \/>\n<meta name=\"twitter:card\" content=\"summary_large_image\" \/>\n<meta name=\"twitter:label1\" content=\"Price\" \/>\n\t<meta name=\"twitter:data1\" content=\"&#036;&nbsp;190.000,00\" \/>\n\t<meta name=\"twitter:label2\" content=\"Availability\" \/>\n\t<meta name=\"twitter:data2\" content=\"In stock\" \/>\n<script type=\"application\/ld+json\" class=\"yoast-schema-graph\">{\"@context\":\"https:\/\/schema.org\",\"@graph\":[{\"@type\":[\"WebPage\",\"ItemPage\"],\"@id\":\"https:\/\/barilocheexcursiones.com.ar\/product\/puerto-blest-cascada-los-cantaros-lago-frias-sin-traslado\/\",\"url\":\"https:\/\/barilocheexcursiones.com.ar\/product\/puerto-blest-cascada-los-cantaros-lago-frias-sin-traslado\/\",\"name\":\"Puerto Blest y Lago Fr\u00edas desde Puerto Pa\u00f1uelo (sin traslado) - Bariloche Excursiones\",\"isPartOf\":{\"@id\":\"https:\/\/barilocheexcursiones.com.ar\/#website\"},\"primaryImageOfPage\":{\"@id\":\"https:\/\/barilocheexcursiones.com.ar\/product\/puerto-blest-cascada-los-cantaros-lago-frias-sin-traslado\/#primaryimage\"},\"image\":{\"@id\":\"https:\/\/barilocheexcursiones.com.ar\/product\/puerto-blest-cascada-los-cantaros-lago-frias-sin-traslado\/#primaryimage\"},\"thumbnailUrl\":\"https:\/\/barilocheexcursiones.com.ar\/wp-content\/uploads\/2025\/03\/13-D-492224701_1131528602338326_8942229990772201456_n.jpg\",\"datePublished\":\"2025-03-23T23:51:54+00:00\",\"dateModified\":\"2026-04-07T15:10:36+00:00\",\"description\":\"Excursi\u00f3n desde Puerto Pa\u00f1uelo a Puerto Blest y Lago Fr\u00edas. Incluye doble navegaci\u00f3n y caminata.\",\"breadcrumb\":{\"@id\":\"https:\/\/barilocheexcursiones.com.ar\/product\/puerto-blest-cascada-los-cantaros-lago-frias-sin-traslado\/#breadcrumb\"},\"inLanguage\":\"en-US\",\"potentialAction\":[{\"@type\":\"ReadAction\",\"target\":[\"https:\/\/barilocheexcursiones.com.ar\/product\/puerto-blest-cascada-los-cantaros-lago-frias-sin-traslado\/\"]}]},{\"@type\":\"ImageObject\",\"inLanguage\":\"en-US\",\"@id\":\"https:\/\/barilocheexcursiones.com.ar\/product\/puerto-blest-cascada-los-cantaros-lago-frias-sin-traslado\/#primaryimage\",\"url\":\"https:\/\/barilocheexcursiones.com.ar\/wp-content\/uploads\/2025\/03\/13-D-492224701_1131528602338326_8942229990772201456_n.jpg\",\"contentUrl\":\"https:\/\/barilocheexcursiones.com.ar\/wp-content\/uploads\/2025\/03\/13-D-492224701_1131528602338326_8942229990772201456_n.jpg\",\"width\":850,\"height\":1133},{\"@type\":\"BreadcrumbList\",\"@id\":\"https:\/\/barilocheexcursiones.com.ar\/product\/puerto-blest-cascada-los-cantaros-lago-frias-sin-traslado\/#breadcrumb\",\"itemListElement\":[{\"@type\":\"ListItem\",\"position\":1,\"name\":\"Home\",\"item\":\"https:\/\/barilocheexcursiones.com.ar\/\"},{\"@type\":\"ListItem\",\"position\":2,\"name\":\"Excursiones, traslados y m\u00e1s!\",\"item\":\"https:\/\/barilocheexcursiones.com.ar\/shop\/\"},{\"@type\":\"ListItem\",\"position\":3,\"name\":\"Puerto Blest y Lago Fr\u00edas desde Puerto Pa\u00f1uelo (sin traslado)\"}]},{\"@type\":\"WebSite\",\"@id\":\"https:\/\/barilocheexcursiones.com.ar\/#website\",\"url\":\"https:\/\/barilocheexcursiones.com.ar\/\",\"name\":\"Bariloche Excursiones\",\"description\":\"Vivir la experiencia en Bariloche\",\"publisher\":{\"@id\":\"https:\/\/barilocheexcursiones.com.ar\/#organization\"},\"potentialAction\":[{\"@type\":\"SearchAction\",\"target\":{\"@type\":\"EntryPoint\",\"urlTemplate\":\"https:\/\/barilocheexcursiones.com.ar\/?s={search_term_string}\"},\"query-input\":{\"@type\":\"PropertyValueSpecification\",\"valueRequired\":true,\"valueName\":\"search_term_string\"}}],\"inLanguage\":\"en-US\"},{\"@type\":\"Organization\",\"@id\":\"https:\/\/barilocheexcursiones.com.ar\/#organization\",\"name\":\"Bariloche Excursiones\",\"url\":\"https:\/\/barilocheexcursiones.com.ar\/\",\"logo\":{\"@type\":\"ImageObject\",\"inLanguage\":\"en-US\",\"@id\":\"https:\/\/barilocheexcursiones.com.ar\/#\/schema\/logo\/image\/\",\"url\":\"https:\/\/barilocheexcursiones.com.ar\/wp-content\/uploads\/2025\/04\/bariloche-excursiones-logo.png\",\"contentUrl\":\"https:\/\/barilocheexcursiones.com.ar\/wp-content\/uploads\/2025\/04\/bariloche-excursiones-logo.png\",\"width\":512,\"height\":512,\"caption\":\"Bariloche Excursiones\"},\"image\":{\"@id\":\"https:\/\/barilocheexcursiones.com.ar\/#\/schema\/logo\/image\/\"}}]}<\/script>\n<meta property=\"product:price:amount\" content=\"190000.00\" \/>\n<meta property=\"product:price:currency\" content=\"ARS\" \/>\n<meta property=\"og:availability\" content=\"instock\" \/>\n<meta property=\"product:availability\" content=\"instock\" \/>\n<meta property=\"product:retailer_item_id\" content=\"ADV2025PUBLYC33V7\" \/>\n<meta property=\"product:condition\" content=\"new\" \/>\n<!-- \/ Yoast SEO Premium plugin. -->","yoast_head_json":{"title":"Puerto Blest and Lago Frias from Puerto Pa\u00f1uelo (without transfer) - Bariloche Excursions","description":"Excursion from Puerto Pa\u00f1uelo to Puerto Blest and Lago Frias. Includes double navigation and hike.","robots":{"index":"index","follow":"follow","max-snippet":"max-snippet:-1","max-image-preview":"max-image-preview:large","max-video-preview":"max-video-preview:-1"},"canonical":"https:\/\/barilocheexcursiones.com.ar\/en\/product\/puerto-blest-waterfall-los-cantaros-lake-frias-without-transfer\/","og_locale":"en_US","og_type":"article","og_title":"Puerto Blest y Lago Fr\u00edas desde Puerto Pa\u00f1uelo (sin traslado)","og_description":"Excursi\u00f3n desde Puerto Pa\u00f1uelo a Puerto Blest y Lago Fr\u00edas. Incluye doble navegaci\u00f3n y caminata.","og_url":"https:\/\/barilocheexcursiones.com.ar\/en\/product\/puerto-blest-waterfall-los-cantaros-lake-frias-without-transfer\/","og_site_name":"Bariloche Excursiones","article_modified_time":"2026-04-07T15:10:36+00:00","og_image":[{"width":850,"height":1133,"url":"https:\/\/barilocheexcursiones.com.ar\/wp-content\/uploads\/2025\/03\/13-D-492224701_1131528602338326_8942229990772201456_n.jpg","type":"image\/jpeg"}],"twitter_card":"summary_large_image","twitter_misc":{"Price":"&#36;&nbsp;190.000,00","Availability":"In stock"},"schema":{"@context":"https:\/\/schema.org","@graph":[{"@type":["WebPage","ItemPage"],"@id":"https:\/\/barilocheexcursiones.com.ar\/product\/puerto-blest-cascada-los-cantaros-lago-frias-sin-traslado\/","url":"https:\/\/barilocheexcursiones.com.ar\/product\/puerto-blest-cascada-los-cantaros-lago-frias-sin-traslado\/","name":"Puerto Blest and Lago Frias from Puerto Pa\u00f1uelo (without transfer) - Bariloche Excursions","isPartOf":{"@id":"https:\/\/barilocheexcursiones.com.ar\/#website"},"primaryImageOfPage":{"@id":"https:\/\/barilocheexcursiones.com.ar\/product\/puerto-blest-cascada-los-cantaros-lago-frias-sin-traslado\/#primaryimage"},"image":{"@id":"https:\/\/barilocheexcursiones.com.ar\/product\/puerto-blest-cascada-los-cantaros-lago-frias-sin-traslado\/#primaryimage"},"thumbnailUrl":"https:\/\/barilocheexcursiones.com.ar\/wp-content\/uploads\/2025\/03\/13-D-492224701_1131528602338326_8942229990772201456_n.jpg","datePublished":"2025-03-23T23:51:54+00:00","dateModified":"2026-04-07T15:10:36+00:00","description":"Excursion from Puerto Pa\u00f1uelo to Puerto Blest and Lago Frias. Includes double navigation and hike.","breadcrumb":{"@id":"https:\/\/barilocheexcursiones.com.ar\/product\/puerto-blest-cascada-los-cantaros-lago-frias-sin-traslado\/#breadcrumb"},"inLanguage":"en-US","potentialAction":[{"@type":"ReadAction","target":["https:\/\/barilocheexcursiones.com.ar\/product\/puerto-blest-cascada-los-cantaros-lago-frias-sin-traslado\/"]}]},{"@type":"ImageObject","inLanguage":"en-US","@id":"https:\/\/barilocheexcursiones.com.ar\/product\/puerto-blest-cascada-los-cantaros-lago-frias-sin-traslado\/#primaryimage","url":"https:\/\/barilocheexcursiones.com.ar\/wp-content\/uploads\/2025\/03\/13-D-492224701_1131528602338326_8942229990772201456_n.jpg","contentUrl":"https:\/\/barilocheexcursiones.com.ar\/wp-content\/uploads\/2025\/03\/13-D-492224701_1131528602338326_8942229990772201456_n.jpg","width":850,"height":1133},{"@type":"BreadcrumbList","@id":"https:\/\/barilocheexcursiones.com.ar\/product\/puerto-blest-cascada-los-cantaros-lago-frias-sin-traslado\/#breadcrumb","itemListElement":[{"@type":"ListItem","position":1,"name":"Home","item":"https:\/\/barilocheexcursiones.com.ar\/"},{"@type":"ListItem","position":2,"name":"Excursiones, traslados y m\u00e1s!","item":"https:\/\/barilocheexcursiones.com.ar\/shop\/"},{"@type":"ListItem","position":3,"name":"Puerto Blest y Lago Fr\u00edas desde Puerto Pa\u00f1uelo (sin traslado)"}]},{"@type":"WebSite","@id":"https:\/\/barilocheexcursiones.com.ar\/#website","url":"https:\/\/barilocheexcursiones.com.ar\/","name":"Bariloche Excursions","description":"Living the experience in Bariloche","publisher":{"@id":"https:\/\/barilocheexcursiones.com.ar\/#organization"},"potentialAction":[{"@type":"SearchAction","target":{"@type":"EntryPoint","urlTemplate":"https:\/\/barilocheexcursiones.com.ar\/?s={search_term_string}"},"query-input":{"@type":"PropertyValueSpecification","valueRequired":true,"valueName":"search_term_string"}}],"inLanguage":"en-US"},{"@type":"Organization","@id":"https:\/\/barilocheexcursiones.com.ar\/#organization","name":"Bariloche Excursions","url":"https:\/\/barilocheexcursiones.com.ar\/","logo":{"@type":"ImageObject","inLanguage":"en-US","@id":"https:\/\/barilocheexcursiones.com.ar\/#\/schema\/logo\/image\/","url":"https:\/\/barilocheexcursiones.com.ar\/wp-content\/uploads\/2025\/04\/bariloche-excursiones-logo.png","contentUrl":"https:\/\/barilocheexcursiones.com.ar\/wp-content\/uploads\/2025\/04\/bariloche-excursiones-logo.png","width":512,"height":512,"caption":"Bariloche Excursiones"},"image":{"@id":"https:\/\/barilocheexcursiones.com.ar\/#\/schema\/logo\/image\/"}}]},"product_price_amount":"190000.00","product_price_currency":"ARS","og_availability":"instock","product_availability":"instock","product_retailer_item_id":"ADV2025PUBLYC33V7","product_condition":"new"},"_links":{"self":[{"href":"https:\/\/barilocheexcursiones.com.ar\/en\/wp-json\/wp\/v2\/product\/794","targetHints":{"allow":["GET"]}}],"collection":[{"href":"https:\/\/barilocheexcursiones.com.ar\/en\/wp-json\/wp\/v2\/product"}],"about":[{"href":"https:\/\/barilocheexcursiones.com.ar\/en\/wp-json\/wp\/v2\/types\/product"}],"replies":[{"embeddable":true,"href":"https:\/\/barilocheexcursiones.com.ar\/en\/wp-json\/wp\/v2\/comments?post=794"}],"version-history":[{"count":8,"href":"https:\/\/barilocheexcursiones.com.ar\/en\/wp-json\/wp\/v2\/product\/794\/revisions"}],"predecessor-version":[{"id":17749,"href":"https:\/\/barilocheexcursiones.com.ar\/en\/wp-json\/wp\/v2\/product\/794\/revisions\/17749"}],"wp:featuredmedia":[{"embeddable":true,"href":"https:\/\/barilocheexcursiones.com.ar\/en\/wp-json\/wp\/v2\/media\/17138"}],"wp:attachment":[{"href":"https:\/\/barilocheexcursiones.com.ar\/en\/wp-json\/wp\/v2\/media?parent=794"}],"wp:term":[{"taxonomy":"product_brand","embeddable":true,"href":"https:\/\/barilocheexcursiones.com.ar\/en\/wp-json\/wp\/v2\/product_brand?post=794"},{"taxonomy":"product_cat","embeddable":true,"href":"https:\/\/barilocheexcursiones.com.ar\/en\/wp-json\/wp\/v2\/product_cat?post=794"},{"taxonomy":"product_tag","embeddable":true,"href":"https:\/\/barilocheexcursiones.com.ar\/en\/wp-json\/wp\/v2\/product_tag?post=794"}],"curies":[{"name":"wp","href":"https:\/\/api.w.org\/{rel}","templated":true}]}}