{"id":788,"date":"2025-03-23T20:50:43","date_gmt":"2025-03-23T23:50:43","guid":{"rendered":"https:\/\/barilocheexcursiones.com.ar\/?post_type=product&#038;p=788"},"modified":"2026-04-11T11:50:56","modified_gmt":"2026-04-11T14:50:56","slug":"extremo-encantado","status":"publish","type":"product","link":"https:\/\/barilocheexcursiones.com.ar\/en\/product\/enchanted-end\/","title":{"rendered":"Viv\u00ed Extremo Encantado: culipat\u00edn, snowshoeing and snow magic with live music"},"content":{"rendered":"<h3 data-start=\"413\" data-end=\"514\"><strong data-start=\"417\" data-end=\"514\">Experience an authentic encounter with snowy Patagonia in a day designed for the senses.<\/strong><\/h3>\n<p data-start=\"516\" data-end=\"811\">Extremo Encantado is more than an excursion: it is an immersion in the best of the Patagonian winter. Through a carefully thought itinerary, we combine extraordinary landscapes, moderate adventure and a comforting gastronomic proposal, all in the privileged environment of Cerro Lopez.<\/p>\n<p data-start=\"813\" data-end=\"1030\">Departure is available every day <strong data-start=\"854\" data-end=\"900\">from june 15 to august 20<\/strong>, with two possible schedules and a service that prioritizes quality, comfort and experience in direct contact with the snow.<\/p>\n<h3 data-start=\"1037\" data-end=\"1077\">What makes this experience unique<\/h3>\n<p data-start=\"1079\" data-end=\"1273\"><strong data-start=\"1079\" data-end=\"1113\">Ascent in 4\u00d74 through the mountain:<\/strong> The initial route already makes the difference. We climb in special vehicles through snowy roads until we reach the refuge, surrounded by breathtaking views.<\/p>\n<p data-start=\"1275\" data-end=\"1409\"><strong data-start=\"1275\" data-end=\"1310\">Sledding and fun in the snow:<\/strong> A simple and safe activity, the culipatines descent awakens smiles in all ages.<\/p>\n<p data-start=\"1411\" data-end=\"1579\"><strong data-start=\"1411\" data-end=\"1458\">Snowshoeing on snowy trails:<\/strong> A short but unforgettable walk, guided by experts, that reveals the silence and beauty of the Andean forest in winter.<\/p>\n<p data-start=\"1581\" data-end=\"1750\"><strong data-start=\"1581\" data-end=\"1614\">Regional gourmet experience:<\/strong> Fondue, empanadas and other specialties are served in a warm shelter with live music, completing a multi-sensory experience.<\/p>\n<h3 data-start=\"1757\" data-end=\"1778\">Time options<\/h3>\n<ul data-start=\"1780\" data-end=\"1856\">\n<li data-start=\"1780\" data-end=\"1818\">\n<p data-start=\"1782\" data-end=\"1818\"><strong data-start=\"1782\" data-end=\"1799\">Morning shift:<\/strong> 9 a.m. to 3 p.m.<\/p>\n<\/li>\n<li data-start=\"1819\" data-end=\"1856\">\n<p data-start=\"1821\" data-end=\"1856\"><strong data-start=\"1821\" data-end=\"1837\">Afternoon shift:<\/strong> 1 to 6 p.m.<\/p>\n<\/li>\n<\/ul>\n<p data-start=\"1858\" data-end=\"1995\">Transfers are organized from meeting points located between downtown Bariloche and km 8 of Bustillo or Pioneros avenues.<\/p>\n<h3 data-start=\"2002\" data-end=\"2017\">What is included<\/h3>\n<ul data-start=\"2019\" data-end=\"2271\">\n<li data-start=\"2019\" data-end=\"2073\">\n<p data-start=\"2021\" data-end=\"2073\">Round trip transportation from strategic points.<\/p>\n<\/li>\n<li data-start=\"2074\" data-end=\"2111\">\n<p data-start=\"2076\" data-end=\"2111\">Ascent in 4\u00d74 to the mountain area.<\/p>\n<\/li>\n<li data-start=\"2112\" data-end=\"2154\">\n<p data-start=\"2114\" data-end=\"2154\">Guided hike with snowshoes.<\/p>\n<\/li>\n<li data-start=\"2155\" data-end=\"2189\">\n<p data-start=\"2157\" data-end=\"2189\">Sledding (culipat\u00edn).<\/p>\n<\/li>\n<li data-start=\"2190\" data-end=\"2223\">\n<p data-start=\"2192\" data-end=\"2223\">Live music at the shelter.<\/p>\n<\/li>\n<li data-start=\"2224\" data-end=\"2271\">\n<p data-start=\"2226\" data-end=\"2271\">Lunch or regional snack, depending on the shift.<\/p>\n<\/li>\n<\/ul>\n<p data-start=\"2273\" data-end=\"2342\"><strong data-start=\"2273\" data-end=\"2288\">Important:<\/strong> snow clothes and drinks are not included with the meal.<\/p>\n<h3 data-start=\"2349\" data-end=\"2373\">Frequently Asked Questions<\/h3>\n<p data-start=\"2375\" data-end=\"2539\"><strong data-start=\"2375\" data-end=\"2433\">Is the experience suitable for beginners or families?<\/strong><br data-start=\"2433\" data-end=\"2436\" \/>Yes, it does not require previous experience or special physical condition. It is ideal for families, couples or groups.<\/p>\n<p data-start=\"2541\" data-end=\"2676\"><strong data-start=\"2541\" data-end=\"2562\">What should I bring?<\/strong><br data-start=\"2562\" data-end=\"2565\" \/>Thermal or snow clothing, waterproof boots, gloves, hat and sunglasses. The activity does not include clothing.<\/p>\n<p data-start=\"2678\" data-end=\"2850\"><strong data-start=\"2678\" data-end=\"2710\">Where does the transfer begin?<\/strong><br data-start=\"2710\" data-end=\"2713\" \/>The transfer departs from meeting points close to your accommodation, located between downtown and km 8 of Bustillo Av. or Pioneros Av.<\/p>\n<p data-start=\"2678\" data-end=\"2850\"><strong>Important Notice<\/strong>This tour is now available for pre-booking. Departures operate from June 15 to August 20, subject to seasonal calendar.<\/p>","protected":false},"excerpt":{"rendered":"<p><strong>Enchanted Extreme<\/strong> offers you a unique winter experience. Adventure in 4\u00d74, sledding and hiking, culminating with a special gastronomic stop. You will connect with nature in an incomparable setting.<\/p>","protected":false},"featured_media":16909,"comment_status":"open","ping_status":"closed","template":"","meta":[],"product_brand":[],"product_cat":[91,85,105,100,88,166,167,169],"product_tag":[],"class_list":{"0":"post-788","1":"product","2":"type-product","3":"status-publish","4":"has-post-thumbnail","6":"product_cat-adultos","7":"product_cat-aventura","8":"product_cat-con-comida","9":"product_cat-con-traslado","10":"product_cat-familia","11":"product_cat-invierno-temporada","12":"product_cat-ninos-apto","13":"product_cat-terrestre-tipo","15":"first","16":"instock","17":"virtual","18":"sold-individually","19":"purchasable","20":"product-type-booking"},"booking_location":"","booking_location_type":"","booking_duration":1,"booking_duration_unit":"hour","booking_buffer":0,"booking_cost":0,"booking_resources":[],"exclude_global_add_ons":false,"addons":[{"name":"ADU | Adult","type":"input_multiplier","position":0,"required":false,"title_format":"label","default":"","description_enable":false,"description":"","placeholder_enable":false,"placeholder":"","display":"select","restrictions_type":"any_text","adjust_price":true,"price":"239500","price_type":"quantity_based","restrictions":false,"min":"0","max":"0","options":[],"id":1775908257},{"name":"MEN412 | from 4 to 12","type":"input_multiplier","position":1,"required":false,"title_format":"label","default":"","description_enable":false,"description":"","placeholder_enable":false,"placeholder":"","display":"select","restrictions_type":"any_text","adjust_price":true,"price":"179500","price_type":"quantity_based","restrictions":false,"min":"0","max":"0","options":[],"id":1775908258},{"name":"INF03 | From 0 to 3","type":"input_multiplier","position":2,"required":false,"title_format":"label","default":"","description_enable":false,"description":"","placeholder_enable":false,"placeholder":"","display":"select","restrictions_type":"any_text","adjust_price":true,"price":"0","price_type":"quantity_based","restrictions":false,"min":"0","max":"0","options":[],"id":1775908259}],"yoast_head":"<!-- This site is optimized with the Yoast SEO Premium plugin v24.5 (Yoast SEO v24.8) - https:\/\/yoast.com\/wordpress\/plugins\/seo\/ -->\n<title>Viv\u00ed Extremo Encantado: culipat\u00edn, raquetas y magia nevada con m\u00fasica en vivo - Bariloche Excursiones<\/title>\n<meta name=\"description\" content=\"Excursi\u00f3n Extremo Encantado: trineos, raquetas, gastronom\u00eda regional y vistas espectaculares en el Cerro L\u00f3pez. Una vivencia de nieve exclusiva en Bariloche.\" \/>\n<meta name=\"robots\" content=\"index, follow, max-snippet:-1, max-image-preview:large, max-video-preview:-1\" \/>\n<link rel=\"canonical\" href=\"https:\/\/barilocheexcursiones.com.ar\/en\/product\/enchanted-end\/\" \/>\n<meta property=\"og:locale\" content=\"en_US\" \/>\n<meta property=\"og:type\" content=\"article\" \/>\n<meta property=\"og:title\" content=\"Viv\u00ed Extremo Encantado: culipat\u00edn, raquetas y magia nevada con m\u00fasica en vivo\" \/>\n<meta property=\"og:description\" content=\"Excursi\u00f3n Extremo Encantado: trineos, raquetas, gastronom\u00eda regional y vistas espectaculares en el Cerro L\u00f3pez. Una vivencia de nieve exclusiva en Bariloche.\" \/>\n<meta property=\"og:url\" content=\"https:\/\/barilocheexcursiones.com.ar\/en\/product\/enchanted-end\/\" \/>\n<meta property=\"og:site_name\" content=\"Bariloche Excursiones\" \/>\n<meta property=\"article:modified_time\" content=\"2026-04-11T14:50:56+00:00\" \/>\n<meta property=\"og:image\" content=\"https:\/\/barilocheexcursiones.com.ar\/wp-content\/uploads\/2025\/03\/3-A-Externo-scaled.jpg\" \/>\n\t<meta property=\"og:image:width\" content=\"1920\" \/>\n\t<meta property=\"og:image:height\" content=\"2560\" \/>\n\t<meta property=\"og:image:type\" content=\"image\/jpeg\" \/>\n<meta name=\"twitter:card\" content=\"summary_large_image\" \/>\n<meta name=\"twitter:label1\" content=\"Price\" \/>\n\t<meta name=\"twitter:data1\" content=\"&#036;&nbsp;239.500,00\" \/>\n\t<meta name=\"twitter:label2\" content=\"Availability\" \/>\n\t<meta name=\"twitter:data2\" content=\"In stock\" \/>\n<script type=\"application\/ld+json\" class=\"yoast-schema-graph\">{\"@context\":\"https:\/\/schema.org\",\"@graph\":[{\"@type\":[\"WebPage\",\"ItemPage\"],\"@id\":\"https:\/\/barilocheexcursiones.com.ar\/product\/extremo-encantado\/\",\"url\":\"https:\/\/barilocheexcursiones.com.ar\/product\/extremo-encantado\/\",\"name\":\"Viv\u00ed Extremo Encantado: culipat\u00edn, raquetas y magia nevada con m\u00fasica en vivo - Bariloche Excursiones\",\"isPartOf\":{\"@id\":\"https:\/\/barilocheexcursiones.com.ar\/#website\"},\"primaryImageOfPage\":{\"@id\":\"https:\/\/barilocheexcursiones.com.ar\/product\/extremo-encantado\/#primaryimage\"},\"image\":{\"@id\":\"https:\/\/barilocheexcursiones.com.ar\/product\/extremo-encantado\/#primaryimage\"},\"thumbnailUrl\":\"https:\/\/barilocheexcursiones.com.ar\/wp-content\/uploads\/2025\/03\/3-A-Externo-scaled.jpg\",\"datePublished\":\"2025-03-23T23:50:43+00:00\",\"dateModified\":\"2026-04-11T14:50:56+00:00\",\"description\":\"Excursi\u00f3n Extremo Encantado: trineos, raquetas, gastronom\u00eda regional y vistas espectaculares en el Cerro L\u00f3pez. Una vivencia de nieve exclusiva en Bariloche.\",\"breadcrumb\":{\"@id\":\"https:\/\/barilocheexcursiones.com.ar\/product\/extremo-encantado\/#breadcrumb\"},\"inLanguage\":\"en-US\",\"potentialAction\":[{\"@type\":\"ReadAction\",\"target\":[\"https:\/\/barilocheexcursiones.com.ar\/product\/extremo-encantado\/\"]}]},{\"@type\":\"ImageObject\",\"inLanguage\":\"en-US\",\"@id\":\"https:\/\/barilocheexcursiones.com.ar\/product\/extremo-encantado\/#primaryimage\",\"url\":\"https:\/\/barilocheexcursiones.com.ar\/wp-content\/uploads\/2025\/03\/3-A-Externo-scaled.jpg\",\"contentUrl\":\"https:\/\/barilocheexcursiones.com.ar\/wp-content\/uploads\/2025\/03\/3-A-Externo-scaled.jpg\",\"width\":1920,\"height\":2560},{\"@type\":\"BreadcrumbList\",\"@id\":\"https:\/\/barilocheexcursiones.com.ar\/product\/extremo-encantado\/#breadcrumb\",\"itemListElement\":[{\"@type\":\"ListItem\",\"position\":1,\"name\":\"Home\",\"item\":\"https:\/\/barilocheexcursiones.com.ar\/\"},{\"@type\":\"ListItem\",\"position\":2,\"name\":\"Excursiones, traslados y m\u00e1s!\",\"item\":\"https:\/\/barilocheexcursiones.com.ar\/shop\/\"},{\"@type\":\"ListItem\",\"position\":3,\"name\":\"Viv\u00ed Extremo Encantado: culipat\u00edn, raquetas y magia nevada con m\u00fasica en vivo\"}]},{\"@type\":\"WebSite\",\"@id\":\"https:\/\/barilocheexcursiones.com.ar\/#website\",\"url\":\"https:\/\/barilocheexcursiones.com.ar\/\",\"name\":\"Bariloche Excursiones\",\"description\":\"Vivir la experiencia en Bariloche\",\"publisher\":{\"@id\":\"https:\/\/barilocheexcursiones.com.ar\/#organization\"},\"potentialAction\":[{\"@type\":\"SearchAction\",\"target\":{\"@type\":\"EntryPoint\",\"urlTemplate\":\"https:\/\/barilocheexcursiones.com.ar\/?s={search_term_string}\"},\"query-input\":{\"@type\":\"PropertyValueSpecification\",\"valueRequired\":true,\"valueName\":\"search_term_string\"}}],\"inLanguage\":\"en-US\"},{\"@type\":\"Organization\",\"@id\":\"https:\/\/barilocheexcursiones.com.ar\/#organization\",\"name\":\"Bariloche Excursiones\",\"url\":\"https:\/\/barilocheexcursiones.com.ar\/\",\"logo\":{\"@type\":\"ImageObject\",\"inLanguage\":\"en-US\",\"@id\":\"https:\/\/barilocheexcursiones.com.ar\/#\/schema\/logo\/image\/\",\"url\":\"https:\/\/barilocheexcursiones.com.ar\/wp-content\/uploads\/2025\/04\/bariloche-excursiones-logo.png\",\"contentUrl\":\"https:\/\/barilocheexcursiones.com.ar\/wp-content\/uploads\/2025\/04\/bariloche-excursiones-logo.png\",\"width\":512,\"height\":512,\"caption\":\"Bariloche Excursiones\"},\"image\":{\"@id\":\"https:\/\/barilocheexcursiones.com.ar\/#\/schema\/logo\/image\/\"}}]}<\/script>\n<meta property=\"product:price:amount\" content=\"239500.00\" \/>\n<meta property=\"product:price:currency\" content=\"ARS\" \/>\n<meta property=\"og:availability\" content=\"instock\" \/>\n<meta property=\"product:availability\" content=\"instock\" \/>\n<meta property=\"product:retailer_item_id\" content=\"ADV2025EXENCL99\" \/>\n<meta property=\"product:condition\" content=\"new\" \/>\n<!-- \/ Yoast SEO Premium plugin. -->","yoast_head_json":{"title":"Viv\u00ed Extremo Encantado: culipat\u00edn, snowshoeing and snow magic with live music - Bariloche Excursiones","description":"Extremo Encantado Excursion: sledding, snowshoeing, regional gastronomy and spectacular views at Cerro Lopez. An exclusive snow experience in Bariloche.","robots":{"index":"index","follow":"follow","max-snippet":"max-snippet:-1","max-image-preview":"max-image-preview:large","max-video-preview":"max-video-preview:-1"},"canonical":"https:\/\/barilocheexcursiones.com.ar\/en\/product\/enchanted-end\/","og_locale":"en_US","og_type":"article","og_title":"Viv\u00ed Extremo Encantado: culipat\u00edn, raquetas y magia nevada con m\u00fasica en vivo","og_description":"Excursi\u00f3n Extremo Encantado: trineos, raquetas, gastronom\u00eda regional y vistas espectaculares en el Cerro L\u00f3pez. Una vivencia de nieve exclusiva en Bariloche.","og_url":"https:\/\/barilocheexcursiones.com.ar\/en\/product\/enchanted-end\/","og_site_name":"Bariloche Excursiones","article_modified_time":"2026-04-11T14:50:56+00:00","og_image":[{"width":1920,"height":2560,"url":"https:\/\/barilocheexcursiones.com.ar\/wp-content\/uploads\/2025\/03\/3-A-Externo-scaled.jpg","type":"image\/jpeg"}],"twitter_card":"summary_large_image","twitter_misc":{"Price":"&#36;&nbsp;239.500,00","Availability":"In stock"},"schema":{"@context":"https:\/\/schema.org","@graph":[{"@type":["WebPage","ItemPage"],"@id":"https:\/\/barilocheexcursiones.com.ar\/product\/extremo-encantado\/","url":"https:\/\/barilocheexcursiones.com.ar\/product\/extremo-encantado\/","name":"Viv\u00ed Extremo Encantado: culipat\u00edn, snowshoeing and snow magic with live music - Bariloche Excursiones","isPartOf":{"@id":"https:\/\/barilocheexcursiones.com.ar\/#website"},"primaryImageOfPage":{"@id":"https:\/\/barilocheexcursiones.com.ar\/product\/extremo-encantado\/#primaryimage"},"image":{"@id":"https:\/\/barilocheexcursiones.com.ar\/product\/extremo-encantado\/#primaryimage"},"thumbnailUrl":"https:\/\/barilocheexcursiones.com.ar\/wp-content\/uploads\/2025\/03\/3-A-Externo-scaled.jpg","datePublished":"2025-03-23T23:50:43+00:00","dateModified":"2026-04-11T14:50:56+00:00","description":"Extremo Encantado Excursion: sledding, snowshoeing, regional gastronomy and spectacular views at Cerro Lopez. An exclusive snow experience in Bariloche.","breadcrumb":{"@id":"https:\/\/barilocheexcursiones.com.ar\/product\/extremo-encantado\/#breadcrumb"},"inLanguage":"en-US","potentialAction":[{"@type":"ReadAction","target":["https:\/\/barilocheexcursiones.com.ar\/product\/extremo-encantado\/"]}]},{"@type":"ImageObject","inLanguage":"en-US","@id":"https:\/\/barilocheexcursiones.com.ar\/product\/extremo-encantado\/#primaryimage","url":"https:\/\/barilocheexcursiones.com.ar\/wp-content\/uploads\/2025\/03\/3-A-Externo-scaled.jpg","contentUrl":"https:\/\/barilocheexcursiones.com.ar\/wp-content\/uploads\/2025\/03\/3-A-Externo-scaled.jpg","width":1920,"height":2560},{"@type":"BreadcrumbList","@id":"https:\/\/barilocheexcursiones.com.ar\/product\/extremo-encantado\/#breadcrumb","itemListElement":[{"@type":"ListItem","position":1,"name":"Home","item":"https:\/\/barilocheexcursiones.com.ar\/"},{"@type":"ListItem","position":2,"name":"Excursiones, traslados y m\u00e1s!","item":"https:\/\/barilocheexcursiones.com.ar\/shop\/"},{"@type":"ListItem","position":3,"name":"Viv\u00ed Extremo Encantado: culipat\u00edn, raquetas y magia nevada con m\u00fasica en vivo"}]},{"@type":"WebSite","@id":"https:\/\/barilocheexcursiones.com.ar\/#website","url":"https:\/\/barilocheexcursiones.com.ar\/","name":"Bariloche Excursions","description":"Living the experience in Bariloche","publisher":{"@id":"https:\/\/barilocheexcursiones.com.ar\/#organization"},"potentialAction":[{"@type":"SearchAction","target":{"@type":"EntryPoint","urlTemplate":"https:\/\/barilocheexcursiones.com.ar\/?s={search_term_string}"},"query-input":{"@type":"PropertyValueSpecification","valueRequired":true,"valueName":"search_term_string"}}],"inLanguage":"en-US"},{"@type":"Organization","@id":"https:\/\/barilocheexcursiones.com.ar\/#organization","name":"Bariloche Excursions","url":"https:\/\/barilocheexcursiones.com.ar\/","logo":{"@type":"ImageObject","inLanguage":"en-US","@id":"https:\/\/barilocheexcursiones.com.ar\/#\/schema\/logo\/image\/","url":"https:\/\/barilocheexcursiones.com.ar\/wp-content\/uploads\/2025\/04\/bariloche-excursiones-logo.png","contentUrl":"https:\/\/barilocheexcursiones.com.ar\/wp-content\/uploads\/2025\/04\/bariloche-excursiones-logo.png","width":512,"height":512,"caption":"Bariloche Excursiones"},"image":{"@id":"https:\/\/barilocheexcursiones.com.ar\/#\/schema\/logo\/image\/"}}]},"product_price_amount":"239500.00","product_price_currency":"ARS","og_availability":"instock","product_availability":"instock","product_retailer_item_id":"ADV2025EXENCL99","product_condition":"new"},"_links":{"self":[{"href":"https:\/\/barilocheexcursiones.com.ar\/en\/wp-json\/wp\/v2\/product\/788","targetHints":{"allow":["GET"]}}],"collection":[{"href":"https:\/\/barilocheexcursiones.com.ar\/en\/wp-json\/wp\/v2\/product"}],"about":[{"href":"https:\/\/barilocheexcursiones.com.ar\/en\/wp-json\/wp\/v2\/types\/product"}],"replies":[{"embeddable":true,"href":"https:\/\/barilocheexcursiones.com.ar\/en\/wp-json\/wp\/v2\/comments?post=788"}],"version-history":[{"count":7,"href":"https:\/\/barilocheexcursiones.com.ar\/en\/wp-json\/wp\/v2\/product\/788\/revisions"}],"predecessor-version":[{"id":17802,"href":"https:\/\/barilocheexcursiones.com.ar\/en\/wp-json\/wp\/v2\/product\/788\/revisions\/17802"}],"wp:featuredmedia":[{"embeddable":true,"href":"https:\/\/barilocheexcursiones.com.ar\/en\/wp-json\/wp\/v2\/media\/16909"}],"wp:attachment":[{"href":"https:\/\/barilocheexcursiones.com.ar\/en\/wp-json\/wp\/v2\/media?parent=788"}],"wp:term":[{"taxonomy":"product_brand","embeddable":true,"href":"https:\/\/barilocheexcursiones.com.ar\/en\/wp-json\/wp\/v2\/product_brand?post=788"},{"taxonomy":"product_cat","embeddable":true,"href":"https:\/\/barilocheexcursiones.com.ar\/en\/wp-json\/wp\/v2\/product_cat?post=788"},{"taxonomy":"product_tag","embeddable":true,"href":"https:\/\/barilocheexcursiones.com.ar\/en\/wp-json\/wp\/v2\/product_tag?post=788"}],"curies":[{"name":"wp","href":"https:\/\/api.w.org\/{rel}","templated":true}]}}