{"id":784,"date":"2025-03-23T20:49:57","date_gmt":"2025-03-23T23:49:57","guid":{"rendered":"https:\/\/barilocheexcursiones.com.ar\/?post_type=product&#038;p=784"},"modified":"2026-04-11T11:40:43","modified_gmt":"2026-04-11T14:40:43","slug":"traslado-al-cerro-piedras-blancas","status":"publish","type":"product","link":"https:\/\/barilocheexcursiones.com.ar\/en\/product\/transfer-to-cerro-piedras-blancas\/","title":{"rendered":"Transfer to Piedras Blancas - Convenient access to the snow from Bariloche"},"content":{"rendered":"<h3 data-start=\"262\" data-end=\"327\">Enjoy Piedras Blancas without worrying about transportation.<\/h3>\n<p data-start=\"329\" data-end=\"668\">This transfer is designed for those looking for comfort and organization to enjoy a full day in the snow. From downtown Bariloche we will take you directly to the Piedras Blancas complex, in Cerro Otto, known for its sled runs, panoramic views and winter activities ideal for all kinds of people.<\/p>\n<p data-start=\"670\" data-end=\"762\">With this option you only have to worry about enjoying the snow; transportation is taken care of.<\/p>\n<h3 data-start=\"769\" data-end=\"795\">What you will experience<\/h3>\n<ul data-start=\"797\" data-end=\"1049\">\n<li data-start=\"797\" data-end=\"875\">\n<p data-start=\"799\" data-end=\"875\">Direct round trip transfer between Bariloche and Piedras Blancas.<\/p>\n<\/li>\n<li data-start=\"876\" data-end=\"971\">\n<p data-start=\"878\" data-end=\"971\">Free time for activities such as sledding, hiking or contemplating the snowy landscape.<\/p>\n<\/li>\n<li data-start=\"972\" data-end=\"1049\">\n<p data-start=\"974\" data-end=\"1049\">Efficient and punctual organization, with the guarantee of Bariloche Excursiones.<\/p>\n<\/li>\n<\/ul>\n<p data-start=\"1051\" data-end=\"1175\"><strong data-start=\"1051\" data-end=\"1066\">Important:<\/strong> The service includes only the transfer. Activities within the complex are contracted separately.<\/p>\n<h3 data-start=\"1182\" data-end=\"1206\">Practical information<\/h3>\n<p data-start=\"1208\" data-end=\"1235\"><strong data-start=\"1208\" data-end=\"1233\">Schedules available:<\/strong><\/p>\n<ul data-start=\"1236\" data-end=\"1302\">\n<li data-start=\"1236\" data-end=\"1270\">\n<p data-start=\"1238\" data-end=\"1270\">Morning shift: 08:00 a.m. to 4:00 p.m.<\/p>\n<\/li>\n<li data-start=\"1271\" data-end=\"1302\">\n<p data-start=\"1273\" data-end=\"1302\">Afternoon shift: 13:00 to 18:00 hs.<\/p>\n<\/li>\n<\/ul>\n<p data-start=\"1304\" data-end=\"1354\"><strong data-start=\"1304\" data-end=\"1317\">Duration:<\/strong> Half day (depending on the chosen schedule)<\/p>\n<p data-start=\"1356\" data-end=\"1497\"><strong data-start=\"1356\" data-end=\"1379\">Meeting point:<\/strong> We coordinate a point close to your lodging (between downtown Bariloche and km 8 of Bustillo Ave. or Pioneros Ave.)<\/p>\n<p data-start=\"1499\" data-end=\"1559\"><strong data-start=\"1499\" data-end=\"1511\">Includes:<\/strong> Roundtrip transportation in authorized transportation.<\/p>\n<p data-start=\"1561\" data-end=\"1676\"><strong data-start=\"1561\" data-end=\"1576\">Does not include:<\/strong> Lunch, access passes to the complex, equipment rental or activities at Piedras Blancas.<\/p>\n<h3 data-start=\"1683\" data-end=\"1707\">Frequently asked questions<\/h3>\n<p data-start=\"1709\" data-end=\"1859\"><strong data-start=\"1709\" data-end=\"1741\">Where does the transfer begin?<\/strong><br data-start=\"1741\" data-end=\"1744\" \/>We coordinate a meeting point close to your accommodation, to guarantee comfort and optimization of the tour.<\/p>\n<p data-start=\"1861\" data-end=\"2034\"><strong data-start=\"1861\" data-end=\"1916\">What activities can I do in Piedras Blancas?<\/strong><br data-start=\"1916\" data-end=\"1919\" \/>Sledding (culipatin), snowshoeing, panoramic views and chairlifts (at additional cost).<\/p>\n<p data-start=\"2036\" data-end=\"2170\"><strong data-start=\"2036\" data-end=\"2072\">Does the transfer include the entrance fee?<\/strong><br data-start=\"2072\" data-end=\"2075\" \/>No, the service covers transportation only. Passes are purchased at the resort.<\/p>\n<p data-start=\"2172\" data-end=\"2288\"><strong data-start=\"2172\" data-end=\"2217\">Can it be combined with other excursions?<\/strong><br data-start=\"2217\" data-end=\"2220\" \/>Yes, it is an excellent option to complement the Circuito Chico.<\/p>\n<p><span class=\"cf0\"><strong>Important Notice<\/strong>This tour is now available for pre-booking. Departures operate from June 15 to August 20, subject to seasonal calendar.<\/span><br \/>\n<!--EndFragment --><\/p>","protected":false},"excerpt":{"rendered":"<p>Embark on an exclusive half-day journey from Bariloche to Cerro Piedras Blancas, exploring the best of skiing in the southern hemisphere. An experience that fuses adventure, luxury and the breathtaking Patagonian landscapes.<\/p>","protected":false},"featured_media":16895,"comment_status":"open","ping_status":"closed","template":"","meta":[],"product_brand":[],"product_cat":[91,100,88,166,167,168,169],"product_tag":[],"class_list":{"0":"post-784","1":"product","2":"type-product","3":"status-publish","4":"has-post-thumbnail","6":"product_cat-adultos","7":"product_cat-con-traslado","8":"product_cat-familia","9":"product_cat-invierno-temporada","10":"product_cat-ninos-apto","11":"product_cat-sin-comida-incluido","12":"product_cat-terrestre-tipo","14":"first","15":"instock","16":"virtual","17":"sold-individually","18":"purchasable","19":"product-type-booking"},"booking_location":"","booking_location_type":"","booking_duration":1,"booking_duration_unit":"hour","booking_buffer":0,"booking_cost":0,"booking_resources":[],"exclude_global_add_ons":false,"addons":[{"name":"ADU | Adult","type":"input_multiplier","position":0,"required":false,"title_format":"label","default":"","description_enable":false,"description":"","placeholder_enable":false,"placeholder":"","display":"select","restrictions_type":"any_text","adjust_price":true,"price":"31200","price_type":"quantity_based","restrictions":false,"min":"0","max":"0","options":[],"id":1775907644}],"yoast_head":"<!-- This site is optimized with the Yoast SEO Premium plugin v24.5 (Yoast SEO v24.8) - https:\/\/yoast.com\/wordpress\/plugins\/seo\/ -->\n<title>Traslado a Piedras Blancas \u2013 Acceso c\u00f3modo a la nieve desde Bariloche - Bariloche Excursiones<\/title>\n<meta name=\"description\" content=\"Traslado desde Bariloche a Piedras Blancas. Transporte c\u00f3modo ida y vuelta. Acceso f\u00e1cil para disfrutar de trineos, nieve y paisajes sin preocuparse por el traslado.\" \/>\n<meta name=\"robots\" content=\"index, follow, max-snippet:-1, max-image-preview:large, max-video-preview:-1\" \/>\n<link rel=\"canonical\" href=\"https:\/\/barilocheexcursiones.com.ar\/en\/product\/transfer-to-cerro-piedras-blancas\/\" \/>\n<meta property=\"og:locale\" content=\"en_US\" \/>\n<meta property=\"og:type\" content=\"article\" \/>\n<meta property=\"og:title\" content=\"Traslado a Piedras Blancas \u2013 Acceso c\u00f3modo a la nieve desde Bariloche\" \/>\n<meta property=\"og:description\" content=\"Traslado desde Bariloche a Piedras Blancas. Transporte c\u00f3modo ida y vuelta. Acceso f\u00e1cil para disfrutar de trineos, nieve y paisajes sin preocuparse por el traslado.\" \/>\n<meta property=\"og:url\" content=\"https:\/\/barilocheexcursiones.com.ar\/en\/product\/transfer-to-cerro-piedras-blancas\/\" \/>\n<meta property=\"og:site_name\" content=\"Bariloche Excursiones\" \/>\n<meta property=\"article:modified_time\" content=\"2026-04-11T14:40:43+00:00\" \/>\n<meta property=\"og:image\" content=\"https:\/\/barilocheexcursiones.com.ar\/wp-content\/uploads\/2025\/03\/3-C-captioHHn-scaled.jpg\" \/>\n\t<meta property=\"og:image:width\" content=\"1920\" \/>\n\t<meta property=\"og:image:height\" content=\"2560\" \/>\n\t<meta property=\"og:image:type\" content=\"image\/jpeg\" \/>\n<meta name=\"twitter:card\" content=\"summary_large_image\" \/>\n<meta name=\"twitter:label1\" content=\"Price\" \/>\n\t<meta name=\"twitter:data1\" content=\"&#036;&nbsp;31.200,00\" \/>\n\t<meta name=\"twitter:label2\" content=\"Availability\" \/>\n\t<meta name=\"twitter:data2\" content=\"In stock\" \/>\n<script type=\"application\/ld+json\" class=\"yoast-schema-graph\">{\"@context\":\"https:\/\/schema.org\",\"@graph\":[{\"@type\":[\"WebPage\",\"ItemPage\"],\"@id\":\"https:\/\/barilocheexcursiones.com.ar\/product\/traslado-al-cerro-piedras-blancas\/\",\"url\":\"https:\/\/barilocheexcursiones.com.ar\/product\/traslado-al-cerro-piedras-blancas\/\",\"name\":\"Traslado a Piedras Blancas \u2013 Acceso c\u00f3modo a la nieve desde Bariloche - Bariloche Excursiones\",\"isPartOf\":{\"@id\":\"https:\/\/barilocheexcursiones.com.ar\/#website\"},\"primaryImageOfPage\":{\"@id\":\"https:\/\/barilocheexcursiones.com.ar\/product\/traslado-al-cerro-piedras-blancas\/#primaryimage\"},\"image\":{\"@id\":\"https:\/\/barilocheexcursiones.com.ar\/product\/traslado-al-cerro-piedras-blancas\/#primaryimage\"},\"thumbnailUrl\":\"https:\/\/barilocheexcursiones.com.ar\/wp-content\/uploads\/2025\/03\/3-C-captioHHn-scaled.jpg\",\"datePublished\":\"2025-03-23T23:49:57+00:00\",\"dateModified\":\"2026-04-11T14:40:43+00:00\",\"description\":\"Traslado desde Bariloche a Piedras Blancas. Transporte c\u00f3modo ida y vuelta. Acceso f\u00e1cil para disfrutar de trineos, nieve y paisajes sin preocuparse por el traslado.\",\"breadcrumb\":{\"@id\":\"https:\/\/barilocheexcursiones.com.ar\/product\/traslado-al-cerro-piedras-blancas\/#breadcrumb\"},\"inLanguage\":\"en-US\",\"potentialAction\":[{\"@type\":\"ReadAction\",\"target\":[\"https:\/\/barilocheexcursiones.com.ar\/product\/traslado-al-cerro-piedras-blancas\/\"]}]},{\"@type\":\"ImageObject\",\"inLanguage\":\"en-US\",\"@id\":\"https:\/\/barilocheexcursiones.com.ar\/product\/traslado-al-cerro-piedras-blancas\/#primaryimage\",\"url\":\"https:\/\/barilocheexcursiones.com.ar\/wp-content\/uploads\/2025\/03\/3-C-captioHHn-scaled.jpg\",\"contentUrl\":\"https:\/\/barilocheexcursiones.com.ar\/wp-content\/uploads\/2025\/03\/3-C-captioHHn-scaled.jpg\",\"width\":1920,\"height\":2560},{\"@type\":\"BreadcrumbList\",\"@id\":\"https:\/\/barilocheexcursiones.com.ar\/product\/traslado-al-cerro-piedras-blancas\/#breadcrumb\",\"itemListElement\":[{\"@type\":\"ListItem\",\"position\":1,\"name\":\"Home\",\"item\":\"https:\/\/barilocheexcursiones.com.ar\/\"},{\"@type\":\"ListItem\",\"position\":2,\"name\":\"Excursiones, traslados y m\u00e1s!\",\"item\":\"https:\/\/barilocheexcursiones.com.ar\/shop\/\"},{\"@type\":\"ListItem\",\"position\":3,\"name\":\"Traslado a Piedras Blancas \u2013 Acceso c\u00f3modo a la nieve desde Bariloche\"}]},{\"@type\":\"WebSite\",\"@id\":\"https:\/\/barilocheexcursiones.com.ar\/#website\",\"url\":\"https:\/\/barilocheexcursiones.com.ar\/\",\"name\":\"Bariloche Excursiones\",\"description\":\"Vivir la experiencia en Bariloche\",\"publisher\":{\"@id\":\"https:\/\/barilocheexcursiones.com.ar\/#organization\"},\"potentialAction\":[{\"@type\":\"SearchAction\",\"target\":{\"@type\":\"EntryPoint\",\"urlTemplate\":\"https:\/\/barilocheexcursiones.com.ar\/?s={search_term_string}\"},\"query-input\":{\"@type\":\"PropertyValueSpecification\",\"valueRequired\":true,\"valueName\":\"search_term_string\"}}],\"inLanguage\":\"en-US\"},{\"@type\":\"Organization\",\"@id\":\"https:\/\/barilocheexcursiones.com.ar\/#organization\",\"name\":\"Bariloche Excursiones\",\"url\":\"https:\/\/barilocheexcursiones.com.ar\/\",\"logo\":{\"@type\":\"ImageObject\",\"inLanguage\":\"en-US\",\"@id\":\"https:\/\/barilocheexcursiones.com.ar\/#\/schema\/logo\/image\/\",\"url\":\"https:\/\/barilocheexcursiones.com.ar\/wp-content\/uploads\/2025\/04\/bariloche-excursiones-logo.png\",\"contentUrl\":\"https:\/\/barilocheexcursiones.com.ar\/wp-content\/uploads\/2025\/04\/bariloche-excursiones-logo.png\",\"width\":512,\"height\":512,\"caption\":\"Bariloche Excursiones\"},\"image\":{\"@id\":\"https:\/\/barilocheexcursiones.com.ar\/#\/schema\/logo\/image\/\"}}]}<\/script>\n<meta property=\"product:price:amount\" content=\"31200.00\" \/>\n<meta property=\"product:price:currency\" content=\"ARS\" \/>\n<meta property=\"og:availability\" content=\"instock\" \/>\n<meta property=\"product:availability\" content=\"instock\" \/>\n<meta property=\"product:retailer_item_id\" content=\"ADV2025TRALCE1K3T\" \/>\n<meta property=\"product:condition\" content=\"new\" \/>\n<!-- \/ Yoast SEO Premium plugin. -->","yoast_head_json":{"title":"Transfer to Piedras Blancas - Comfortable access to the snow from Bariloche - Bariloche Excursions","description":"Transfer from Bariloche to Piedras Blancas. Comfortable round trip transportation. Easy access to enjoy sleds, snow and landscapes without worrying about the transfer.","robots":{"index":"index","follow":"follow","max-snippet":"max-snippet:-1","max-image-preview":"max-image-preview:large","max-video-preview":"max-video-preview:-1"},"canonical":"https:\/\/barilocheexcursiones.com.ar\/en\/product\/transfer-to-cerro-piedras-blancas\/","og_locale":"en_US","og_type":"article","og_title":"Traslado a Piedras Blancas \u2013 Acceso c\u00f3modo a la nieve desde Bariloche","og_description":"Traslado desde Bariloche a Piedras Blancas. Transporte c\u00f3modo ida y vuelta. Acceso f\u00e1cil para disfrutar de trineos, nieve y paisajes sin preocuparse por el traslado.","og_url":"https:\/\/barilocheexcursiones.com.ar\/en\/product\/transfer-to-cerro-piedras-blancas\/","og_site_name":"Bariloche Excursiones","article_modified_time":"2026-04-11T14:40:43+00:00","og_image":[{"width":1920,"height":2560,"url":"https:\/\/barilocheexcursiones.com.ar\/wp-content\/uploads\/2025\/03\/3-C-captioHHn-scaled.jpg","type":"image\/jpeg"}],"twitter_card":"summary_large_image","twitter_misc":{"Price":"&#36;&nbsp;31.200,00","Availability":"In stock"},"schema":{"@context":"https:\/\/schema.org","@graph":[{"@type":["WebPage","ItemPage"],"@id":"https:\/\/barilocheexcursiones.com.ar\/product\/traslado-al-cerro-piedras-blancas\/","url":"https:\/\/barilocheexcursiones.com.ar\/product\/traslado-al-cerro-piedras-blancas\/","name":"Transfer to Piedras Blancas - Comfortable access to the snow from Bariloche - Bariloche Excursions","isPartOf":{"@id":"https:\/\/barilocheexcursiones.com.ar\/#website"},"primaryImageOfPage":{"@id":"https:\/\/barilocheexcursiones.com.ar\/product\/traslado-al-cerro-piedras-blancas\/#primaryimage"},"image":{"@id":"https:\/\/barilocheexcursiones.com.ar\/product\/traslado-al-cerro-piedras-blancas\/#primaryimage"},"thumbnailUrl":"https:\/\/barilocheexcursiones.com.ar\/wp-content\/uploads\/2025\/03\/3-C-captioHHn-scaled.jpg","datePublished":"2025-03-23T23:49:57+00:00","dateModified":"2026-04-11T14:40:43+00:00","description":"Transfer from Bariloche to Piedras Blancas. Comfortable round trip transportation. Easy access to enjoy sleds, snow and landscapes without worrying about the transfer.","breadcrumb":{"@id":"https:\/\/barilocheexcursiones.com.ar\/product\/traslado-al-cerro-piedras-blancas\/#breadcrumb"},"inLanguage":"en-US","potentialAction":[{"@type":"ReadAction","target":["https:\/\/barilocheexcursiones.com.ar\/product\/traslado-al-cerro-piedras-blancas\/"]}]},{"@type":"ImageObject","inLanguage":"en-US","@id":"https:\/\/barilocheexcursiones.com.ar\/product\/traslado-al-cerro-piedras-blancas\/#primaryimage","url":"https:\/\/barilocheexcursiones.com.ar\/wp-content\/uploads\/2025\/03\/3-C-captioHHn-scaled.jpg","contentUrl":"https:\/\/barilocheexcursiones.com.ar\/wp-content\/uploads\/2025\/03\/3-C-captioHHn-scaled.jpg","width":1920,"height":2560},{"@type":"BreadcrumbList","@id":"https:\/\/barilocheexcursiones.com.ar\/product\/traslado-al-cerro-piedras-blancas\/#breadcrumb","itemListElement":[{"@type":"ListItem","position":1,"name":"Home","item":"https:\/\/barilocheexcursiones.com.ar\/"},{"@type":"ListItem","position":2,"name":"Excursiones, traslados y m\u00e1s!","item":"https:\/\/barilocheexcursiones.com.ar\/shop\/"},{"@type":"ListItem","position":3,"name":"Traslado a Piedras Blancas \u2013 Acceso c\u00f3modo a la nieve desde Bariloche"}]},{"@type":"WebSite","@id":"https:\/\/barilocheexcursiones.com.ar\/#website","url":"https:\/\/barilocheexcursiones.com.ar\/","name":"Bariloche Excursions","description":"Living the experience in Bariloche","publisher":{"@id":"https:\/\/barilocheexcursiones.com.ar\/#organization"},"potentialAction":[{"@type":"SearchAction","target":{"@type":"EntryPoint","urlTemplate":"https:\/\/barilocheexcursiones.com.ar\/?s={search_term_string}"},"query-input":{"@type":"PropertyValueSpecification","valueRequired":true,"valueName":"search_term_string"}}],"inLanguage":"en-US"},{"@type":"Organization","@id":"https:\/\/barilocheexcursiones.com.ar\/#organization","name":"Bariloche Excursions","url":"https:\/\/barilocheexcursiones.com.ar\/","logo":{"@type":"ImageObject","inLanguage":"en-US","@id":"https:\/\/barilocheexcursiones.com.ar\/#\/schema\/logo\/image\/","url":"https:\/\/barilocheexcursiones.com.ar\/wp-content\/uploads\/2025\/04\/bariloche-excursiones-logo.png","contentUrl":"https:\/\/barilocheexcursiones.com.ar\/wp-content\/uploads\/2025\/04\/bariloche-excursiones-logo.png","width":512,"height":512,"caption":"Bariloche Excursiones"},"image":{"@id":"https:\/\/barilocheexcursiones.com.ar\/#\/schema\/logo\/image\/"}}]},"product_price_amount":"31200.00","product_price_currency":"ARS","og_availability":"instock","product_availability":"instock","product_retailer_item_id":"ADV2025TRALCE1K3T","product_condition":"new"},"_links":{"self":[{"href":"https:\/\/barilocheexcursiones.com.ar\/en\/wp-json\/wp\/v2\/product\/784","targetHints":{"allow":["GET"]}}],"collection":[{"href":"https:\/\/barilocheexcursiones.com.ar\/en\/wp-json\/wp\/v2\/product"}],"about":[{"href":"https:\/\/barilocheexcursiones.com.ar\/en\/wp-json\/wp\/v2\/types\/product"}],"replies":[{"embeddable":true,"href":"https:\/\/barilocheexcursiones.com.ar\/en\/wp-json\/wp\/v2\/comments?post=784"}],"version-history":[{"count":6,"href":"https:\/\/barilocheexcursiones.com.ar\/en\/wp-json\/wp\/v2\/product\/784\/revisions"}],"predecessor-version":[{"id":17799,"href":"https:\/\/barilocheexcursiones.com.ar\/en\/wp-json\/wp\/v2\/product\/784\/revisions\/17799"}],"wp:featuredmedia":[{"embeddable":true,"href":"https:\/\/barilocheexcursiones.com.ar\/en\/wp-json\/wp\/v2\/media\/16895"}],"wp:attachment":[{"href":"https:\/\/barilocheexcursiones.com.ar\/en\/wp-json\/wp\/v2\/media?parent=784"}],"wp:term":[{"taxonomy":"product_brand","embeddable":true,"href":"https:\/\/barilocheexcursiones.com.ar\/en\/wp-json\/wp\/v2\/product_brand?post=784"},{"taxonomy":"product_cat","embeddable":true,"href":"https:\/\/barilocheexcursiones.com.ar\/en\/wp-json\/wp\/v2\/product_cat?post=784"},{"taxonomy":"product_tag","embeddable":true,"href":"https:\/\/barilocheexcursiones.com.ar\/en\/wp-json\/wp\/v2\/product_tag?post=784"}],"curies":[{"name":"wp","href":"https:\/\/api.w.org\/{rel}","templated":true}]}}