{"id":15899,"date":"2025-04-09T15:32:42","date_gmt":"2025-04-09T18:32:42","guid":{"rendered":"https:\/\/barilocheexcursiones.com.ar\/?post_type=product&#038;p=15899"},"modified":"2026-04-11T21:08:08","modified_gmt":"2026-04-12T00:08:08","slug":"la-cueva-travesia-diurna-moto-de-nieve-cuatriciclos-sin-traslado","status":"publish","type":"product","link":"https:\/\/barilocheexcursiones.com.ar\/en\/product\/la-cueva-day-tour-snowmobile-atvs-without-transfer\/","title":{"rendered":"La Cueva - Day Tour on Snowmobile and ATV - Without transfer"},"content":{"rendered":"<h2>Introduction<\/h2>\n<p>Discover an exclusive winter experience in Bariloche traveling through snowy landscapes on snowmobiles and ATVs along 7 km of pure adventure. This journey, guided by experts, immerses you in the majesty of lenga forests, streams and natural viewpoints, in an environment of comfort and excitement.<\/p>\n<h2>Tour Details<\/h2>\n<ul>\n<li><strong>Itinerary:<\/strong> A 7 km ride through forests and streams.<\/li>\n<li><strong>Altitude:<\/strong> Ascent up to 1400 meters with stops at strategic points.<\/li>\n<li><strong>Dual experience:<\/strong> Use of ATVs and snowmobiles to explore exclusive terrain accessible only by all-terrain vehicles.<\/li>\n<li><strong>Starting point:<\/strong> Base of Cerro Catedral (option without transfer, you must go to the starting point).<\/li>\n<\/ul>\n<h2>What's Included<\/h2>\n<ul>\n<li><strong>Expert guides<\/strong> that accompany your tour, guaranteeing safety and comfort.<\/li>\n<li><strong>Combined activity<\/strong> by ATV and snowmobile with an approximate duration of 50 minutes per vehicle (capacity for 2 people).<\/li>\n<\/ul>\n<h2>Additional Information<\/h2>\n<p>The activity starts on June 10, since it is from that date when the snow is at its maximum expression in the hills. It is recommended to bring appropriate clothing, since snow clothing is not included, and to take into account that the transfer service is not included.<\/p>\n<h2>Schedules<\/h2>\n<p>Starting point at the base of Cerro Catedral.<\/p>\n<ul>\n<li>09:45 a.m.<\/li>\n<li>11:00 am.<\/li>\n<li>12:15 p.m.<\/li>\n<li>1:30 p.m.<\/li>\n<\/ul>\n<h3>Frequently Asked Questions (FAQ's)<\/h3>\n<ul>\n<li><strong>When do these excursions take place?<\/strong>The excursions take place from June 10, a period in which the snow reaches optimal levels to enjoy this adventure.<\/li>\n<li><strong>What is the starting point of the tour without transfer?<\/strong>Those interested in the option without transfer must go to the base of Cerro Catedral to begin the experience.<\/li>\n<li><strong>What activities are included in the excursion?<\/strong>The experience combines a tour on ATVs and snowmobiles, with stops at natural viewpoints and exclusive areas of the ski center.<\/li>\n<\/ul>\n<p><strong>Important notice:<\/strong> This tour is now available for advance booking. Departures operate from June 15 through August 20, subject to seasonal schedule.<\/p>","protected":false},"excerpt":{"rendered":"<p>Experience a unique winter adventure in Bariloche traveling 7 km of snowy landscapes on snowmobiles and ATVs. With an expert guide, enjoy natural viewpoints and exclusive access to areas of the ski center, all in a journey full of emotion and comfort.<\/p>","protected":false},"featured_media":16830,"comment_status":"open","ping_status":"closed","template":"","meta":[],"product_brand":[],"product_cat":[91,85,105,166,167,171,169],"product_tag":[],"class_list":{"0":"post-15899","1":"product","2":"type-product","3":"status-publish","4":"has-post-thumbnail","6":"product_cat-adultos","7":"product_cat-aventura","8":"product_cat-con-comida","9":"product_cat-invierno-temporada","10":"product_cat-ninos-apto","11":"product_cat-sin-traslado-movilidad","12":"product_cat-terrestre-tipo","14":"first","15":"instock","16":"virtual","17":"sold-individually","18":"purchasable","19":"product-type-booking"},"booking_location":"","booking_location_type":"","booking_duration":1,"booking_duration_unit":"hour","booking_buffer":0,"booking_cost":0,"booking_resources":[],"exclude_global_add_ons":false,"addons":[{"name":"ADU | Adult","type":"input_multiplier","position":0,"required":false,"title_format":"label","default":"","description_enable":false,"description":"","placeholder_enable":false,"placeholder":"","display":"select","restrictions_type":"any_text","adjust_price":true,"price":"265000","price_type":"quantity_based","restrictions":false,"min":"0","max":"0","options":[],"id":1775905351}],"yoast_head":"<!-- This site is optimized with the Yoast SEO Premium plugin v24.5 (Yoast SEO v24.8) - https:\/\/yoast.com\/wordpress\/plugins\/seo\/ -->\n<title>La Cueva \u2013 Traves\u00eda Diurna en Moto de Nieve y Cuatriciclos - Sin traslado - Bariloche Excursiones<\/title>\n<meta name=\"robots\" content=\"index, follow, max-snippet:-1, max-image-preview:large, max-video-preview:-1\" \/>\n<link rel=\"canonical\" href=\"https:\/\/barilocheexcursiones.com.ar\/en\/product\/la-cueva-day-tour-snowmobile-atvs-without-transfer\/\" \/>\n<meta property=\"og:locale\" content=\"en_US\" \/>\n<meta property=\"og:type\" content=\"article\" \/>\n<meta property=\"og:title\" content=\"La Cueva \u2013 Traves\u00eda Diurna en Moto de Nieve y Cuatriciclos - Sin traslado\" \/>\n<meta property=\"og:description\" content=\"Experimente una aventura invernal \u00fanica en Bariloche recorriendo 7 km de paisajes nevados en motos de nieve y cuatriciclos. Con gu\u00eda experto, disfrute de miradores naturales y acceso exclusivo a \u00e1reas del centro de esqu\u00ed, todo en una traves\u00eda cargada de emoci\u00f3n y confort.\" \/>\n<meta property=\"og:url\" content=\"https:\/\/barilocheexcursiones.com.ar\/en\/product\/la-cueva-day-tour-snowmobile-atvs-without-transfer\/\" \/>\n<meta property=\"og:site_name\" content=\"Bariloche Excursiones\" \/>\n<meta property=\"article:modified_time\" content=\"2026-04-12T00:08:08+00:00\" \/>\n<meta property=\"og:image\" content=\"https:\/\/barilocheexcursiones.com.ar\/wp-content\/uploads\/2025\/04\/2-A-IMG_5805-scaled.jpg\" \/>\n\t<meta property=\"og:image:width\" content=\"1920\" \/>\n\t<meta property=\"og:image:height\" content=\"2560\" \/>\n\t<meta property=\"og:image:type\" content=\"image\/jpeg\" \/>\n<meta name=\"twitter:card\" content=\"summary_large_image\" \/>\n<meta name=\"twitter:label1\" content=\"Price\" \/>\n\t<meta name=\"twitter:data1\" content=\"&#036;&nbsp;265.000,00\" \/>\n\t<meta name=\"twitter:label2\" content=\"Availability\" \/>\n\t<meta name=\"twitter:data2\" content=\"In stock\" \/>\n<script type=\"application\/ld+json\" class=\"yoast-schema-graph\">{\"@context\":\"https:\/\/schema.org\",\"@graph\":[{\"@type\":[\"WebPage\",\"ItemPage\"],\"@id\":\"https:\/\/barilocheexcursiones.com.ar\/product\/la-cueva-travesia-diurna-moto-de-nieve-cuatriciclos-sin-traslado\/\",\"url\":\"https:\/\/barilocheexcursiones.com.ar\/product\/la-cueva-travesia-diurna-moto-de-nieve-cuatriciclos-sin-traslado\/\",\"name\":\"La Cueva \u2013 Traves\u00eda Diurna en Moto de Nieve y Cuatriciclos - Sin traslado - Bariloche Excursiones\",\"isPartOf\":{\"@id\":\"https:\/\/barilocheexcursiones.com.ar\/#website\"},\"primaryImageOfPage\":{\"@id\":\"https:\/\/barilocheexcursiones.com.ar\/product\/la-cueva-travesia-diurna-moto-de-nieve-cuatriciclos-sin-traslado\/#primaryimage\"},\"image\":{\"@id\":\"https:\/\/barilocheexcursiones.com.ar\/product\/la-cueva-travesia-diurna-moto-de-nieve-cuatriciclos-sin-traslado\/#primaryimage\"},\"thumbnailUrl\":\"https:\/\/barilocheexcursiones.com.ar\/wp-content\/uploads\/2025\/04\/2-A-IMG_5805-scaled.jpg\",\"datePublished\":\"2025-04-09T18:32:42+00:00\",\"dateModified\":\"2026-04-12T00:08:08+00:00\",\"breadcrumb\":{\"@id\":\"https:\/\/barilocheexcursiones.com.ar\/product\/la-cueva-travesia-diurna-moto-de-nieve-cuatriciclos-sin-traslado\/#breadcrumb\"},\"inLanguage\":\"en-US\",\"potentialAction\":[{\"@type\":\"ReadAction\",\"target\":[\"https:\/\/barilocheexcursiones.com.ar\/product\/la-cueva-travesia-diurna-moto-de-nieve-cuatriciclos-sin-traslado\/\"]}]},{\"@type\":\"ImageObject\",\"inLanguage\":\"en-US\",\"@id\":\"https:\/\/barilocheexcursiones.com.ar\/product\/la-cueva-travesia-diurna-moto-de-nieve-cuatriciclos-sin-traslado\/#primaryimage\",\"url\":\"https:\/\/barilocheexcursiones.com.ar\/wp-content\/uploads\/2025\/04\/2-A-IMG_5805-scaled.jpg\",\"contentUrl\":\"https:\/\/barilocheexcursiones.com.ar\/wp-content\/uploads\/2025\/04\/2-A-IMG_5805-scaled.jpg\",\"width\":1920,\"height\":2560},{\"@type\":\"BreadcrumbList\",\"@id\":\"https:\/\/barilocheexcursiones.com.ar\/product\/la-cueva-travesia-diurna-moto-de-nieve-cuatriciclos-sin-traslado\/#breadcrumb\",\"itemListElement\":[{\"@type\":\"ListItem\",\"position\":1,\"name\":\"Home\",\"item\":\"https:\/\/barilocheexcursiones.com.ar\/\"},{\"@type\":\"ListItem\",\"position\":2,\"name\":\"Excursiones, traslados y m\u00e1s!\",\"item\":\"https:\/\/barilocheexcursiones.com.ar\/shop\/\"},{\"@type\":\"ListItem\",\"position\":3,\"name\":\"La Cueva \u2013 Traves\u00eda Diurna en Moto de Nieve y Cuatriciclos &#8211; Sin traslado\"}]},{\"@type\":\"WebSite\",\"@id\":\"https:\/\/barilocheexcursiones.com.ar\/#website\",\"url\":\"https:\/\/barilocheexcursiones.com.ar\/\",\"name\":\"Bariloche Excursiones\",\"description\":\"Vivir la experiencia en Bariloche\",\"publisher\":{\"@id\":\"https:\/\/barilocheexcursiones.com.ar\/#organization\"},\"potentialAction\":[{\"@type\":\"SearchAction\",\"target\":{\"@type\":\"EntryPoint\",\"urlTemplate\":\"https:\/\/barilocheexcursiones.com.ar\/?s={search_term_string}\"},\"query-input\":{\"@type\":\"PropertyValueSpecification\",\"valueRequired\":true,\"valueName\":\"search_term_string\"}}],\"inLanguage\":\"en-US\"},{\"@type\":\"Organization\",\"@id\":\"https:\/\/barilocheexcursiones.com.ar\/#organization\",\"name\":\"Bariloche Excursiones\",\"url\":\"https:\/\/barilocheexcursiones.com.ar\/\",\"logo\":{\"@type\":\"ImageObject\",\"inLanguage\":\"en-US\",\"@id\":\"https:\/\/barilocheexcursiones.com.ar\/#\/schema\/logo\/image\/\",\"url\":\"https:\/\/barilocheexcursiones.com.ar\/wp-content\/uploads\/2025\/04\/bariloche-excursiones-logo.png\",\"contentUrl\":\"https:\/\/barilocheexcursiones.com.ar\/wp-content\/uploads\/2025\/04\/bariloche-excursiones-logo.png\",\"width\":512,\"height\":512,\"caption\":\"Bariloche Excursiones\"},\"image\":{\"@id\":\"https:\/\/barilocheexcursiones.com.ar\/#\/schema\/logo\/image\/\"}}]}<\/script>\n<meta property=\"product:price:amount\" content=\"265000.00\" \/>\n<meta property=\"product:price:currency\" content=\"ARS\" \/>\n<meta property=\"og:availability\" content=\"instock\" \/>\n<meta property=\"product:availability\" content=\"instock\" \/>\n<meta property=\"product:retailer_item_id\" content=\"ADV2025LACUTB94Z\" \/>\n<meta property=\"product:condition\" content=\"new\" \/>\n<!-- \/ Yoast SEO Premium plugin. -->","yoast_head_json":{"title":"La Cueva - Day Tour on Snowmobile and ATV - No transfer - Bariloche Excursions","robots":{"index":"index","follow":"follow","max-snippet":"max-snippet:-1","max-image-preview":"max-image-preview:large","max-video-preview":"max-video-preview:-1"},"canonical":"https:\/\/barilocheexcursiones.com.ar\/en\/product\/la-cueva-day-tour-snowmobile-atvs-without-transfer\/","og_locale":"en_US","og_type":"article","og_title":"La Cueva \u2013 Traves\u00eda Diurna en Moto de Nieve y Cuatriciclos - Sin traslado","og_description":"Experimente una aventura invernal \u00fanica en Bariloche recorriendo 7 km de paisajes nevados en motos de nieve y cuatriciclos. Con gu\u00eda experto, disfrute de miradores naturales y acceso exclusivo a \u00e1reas del centro de esqu\u00ed, todo en una traves\u00eda cargada de emoci\u00f3n y confort.","og_url":"https:\/\/barilocheexcursiones.com.ar\/en\/product\/la-cueva-day-tour-snowmobile-atvs-without-transfer\/","og_site_name":"Bariloche Excursiones","article_modified_time":"2026-04-12T00:08:08+00:00","og_image":[{"width":1920,"height":2560,"url":"https:\/\/barilocheexcursiones.com.ar\/wp-content\/uploads\/2025\/04\/2-A-IMG_5805-scaled.jpg","type":"image\/jpeg"}],"twitter_card":"summary_large_image","twitter_misc":{"Price":"&#36;&nbsp;265.000,00","Availability":"In stock"},"schema":{"@context":"https:\/\/schema.org","@graph":[{"@type":["WebPage","ItemPage"],"@id":"https:\/\/barilocheexcursiones.com.ar\/product\/la-cueva-travesia-diurna-moto-de-nieve-cuatriciclos-sin-traslado\/","url":"https:\/\/barilocheexcursiones.com.ar\/product\/la-cueva-travesia-diurna-moto-de-nieve-cuatriciclos-sin-traslado\/","name":"La Cueva - Day Tour on Snowmobile and ATV - No transfer - Bariloche Excursions","isPartOf":{"@id":"https:\/\/barilocheexcursiones.com.ar\/#website"},"primaryImageOfPage":{"@id":"https:\/\/barilocheexcursiones.com.ar\/product\/la-cueva-travesia-diurna-moto-de-nieve-cuatriciclos-sin-traslado\/#primaryimage"},"image":{"@id":"https:\/\/barilocheexcursiones.com.ar\/product\/la-cueva-travesia-diurna-moto-de-nieve-cuatriciclos-sin-traslado\/#primaryimage"},"thumbnailUrl":"https:\/\/barilocheexcursiones.com.ar\/wp-content\/uploads\/2025\/04\/2-A-IMG_5805-scaled.jpg","datePublished":"2025-04-09T18:32:42+00:00","dateModified":"2026-04-12T00:08:08+00:00","breadcrumb":{"@id":"https:\/\/barilocheexcursiones.com.ar\/product\/la-cueva-travesia-diurna-moto-de-nieve-cuatriciclos-sin-traslado\/#breadcrumb"},"inLanguage":"en-US","potentialAction":[{"@type":"ReadAction","target":["https:\/\/barilocheexcursiones.com.ar\/product\/la-cueva-travesia-diurna-moto-de-nieve-cuatriciclos-sin-traslado\/"]}]},{"@type":"ImageObject","inLanguage":"en-US","@id":"https:\/\/barilocheexcursiones.com.ar\/product\/la-cueva-travesia-diurna-moto-de-nieve-cuatriciclos-sin-traslado\/#primaryimage","url":"https:\/\/barilocheexcursiones.com.ar\/wp-content\/uploads\/2025\/04\/2-A-IMG_5805-scaled.jpg","contentUrl":"https:\/\/barilocheexcursiones.com.ar\/wp-content\/uploads\/2025\/04\/2-A-IMG_5805-scaled.jpg","width":1920,"height":2560},{"@type":"BreadcrumbList","@id":"https:\/\/barilocheexcursiones.com.ar\/product\/la-cueva-travesia-diurna-moto-de-nieve-cuatriciclos-sin-traslado\/#breadcrumb","itemListElement":[{"@type":"ListItem","position":1,"name":"Home","item":"https:\/\/barilocheexcursiones.com.ar\/"},{"@type":"ListItem","position":2,"name":"Excursiones, traslados y m\u00e1s!","item":"https:\/\/barilocheexcursiones.com.ar\/shop\/"},{"@type":"ListItem","position":3,"name":"La Cueva \u2013 Traves\u00eda Diurna en Moto de Nieve y Cuatriciclos &#8211; Sin traslado"}]},{"@type":"WebSite","@id":"https:\/\/barilocheexcursiones.com.ar\/#website","url":"https:\/\/barilocheexcursiones.com.ar\/","name":"Bariloche Excursions","description":"Living the experience in Bariloche","publisher":{"@id":"https:\/\/barilocheexcursiones.com.ar\/#organization"},"potentialAction":[{"@type":"SearchAction","target":{"@type":"EntryPoint","urlTemplate":"https:\/\/barilocheexcursiones.com.ar\/?s={search_term_string}"},"query-input":{"@type":"PropertyValueSpecification","valueRequired":true,"valueName":"search_term_string"}}],"inLanguage":"en-US"},{"@type":"Organization","@id":"https:\/\/barilocheexcursiones.com.ar\/#organization","name":"Bariloche Excursions","url":"https:\/\/barilocheexcursiones.com.ar\/","logo":{"@type":"ImageObject","inLanguage":"en-US","@id":"https:\/\/barilocheexcursiones.com.ar\/#\/schema\/logo\/image\/","url":"https:\/\/barilocheexcursiones.com.ar\/wp-content\/uploads\/2025\/04\/bariloche-excursiones-logo.png","contentUrl":"https:\/\/barilocheexcursiones.com.ar\/wp-content\/uploads\/2025\/04\/bariloche-excursiones-logo.png","width":512,"height":512,"caption":"Bariloche Excursiones"},"image":{"@id":"https:\/\/barilocheexcursiones.com.ar\/#\/schema\/logo\/image\/"}}]},"product_price_amount":"265000.00","product_price_currency":"ARS","og_availability":"instock","product_availability":"instock","product_retailer_item_id":"ADV2025LACUTB94Z","product_condition":"new"},"_links":{"self":[{"href":"https:\/\/barilocheexcursiones.com.ar\/en\/wp-json\/wp\/v2\/product\/15899","targetHints":{"allow":["GET"]}}],"collection":[{"href":"https:\/\/barilocheexcursiones.com.ar\/en\/wp-json\/wp\/v2\/product"}],"about":[{"href":"https:\/\/barilocheexcursiones.com.ar\/en\/wp-json\/wp\/v2\/types\/product"}],"replies":[{"embeddable":true,"href":"https:\/\/barilocheexcursiones.com.ar\/en\/wp-json\/wp\/v2\/comments?post=15899"}],"version-history":[{"count":4,"href":"https:\/\/barilocheexcursiones.com.ar\/en\/wp-json\/wp\/v2\/product\/15899\/revisions"}],"predecessor-version":[{"id":17792,"href":"https:\/\/barilocheexcursiones.com.ar\/en\/wp-json\/wp\/v2\/product\/15899\/revisions\/17792"}],"wp:featuredmedia":[{"embeddable":true,"href":"https:\/\/barilocheexcursiones.com.ar\/en\/wp-json\/wp\/v2\/media\/16830"}],"wp:attachment":[{"href":"https:\/\/barilocheexcursiones.com.ar\/en\/wp-json\/wp\/v2\/media?parent=15899"}],"wp:term":[{"taxonomy":"product_brand","embeddable":true,"href":"https:\/\/barilocheexcursiones.com.ar\/en\/wp-json\/wp\/v2\/product_brand?post=15899"},{"taxonomy":"product_cat","embeddable":true,"href":"https:\/\/barilocheexcursiones.com.ar\/en\/wp-json\/wp\/v2\/product_cat?post=15899"},{"taxonomy":"product_tag","embeddable":true,"href":"https:\/\/barilocheexcursiones.com.ar\/en\/wp-json\/wp\/v2\/product_tag?post=15899"}],"curies":[{"name":"wp","href":"https:\/\/api.w.org\/{rel}","templated":true}]}}